{"id":29164,"date":"2020-01-22T17:11:20","date_gmt":"2020-01-22T16:11:20","guid":{"rendered":"https:\/\/www.topohvar.at\/topo\/?page_id=29164"},"modified":"2021-11-26T20:18:23","modified_gmt":"2021-11-26T19:18:23","slug":"hv-tg-a6-1","status":"publish","type":"page","link":"https:\/\/www.topohvar.at\/topo\/orte\/hv\/hv-tg-a6-1\/","title":{"rendered":"HVAR &#8211; Ljetnikovac \u00bbObitelji Dujmovi\u0107\u00ab"},"content":{"rendered":"<p><a name=\"seite_oben\"><\/a><br \/>\n<img loading=\"lazy\" decoding=\"async\" class=\"alignnone wp-image-387 size-full\" src=\"https:\/\/www.topohvar.at\/wp-content\/uploads\/2018\/07\/00-00-00-1.jpg\" alt=\"\" width=\"114\" height=\"56\" \/><\/p>\n<p><strong>Ime \/ Name<br \/>\n<\/strong>Ljetnikovac \u00bbObitelji Dujmovi\u0107\u00ab \/ Sommerhaus der Familie Dujmovi\u0107<\/p>\n<p><strong>Code: <\/strong>HV-TG-A6\u00a0 \u00a0 \u00a0 \u00a0 \u00a0 \u00a0 \u00a0 \u00a0 \u00a0 \u00a0 \u00a0 \u00a0 \u00a0 \u00a0 \u00a0 \u00a0 \u00a0 \u00a0\u00a0<a href=\"https:\/\/www.topohvar.at\/hv-tg-63-1\/\"><img loading=\"lazy\" decoding=\"async\" class=\"alignnone wp-image-12300 size-full\" src=\"https:\/\/www.topohvar.at\/wp-content\/uploads\/2018\/09\/push-vor-30.jpg\" alt=\"\" width=\"61\" height=\"30\" \/><\/a>\u00a0<strong><a href=\"https:\/\/www.topohvar.at\/orte\/hv\/hv-tg-58-1\/\"><img loading=\"lazy\" decoding=\"async\" class=\"alignnone wp-image-533 size-full\" src=\"https:\/\/www.topohvar.at\/wp-content\/uploads\/2018\/07\/push-l-30.jpg\" alt=\"\" width=\"61\" height=\"30\" \/><\/a> <a href=\"https:\/\/www.topohvar.at\/orte\/hv\/\"><img loading=\"lazy\" decoding=\"async\" class=\"alignnone wp-image-535 size-full\" src=\"https:\/\/www.topohvar.at\/wp-content\/uploads\/2018\/07\/push-o-30.jpg\" alt=\"\" width=\"61\" height=\"30\" \/><\/a> <a href=\"https:\/\/www.topohvar.at\/orte\/hv\/hv-tg-82-1\/\"><img loading=\"lazy\" decoding=\"async\" class=\"alignnone wp-image-536 size-full\" src=\"https:\/\/www.topohvar.at\/wp-content\/uploads\/2018\/07\/push-r-30.jpg\" alt=\"\" width=\"61\" height=\"30\" \/><\/a>\u00a0<a href=\"https:\/\/www.topohvar.at\/hv-tg-80-1\/\"><img loading=\"lazy\" decoding=\"async\" class=\"alignnone wp-image-12299 size-full\" src=\"https:\/\/www.topohvar.at\/wp-content\/uploads\/2018\/09\/push-next-30.jpg\" alt=\"\" width=\"61\" height=\"30\" \/><\/a><\/strong><\/p>\n<hr \/>\n<p><strong>Adresa \/ Adresse<br \/>\n<\/strong>Grad Hvar,\u00a0Vela Vira<\/p>\n<p><strong>Lokacija<\/strong><strong> \/ Position<a href=\"https:\/\/goo.gl\/maps\/FexkCJthYLx4jSx18\"><img loading=\"lazy\" decoding=\"async\" class=\"alignright wp-image-15770\" src=\"https:\/\/www.topohvar.at\/wp-content\/uploads\/2019\/01\/0236.jpg\" alt=\"\" width=\"134\" height=\"100\" \/><\/a><br \/>\n<\/strong><span style=\"color: #3366ff;\"><a style=\"color: #3366ff;\" href=\"https:\/\/goo.gl\/maps\/FexkCJthYLx4jSx18\">Latitude: N 43,19002\u00b0\u00a0 \u00a0Longitude: E 16,42866\u00b0<\/a> <\/span><strong><br \/>\n<\/strong>Visina \/ H\u00f6he: 2 m<\/p>\n<p><strong>Katastarska <\/strong><strong>\u010d<\/strong><strong>estica <\/strong><strong>\/ Grundst\u00fccke<br \/>\n<\/strong>*3<div class='content-column one_half'><div style=\"padding-right:6px;\"><p><strong>Datum snimanja \/ Erfassungsdatum<br \/>\n<\/strong>01.01.2000 00:00:00<\/p>\n<hr \/>\n<p><strong>Informacije<\/strong><\/p>\n<p>U uvalama Vela i Mala Vira, koje su jo\u0161 od pretpovijesti imale ulogu sjeverne Iuke grada Hvara, nalazi se nekoliko manjih ljetnikovaca. S isto\u010dne strane uvale Vela Vira stajala je manja ladanjsko-gospodarska prizemnica, vlasni\u0161tvo obitelji Dujmovi\u0107. Bila je sagradena prije 1596. godine, kada Petar Dujmovi\u0107 dobija dozvolu za gradnju crkvice posve\u0107ene Bogorodici, koja je sagra\u0111ena nedaleko njegove kuce. Od crkvice se sa\u010duvao za\u010delni zid, ulomci svoda i bo\u010dnih zidova, dok je ku\u0107a 1830. godine nadogra\u0111ena na kat, a recentnim ure\u0111enjem potpuno preina\u010dena.<\/p><\/div><\/div><div class='content-column one_half last_column'><div style=\"padding-right:0px;padding-left:6px;\"><p><strong>Stupanj za\u0161tite<\/strong><strong> \/ Schutzstellung<br \/>\n<\/strong>&#8211;<\/p>\n<hr \/>\n<p><strong>Info<\/strong><\/p>\n<p>In den Buchten Vela und Mala Vira, die seit pr\u00e4historischen Zeiten der n\u00f6rdliche Hafen der Stadt Hvar waren, gibt es mehrere kleinere Sommerh\u00e4user. Auf der Ostseite der Bucht von Vela Vira befindet sich das kleine Bauernhaus der Familie Dujmovic. Es wurde vor 1596 erbaut, als Petar Dujmovic die Erlaubnis erhielt, eine der Jungfrau Maria geweihte Kirche die in der N\u00e4he seines Hauses zu bauen. Von der Kirche sind die urspr\u00fcngliche Mauer, Fragmente von Gew\u00f6lben und Seitenw\u00e4nden erhalten geblieben, w\u00e4hrend das Haus 1830 im Obergeschoss aufgewertet und vor kurzem komplett renoviert wurde.<\/p><\/div><\/div><div class='clear_column'><\/div><\/p>\n<p style=\"text-align: right;\"><span style=\"color: #3366ff;\"><a style=\"color: #3366ff;\" href=\"#seite_oben\">natrag na vrh \/ Seitenanfang<\/a><\/span><\/p>\n<p style=\"text-align: center;\"><em>(LADANJSKA IZGRADNJA PROSTORA HVARSKE KOMUNE &#8211; Nik<\/em><em>\u0161a Petri<\/em><em>\u0107 &#8211; Ambroz Tudor)<\/em><\/p>\n<hr \/>\n<p><strong>Linkovi \/ Links<\/strong><\/p>\n<p><span style=\"color: #3366ff;\"><a style=\"color: #3366ff;\" href=\"https:\/\/www.topohvar.at\/topo\/orte\/hv\/hv-tg-79-1\/\">Grad Hvar &#8211; ku\u0107a \u00bbDujmovi\u0107\u00ab \/ Haus Dujmovi\u0107 in der Stadt Hvar<\/a> <\/span><br \/>\n<span style=\"color: #3366ff;\"><a style=\"color: #3366ff;\" href=\"https:\/\/www.topohvar.at\/orte\/hv\/hv-ck-06-1\/\">Ostaci crkvice \u00bbGospa od Ru\u017earija\u00ab \/ Reste der Kirche Maria vom Rosenkranz<\/a>\u00a0<\/span><\/p>\n","protected":false},"excerpt":{"rendered":"<p>Ime \/ Name Ljetnikovac \u00bbObitelji Dujmovi\u0107\u00ab \/ Sommerhaus der Familie Dujmovi\u0107 Code: HV-TG-A6\u00a0 \u00a0 \u00a0 \u00a0 \u00a0 \u00a0 \u00a0 \u00a0 \u00a0 \u00a0 \u00a0 \u00a0 \u00a0 \u00a0 \u00a0 \u00a0 \u00a0 \u00a0\u00a0\u00a0 \u00a0 Adresa \/ Adresse Grad Hvar,\u00a0Vela Vira Lokacija \/ Position &hellip; <a href=\"https:\/\/www.topohvar.at\/topo\/orte\/hv\/hv-tg-a6-1\/\">Weiterlesen <span class=\"meta-nav\">&rarr;<\/span><\/a><\/p>\n","protected":false},"author":1,"featured_media":0,"parent":80,"menu_order":0,"comment_status":"closed","ping_status":"closed","template":"","meta":{"footnotes":""},"class_list":["post-29164","page","type-page","status-publish","hentry"],"_links":{"self":[{"href":"https:\/\/www.topohvar.at\/topo\/wp-json\/wp\/v2\/pages\/29164","targetHints":{"allow":["GET"]}}],"collection":[{"href":"https:\/\/www.topohvar.at\/topo\/wp-json\/wp\/v2\/pages"}],"about":[{"href":"https:\/\/www.topohvar.at\/topo\/wp-json\/wp\/v2\/types\/page"}],"author":[{"embeddable":true,"href":"https:\/\/www.topohvar.at\/topo\/wp-json\/wp\/v2\/users\/1"}],"replies":[{"embeddable":true,"href":"https:\/\/www.topohvar.at\/topo\/wp-json\/wp\/v2\/comments?post=29164"}],"version-history":[{"count":8,"href":"https:\/\/www.topohvar.at\/topo\/wp-json\/wp\/v2\/pages\/29164\/revisions"}],"predecessor-version":[{"id":53748,"href":"https:\/\/www.topohvar.at\/topo\/wp-json\/wp\/v2\/pages\/29164\/revisions\/53748"}],"up":[{"embeddable":true,"href":"https:\/\/www.topohvar.at\/topo\/wp-json\/wp\/v2\/pages\/80"}],"wp:attachment":[{"href":"https:\/\/www.topohvar.at\/topo\/wp-json\/wp\/v2\/media?parent=29164"}],"curies":[{"name":"wp","href":"https:\/\/api.w.org\/{rel}","templated":true}]}}