{"id":29177,"date":"2020-01-23T07:36:40","date_gmt":"2020-01-23T06:36:40","guid":{"rendered":"https:\/\/www.topohvar.at\/topo\/?page_id=29177"},"modified":"2021-11-26T20:19:51","modified_gmt":"2021-11-26T19:19:51","slug":"hv-tg-a1-1","status":"publish","type":"page","link":"https:\/\/www.topohvar.at\/topo\/orte\/hv\/hv-tg-a1-1\/","title":{"rendered":"HVAR &#8211; Ku\u0107a \u00bbObitelji Bolizza\u00ab"},"content":{"rendered":"<p><a name=\"seite_oben\"><\/a><br \/>\n<img loading=\"lazy\" decoding=\"async\" class=\"alignnone wp-image-387 size-full\" src=\"https:\/\/www.topohvar.at\/wp-content\/uploads\/2018\/07\/00-00-00-1.jpg\" alt=\"\" width=\"114\" height=\"56\" \/><\/p>\n<p><strong>Ime \/ Name<br \/>\n<\/strong>Ku\u0107a \u00bbObitelji Bolizza\u00ab \/ Haus der Familie Bolizza<\/p>\n<p><strong>Code: <\/strong>HV-TG-A1\u00a0 \u00a0 \u00a0 \u00a0 \u00a0 \u00a0 \u00a0 \u00a0 \u00a0 \u00a0 \u00a0 \u00a0 \u00a0 \u00a0 \u00a0 \u00a0 \u00a0 \u00a0\u00a0<a href=\"https:\/\/www.topohvar.at\/hv-tg-63-1\/\"><img loading=\"lazy\" decoding=\"async\" class=\"alignnone wp-image-12300 size-full\" src=\"https:\/\/www.topohvar.at\/wp-content\/uploads\/2018\/09\/push-vor-30.jpg\" alt=\"\" width=\"61\" height=\"30\" \/><\/a>\u00a0<strong><a href=\"https:\/\/www.topohvar.at\/orte\/hv\/hv-tg-82-1\/\"><img loading=\"lazy\" decoding=\"async\" class=\"alignnone wp-image-533 size-full\" src=\"https:\/\/www.topohvar.at\/wp-content\/uploads\/2018\/07\/push-l-30.jpg\" alt=\"\" width=\"61\" height=\"30\" \/><\/a> <a href=\"https:\/\/www.topohvar.at\/orte\/hv\/\"><img loading=\"lazy\" decoding=\"async\" class=\"alignnone wp-image-535 size-full\" src=\"https:\/\/www.topohvar.at\/wp-content\/uploads\/2018\/07\/push-o-30.jpg\" alt=\"\" width=\"61\" height=\"30\" \/><\/a> <a href=\"https:\/\/www.topohvar.at\/orte\/hv\/hv-tg-92-1\/\"><img loading=\"lazy\" decoding=\"async\" class=\"alignnone wp-image-536 size-full\" src=\"https:\/\/www.topohvar.at\/wp-content\/uploads\/2018\/07\/push-r-30.jpg\" alt=\"\" width=\"61\" height=\"30\" \/><\/a>\u00a0<a href=\"https:\/\/www.topohvar.at\/hv-tg-80-1\/\"><img loading=\"lazy\" decoding=\"async\" class=\"alignnone wp-image-12299 size-full\" src=\"https:\/\/www.topohvar.at\/wp-content\/uploads\/2018\/09\/push-next-30.jpg\" alt=\"\" width=\"61\" height=\"30\" \/><\/a><\/strong><\/p>\n<hr \/>\n<p><strong>Adresa \/ Adresse<br \/>\n<\/strong>Grad Hvar, Mala Vira<\/p>\n<p><strong>Lokacija <\/strong><strong>\/ Position<a href=\"https:\/\/goo.gl\/maps\/HJW8Us3EyHGTi3TC8\"><img loading=\"lazy\" decoding=\"async\" class=\"alignright wp-image-29178\" src=\"https:\/\/www.topohvar.at\/wp-content\/uploads\/2020\/01\/2113.jpg\" alt=\"\" width=\"134\" height=\"100\" \/><\/a><br \/>\n<\/strong><span style=\"color: #3366ff;\"><a style=\"color: #3366ff;\" href=\"https:\/\/goo.gl\/maps\/HJW8Us3EyHGTi3TC8\">Latitude: N 43,19222\u00b0\u00a0 \u00a0Longitude: E 16,43136\u00b0<\/a><\/span> <strong><br \/>\n<\/strong>Visina \/ H\u00f6he: 5 m<\/p>\n<p><strong>Katastarska <\/strong><strong>\u010d<\/strong><strong>estica <\/strong><strong>\/ Grundst\u00fccke<br \/>\n<\/strong>*725 (?)<div class='content-column one_half'><div style=\"padding-right:6px;\"><p><strong>Datum snimanja \/ Erfassungsdatum<br \/>\n<\/strong>01.01.2000 00:00:00<\/p>\n<hr \/>\n<p><strong>Informacije<\/strong><\/p>\n<p>U uvali Mala Vira nalazi se izdu\u017eena prizemnica s nepoznatim grbom iznad vrata na sjevernom pro\u010delju. Ova mala ladanjska ku\u0107a bila je vlasni\u0161tvo kotorske plemi\u010dke obitelji Bolizza, koji su imali i du\u0107an na hvarskoj Pjaci. Magdalena, udovica Vicka Bolizze je 1669. godine ljetnikovac ostavila franjevcima u Hvaru. Iz dokumenta je poznata i ku\u0107a s barakom u Viri, vlasni\u0161tvo Franje Penturi\u0107a, koje je njegova udovica ostavila Kaptolu 1629. Godine<\/p><\/div><\/div><div class='content-column one_half last_column'><div style=\"padding-right:0px;padding-left:6px;\"><p><strong>Stupanj za\u0161tite <\/strong><strong>\/ Schutzstellung<br \/>\n<\/strong>&#8211;<\/p>\n<hr \/>\n<p><strong>Info<\/strong><\/p>\n<p>Das Familienhaus Bolizza In der Bucht von Mala Vira befindet sich ein langgestrecktes Erdgeschoss mit einem unbekannten Wappen \u00fcber der T\u00fcr an der Nordfassade. Dieses kleine Landhaus geh\u00f6rte der Adelsfamilie Bolizza aus Kotor, die auch ein Gesch\u00e4ft in Hvar&#8217;s Pjaca besa\u00df. Magdalena, die Witwe von Vick Bolizza, \u00fcberlie\u00df das Herrenhaus 1669 den Franziskanern in Hvar. Das Dokument enth\u00e4lt auch ein Haus mit einer Kaserne in Vir, das Franjo Penturi\u0107 geh\u00f6rte und das seine Witwe 1629 Kaptol \u00fcberlie\u00df.<\/p><\/div><\/div><div class='clear_column'><\/div><\/p>\n<p style=\"text-align: right;\"><span style=\"color: #3366ff;\"><a style=\"color: #3366ff;\" href=\"#seite_oben\">natrag na vrh \/ Seitenanfang<\/a><\/span><\/p>\n<p style=\"text-align: center;\"><em>(LADANJSKA IZGRADNJA PROSTORA HVARSKE KOMUNE &#8211; Nik<\/em><em>\u0161a Petri<\/em><em>\u0107 &#8211; Ambroz Tudor)<\/em><\/p>\n<hr \/>\n<p><strong>Linkovi \/ Links<\/strong><\/p>\n<p><span style=\"color: #3366ff;\"><a style=\"color: #3366ff;\" href=\"https:\/\/www.topohvar.at\/orte\/hv\/hv-ig-37-1\/\">Grb \u00bbU uvali Mala Vira\u00ab \/ Wappen in der Bucht Mala Vira<\/a>\u00a0<\/span><\/p>\n","protected":false},"excerpt":{"rendered":"<p>Ime \/ Name Ku\u0107a \u00bbObitelji Bolizza\u00ab \/ Haus der Familie Bolizza Code: HV-TG-A1\u00a0 \u00a0 \u00a0 \u00a0 \u00a0 \u00a0 \u00a0 \u00a0 \u00a0 \u00a0 \u00a0 \u00a0 \u00a0 \u00a0 \u00a0 \u00a0 \u00a0 \u00a0\u00a0\u00a0 \u00a0 Adresa \/ Adresse Grad Hvar, Mala Vira Lokacija \/ &hellip; <a href=\"https:\/\/www.topohvar.at\/topo\/orte\/hv\/hv-tg-a1-1\/\">Weiterlesen <span class=\"meta-nav\">&rarr;<\/span><\/a><\/p>\n","protected":false},"author":1,"featured_media":0,"parent":80,"menu_order":0,"comment_status":"closed","ping_status":"closed","template":"","meta":{"footnotes":""},"class_list":["post-29177","page","type-page","status-publish","hentry"],"_links":{"self":[{"href":"https:\/\/www.topohvar.at\/topo\/wp-json\/wp\/v2\/pages\/29177","targetHints":{"allow":["GET"]}}],"collection":[{"href":"https:\/\/www.topohvar.at\/topo\/wp-json\/wp\/v2\/pages"}],"about":[{"href":"https:\/\/www.topohvar.at\/topo\/wp-json\/wp\/v2\/types\/page"}],"author":[{"embeddable":true,"href":"https:\/\/www.topohvar.at\/topo\/wp-json\/wp\/v2\/users\/1"}],"replies":[{"embeddable":true,"href":"https:\/\/www.topohvar.at\/topo\/wp-json\/wp\/v2\/comments?post=29177"}],"version-history":[{"count":8,"href":"https:\/\/www.topohvar.at\/topo\/wp-json\/wp\/v2\/pages\/29177\/revisions"}],"predecessor-version":[{"id":53750,"href":"https:\/\/www.topohvar.at\/topo\/wp-json\/wp\/v2\/pages\/29177\/revisions\/53750"}],"up":[{"embeddable":true,"href":"https:\/\/www.topohvar.at\/topo\/wp-json\/wp\/v2\/pages\/80"}],"wp:attachment":[{"href":"https:\/\/www.topohvar.at\/topo\/wp-json\/wp\/v2\/media?parent=29177"}],"curies":[{"name":"wp","href":"https:\/\/api.w.org\/{rel}","templated":true}]}}