{"id":29186,"date":"2020-01-23T08:07:15","date_gmt":"2020-01-23T07:07:15","guid":{"rendered":"https:\/\/www.topohvar.at\/topo\/?page_id=29186"},"modified":"2021-08-24T17:20:44","modified_gmt":"2021-08-24T15:20:44","slug":"br-tg-13-1","status":"publish","type":"page","link":"https:\/\/www.topohvar.at\/topo\/orte\/br\/br-tg-13-1\/","title":{"rendered":"BRUSJE &#8211; Ku\u0107a \u00bbGrivi\u010di\u0107 (Bertu\u010devi\u0107)\u00ab"},"content":{"rendered":"<p><a name=\"seite_oben\"><\/a><br \/>\n<strong><img loading=\"lazy\" decoding=\"async\" class=\"alignnone wp-image-387 size-full\" src=\"https:\/\/www.topohvar.at\/wp-content\/uploads\/2018\/07\/00-00-00-1.jpg\" alt=\"\" width=\"114\" height=\"56\" \/><\/strong><\/p>\n<p><strong>Ime \/ Name<br \/>\n<\/strong>Ku\u0107a \/ Haus \u00bbGrivi\u010di\u0107 (Bertu\u010devi\u0107 )\u00ab<\/p>\n<p><strong>Code: <\/strong>BR-TG-13\u00a0 \u00a0 \u00a0 \u00a0 \u00a0 \u00a0 \u00a0 \u00a0 \u00a0 \u00a0 \u00a0 \u00a0 \u00a0 \u00a0 \u00a0 \u00a0 \u00a0 \u00a0\u00a0<strong><a href=\"https:\/\/www.topohvar.at\/orte\/br\/br-tg-03-2\/\"><img loading=\"lazy\" decoding=\"async\" class=\"alignnone wp-image-12300 size-full\" src=\"https:\/\/www.topohvar.at\/wp-content\/uploads\/2018\/09\/push-vor-30.jpg\" alt=\"\" width=\"61\" height=\"30\" \/><\/a>\u00a0<a href=\"https:\/\/www.topohvar.at\/orte\/br\/br-tg-09-2\/\"><img loading=\"lazy\" decoding=\"async\" class=\"alignnone wp-image-533 size-full\" src=\"https:\/\/www.topohvar.at\/wp-content\/uploads\/2018\/07\/push-l-30.jpg\" alt=\"\" width=\"61\" height=\"30\" \/><\/a> <a href=\"https:\/\/www.topohvar.at\/orte\/br\/\"><img loading=\"lazy\" decoding=\"async\" class=\"alignnone wp-image-535 size-full\" src=\"https:\/\/www.topohvar.at\/wp-content\/uploads\/2018\/07\/push-o-30.jpg\" alt=\"\" width=\"61\" height=\"30\" \/><\/a> <a href=\"https:\/\/www.topohvar.at\/orte\/br\/br-tg-11-2\/\"><img loading=\"lazy\" decoding=\"async\" class=\"alignnone wp-image-536 size-full\" src=\"https:\/\/www.topohvar.at\/wp-content\/uploads\/2018\/07\/push-r-30.jpg\" alt=\"\" width=\"61\" height=\"30\" \/><\/a>\u00a0<a href=\"https:\/\/www.topohvar.at\/orte\/br\/br-tg-01-2\/\"><img loading=\"lazy\" decoding=\"async\" class=\"alignnone wp-image-12299 size-full\" src=\"https:\/\/www.topohvar.at\/wp-content\/uploads\/2018\/09\/push-next-30.jpg\" alt=\"\" width=\"61\" height=\"30\" \/><\/a>\u00a0\u00a0 \u00a0\u00a0<\/strong><\/p>\n<hr \/>\n<p><strong>Adresa \/ Adresse<br \/>\n<\/strong>Brusje, uvala Vela Grabovica<\/p>\n<p><strong>Lokacija<\/strong><strong> \/ Position<a href=\"https:\/\/goo.gl\/maps\/cLuLNrwmbnSUuwKQ7\"><img loading=\"lazy\" decoding=\"async\" class=\"alignright wp-image-29187\" src=\"https:\/\/www.topohvar.at\/wp-content\/uploads\/2020\/01\/2114.jpg\" alt=\"\" width=\"134\" height=\"100\" \/><\/a><br \/>\n<\/strong><span style=\"color: #3366ff;\"><a style=\"color: #3366ff;\" href=\"https:\/\/goo.gl\/maps\/cLuLNrwmbnSUuwKQ7\">Latitude: N 43,20665\u00b0\u00a0 \u00a0Longitude: E 16,48255\u00b0<\/a> <\/span><strong><br \/>\n<\/strong>Visina \/ H\u00f6he: 318 m<\/p>\n<p><strong>Katastarska \u010destica<\/strong><strong> \/ Grundst\u00fccke<br \/>\n<\/strong>*7, *8 <div class='content-column one_half'><div style=\"padding-right:6px;\"><p><strong>Datum snimanja \/ Erfassungsdatum<br \/>\n<\/strong>01.01.2000 00:00:00<\/p>\n<hr \/>\n<p><strong>Informacije<\/strong><\/p>\n<p>Ku\u0107a obitelji Grivi\u010di\u0107 nalazi se u uvali Vela Grabovica. Kaptolski arhiv u Hvaru \u010duva crte\u017ee posjeda i ku\u0107a obitelji Grivi\u010di\u0107 u ovoj uvali, \u010diji ostaci su i danas vidljivi. Nasljedstvom je imanje Grivi\u010di\u0107a u Grabovici preslo u vlasni\u0161tvo Bartu\u010devi\u0107a.<\/p><\/div><\/div><div class='content-column one_half last_column'><div style=\"padding-right:0px;padding-left:6px;\"><p><strong>Stupanj za\u0161tite<\/strong><strong> \/ Schutzstellung<br \/>\n<\/strong>&#8211;<\/p>\n<hr \/>\n<p><strong>Info<\/strong><\/p>\n<p>Das Haus der Familie Grivi\u010di\u0107 befindet sich in der Bucht Vela Grabovica. Das Kaptol-Archiv in Hvar bewahrt die Zeichnungen des Familienbesitzes und -hauses von Grivi\u010di\u0107 in dieser Bucht auf, deren \u00dcberreste noch heute sichtbar sind. In der Folge ging das Gut Grivi\u010di\u0107 in Grabovica in den Besitz von Bartu\u010devi\u0107 \u00fcber.<\/p><\/div><\/div><div class='clear_column'><\/div><\/p>\n<p style=\"text-align: center;\"><em>(Ladanjska izgradnja prostora hvarske komune: Nik\u0161a Petri\u0107 &#8211; Ambroz Tudor)<\/em><\/p>\n<div class='content-column one_half'><div style=\"padding-right:6px;\"><p>Kompleks gra\u0111evina mo\u017ee se vidjeti u francuskom katastru iz prve polovice 19. stolje\u0107a.<\/p><\/div><\/div><div class='content-column one_half last_column'><div style=\"padding-right:0px;padding-left:6px;\"><p>Im franziszeischen Kataster aus der ersten H\u00e4lfte des 19. Jahrhunderts ist der Geb\u00e4udekomplex ersichtlich.<\/p><\/div><\/div><div class='clear_column'><\/div><\/p>\n<p><img loading=\"lazy\" decoding=\"async\" class=\"alignnone size-full wp-image-36050\" src=\"https:\/\/www.topohvar.at\/wp-content\/uploads\/2020\/04\/br-tg-13-3.jpg\" alt=\"\" width=\"1080\" height=\"530\" srcset=\"https:\/\/www.topohvar.at\/wp-content\/uploads\/2020\/04\/br-tg-13-3.jpg 1080w, https:\/\/www.topohvar.at\/wp-content\/uploads\/2020\/04\/br-tg-13-3-300x147.jpg 300w, https:\/\/www.topohvar.at\/wp-content\/uploads\/2020\/04\/br-tg-13-3-1024x503.jpg 1024w, https:\/\/www.topohvar.at\/wp-content\/uploads\/2020\/04\/br-tg-13-3-768x377.jpg 768w\" sizes=\"auto, (max-width: 1080px) 100vw, 1080px\" \/><\/p>\n<p style=\"text-align: right;\"><a href=\"#seite_oben\">natrag na vrh \/ Seitenanfang<\/a><\/p>\n<hr \/>\n<p><strong>Linkovi \/ Links<\/strong><\/p>\n<p><span style=\"color: #3366ff;\"><a style=\"color: #3366ff;\" href=\"https:\/\/www.topohvar.at\/topo\/orte\/br\/br-tg-09-2\/\">Uvala Lu\u010di\u0161\u0107e &#8211; Ljetnikovac \u00bbBartu\u010devi\u0107\u00ab \/ Sommerhaus \u00bbBartu\u010devi\u0107\u00ab<\/a><\/span><\/p>\n","protected":false},"excerpt":{"rendered":"<p>Ime \/ Name Ku\u0107a \/ Haus \u00bbGrivi\u010di\u0107 (Bertu\u010devi\u0107 )\u00ab Code: BR-TG-13\u00a0 \u00a0 \u00a0 \u00a0 \u00a0 \u00a0 \u00a0 \u00a0 \u00a0 \u00a0 \u00a0 \u00a0 \u00a0 \u00a0 \u00a0 \u00a0 \u00a0 \u00a0\u00a0\u00a0 \u00a0\u00a0\u00a0 \u00a0\u00a0 Adresa \/ Adresse Brusje, uvala Vela Grabovica Lokacija \/ Position &hellip; <a href=\"https:\/\/www.topohvar.at\/topo\/orte\/br\/br-tg-13-1\/\">Weiterlesen <span class=\"meta-nav\">&rarr;<\/span><\/a><\/p>\n","protected":false},"author":1,"featured_media":0,"parent":65,"menu_order":0,"comment_status":"closed","ping_status":"closed","template":"","meta":{"footnotes":""},"class_list":["post-29186","page","type-page","status-publish","hentry"],"_links":{"self":[{"href":"https:\/\/www.topohvar.at\/topo\/wp-json\/wp\/v2\/pages\/29186","targetHints":{"allow":["GET"]}}],"collection":[{"href":"https:\/\/www.topohvar.at\/topo\/wp-json\/wp\/v2\/pages"}],"about":[{"href":"https:\/\/www.topohvar.at\/topo\/wp-json\/wp\/v2\/types\/page"}],"author":[{"embeddable":true,"href":"https:\/\/www.topohvar.at\/topo\/wp-json\/wp\/v2\/users\/1"}],"replies":[{"embeddable":true,"href":"https:\/\/www.topohvar.at\/topo\/wp-json\/wp\/v2\/comments?post=29186"}],"version-history":[{"count":10,"href":"https:\/\/www.topohvar.at\/topo\/wp-json\/wp\/v2\/pages\/29186\/revisions"}],"predecessor-version":[{"id":51469,"href":"https:\/\/www.topohvar.at\/topo\/wp-json\/wp\/v2\/pages\/29186\/revisions\/51469"}],"up":[{"embeddable":true,"href":"https:\/\/www.topohvar.at\/topo\/wp-json\/wp\/v2\/pages\/65"}],"wp:attachment":[{"href":"https:\/\/www.topohvar.at\/topo\/wp-json\/wp\/v2\/media?parent=29186"}],"curies":[{"name":"wp","href":"https:\/\/api.w.org\/{rel}","templated":true}]}}