{"id":29205,"date":"2020-01-23T09:02:30","date_gmt":"2020-01-23T08:02:30","guid":{"rendered":"https:\/\/www.topohvar.at\/topo\/?page_id=29205"},"modified":"2024-03-24T16:18:48","modified_gmt":"2024-03-24T15:18:48","slug":"gv-ck-03-1","status":"publish","type":"page","link":"https:\/\/www.topohvar.at\/topo\/orte\/gv\/gv-ck-03-1\/","title":{"rendered":"VELO GRABLJE &#8211; Crkvica \u00bbSv. Antonija (2)\u00ab"},"content":{"rendered":"<p><a name=\"seite_oben\"><\/a><br \/>\n<strong><img loading=\"lazy\" decoding=\"async\" class=\"alignnone wp-image-49692 size-full\" src=\"https:\/\/www.topohvar.at\/wp-content\/uploads\/2021\/06\/gv-ck-03-1.jpg\" alt=\"\" width=\"1080\" height=\"530\" srcset=\"https:\/\/www.topohvar.at\/wp-content\/uploads\/2021\/06\/gv-ck-03-1.jpg 1080w, https:\/\/www.topohvar.at\/wp-content\/uploads\/2021\/06\/gv-ck-03-1-300x147.jpg 300w, https:\/\/www.topohvar.at\/wp-content\/uploads\/2021\/06\/gv-ck-03-1-1024x503.jpg 1024w, https:\/\/www.topohvar.at\/wp-content\/uploads\/2021\/06\/gv-ck-03-1-768x377.jpg 768w\" sizes=\"auto, (max-width: 1080px) 100vw, 1080px\" \/><\/strong><\/p>\n<p><strong>Ime \/ Name<br \/>\n<\/strong>Crkvica \u00bbSv. Antonija (2)\u00ab \/ Kirche des hl. Antonius (2)<\/p>\n<p><strong>Code: <\/strong>GV-CK-03\u00a0 \u00a0 \u00a0 \u00a0 \u00a0 \u00a0 \u00a0 \u00a0 \u00a0 \u00a0 \u00a0 \u00a0 \u00a0 \u00a0 \u00a0 \u00a0<strong><a href=\"https:\/\/www.topohvar.at\/orte\/gv\/gv-ck-02-1\/\"><img loading=\"lazy\" decoding=\"async\" class=\"alignnone wp-image-533 size-full\" src=\"https:\/\/www.topohvar.at\/wp-content\/uploads\/2018\/07\/push-l-30.jpg\" alt=\"\" width=\"61\" height=\"30\" \/><\/a> <a href=\"https:\/\/www.topohvar.at\/orte\/gv\/\"><img loading=\"lazy\" decoding=\"async\" class=\"alignnone wp-image-535 size-full\" src=\"https:\/\/www.topohvar.at\/wp-content\/uploads\/2018\/07\/push-o-30.jpg\" alt=\"\" width=\"61\" height=\"30\" \/><\/a> <a href=\"https:\/\/www.topohvar.at\/orte\/gv\/gv-ck-01-1\/\"><img loading=\"lazy\" decoding=\"async\" class=\"alignnone wp-image-536 size-full\" src=\"https:\/\/www.topohvar.at\/wp-content\/uploads\/2018\/07\/push-r-30.jpg\" alt=\"\" width=\"61\" height=\"30\" \/><\/a><\/strong><\/p>\n<hr \/>\n<p><strong>Adresa \/ Adresse<br \/>\n<\/strong>Velo Grablje,\u00a0Uvala\u00a0Konopljikova (uvala Sv. Ante)<\/p>\n<p><strong>Lokalna polo\u017eaj \/ Position<a href=\"https:\/\/goo.gl\/maps\/RKRUP6HbV5MFfiMt5\"><img loading=\"lazy\" decoding=\"async\" class=\"alignright wp-image-29197\" src=\"https:\/\/www.topohvar.at\/wp-content\/uploads\/2020\/01\/2115.jpg\" alt=\"\" width=\"133\" height=\"100\" \/><\/a><br \/>\n<\/strong><a href=\"https:\/\/goo.gl\/maps\/RKRUP6HbV5MFfiMt5\"><span style=\"color: #3366ff;\">Latitude: N 43,18513\u00b0\u00a0 \u00a0Longitude: E 16,54931\u00b0<\/span><\/a>\u00a0<strong><br \/>\n<\/strong>Visina \/ H\u00f6he: 28 m<\/p>\n<p><strong>Zemlji\u0161te \/ Grundst\u00fccke<br \/>\n<\/strong>*268 <div class='content-column one_half'><div style=\"padding-right:6px;\"><p><strong>Datum snimanja \/ Erfassungsdatum<br \/>\n<\/strong>25.05.2021 15:06:46<\/p>\n<hr \/>\n<p><strong>Informacije<\/strong><\/p>\n<p>Mala crkva sv. Antonije je sagra\u0111en nakon 1676. godine kada su bra\u0107a Vidali zatra\u017eila dozvolu za izgradnju crkvu u zaljevu. Prema titularu crkve, ova se uvala naziva i &#8222;Vala svetog Antonija&#8220;. Crkvica je bila dovr\u0161ena 1685. godine.<\/p><\/div><\/div><div class='content-column one_half last_column'><div style=\"padding-right:0px;padding-left:6px;\"><p><strong>Za\u0161titni polo\u017eaj \/ Schutzstellung<br \/>\n<\/strong>&#8211;<\/p>\n<hr \/>\n<p><strong>Info<\/strong><\/p>\n<p>Die kleine Kirche zum hl. Antonius wurde nach 1676 erbaut, als die Br\u00fcder Vidali um Erlaubnis f\u00fcr den Kirchenbau in der Bucht baten. Nach dem Kirchennamen wird diese Bucht auch &#8222;Sv. Ante \/ hl. Antonius&#8220; genannt. Die Kirche wurde 1685 fertiggestellt.<\/p><\/div><\/div><div class='clear_column'><\/div><\/p>\n<div id=\"attachment_65616\" style=\"width: 650px\" class=\"wp-caption aligncenter\"><img loading=\"lazy\" decoding=\"async\" aria-describedby=\"caption-attachment-65616\" class=\"size-full wp-image-65616\" src=\"https:\/\/www.topohvar.at\/wp-content\/uploads\/2024\/03\/gv-ck-03-10.jpg\" alt=\"\" width=\"640\" height=\"480\" srcset=\"https:\/\/www.topohvar.at\/wp-content\/uploads\/2024\/03\/gv-ck-03-10.jpg 640w, https:\/\/www.topohvar.at\/wp-content\/uploads\/2024\/03\/gv-ck-03-10-300x225.jpg 300w\" sizes=\"auto, (max-width: 640px) 100vw, 640px\" \/><p id=\"caption-attachment-65616\" class=\"wp-caption-text\">binary comment<\/p><\/div>\n<div class='content-column one_half'><div style=\"padding-right:6px;\"><p>Zanimljivo je napomenuti da bra\u0107a Vidali grade ovu crkvu u okviru te\u017enje da uvalu nasele stalnim stanovni\u0161tvom, za \u010dije potrebe grade desetak tipolo\u0161ki jednakih prizemnica, nepravilno raspore\u0111enih uz obalu i rubove obronaka.<\/p><\/div><\/div><div class='content-column one_half last_column'><div style=\"padding-right:0px;padding-left:6px;\"><p>Interessant ist, dass die Br\u00fcder Vidali diese Kirche mit der Absicht bauten die Bucht mit einer st\u00e4ndigen Bev\u00f6lkerung zu besiedeln. F\u00fcr deren Bed\u00fcrfnisse errichteten sie ein Dutzend typologisch gleicher H\u00e4user, die entlang der K\u00fcste und am Fu\u00df des Berghanges unregelm\u00e4\u00dfig verteilt sind.<\/p><\/div><\/div><div class='clear_column'><\/div><div class='content-column one_half'><div style=\"padding-right:6px;\"><p><img loading=\"lazy\" decoding=\"async\" class=\"size-full wp-image-49693 aligncenter\" src=\"https:\/\/www.topohvar.at\/wp-content\/uploads\/2021\/06\/gv-ck-03-14.jpg\" alt=\"\" width=\"305\" height=\"305\" srcset=\"https:\/\/www.topohvar.at\/wp-content\/uploads\/2021\/06\/gv-ck-03-14.jpg 305w, https:\/\/www.topohvar.at\/wp-content\/uploads\/2021\/06\/gv-ck-03-14-300x300.jpg 300w, https:\/\/www.topohvar.at\/wp-content\/uploads\/2021\/06\/gv-ck-03-14-150x150.jpg 150w\" sizes=\"auto, (max-width: 305px) 100vw, 305px\" \/><\/p><\/div><\/div><div class='content-column one_half last_column'><div style=\"padding-right:0px;padding-left:6px;\"><p>&nbsp;<\/p>\n<p style=\"text-align: center;\">Ispovjedaonica je uz crkvu!<\/p>\n<p style=\"text-align: center;\">&#8211; \/ &#8211;<\/p>\n<p style=\"text-align: center;\">Der Beichtstuhl steht neben der Kirche!<\/p><\/div><\/div><div class='clear_column'><\/div><div class='content-column one_half'><div style=\"padding-right:6px;\"><p>Spomen plo\u010da (Marinko Juri\u0107) u dvori\u0161tu ispred crkve.<\/p><\/div><\/div><div class='content-column one_half last_column'><div style=\"padding-right:0px;padding-left:6px;\"><p>Im Hof vor der Kirche eine Gedenktafel (Marinko Juri\u0107).<\/p><\/div><\/div><div class='clear_column'><\/div><\/p>\n<p style=\"text-align: right;\"><span style=\"color: #3366ff;\"><a style=\"color: #3366ff;\" href=\"#seite_oben\">natrag na vrh \/ Seitenanfang<\/a><\/span><\/p>\n<hr \/>\n<div class='content-column one_half'><div style=\"padding-right:6px;\"><p>Pokraj crkve su danas vidljivi ostaci velikoga ljetnikovca, koji narod naziva &#8222;Kula&#8220;, vjerojatno zbog nekih fortifikacijskih elemenata sklopa\u00a0koji danas nisu vidljivi. Po\u010detkom 19. stolje\u0107a ljetnikovac je u vlasnistvu obitelji Ka\u010di\u0107-Dimitri.<\/p><\/div><\/div><div class='content-column one_half last_column'><div style=\"padding-right:0px;padding-left:6px;\"><p>In der N\u00e4he der Kirche sind die \u00dcberreste eines gro\u00dfen Herrenhauses sichtbar, das die Leute &#8222;Turm&#8220; nennen, wahrscheinlich aufgrund einiger Befestigungselemente des Ensembles die heute nicht mehr sichtbar sind. Zu Beginn des 19. Jahrhunderts geh\u00f6rte das Herrenhaus der Familie Ka\u010di\u0107-Dimitri.<\/p><\/div><\/div><div class='clear_column'><\/div><\/p>\n<p style=\"text-align: center;\"><em>(LADANJSKA IZGRADNJA PROSTORA HVARSKE KOMUNE &#8211; Nik<\/em><em>\u0161a Petri<\/em><em>\u0107 &#8211; Ambroz Tudor)<\/em><\/p>\n<p style=\"text-align: right;\"><span style=\"color: #3366ff;\"><a style=\"color: #3366ff;\" href=\"#seite_oben\">natrag na vrh \/ Seitenanfang<\/a><\/span><\/p>\n<hr \/>\n<p><strong>Linkovi \/ Links<\/strong><\/p>\n<p><span style=\"color: #3366ff;\"><a style=\"color: #3366ff;\" href=\"https:\/\/www.topohvar.at\/topo\/orte\/gv\/gv-is-15-1\/\">Spomen Plo\u0107a &#8211; Marinko Juri\u0107<\/a><br \/>\n<a style=\"color: #3366ff;\" href=\"https:\/\/www.topohvar.at\/topo\/orte\/gv\/gv-tg-01-1\/\">Ljetnikovac \/ Sommerhaus \u00bbVidali\u00ab<\/a><br \/>\n<a style=\"color: #3366ff;\" href=\"https:\/\/www.topohvar.at\/topo\/orte\/je\/je-tg-04-1\/\">Jelsa &#8211; Ku\u0107a \/ Haus \u00bbKa\u010di\u0107-Dimitri (danas \/ heute Ivani\u0161evi\u0107-Drinkovi\u0107)\u00ab<\/a><\/span><\/p>\n","protected":false},"excerpt":{"rendered":"<p>Ime \/ Name Crkvica \u00bbSv. Antonija (2)\u00ab \/ Kirche des hl. Antonius (2) Code: GV-CK-03\u00a0 \u00a0 \u00a0 \u00a0 \u00a0 \u00a0 \u00a0 \u00a0 \u00a0 \u00a0 \u00a0 \u00a0 \u00a0 \u00a0 \u00a0 \u00a0 Adresa \/ Adresse Velo Grablje,\u00a0Uvala\u00a0Konopljikova (uvala Sv. Ante) Lokalna polo\u017eaj &hellip; <a href=\"https:\/\/www.topohvar.at\/topo\/orte\/gv\/gv-ck-03-1\/\">Weiterlesen <span class=\"meta-nav\">&rarr;<\/span><\/a><\/p>\n","protected":false},"author":1,"featured_media":0,"parent":76,"menu_order":0,"comment_status":"closed","ping_status":"closed","template":"","meta":{"footnotes":""},"class_list":["post-29205","page","type-page","status-publish","hentry"],"_links":{"self":[{"href":"https:\/\/www.topohvar.at\/topo\/wp-json\/wp\/v2\/pages\/29205","targetHints":{"allow":["GET"]}}],"collection":[{"href":"https:\/\/www.topohvar.at\/topo\/wp-json\/wp\/v2\/pages"}],"about":[{"href":"https:\/\/www.topohvar.at\/topo\/wp-json\/wp\/v2\/types\/page"}],"author":[{"embeddable":true,"href":"https:\/\/www.topohvar.at\/topo\/wp-json\/wp\/v2\/users\/1"}],"replies":[{"embeddable":true,"href":"https:\/\/www.topohvar.at\/topo\/wp-json\/wp\/v2\/comments?post=29205"}],"version-history":[{"count":11,"href":"https:\/\/www.topohvar.at\/topo\/wp-json\/wp\/v2\/pages\/29205\/revisions"}],"predecessor-version":[{"id":65617,"href":"https:\/\/www.topohvar.at\/topo\/wp-json\/wp\/v2\/pages\/29205\/revisions\/65617"}],"up":[{"embeddable":true,"href":"https:\/\/www.topohvar.at\/topo\/wp-json\/wp\/v2\/pages\/76"}],"wp:attachment":[{"href":"https:\/\/www.topohvar.at\/topo\/wp-json\/wp\/v2\/media?parent=29205"}],"curies":[{"name":"wp","href":"https:\/\/api.w.org\/{rel}","templated":true}]}}