{"id":29299,"date":"2020-01-24T09:02:50","date_gmt":"2020-01-24T08:02:50","guid":{"rendered":"https:\/\/www.topohvar.at\/topo\/?page_id=29299"},"modified":"2021-11-12T16:39:35","modified_gmt":"2021-11-12T15:39:35","slug":"hv-is-47-1","status":"publish","type":"page","link":"https:\/\/www.topohvar.at\/topo\/orte\/hv\/hv-is-47-1\/","title":{"rendered":"HVAR &#8211; Spomen plo\u010da \u00bbHONORI ET MEMORIAE\u00ab"},"content":{"rendered":"<p><a name=\"seite_oben\"><\/a><br \/>\n<img loading=\"lazy\" decoding=\"async\" class=\"aligncenter wp-image-29302 size-large\" src=\"https:\/\/www.topohvar.at\/wp-content\/uploads\/2020\/01\/hv-is-47-1-1024x503.jpg\" alt=\"\" width=\"640\" height=\"314\" srcset=\"https:\/\/www.topohvar.at\/wp-content\/uploads\/2020\/01\/hv-is-47-1-1024x503.jpg 1024w, https:\/\/www.topohvar.at\/wp-content\/uploads\/2020\/01\/hv-is-47-1-300x147.jpg 300w, https:\/\/www.topohvar.at\/wp-content\/uploads\/2020\/01\/hv-is-47-1-768x377.jpg 768w, https:\/\/www.topohvar.at\/wp-content\/uploads\/2020\/01\/hv-is-47-1.jpg 1080w\" sizes=\"auto, (max-width: 640px) 100vw, 640px\" \/><\/p>\n<p><strong>Ime \/ Name<br \/>\n<\/strong><\/p>\n<p>Spomen plo\u010da \u00bbHONORI ET MEMORIAE\u00ab \/ Gedenktafel &#8211; Zur Ehre und zu Gedenken<\/p>\n<p><strong>Code: <\/strong>HV-IS-47\u00a0 \u00a0 \u00a0 \u00a0 \u00a0 \u00a0 \u00a0 \u00a0 \u00a0 \u00a0 \u00a0 \u00a0 \u00a0 \u00a0 \u00a0 \u00a0 \u00a0 \u00a0<a href=\"https:\/\/www.topohvar.at\/hv-ip-08-1\/\"><img loading=\"lazy\" decoding=\"async\" class=\"alignnone wp-image-12300 size-full\" src=\"https:\/\/www.topohvar.at\/wp-content\/uploads\/2018\/09\/push-vor-30.jpg\" alt=\"\" width=\"61\" height=\"30\" \/><\/a>\u00a0<strong><a href=\"https:\/\/www.topohvar.at\/orte\/hv\/hv-is-20-1\/\"><img loading=\"lazy\" decoding=\"async\" class=\"alignnone wp-image-533 size-full\" src=\"https:\/\/www.topohvar.at\/wp-content\/uploads\/2018\/07\/push-l-30.jpg\" alt=\"\" width=\"61\" height=\"30\" \/><\/a> <a href=\"https:\/\/www.topohvar.at\/orte\/hv\/\"><img loading=\"lazy\" decoding=\"async\" class=\"alignnone wp-image-535 size-full\" src=\"https:\/\/www.topohvar.at\/wp-content\/uploads\/2018\/07\/push-o-30.jpg\" alt=\"\" width=\"61\" height=\"30\" \/><\/a> <a href=\"https:\/\/www.topohvar.at\/orte\/hv\/hv-is-12-1\/\"><img loading=\"lazy\" decoding=\"async\" class=\"alignnone wp-image-536 size-full\" src=\"https:\/\/www.topohvar.at\/wp-content\/uploads\/2018\/07\/push-r-30.jpg\" alt=\"\" width=\"61\" height=\"30\" \/><\/a>\u00a0<a href=\"https:\/\/www.topohvar.at\/hv-ip-08-1\/\"><img loading=\"lazy\" decoding=\"async\" class=\"alignnone wp-image-12299 size-full\" src=\"https:\/\/www.topohvar.at\/wp-content\/uploads\/2018\/09\/push-next-30.jpg\" alt=\"\" width=\"61\" height=\"30\" \/><\/a><\/strong><\/p>\n<hr \/>\n<p><strong>Adresa \/ Adresse<br \/>\n<\/strong>Grad Hvar,\u00a0Trg sv. Stjepana 5, Hotel Pala\u010da<\/p>\n<p><strong>Lokacija<\/strong><strong> \/ Position<a href=\"https:\/\/goo.gl\/maps\/zUPWXb161XRNqcKSA\"><img loading=\"lazy\" decoding=\"async\" class=\"alignright wp-image-17243\" src=\"https:\/\/www.topohvar.at\/wp-content\/uploads\/2019\/01\/1306.jpg\" alt=\"\" width=\"134\" height=\"100\" \/><\/a><br \/>\n<\/strong><span style=\"color: #3366ff;\"><a style=\"color: #3366ff;\" href=\"https:\/\/goo.gl\/maps\/zUPWXb161XRNqcKSA\">Latitude: N 43,17285\u00b0\u00a0 \u00a0Longitude: E 16,44144\u00b0<\/a> <\/span><strong><br \/>\n<\/strong>Visina \/ H\u00f6he: 10 m<\/p>\n<p><strong>Katastarska \u010destica<\/strong><strong> \/ Grundst\u00fccke<br \/>\n<\/strong>*66\/1, *67\/1<div class='content-column one_half'><div style=\"padding-right:6px;\"><p><strong>Datum snimanja \/ Erfassungsdatum<br \/>\n<\/strong>01.01.2000 00:00:00<\/p>\n<hr \/>\n<p><strong>Informacije<\/strong><\/p>\n<p>Odmah do hvarske pjace, preko puta Mandra\u010da nalazi se biv\u0161i Kne\u017eev dvor, dana\u0161nji hotel Palace.\u00a0Godine 1903. zbog dotrajalosti pala\u010da je u potpunosti sru\u0161ena i na njenom mjestu sagra\u0111en je hotel \u201eZarin Elisabeth\u201c, onda \u201eGrand hotel Palace\u02ee (kasnije samo hotel \u201ePalace\u02ee).<\/p><\/div><\/div><div class='content-column one_half last_column'><div style=\"padding-right:0px;padding-left:6px;\"><p><strong>Stupanj za\u0161tite<\/strong><strong> \/ Schutzstellung<br \/>\n<\/strong>&#8211;<\/p>\n<hr \/>\n<p><strong>Info<\/strong><\/p>\n<p>Unmittelbar neben dem Hauptplatz von Hvar, gegen\u00fcber dem Hafen Mandra\u010d stand der ehemalige F\u00fcrstenpalast, heute das Palace Hotel. Im Jahr 1903 wurde der Palast aufgrund der Raumknappheit abgerissen und an seiner Stelle das Hotel \u201eKaiserin Elisabeth\u201c, dann \u201eGrand Hotel Palace\u201c (sp\u00e4ter Hotel \u201ePalace\u201c) gebaut.<\/p><\/div><\/div><div class='clear_column'><\/div><div class='content-column one_half'><div style=\"padding-right:6px;\"><p>Na trajan spomen, Hvarani su Carici zahvaliii kamenim natpisom koji je 1901. g. postavljan na fasadi novoizgradenog hotela.<\/p><\/div><\/div><div class='content-column one_half last_column'><div style=\"padding-right:0px;padding-left:6px;\"><p>Ein bleibendes Denkmal haben die dankbaren Hvarer der Kaiserin mit einer Gedenktafel\u00a0 gesetzt, die 1901 in die Fassade eines neu erbauten Hotels platziert wurde.<\/p><\/div><\/div><div class='clear_column'><\/div><\/p>\n<p style=\"text-align: center;\">HONORI ET MEMORIAE<br \/>\nIMPERATRICIS ET REGINAE<br \/>\nELISABETHAE AVG<br \/>\nFRANCISCI JOSEPHI I PIAE CONIVGIS<br \/>\nQVAE<br \/>\nHOSPITIVM HOC<br \/>\nDE SVO NOMINE APPELLARI PASSA EST<br \/>\nSOCIETAS PUBLICAE VALETVDINI TVTANDAE<br \/>\nPATRONAE DESIDERATISSIMAE<br \/>\nAMORIS OBSEQVII MONIMENTVM<br \/>\nAD MDCCCCI<br \/>\nP.<\/p>\n<div class='content-column one_half'><div style=\"padding-right:6px;\"><p>(= Na \u010dast i spomen uzvi\u0161ene carice i kraljice Elizabete, dobre supruge Franje Josipa I., koja je dopustila da se ovaj hotel nazove njezinim imenom, &#8222;Higijeni\u010dko dru\u0161tvo&#8220; postavi svojoj najdra\u017eoj za\u0161titnici ovaj spomenik ljubavi i \u0161tovanja g. 1901)<\/p><\/div><\/div><div class='content-column one_half last_column'><div style=\"padding-right:0px;padding-left:6px;\"><p>(= Zur Ehre und in Gedenken der erhabenen Kaiserin und K\u00f6nigin Elizabeth, der guten Ehefrau von Franz Josef I., die diesem Hotel der \u201eHygienischen Gesellschaft&#8220; ihren Namen gab, wurde dieses Denkmal der Liebe und Verehrung im Jahre 1901 errichtet)<\/p><\/div><\/div><div class='clear_column'><\/div><\/p>\n<p style=\"text-align: right;\"><span style=\"color: #3366ff;\"><a style=\"color: #3366ff;\" href=\"#seite_oben\">natrag na vrh \/ Seitenanfang<\/a><\/span><\/p>\n<hr \/>\n<p><strong>Linkovi \/ Links<\/strong><\/p>\n<p><span style=\"color: #3366ff;\"><a style=\"color: #3366ff;\" href=\"https:\/\/www.topohvar.at\/orte\/hv\/hv-tg-10-1\/\">Zgrada \u00bbKne\u017eeva dvora (hotel Pala\u010da)\u00ab \/\u00a0 Rektorenpalast (Palasthotel)<\/a><br \/>\n<a style=\"color: #3366ff;\" href=\"https:\/\/www.topohvar.at\/orte\/hv\/hv-op-15-1\/\">Objekt \u00bbGustirna u Kne\u017eeva dvora (hotel Pala\u010da)\u00ab \/ Zisterne im Rektorenpalast (Palasthotel)<\/a><br \/>\n<a style=\"color: #3366ff;\" href=\"https:\/\/www.topohvar.at\/orte\/hv\/hv-tg-01-1\/\">Zgrada \u00bbGradska lo\u0111a\u00ab \/ Geb\u00e4ude &#8211; Stadtloggia<\/a><br \/>\n<a style=\"color: #3366ff;\" href=\"https:\/\/www.topohvar.at\/orte\/hv\/hv-tg-02-1\/\">Zgrada \u00bbSat kula Leroj\u00ab \/ Geb\u00e4ude &#8211; Uhrturm Leroj<\/a><br \/>\n<a style=\"color: #3366ff;\" href=\"https:\/\/www.topohvar.at\/orte\/hv\/hv-is-44-1\/\">Spomen plo\u010da \u00bbna miru 1610\/1611\u00ab \/ Gedenktafel an den Frieden 1610\/1611<\/a><br \/>\n<a style=\"color: #3366ff;\" href=\"https:\/\/www.topohvar.at\/orte\/hv\/hv-in-14-1\/\">Inschrift \u00bbNa nadvratniku biv\u0161e kapele\u00ab\u00a0\/ Inschrift am T\u00fcrsturz der ehemaligen Kapelle<\/a><br \/>\n<\/span><\/p>\n","protected":false},"excerpt":{"rendered":"<p>Ime \/ Name Spomen plo\u010da \u00bbHONORI ET MEMORIAE\u00ab \/ Gedenktafel &#8211; Zur Ehre und zu Gedenken Code: HV-IS-47\u00a0 \u00a0 \u00a0 \u00a0 \u00a0 \u00a0 \u00a0 \u00a0 \u00a0 \u00a0 \u00a0 \u00a0 \u00a0 \u00a0 \u00a0 \u00a0 \u00a0 \u00a0\u00a0 \u00a0 Adresa \/ Adresse Grad &hellip; <a href=\"https:\/\/www.topohvar.at\/topo\/orte\/hv\/hv-is-47-1\/\">Weiterlesen <span class=\"meta-nav\">&rarr;<\/span><\/a><\/p>\n","protected":false},"author":1,"featured_media":0,"parent":80,"menu_order":0,"comment_status":"closed","ping_status":"closed","template":"","meta":{"footnotes":""},"class_list":["post-29299","page","type-page","status-publish","hentry"],"_links":{"self":[{"href":"https:\/\/www.topohvar.at\/topo\/wp-json\/wp\/v2\/pages\/29299","targetHints":{"allow":["GET"]}}],"collection":[{"href":"https:\/\/www.topohvar.at\/topo\/wp-json\/wp\/v2\/pages"}],"about":[{"href":"https:\/\/www.topohvar.at\/topo\/wp-json\/wp\/v2\/types\/page"}],"author":[{"embeddable":true,"href":"https:\/\/www.topohvar.at\/topo\/wp-json\/wp\/v2\/users\/1"}],"replies":[{"embeddable":true,"href":"https:\/\/www.topohvar.at\/topo\/wp-json\/wp\/v2\/comments?post=29299"}],"version-history":[{"count":7,"href":"https:\/\/www.topohvar.at\/topo\/wp-json\/wp\/v2\/pages\/29299\/revisions"}],"predecessor-version":[{"id":53499,"href":"https:\/\/www.topohvar.at\/topo\/wp-json\/wp\/v2\/pages\/29299\/revisions\/53499"}],"up":[{"embeddable":true,"href":"https:\/\/www.topohvar.at\/topo\/wp-json\/wp\/v2\/pages\/80"}],"wp:attachment":[{"href":"https:\/\/www.topohvar.at\/topo\/wp-json\/wp\/v2\/media?parent=29299"}],"curies":[{"name":"wp","href":"https:\/\/api.w.org\/{rel}","templated":true}]}}