{"id":29764,"date":"2020-01-29T08:40:05","date_gmt":"2020-01-29T07:40:05","guid":{"rendered":"https:\/\/www.topohvar.at\/topo\/?page_id=29764"},"modified":"2024-06-16T09:02:56","modified_gmt":"2024-06-16T07:02:56","slug":"vh-tg-02-1","status":"publish","type":"page","link":"https:\/\/www.topohvar.at\/topo\/orte\/vh\/vh-tg-02-1\/","title":{"rendered":"VRH &#8211; Sklop ku\u0107a \u00bbA. Grgi\u010devi\u0107\u00ab"},"content":{"rendered":"<p><a name=\"seite_oben\"><\/a><br \/>\n<strong><img loading=\"lazy\" decoding=\"async\" class=\"alignnone wp-image-29765 size-large\" src=\"https:\/\/www.topohvar.at\/wp-content\/uploads\/2020\/01\/vh-tg-02-1-1024x503.jpg\" alt=\"\" width=\"640\" height=\"314\" srcset=\"https:\/\/www.topohvar.at\/wp-content\/uploads\/2020\/01\/vh-tg-02-1-1024x503.jpg 1024w, https:\/\/www.topohvar.at\/wp-content\/uploads\/2020\/01\/vh-tg-02-1-300x147.jpg 300w, https:\/\/www.topohvar.at\/wp-content\/uploads\/2020\/01\/vh-tg-02-1-768x377.jpg 768w, https:\/\/www.topohvar.at\/wp-content\/uploads\/2020\/01\/vh-tg-02-1.jpg 1080w\" sizes=\"auto, (max-width: 640px) 100vw, 640px\" \/><\/strong><\/p>\n<p><strong>Ime \/ Name<br \/>\n<\/strong>Sklop ku\u0107a \/ H\u00e4userkomplex \u00bbA. Grgi\u010devi\u0107\u00ab<\/p>\n<p><strong>Code: <\/strong>VH-TG-02\u00a0 \u00a0 \u00a0 \u00a0 \u00a0 \u00a0 \u00a0 \u00a0<strong>\u00a0 \u00a0 \u00a0 \u00a0 \u00a0 \u00a0 \u00a0 \u00a0 \u00a0 \u00a0 \u00a0 \u00a0\u00a0<a href=\"https:\/\/www.topohvar.at\/orte\/vh\/vh-tg-01-1\/\"><img loading=\"lazy\" decoding=\"async\" class=\"alignnone wp-image-533 size-full\" src=\"https:\/\/www.topohvar.at\/wp-content\/uploads\/2018\/07\/push-l-30.jpg\" alt=\"\" width=\"61\" height=\"30\" \/><\/a>\u00a0<a href=\"https:\/\/www.topohvar.at\/orte\/vh\/\"><img loading=\"lazy\" decoding=\"async\" class=\"alignnone wp-image-535 size-full\" src=\"https:\/\/www.topohvar.at\/wp-content\/uploads\/2018\/07\/push-o-30.jpg\" alt=\"\" width=\"61\" height=\"30\" \/><\/a>\u00a0<\/strong><\/p>\n<hr \/>\n<p><strong>Adresa \/ Adresse<br \/>\n<\/strong>Vrh, sklop A. Grgi\u010devi\u0107 \/ H\u00e4user\u00a0Grgi\u010devi\u0107<\/p>\n<p><strong>Lokacija<\/strong><strong> \/ Position<a href=\"https:\/\/goo.gl\/maps\/o8nEd9Fn4wkv377S8\"><img loading=\"lazy\" decoding=\"async\" class=\"alignright wp-image-6500\" src=\"https:\/\/www.topohvar.at\/wp-content\/uploads\/2018\/08\/1630.jpg\" alt=\"\" width=\"134\" height=\"100\" \/><\/a><br \/>\n<\/strong><span style=\"color: #3366ff;\"><a style=\"color: #3366ff;\" href=\"https:\/\/goo.gl\/maps\/o8nEd9Fn4wkv377S8\">Latitude: N 43,13837\u00b0\u00a0 \u00a0 Longitude: E 16,71986\u00b0<\/a>\u00a0<\/span><strong><br \/>\n<\/strong>Visina \/ H\u00f6he: 376 m<\/p>\n<p><strong>Katastarska \u010destica <\/strong><strong>\/ Grundst\u00fccke<br \/>\n<\/strong>3042\/7 (Jelsa)<div class='content-column one_half'><div style=\"padding-right:6px;\"><p><strong>Datum snimanja \/ Erfassungsdatum<br \/>\n<\/strong>15.05.2019 14:00:00<\/p>\n<hr \/>\n<p><strong>Informacije<\/strong><\/p>\n<p>Kompleks se sastoji od dvoeta\u017ene stambene zgrade, nekoliko jednokatnih zgrada, dva trima (od kojih je jedan ugra\u0111en u zgradu), pe\u0107nice i cisterne s ploverom.<\/p><\/div><\/div><div class='content-column one_half last_column'><div style=\"padding-right:0px;padding-left:6px;\"><p><strong>Stupanj za\u0161tite<\/strong><strong> \/ Schutzstellung<br \/>\n<\/strong>&#8211;<\/p>\n<hr \/>\n<p><strong>Info<\/strong><\/p>\n<p>Der Komplex besteht aus einem zweigescho\u00dfigen Wohngeb\u00e4ude, mehreren eingescho\u00dfigen Bauten, zwei Trims (einer davon im Geb\u00e4ude integriert), einen Backofen und einer Zisterne mit Wasserauffangfl\u00e4che.<\/p><\/div><\/div><div class='clear_column'><\/div><div class='content-column one_half'><div style=\"padding-right:6px;\"><p>Cijelo podru\u010dje se vi\u0161e ne koristi i poprili\u010dno se pokvarilo.<\/p><\/div><\/div><div class='content-column one_half last_column'><div style=\"padding-right:0px;padding-left:6px;\"><p>Das gesamte Areal wird nicht mehr genutzt und ist ziemlich verfallen.<\/p><\/div><\/div><div class='clear_column'><\/div><div class='content-column one_half'><div style=\"padding-right:6px;\"><p>Pokraj zgrade trim \u00bbVH-TR-05\u00ab i pored ulaza za imovini je prekrasna cisterna s prostorom za skupljanje vode (pjover).<\/p><\/div><\/div><div class='content-column one_half last_column'><div style=\"padding-right:0px;padding-left:6px;\"><p>Neben dem Geb\u00e4ude steht der Trim \u00bbVH-TR-05\u00ab und neben\u00a0dem Zugang zur Liegenschaft befindet sich eine sch\u00f6ne Zisterne mit Wassersammelfl\u00e4che (Pjover).<\/p><\/div><\/div><div class='clear_column'><\/div><\/p>\n<div id=\"attachment_29766\" style=\"width: 650px\" class=\"wp-caption alignnone\"><img loading=\"lazy\" decoding=\"async\" aria-describedby=\"caption-attachment-29766\" class=\"wp-image-29766 size-large\" src=\"https:\/\/www.topohvar.at\/wp-content\/uploads\/2020\/01\/vh-tg-02-2-1024x503.jpg\" alt=\"\" width=\"640\" height=\"314\" srcset=\"https:\/\/www.topohvar.at\/wp-content\/uploads\/2020\/01\/vh-tg-02-2-1024x503.jpg 1024w, https:\/\/www.topohvar.at\/wp-content\/uploads\/2020\/01\/vh-tg-02-2-300x147.jpg 300w, https:\/\/www.topohvar.at\/wp-content\/uploads\/2020\/01\/vh-tg-02-2-768x377.jpg 768w, https:\/\/www.topohvar.at\/wp-content\/uploads\/2020\/01\/vh-tg-02-2.jpg 1080w\" sizes=\"auto, (max-width: 640px) 100vw, 640px\" \/><p id=\"caption-attachment-29766\" class=\"wp-caption-text\">Sporedna zgrada sa integriranom trimom \/ Nebengeb\u00e4ude mit integrierten Trim<\/p><\/div>\n<p style=\"text-align: right;\"><span style=\"color: #3366ff;\"><a style=\"color: #3366ff;\" href=\"#seite_oben\">natrag na vrh \/ Seitenanfang<\/a><\/span><\/p>\n<hr \/>\n<p><strong>Linkovi \/ Links<\/strong><\/p>\n<p><span style=\"color: #3366ff;\"><a style=\"color: #3366ff;\" href=\"https:\/\/www.topohvar.at\/topo\/orte\/vh\/vh-tr-04-1\/\">Trim \u00bbVH-TR-04\u00ab<\/a><br \/>\n<a style=\"color: #3366ff;\" href=\"https:\/\/www.topohvar.at\/topo\/orte\/vh\/vh-tr-05-1\/\">\u00a0Trim \u00bbVH-TR-05\u00ab<\/a><br \/>\n<a style=\"color: #3366ff;\" href=\"https:\/\/www.topohvar.at\/topo\/orte\/vh\/vh-ir-01-1\/\">\u00a0Reljefni kri\u017e na nadvratnuka \/ Reliefkreuz am T\u00fcr\u00fcberlager<\/a><br \/>\n<a style=\"color: #3366ff;\" href=\"https:\/\/www.topohvar.at\/topo\/orte\/vh\/vh-op-00-0\/#op-02\">\u00a0Cisterna s pjoverom \/ Zisterne mit Wassersammelfl\u00e4che<\/a><br \/>\n<\/span><\/p>\n","protected":false},"excerpt":{"rendered":"<p>Ime \/ Name Sklop ku\u0107a \/ H\u00e4userkomplex \u00bbA. Grgi\u010devi\u0107\u00ab Code: VH-TG-02\u00a0 \u00a0 \u00a0 \u00a0 \u00a0 \u00a0 \u00a0 \u00a0\u00a0 \u00a0 \u00a0 \u00a0 \u00a0 \u00a0 \u00a0 \u00a0 \u00a0 \u00a0 \u00a0 \u00a0\u00a0\u00a0\u00a0 Adresa \/ Adresse Vrh, sklop A. Grgi\u010devi\u0107 \/ H\u00e4user\u00a0Grgi\u010devi\u0107 Lokacija \/ &hellip; <a href=\"https:\/\/www.topohvar.at\/topo\/orte\/vh\/vh-tg-02-1\/\">Weiterlesen <span class=\"meta-nav\">&rarr;<\/span><\/a><\/p>\n","protected":false},"author":1,"featured_media":0,"parent":131,"menu_order":0,"comment_status":"closed","ping_status":"closed","template":"","meta":{"footnotes":""},"class_list":["post-29764","page","type-page","status-publish","hentry"],"_links":{"self":[{"href":"https:\/\/www.topohvar.at\/topo\/wp-json\/wp\/v2\/pages\/29764","targetHints":{"allow":["GET"]}}],"collection":[{"href":"https:\/\/www.topohvar.at\/topo\/wp-json\/wp\/v2\/pages"}],"about":[{"href":"https:\/\/www.topohvar.at\/topo\/wp-json\/wp\/v2\/types\/page"}],"author":[{"embeddable":true,"href":"https:\/\/www.topohvar.at\/topo\/wp-json\/wp\/v2\/users\/1"}],"replies":[{"embeddable":true,"href":"https:\/\/www.topohvar.at\/topo\/wp-json\/wp\/v2\/comments?post=29764"}],"version-history":[{"count":10,"href":"https:\/\/www.topohvar.at\/topo\/wp-json\/wp\/v2\/pages\/29764\/revisions"}],"predecessor-version":[{"id":68833,"href":"https:\/\/www.topohvar.at\/topo\/wp-json\/wp\/v2\/pages\/29764\/revisions\/68833"}],"up":[{"embeddable":true,"href":"https:\/\/www.topohvar.at\/topo\/wp-json\/wp\/v2\/pages\/131"}],"wp:attachment":[{"href":"https:\/\/www.topohvar.at\/topo\/wp-json\/wp\/v2\/media?parent=29764"}],"curies":[{"name":"wp","href":"https:\/\/api.w.org\/{rel}","templated":true}]}}