{"id":3011,"date":"2018-08-05T08:14:14","date_gmt":"2018-08-05T06:14:14","guid":{"rendered":"https:\/\/www.topohvar.at\/?page_id=3011"},"modified":"2024-03-26T13:05:47","modified_gmt":"2024-03-26T12:05:47","slug":"sg-ir-02-2","status":"publish","type":"page","link":"https:\/\/www.topohvar.at\/topo\/orte\/sg\/sg-ir-02-2\/","title":{"rendered":"STARI GRAD &#8211; Reljef \u00bbGospe od mora\u00ab"},"content":{"rendered":"<p><img loading=\"lazy\" decoding=\"async\" class=\"aligncenter wp-image-65480 size-full\" src=\"https:\/\/www.topohvar.at\/wp-content\/uploads\/2024\/03\/SG-IR-02-21.jpg\" alt=\"\" width=\"1024\" height=\"503\" srcset=\"https:\/\/www.topohvar.at\/wp-content\/uploads\/2024\/03\/SG-IR-02-21.jpg 1024w, https:\/\/www.topohvar.at\/wp-content\/uploads\/2024\/03\/SG-IR-02-21-300x147.jpg 300w, https:\/\/www.topohvar.at\/wp-content\/uploads\/2024\/03\/SG-IR-02-21-768x377.jpg 768w\" sizes=\"auto, (max-width: 1024px) 100vw, 1024px\" \/><\/p>\n<p><a name=\"seite_oben\"><\/a><\/p>\n<p><strong>Ime \/ Name<br \/>\n<\/strong>Reljef \u00bbGospe od mora\u00ab \/ Relief Unserer Lieben Frau vom Meer<\/p>\n<p><strong>Code: <\/strong>SG-IR-02<strong> \u00a0 \u00a0 \u00a0 \u00a0 \u00a0 \u00a0 \u00a0 \u00a0 \u00a0 \u00a0<a href=\"https:\/\/www.topohvar.at\/orte\/sg\/sg-ig-01-2\/\"><img loading=\"lazy\" decoding=\"async\" class=\"alignnone wp-image-12300 size-full\" src=\"https:\/\/www.topohvar.at\/wp-content\/uploads\/2018\/09\/push-vor-30.jpg\" alt=\"\" width=\"61\" height=\"30\" \/><\/a>\u00a0<\/strong><strong><a href=\"https:\/\/www.topohvar.at\/orte\/sg\/sg-ir-14-1\/\"><img loading=\"lazy\" decoding=\"async\" class=\"alignnone wp-image-533 size-full\" src=\"https:\/\/www.topohvar.at\/wp-content\/uploads\/2018\/07\/push-l-30.jpg\" alt=\"\" width=\"61\" height=\"30\" \/><\/a> <a href=\"https:\/\/www.topohvar.at\/orte\/sg\/\"><img loading=\"lazy\" decoding=\"async\" class=\"alignnone wp-image-535 size-full\" src=\"https:\/\/www.topohvar.at\/wp-content\/uploads\/2018\/07\/push-o-30.jpg\" alt=\"\" width=\"61\" height=\"30\" \/><\/a> <a href=\"https:\/\/www.topohvar.at\/orte\/sg\/sg-ir-03-2\/\"><img loading=\"lazy\" decoding=\"async\" class=\"alignnone wp-image-536 size-full\" src=\"https:\/\/www.topohvar.at\/wp-content\/uploads\/2018\/07\/push-r-30.jpg\" alt=\"\" width=\"61\" height=\"30\" \/><\/a><\/strong><\/p>\n<hr \/>\n<p><strong>Adresa \/ Adresse<br \/>\n<\/strong>Stari Grad, Obala Hrvatskih Branitelja, Crkva Sv. Jerolim \/ Kirche des hl. Hyronimus<\/p>\n<p><strong>Lokacija \/ Position<a href=\"https:\/\/goo.gl\/maps\/bTCxtnwJwTj17mR98\"><img loading=\"lazy\" decoding=\"async\" class=\"alignright wp-image-2198\" src=\"https:\/\/www.topohvar.at\/wp-content\/uploads\/2018\/08\/0529.jpg\" alt=\"\" width=\"133\" height=\"100\" \/><\/a><br \/>\n<\/strong><span style=\"color: #3366ff;\"><a style=\"color: #3366ff;\" href=\"https:\/\/goo.gl\/maps\/bTCxtnwJwTj17mR98\">Latitude: N 43,18565\u00b0\u00a0 \u00a0Longitude: E 16,59006\u00b0<\/a> <\/span><strong><br \/>\n<\/strong>Visina \/ H\u00f6he: 1 m<\/p>\n<p><strong>Katastarska \u010destica \/ Grundst\u00fccke<br \/>\n<\/strong>*943, *944, *945\/1<div class='content-column one_half'><div style=\"padding-right:6px;\"><p><strong>Datum snimanja \/ Erfassungsdatum<br \/>\n<\/strong>16.05.2013 09:00:00<\/p>\n<hr \/>\n<p><strong>Informacije<\/strong><\/p>\n<p>U ni\u0161i na pro\u010delju ju\u017ene strane crkve je postavljena je replika kipa Gospe od mora koji prikazuje Bogorodicu s Djetetom na prijestolju goti\u010dkog stila. Kip je o\u0161te\u0107en pri napadu Turaka 1571.<\/p><\/div><\/div><div class='content-column one_half last_column'><div style=\"padding-right:0px;padding-left:6px;\"><p><strong>Stupanj za\u0161tite \/ Schutzstellung<br \/>\n<\/strong>&#8211;<\/p>\n<hr \/>\n<p><strong>Info<\/strong><\/p>\n<p>In einer Nische an der Fassade der S\u00fcdseite befindet sich eine Replik der Statue Unserer Lieben Frau vom Meer die die Madonna mit Kind auf einem Thron im gotischen Stil zeigt. Die Statue wurde bei dem Angriff durch die T\u00fcrken im Jahr 1571 zerst\u00f6rt.<\/p><\/div><\/div><div class='clear_column'><\/div><div class='content-column one_half'><div style=\"padding-right:6px;\"><p>Na podno\u017eju kipa uklesana je godina &#8222;MV&#8230;&#8220;.<\/p><\/div><\/div><div class='content-column one_half last_column'><div style=\"padding-right:0px;padding-left:6px;\"><p>Im Sockel der Statur ist die Jahreszahl &#8222;MV&#8230;&#8220; eingraviert.<\/p><\/div><\/div><div class='clear_column'><\/div><div class='content-column one_half'><div style=\"padding-right:6px;\"><p>Umjetni\u010dka akademija u Splitu, Odsjek za konzervaciju i restauraciju kamena, stvorila je repliku reljefa Madone i djeteta u 2014. godine. Izvorni reljef demontiran je i restauriran. Zbog osjetljive lokacije, blizine mora i posolice, kao i zbog iznimno lo\u0161eg stanja samog reljefa o\u0161te\u0107enog dugotrajnim djelovanjem soli,mora i atmosferilija, nadle\u017ena su tijela suglasna da se u pro\u010delje crkvice ugradi replika, dok \u0107e se original pohraniti na lokaciju koja \u0107e se dogovorno definirati prijedlogom nadle\u017enog Konzervatorskog odjela\u00a0dok se izvorni kip \u010duva u muzeju dominikanskog samostana svetog Petra.<\/p><\/div><\/div><div class='content-column one_half last_column'><div style=\"padding-right:0px;padding-left:6px;\"><p>Die Akademie der K\u00fcnste in Split, Abteilung f\u00fcr Konservierung und Restaurierung von Stein, hat im Jahr 2014 eine Replik des Reliefs der Madonna und des Kindes erstellt. Das\u00a0 urspr\u00fcngliche Relief wurde abgebaut und restauriert. Aufgrund des sensiblen Standorts, der N\u00e4he zum Meer und des Salzes sowie des \u00e4u\u00dferst schlechten Zustands des Reliefs, das durch l\u00e4ngeres Aussetzen an Salz, Meer und Atmosph\u00e4re besch\u00e4digt wurde, vereinbarten die Beh\u00f6rden, auf Vorschlag der zust\u00e4ndigen Denkmalschutzbeh\u00f6rde und mit Zustimmung des Eigent\u00fcmers der Kirche &#8211; der Stadt Stari Grad, eine Replik an der Vorderseite der Kirche anzubringen, w\u00e4hrend die Originalstatue im Museum des Dominikanerklosters St. Peter aufbewahrt wird.<\/p><\/div><\/div><div class='clear_column'><\/div><div class='content-column one_half'><div style=\"padding-right:6px;\"><div id=\"attachment_37623\" style=\"width: 310px\" class=\"wp-caption alignnone\"><img loading=\"lazy\" decoding=\"async\" aria-describedby=\"caption-attachment-37623\" class=\"wp-image-37623 size-medium\" src=\"https:\/\/www.topohvar.at\/wp-content\/uploads\/2020\/05\/sg-ir-02-7-300x287.jpg\" alt=\"\" width=\"300\" height=\"287\" srcset=\"https:\/\/www.topohvar.at\/wp-content\/uploads\/2020\/05\/sg-ir-02-7-300x287.jpg 300w, https:\/\/www.topohvar.at\/wp-content\/uploads\/2020\/05\/sg-ir-02-7.jpg 314w\" sizes=\"auto, (max-width: 300px) 100vw, 300px\" \/><p id=\"caption-attachment-37623\" class=\"wp-caption-text\">Original je uklonjen 2014. godine \/ Original 2014 entfernt<\/p><\/div><\/div><\/div><div class='content-column one_half last_column'><div style=\"padding-right:0px;padding-left:6px;\"><div id=\"attachment_65481\" style=\"width: 310px\" class=\"wp-caption alignnone\"><img loading=\"lazy\" decoding=\"async\" aria-describedby=\"caption-attachment-65481\" class=\"wp-image-65481 size-full\" src=\"https:\/\/www.topohvar.at\/wp-content\/uploads\/2024\/03\/sg-ir-02-23.jpg\" alt=\"\" width=\"300\" height=\"300\" srcset=\"https:\/\/www.topohvar.at\/wp-content\/uploads\/2024\/03\/sg-ir-02-23.jpg 300w, https:\/\/www.topohvar.at\/wp-content\/uploads\/2024\/03\/sg-ir-02-23-150x150.jpg 150w\" sizes=\"auto, (max-width: 300px) 100vw, 300px\" \/><p id=\"caption-attachment-65481\" class=\"wp-caption-text\">Godina u bazi \/ Fragment der Jahreszahl<\/p><\/div><\/div><\/div><div class='clear_column'><\/div><\/p>\n<p style=\"text-align: right;\"><a href=\"#seite_oben\">natrag na vrh \/ Seitenanfang<\/a><\/p>\n<hr \/>\n<p><strong>Linkovi \/ Links<\/strong><\/p>\n<p><span style=\"color: #3366ff;\"><a style=\"color: #3366ff;\" href=\"https:\/\/www.topohvar.at\/topo\/orte\/sg\/sg-ci-08-2\/\">Crkva Sv. Jerolima \/ Kirche des hl. Hyronimus<\/a><br \/>\n<a style=\"color: #3366ff;\" href=\"https:\/\/www.topohvar.at\/topo\/orte\/sg\/sg-in-30-2\/\">Natpis \u00bbiznad reljefa na pro\u010delju\u00ab \/ Inschrift \u00fcber dem Relief an der Kirchenfassade<\/a><br \/>\n<a style=\"color: #3366ff;\" href=\"https:\/\/www.topohvar.at\/topo\/orte\/sg\/sg-ir-01-2\/\">Reljef \u00bbreljef plo\u010da iznad ulaza\u00ab \/ Relief \u00fcber dem Eingangstor<\/a><br \/>\n<a style=\"color: #3366ff;\" href=\"https:\/\/www.topohvar.at\/topo\/orte\/sg\/sg-ir-14-1\/\">Reljef \u00bbIHS na sjevernoj strani crkve sv. Jerolima\u00ab \/ IHS an der Nordseite der Kirche<\/a><br \/>\n<\/span><\/p>\n","protected":false},"excerpt":{"rendered":"<p>Ime \/ Name Reljef \u00bbGospe od mora\u00ab \/ Relief Unserer Lieben Frau vom Meer Code: SG-IR-02 \u00a0 \u00a0 \u00a0 \u00a0 \u00a0 \u00a0 \u00a0 \u00a0 \u00a0 \u00a0\u00a0 Adresa \/ Adresse Stari Grad, Obala Hrvatskih Branitelja, Crkva Sv. Jerolim \/ Kirche des &hellip; <a href=\"https:\/\/www.topohvar.at\/topo\/orte\/sg\/sg-ir-02-2\/\">Weiterlesen <span class=\"meta-nav\">&rarr;<\/span><\/a><\/p>\n","protected":false},"author":1,"featured_media":0,"parent":99,"menu_order":0,"comment_status":"closed","ping_status":"closed","template":"","meta":{"footnotes":""},"class_list":["post-3011","page","type-page","status-publish","hentry"],"_links":{"self":[{"href":"https:\/\/www.topohvar.at\/topo\/wp-json\/wp\/v2\/pages\/3011","targetHints":{"allow":["GET"]}}],"collection":[{"href":"https:\/\/www.topohvar.at\/topo\/wp-json\/wp\/v2\/pages"}],"about":[{"href":"https:\/\/www.topohvar.at\/topo\/wp-json\/wp\/v2\/types\/page"}],"author":[{"embeddable":true,"href":"https:\/\/www.topohvar.at\/topo\/wp-json\/wp\/v2\/users\/1"}],"replies":[{"embeddable":true,"href":"https:\/\/www.topohvar.at\/topo\/wp-json\/wp\/v2\/comments?post=3011"}],"version-history":[{"count":21,"href":"https:\/\/www.topohvar.at\/topo\/wp-json\/wp\/v2\/pages\/3011\/revisions"}],"predecessor-version":[{"id":65686,"href":"https:\/\/www.topohvar.at\/topo\/wp-json\/wp\/v2\/pages\/3011\/revisions\/65686"}],"up":[{"embeddable":true,"href":"https:\/\/www.topohvar.at\/topo\/wp-json\/wp\/v2\/pages\/99"}],"wp:attachment":[{"href":"https:\/\/www.topohvar.at\/topo\/wp-json\/wp\/v2\/media?parent=3011"}],"curies":[{"name":"wp","href":"https:\/\/api.w.org\/{rel}","templated":true}]}}