{"id":31015,"date":"2020-02-12T06:38:57","date_gmt":"2020-02-12T05:38:57","guid":{"rendered":"https:\/\/www.topohvar.at\/topo\/?page_id=31015"},"modified":"2025-05-31T12:10:51","modified_gmt":"2025-05-31T10:10:51","slug":"sg-tr-i5-1","status":"publish","type":"page","link":"https:\/\/www.topohvar.at\/topo\/orte\/sg\/sg-tr-i5-1\/","title":{"rendered":"STARI GRAD &#8211; Trim \u00bbSG-TR-I5\u00ab (pristri\u0161ak)"},"content":{"rendered":"<p><a name=\"seite_oben\"><\/a><br \/>\n<img loading=\"lazy\" decoding=\"async\" class=\"alignnone wp-image-71805 size-full\" src=\"https:\/\/www.topohvar.at\/wp-content\/uploads\/2025\/05\/sg-tr-i5-1.jpg\" alt=\"\" width=\"1080\" height=\"530\" srcset=\"https:\/\/www.topohvar.at\/wp-content\/uploads\/2025\/05\/sg-tr-i5-1.jpg 1080w, https:\/\/www.topohvar.at\/wp-content\/uploads\/2025\/05\/sg-tr-i5-1-300x147.jpg 300w, https:\/\/www.topohvar.at\/wp-content\/uploads\/2025\/05\/sg-tr-i5-1-1024x503.jpg 1024w, https:\/\/www.topohvar.at\/wp-content\/uploads\/2025\/05\/sg-tr-i5-1-768x377.jpg 768w\" sizes=\"auto, (max-width: 1080px) 100vw, 1080px\" \/><\/p>\n<p><strong>Ime \/ Name<br \/>\n<\/strong>Trim \u00bbSG-TR-I5\u00ab (pristri\u0161ak)<br \/>\n<strong>Code: <\/strong>SG-TR-I5 (E-D8-7)\u00a0 \u00a0 \u00a0 \u00a0 \u00a0 \u00a0 \u00a0 \u00a0 \u00a0 \u00a0 \u00a0 \u00a0 \u00a0 \u00a0 \u00a0 \u00a0 \u00a0 \u00a0 <strong><a href=\"https:\/\/www.topohvar.at\/orte\/sg\/sg-tr-00-1\/\"><img loading=\"lazy\" decoding=\"async\" class=\"alignnone wp-image-12300 size-full\" src=\"https:\/\/www.topohvar.at\/wp-content\/uploads\/2018\/09\/push-vor-30.jpg\" alt=\"\" width=\"61\" height=\"30\" \/><\/a> <a href=\"https:\/\/www.topohvar.at\/orte\/sg\/sg-tr-14-1\/\"><img loading=\"lazy\" decoding=\"async\" class=\"alignnone wp-image-533 size-full\" src=\"https:\/\/www.topohvar.at\/wp-content\/uploads\/2018\/07\/push-l-30.jpg\" alt=\"\" width=\"61\" height=\"30\" \/><\/a> <a href=\"https:\/\/www.topohvar.at\/orte\/sg\/\"><img loading=\"lazy\" decoding=\"async\" class=\"alignnone wp-image-535 size-full\" src=\"https:\/\/www.topohvar.at\/wp-content\/uploads\/2018\/07\/push-o-30.jpg\" alt=\"\" width=\"61\" height=\"30\" \/><\/a> <a href=\"https:\/\/www.topohvar.at\/orte\/sg\/sg-tr-12-1\/\"><img loading=\"lazy\" decoding=\"async\" class=\"alignnone wp-image-536 size-full\" src=\"https:\/\/www.topohvar.at\/wp-content\/uploads\/2018\/07\/push-r-30.jpg\" alt=\"\" width=\"61\" height=\"30\" \/><\/a><\/strong><\/p>\n<hr \/>\n<p><strong>Adresa \/ Adresse<br \/>\n<\/strong>Stari Gead, polje, Ivon\u010deve njive<\/p>\n<p><strong>Lokalna polo\u017eaj \/ Position<a href=\"https:\/\/maps.app.goo.gl\/HLLGBFuAbXCNp7z86\"><img loading=\"lazy\" decoding=\"async\" class=\"alignright wp-image-72041\" src=\"https:\/\/www.topohvar.at\/wp-content\/uploads\/2025\/05\/4332.jpg\" alt=\"\" width=\"133\" height=\"100\" \/><\/a><br \/>\n<\/strong><a href=\"https:\/\/maps.app.goo.gl\/HLLGBFuAbXCNp7z86\">Latitude: N 43,17628\u00b0\u00a0 \u00a0Longitude: E 16,63733\u00b0<\/a> <strong><br \/>\n<\/strong>Visina \/ H\u00f6he: 27 m<\/p>\n<p><strong>Zemlji\u0161te \/ Grundst\u00fccke<br \/>\n<\/strong>10115<div class='content-column one_half'><div style=\"padding-right:6px;\"><p><strong>Datum snimanja \/ Erfassungsdatum<br \/>\n<\/strong>05.05.2025 10:38:25<\/p>\n<hr \/>\n<p><strong>Informacije<\/strong><\/p>\n<p>Poseban oblik trima je pristri\u0161ak, malo nepravo svo\u0111eno skloni\u0161te za zaklon od pljuska za samo jednog \u010dovjeka (dokli pristri\u0161i ki\u0161a), izgleda kao uspravljena polovica korita od broda.<\/p><\/div><\/div><div class='content-column one_half last_column'><div style=\"padding-right:0px;padding-left:6px;\"><p><strong>Za\u0161titni polo\u017eaj \/ Schutzstellung<br \/>\n<\/strong>&#8211;<\/p>\n<hr \/>\n<p><strong>Info<\/strong><\/p>\n<p>Eine besondere Form des Trims ist ein Unterstand, ein kleiner, reduzierter Schutz f\u00fcr nur eine Person (solange es regnet), der wie die aufrechte H\u00e4lfte eines Bootstrogs aussieht.<\/p><\/div><\/div><div class='clear_column'><\/div><div class='content-column one_half'><div style=\"padding-right:6px;\"><p>Ovaj mali trim, usred vrta, jedan je takav &#8222;pristri\u0161ak&#8220;. Vrlo je dobro o\u010duvan i vjerojatno se jo\u0161 uvijek koristi.<\/p><\/div><\/div><div class='content-column one_half last_column'><div style=\"padding-right:0px;padding-left:6px;\"><p>Dieser kleine Trim, mitten im Garten, ist so ein &#8222;pristri\u0161ak&#8220;. Er ist sehr gut erhalten und d\u00fcrfte noch genutzt werden.<\/p><\/div><\/div><div class='clear_column'><\/div><\/p>\n<p><img loading=\"lazy\" decoding=\"async\" class=\"aligncenter size-full wp-image-71498\" src=\"https:\/\/www.topohvar.at\/wp-content\/uploads\/2025\/04\/vj-tr-09-10.jpg\" alt=\"\" width=\"1080\" height=\"530\" srcset=\"https:\/\/www.topohvar.at\/wp-content\/uploads\/2025\/04\/vj-tr-09-10.jpg 1080w, https:\/\/www.topohvar.at\/wp-content\/uploads\/2025\/04\/vj-tr-09-10-300x147.jpg 300w, https:\/\/www.topohvar.at\/wp-content\/uploads\/2025\/04\/vj-tr-09-10-1024x503.jpg 1024w, https:\/\/www.topohvar.at\/wp-content\/uploads\/2025\/04\/vj-tr-09-10-768x377.jpg 768w\" sizes=\"auto, (max-width: 1080px) 100vw, 1080px\" \/><\/p>\n<p style=\"text-align: center;\"><em>(Izvor \/ Quelle: Konzervatorska podloga kulturnog krajolika Starogradsko polje)<\/em><\/p>\n<hr \/>\n<div class='content-column one_half'><div style=\"padding-right:6px;\"><p>Dana 05.05.2025 trim SG-TR-I5 je posje\u0107en i ustanovljeno je sljede\u0107e:<\/p>\n<p>Lokacija: vrt<br \/>\nPodloga: ravna<br \/>\nPovezan s: samostoje\u0107i, izoliran<br \/>\nUpotreba: u upotrebi<br \/>\nStanje: vrlo dobro uzdr\u017eati<br \/>\nBroj stepenica trima: 1<br \/>\nDodatni kameni prsten: nema prstena<br \/>\nStepeni\u0161te: nema<br \/>\nOblik kamena: zaokru\u017een<br \/>\nPodru\u010dje ispred ulaza: lako dostupno<br \/>\nOrijentacija ulaza: S (10\u00b0)<br \/>\nPromjer trima (cm): 190<br \/>\nVisina trima (cm): 180<br \/>\nVisina stepenica (cm): stepenica 1: 165<br \/>\nDebljina zida (cm): 45<br \/>\n\u0160irina vrata (cm): 50<br \/>\nVisina vrata (cm): 135<br \/>\n\u0160irina unutra (cm): 80 &#8211; 100<br \/>\nVisina unutra (cm): 150<br \/>\nVolumen iznutra (m3): 0,84<br \/>\nNema ni\u0161e<\/p><\/div><\/div><div class='content-column one_half last_column'><div style=\"padding-right:0px;padding-left:6px;\"><p>Am 05.05.2025 wurde der Trim SG-TR-I5 besucht und n\u00e4her untersucht:<\/p>\n<p>Standort: Garten<br \/>\nUntergrund: eben<br \/>\nVerbunden mit: freistehend<br \/>\nNutzung: genutzt<br \/>\nZustand: sehr gut erhalten<br \/>\nAnzahl der Trimstufen: 1<br \/>\nZus\u00e4tzlicher Steinring: kein Steinring<br \/>\nStiege: keine<br \/>\nSteinform: rundlich<br \/>\nEingangsbereich: frei<br \/>\nEingangsseite: N (10\u00b0)<br \/>\nTrimdurchmesser (cm): 190<br \/>\nTrimh\u00f6he (cm): 180<br \/>\nH\u00f6he der Trimstufen (cm): Stufe 1: 165<br \/>\nWandst\u00e4rke (cm): 45<br \/>\nT\u00fcrbreite (cm): 50<br \/>\nT\u00fcrh\u00f6he (cm): 135<br \/>\nInnenraumbreite (cm): 80 &#8211; 100<br \/>\nInnenraumh\u00f6he (cm): 150<br \/>\nRaumvolumen (m3): 0,84<br \/>\nKeine Nische<\/p><\/div><\/div><div class='clear_column'><\/div><\/p>\n<p><img loading=\"lazy\" decoding=\"async\" class=\"aligncenter size-full wp-image-72536\" src=\"https:\/\/www.topohvar.at\/wp-content\/uploads\/2025\/05\/sg-tr-i5-sca.jpg\" alt=\"\" width=\"640\" height=\"549\" srcset=\"https:\/\/www.topohvar.at\/wp-content\/uploads\/2025\/05\/sg-tr-i5-sca.jpg 640w, https:\/\/www.topohvar.at\/wp-content\/uploads\/2025\/05\/sg-tr-i5-sca-300x257.jpg 300w\" sizes=\"auto, (max-width: 640px) 100vw, 640px\" \/><\/p>\n<hr \/>\n<p style=\"text-align: left;\"><div class='content-column one_half'><div style=\"padding-right:6px;\"><p>U istoj sobi nalaze se jo\u0161 dva natpisa na zabatnom zidu. Uz ku\u0107u je pri\u010dvr\u0161\u0107ena cisterna. U vrtu je gustirna.<\/p><\/div><\/div><div class='content-column one_half last_column'><div style=\"padding-right:0px;padding-left:6px;\"><p>Im nahen Haus finden mehrere Inschriften. An das Haus angebaut befindet sich eine Zisterne.<\/p><\/div><\/div><div class='clear_column'><\/div><\/p>\n<p style=\"text-align: right;\"><a href=\"#seite_oben\">natrag na vrh \/ Seitenanfang<\/a><\/p>\n<hr \/>\n<p><strong>Linkovi \/ Links<\/strong><\/p>\n<p><span style=\"color: #3366ff;\"><a style=\"color: #3366ff;\" href=\"https:\/\/www.topohvar.at\/topo\/orte\/sg\/sg-in-45-1\/\">SG-IN-45 \u2013 natpis \/ Inschrift \u00bbRP<sub>P<\/sub>D\u00abs<\/a><br \/>\n<a style=\"color: #3366ff;\" href=\"https:\/\/www.topohvar.at\/topo\/orte\/sg\/sg-in-46-1\/\">SG-IN-46 \u00bb2 natpisa u ku\u0107i\u00ab \/ zwei Inschriften im Haus<\/a><\/span><br \/>\n<span style=\"color: #3366ff;\"><a style=\"color: #3366ff;\" href=\"https:\/\/www.topohvar.at\/topo\/orte\/sg\/sg-op-ld-1\/\">SG-OP-LD \u00bbGustirna blizu ku\u0107e\u00ab \/ Zisterne beim Haus<\/a><br \/>\n<\/span><\/p>\n","protected":false},"excerpt":{"rendered":"<p>Ime \/ Name Trim \u00bbSG-TR-I5\u00ab (pristri\u0161ak) Code: SG-TR-I5 (E-D8-7)\u00a0 \u00a0 \u00a0 \u00a0 \u00a0 \u00a0 \u00a0 \u00a0 \u00a0 \u00a0 \u00a0 \u00a0 \u00a0 \u00a0 \u00a0 \u00a0 \u00a0 \u00a0 Adresa \/ Adresse Stari Gead, polje, Ivon\u010deve njive Lokalna polo\u017eaj \/ Position Latitude: N &hellip; <a href=\"https:\/\/www.topohvar.at\/topo\/orte\/sg\/sg-tr-i5-1\/\">Weiterlesen <span class=\"meta-nav\">&rarr;<\/span><\/a><\/p>\n","protected":false},"author":1,"featured_media":0,"parent":99,"menu_order":0,"comment_status":"closed","ping_status":"closed","template":"","meta":{"footnotes":""},"class_list":["post-31015","page","type-page","status-publish","hentry"],"_links":{"self":[{"href":"https:\/\/www.topohvar.at\/topo\/wp-json\/wp\/v2\/pages\/31015","targetHints":{"allow":["GET"]}}],"collection":[{"href":"https:\/\/www.topohvar.at\/topo\/wp-json\/wp\/v2\/pages"}],"about":[{"href":"https:\/\/www.topohvar.at\/topo\/wp-json\/wp\/v2\/types\/page"}],"author":[{"embeddable":true,"href":"https:\/\/www.topohvar.at\/topo\/wp-json\/wp\/v2\/users\/1"}],"replies":[{"embeddable":true,"href":"https:\/\/www.topohvar.at\/topo\/wp-json\/wp\/v2\/comments?post=31015"}],"version-history":[{"count":17,"href":"https:\/\/www.topohvar.at\/topo\/wp-json\/wp\/v2\/pages\/31015\/revisions"}],"predecessor-version":[{"id":72539,"href":"https:\/\/www.topohvar.at\/topo\/wp-json\/wp\/v2\/pages\/31015\/revisions\/72539"}],"up":[{"embeddable":true,"href":"https:\/\/www.topohvar.at\/topo\/wp-json\/wp\/v2\/pages\/99"}],"wp:attachment":[{"href":"https:\/\/www.topohvar.at\/topo\/wp-json\/wp\/v2\/media?parent=31015"}],"curies":[{"name":"wp","href":"https:\/\/api.w.org\/{rel}","templated":true}]}}