{"id":31058,"date":"2020-02-13T07:19:09","date_gmt":"2020-02-13T06:19:09","guid":{"rendered":"https:\/\/www.topohvar.at\/topo\/?page_id=31058"},"modified":"2024-04-23T07:18:32","modified_gmt":"2024-04-23T05:18:32","slug":"do-mo-04-1","status":"publish","type":"page","link":"https:\/\/www.topohvar.at\/topo\/orte\/do\/do-mo-04-1\/","title":{"rendered":"DOL &#8211; Skulptura \u00bbGlava na zabat\u00ab"},"content":{"rendered":"<p><img loading=\"lazy\" decoding=\"async\" class=\"aligncenter wp-image-31059 size-full\" src=\"https:\/\/www.topohvar.at\/wp-content\/uploads\/2020\/02\/do-mo-04-1.jpg\" alt=\"\" width=\"1080\" height=\"530\" \/><\/p>\n<p><strong>Ime \/ Name<br \/>\n<\/strong>Skulptura \u00bbGlava na zabat\u00ab \/ Skulptur &#8222;Kopf am Giebel&#8220;<\/p>\n<p><strong>Code: <\/strong>DO-MO-04\u00a0 \u00a0 \u00a0 \u00a0 \u00a0 \u00a0 \u00a0 \u00a0 \u00a0 \u00a0 \u00a0 \u00a0 \u00a0 \u00a0 \u00a0 \u00a0 \u00a0 \u00a0\u00a0<strong><a href=\"https:\/\/www.topohvar.at\/orte\/do\/do-mo-03-2\/\"><img loading=\"lazy\" decoding=\"async\" class=\"alignnone wp-image-533 size-full\" src=\"https:\/\/www.topohvar.at\/wp-content\/uploads\/2018\/07\/push-l-30.jpg\" alt=\"\" width=\"61\" height=\"30\" \/><\/a> <a href=\"https:\/\/www.topohvar.at\/orte\/do\/\"><img loading=\"lazy\" decoding=\"async\" class=\"alignnone wp-image-535 size-full\" src=\"https:\/\/www.topohvar.at\/wp-content\/uploads\/2018\/07\/push-o-30.jpg\" alt=\"\" width=\"61\" height=\"30\" \/><\/a> <a href=\"https:\/\/www.topohvar.at\/orte\/do\/do-mo-05-1\/\"><img loading=\"lazy\" decoding=\"async\" class=\"alignnone wp-image-536 size-full\" src=\"https:\/\/www.topohvar.at\/wp-content\/uploads\/2018\/07\/push-r-30.jpg\" alt=\"\" width=\"61\" height=\"30\" \/><\/a><\/strong><\/p>\n<hr \/>\n<p><strong>Adresa \/ Adresse<br \/>\n<\/strong>Dol &#8211; ku\u0107a Luka Mo\u0161katela<\/p>\n<p><strong>Lokalna polo\u017eaj \/ Position<img loading=\"lazy\" decoding=\"async\" class=\"alignright wp-image-387 size-full\" src=\"https:\/\/www.topohvar.at\/wp-content\/uploads\/2018\/07\/00-00-00-1.jpg\" alt=\"\" width=\"114\" height=\"56\" \/><br \/>\n<\/strong>Latitude: N 43\u00b0\u00a0 \u00a0Longitude: E 16\u00b0 <strong><br \/>\n<\/strong>Visina \/ H\u00f6he: &#8211; m<\/p>\n<p><strong>Zemlji\u0161te \/ Grundst\u00fccke<br \/>\n<\/strong>&#8211;<div class='content-column one_half'><div style=\"padding-right:6px;\"><p><strong>Datum snimanja \/ Erfassungsdatum<br \/>\n<\/strong>25.05.2018 10:20:00<\/p>\n<hr \/>\n<p><strong>Informacije<\/strong><\/p>\n<p>Glava \u017eene s dugom kosom nalazi se na prednjoj strani ku\u0107e, na vrhu pro\u010delja s zabatom. Glava se nalazi na postamentu s prekri\u017eenim graviranjem. U lijevom kutu ugravirana je 1899. godina.<\/p><\/div><\/div><div class='content-column one_half last_column'><div style=\"padding-right:0px;padding-left:6px;\"><p><strong>Za\u0161titni polo\u017eaj \/ Schutzstellung<br \/>\n<\/strong>&#8211;<\/p>\n<hr \/>\n<p><strong>Info<\/strong><\/p>\n<p>Der Kopf einer Frau mit langen Haaren befindet sich an der Vorderseite des Hauses, an der Spitze der Giebelfassade. Der Kopf befindet sich auf einem Sockel mit durchkreuzter Gravur. In der linken Ecke ist das Jahr 1899 eingraviert.<\/p><\/div><\/div><div class='clear_column'><\/div><\/p>\n<p style=\"text-align: center;\"><em>(Izvor \/ Quelle: Tartajun br. 10)<\/em><\/p>\n<hr \/>\n<p><strong>Linkovi \/ Links<\/strong><\/p>\n<p><span style=\"color: #3366ff;\"><a style=\"color: #3366ff;\" href=\"http:\/\/www.tartajun.hr\/tartajun-10-broj\/\">Vi\u0161e o tome u Tartajunu br.10 \/ Mehr dazu in Tartajun Nr. 10<\/a><\/span><\/p>\n","protected":false},"excerpt":{"rendered":"<p>Ime \/ Name Skulptura \u00bbGlava na zabat\u00ab \/ Skulptur &#8222;Kopf am Giebel&#8220; Code: DO-MO-04\u00a0 \u00a0 \u00a0 \u00a0 \u00a0 \u00a0 \u00a0 \u00a0 \u00a0 \u00a0 \u00a0 \u00a0 \u00a0 \u00a0 \u00a0 \u00a0 \u00a0 \u00a0\u00a0 Adresa \/ Adresse Dol &#8211; ku\u0107a Luka Mo\u0161katela Lokalna &hellip; <a href=\"https:\/\/www.topohvar.at\/topo\/orte\/do\/do-mo-04-1\/\">Weiterlesen <span class=\"meta-nav\">&rarr;<\/span><\/a><\/p>\n","protected":false},"author":1,"featured_media":0,"parent":68,"menu_order":0,"comment_status":"closed","ping_status":"closed","template":"","meta":{"footnotes":""},"class_list":["post-31058","page","type-page","status-publish","hentry"],"_links":{"self":[{"href":"https:\/\/www.topohvar.at\/topo\/wp-json\/wp\/v2\/pages\/31058","targetHints":{"allow":["GET"]}}],"collection":[{"href":"https:\/\/www.topohvar.at\/topo\/wp-json\/wp\/v2\/pages"}],"about":[{"href":"https:\/\/www.topohvar.at\/topo\/wp-json\/wp\/v2\/types\/page"}],"author":[{"embeddable":true,"href":"https:\/\/www.topohvar.at\/topo\/wp-json\/wp\/v2\/users\/1"}],"replies":[{"embeddable":true,"href":"https:\/\/www.topohvar.at\/topo\/wp-json\/wp\/v2\/comments?post=31058"}],"version-history":[{"count":7,"href":"https:\/\/www.topohvar.at\/topo\/wp-json\/wp\/v2\/pages\/31058\/revisions"}],"predecessor-version":[{"id":66699,"href":"https:\/\/www.topohvar.at\/topo\/wp-json\/wp\/v2\/pages\/31058\/revisions\/66699"}],"up":[{"embeddable":true,"href":"https:\/\/www.topohvar.at\/topo\/wp-json\/wp\/v2\/pages\/68"}],"wp:attachment":[{"href":"https:\/\/www.topohvar.at\/topo\/wp-json\/wp\/v2\/media?parent=31058"}],"curies":[{"name":"wp","href":"https:\/\/api.w.org\/{rel}","templated":true}]}}