{"id":31074,"date":"2020-02-13T08:25:45","date_gmt":"2020-02-13T07:25:45","guid":{"rendered":"https:\/\/www.topohvar.at\/topo\/?page_id=31074"},"modified":"2024-04-23T07:22:13","modified_gmt":"2024-04-23T05:22:13","slug":"do-mo-05-1","status":"publish","type":"page","link":"https:\/\/www.topohvar.at\/topo\/orte\/do\/do-mo-05-1\/","title":{"rendered":"DOL &#8211; Skulptura \u00bbBista nad ulazom\u00ab"},"content":{"rendered":"<p><img loading=\"lazy\" decoding=\"async\" class=\"aligncenter wp-image-31075 size-full\" src=\"https:\/\/www.topohvar.at\/wp-content\/uploads\/2020\/02\/do-mo-05-1.jpg\" alt=\"\" width=\"1080\" height=\"530\" \/><\/p>\n<p><strong>Ime \/ Name<br \/>\n<\/strong>Skulptura \u00bbBista nad ulazom\u00ab \/ Skulptur &#8222;B\u00fcste \u00fcber dem Eingang&#8220;<\/p>\n<p><strong>Code: <\/strong>DO-MO-05\u00a0 \u00a0 \u00a0 \u00a0 \u00a0 \u00a0 \u00a0 \u00a0 \u00a0 \u00a0 \u00a0 \u00a0 \u00a0 \u00a0 \u00a0 \u00a0 \u00a0 \u00a0\u00a0<strong><a href=\"https:\/\/www.topohvar.at\/orte\/do\/do-mo-04-1\/\"><img loading=\"lazy\" decoding=\"async\" class=\"alignnone wp-image-533 size-full\" src=\"https:\/\/www.topohvar.at\/wp-content\/uploads\/2018\/07\/push-l-30.jpg\" alt=\"\" width=\"61\" height=\"30\" \/><\/a> <a href=\"https:\/\/www.topohvar.at\/orte\/do\/\"><img loading=\"lazy\" decoding=\"async\" class=\"alignnone wp-image-535 size-full\" src=\"https:\/\/www.topohvar.at\/wp-content\/uploads\/2018\/07\/push-o-30.jpg\" alt=\"\" width=\"61\" height=\"30\" \/><\/a> <a href=\"https:\/\/www.topohvar.at\/orte\/do\/do-mo-06-1\/\"><img loading=\"lazy\" decoding=\"async\" class=\"alignnone wp-image-536 size-full\" src=\"https:\/\/www.topohvar.at\/wp-content\/uploads\/2018\/07\/push-r-30.jpg\" alt=\"\" width=\"61\" height=\"30\" \/><\/a><\/strong><\/p>\n<hr \/>\n<p><strong>Adresa \/ Adresse<br \/>\n<\/strong>Dol &#8211; ku\u0107a\u00a0Ivana Posinkovi\u0107a<\/p>\n<p><strong>Lokalna polo\u017eaj \/ Position<img loading=\"lazy\" decoding=\"async\" class=\"alignright wp-image-387 size-full\" src=\"https:\/\/www.topohvar.at\/wp-content\/uploads\/2018\/07\/00-00-00-1.jpg\" alt=\"\" width=\"114\" height=\"56\" \/><br \/>\n<\/strong>Latitude: N 43\u00b0\u00a0 \u00a0Longitude: E 16\u00b0 <strong><br \/>\n<\/strong>Visina \/ H\u00f6he: &#8211; m<\/p>\n<p><strong>Zemlji\u0161te \/ Grundst\u00fccke<br \/>\n<\/strong>&#8211;<div class='content-column one_half'><div style=\"padding-right:6px;\"><p><strong>Datum snimanja \/ Erfassungsdatum<br \/>\n<\/strong>24.05.2018 10:20:00<\/p>\n<hr \/>\n<p><strong>Informacije<\/strong><\/p>\n<p>Bista starije \u017eene sa stiliziranom kosom i o\u010dima nalazi se iznad ulaznih vrata. Ispod skulpture postavljena je plo\u010da sa sljede\u0107im natpisom:<\/p><\/div><\/div><div class='content-column one_half last_column'><div style=\"padding-right:0px;padding-left:6px;\"><p><strong>Za\u0161titni polo\u017eaj \/ Schutzstellung<br \/>\n<\/strong>&#8211;<\/p>\n<hr \/>\n<p><strong>Info<\/strong><\/p>\n<p>Die B\u00fcste einer \u00e4lteren Frau mit stilisierten Haaren und Augen befindet sich \u00fcber dem\u00a0 Eingangstor. Unter der Skulptur befindet sich eine Tafel mit folgender Inschrift:<\/p><\/div><\/div><div class='clear_column'><\/div><div class='content-column one_half'><div style=\"padding-right:6px;\"><p style=\"text-align: center;\">Ku\u010dA IVANA<br \/>\nPosinKovi\u0107<br \/>\ni \u017eene vice<br \/>\nsu. 6. SINOVA<br \/>\ni. k\u010dere 1890<\/p><\/div><\/div><div class='content-column one_half last_column'><div style=\"padding-right:0px;padding-left:6px;\"><p style=\"text-align: center;\">Haus des Ivan<br \/>\nPosinkovi\u0107<br \/>\nund seiner Frau Vice<br \/>\n6 S\u00f6hne<br \/>\nund T\u00f6cher 1890<\/p><\/div><\/div><div class='clear_column'><\/div><\/p>\n<p style=\"text-align: center;\"><em>(Izvor \/ Quelle: Tartajun br. 10)<\/em><\/p>\n<hr \/>\n<p><strong>Linkovi \/ Links<\/strong><\/p>\n<p><span style=\"color: #3366ff;\"><a style=\"color: #3366ff;\" href=\"http:\/\/www.tartajun.hr\/tartajun-10-broj\/\">Vi\u0161e o tome u Tartajunu br.10 \/ Mehr dazu in Tartajun Nr. 10<\/a><\/span><\/p>\n","protected":false},"excerpt":{"rendered":"<p>Ime \/ Name Skulptura \u00bbBista nad ulazom\u00ab \/ Skulptur &#8222;B\u00fcste \u00fcber dem Eingang&#8220; Code: DO-MO-05\u00a0 \u00a0 \u00a0 \u00a0 \u00a0 \u00a0 \u00a0 \u00a0 \u00a0 \u00a0 \u00a0 \u00a0 \u00a0 \u00a0 \u00a0 \u00a0 \u00a0 \u00a0\u00a0 Adresa \/ Adresse Dol &#8211; ku\u0107a\u00a0Ivana Posinkovi\u0107a Lokalna &hellip; <a href=\"https:\/\/www.topohvar.at\/topo\/orte\/do\/do-mo-05-1\/\">Weiterlesen <span class=\"meta-nav\">&rarr;<\/span><\/a><\/p>\n","protected":false},"author":1,"featured_media":0,"parent":68,"menu_order":0,"comment_status":"closed","ping_status":"closed","template":"","meta":{"footnotes":""},"class_list":["post-31074","page","type-page","status-publish","hentry"],"_links":{"self":[{"href":"https:\/\/www.topohvar.at\/topo\/wp-json\/wp\/v2\/pages\/31074","targetHints":{"allow":["GET"]}}],"collection":[{"href":"https:\/\/www.topohvar.at\/topo\/wp-json\/wp\/v2\/pages"}],"about":[{"href":"https:\/\/www.topohvar.at\/topo\/wp-json\/wp\/v2\/types\/page"}],"author":[{"embeddable":true,"href":"https:\/\/www.topohvar.at\/topo\/wp-json\/wp\/v2\/users\/1"}],"replies":[{"embeddable":true,"href":"https:\/\/www.topohvar.at\/topo\/wp-json\/wp\/v2\/comments?post=31074"}],"version-history":[{"count":4,"href":"https:\/\/www.topohvar.at\/topo\/wp-json\/wp\/v2\/pages\/31074\/revisions"}],"predecessor-version":[{"id":66700,"href":"https:\/\/www.topohvar.at\/topo\/wp-json\/wp\/v2\/pages\/31074\/revisions\/66700"}],"up":[{"embeddable":true,"href":"https:\/\/www.topohvar.at\/topo\/wp-json\/wp\/v2\/pages\/68"}],"wp:attachment":[{"href":"https:\/\/www.topohvar.at\/topo\/wp-json\/wp\/v2\/media?parent=31074"}],"curies":[{"name":"wp","href":"https:\/\/api.w.org\/{rel}","templated":true}]}}