{"id":31127,"date":"2020-02-13T17:49:14","date_gmt":"2020-02-13T16:49:14","guid":{"rendered":"https:\/\/www.topohvar.at\/topo\/?page_id=31127"},"modified":"2020-03-29T18:45:01","modified_gmt":"2020-03-29T16:45:01","slug":"do-tg-05-1","status":"publish","type":"page","link":"https:\/\/www.topohvar.at\/topo\/orte\/do\/do-tg-05-1\/","title":{"rendered":"DOL &#8211; Zgrada \u00bbVrankovi\u0107\u00ab"},"content":{"rendered":"<p><img loading=\"lazy\" decoding=\"async\" class=\"aligncenter wp-image-31129 size-full\" src=\"https:\/\/www.topohvar.at\/wp-content\/uploads\/2020\/02\/do-tg-05-1.jpg\" alt=\"\" width=\"1080\" height=\"530\" \/><\/p>\n<p><strong>Ime \/ Name<br \/>\n<\/strong>Zgrada \/ Geb\u00e4ude \u00bbVrankovi\u0107\u00ab<\/p>\n<p><strong>Code: <\/strong>DO-TG-05\u00a0 \u00a0 \u00a0 \u00a0 \u00a0 \u00a0 \u00a0 \u00a0 \u00a0 \u00a0 \u00a0 \u00a0 \u00a0 \u00a0 \u00a0 \u00a0 \u00a0 \u00a0\u00a0<strong><a href=\"https:\/\/www.topohvar.at\/orte\/do\/do-tg-04-2\/\"><img loading=\"lazy\" decoding=\"async\" class=\"alignnone wp-image-533 size-full\" src=\"https:\/\/www.topohvar.at\/wp-content\/uploads\/2018\/07\/push-l-30.jpg\" alt=\"\" width=\"61\" height=\"30\" \/><\/a> <a href=\"https:\/\/www.topohvar.at\/orte\/do\/\"><img loading=\"lazy\" decoding=\"async\" class=\"alignnone wp-image-535 size-full\" src=\"https:\/\/www.topohvar.at\/wp-content\/uploads\/2018\/07\/push-o-30.jpg\" alt=\"\" width=\"61\" height=\"30\" \/><\/a> <a href=\"https:\/\/www.topohvar.at\/orte\/do\/do-tg-01-2\/\"><img loading=\"lazy\" decoding=\"async\" class=\"alignnone wp-image-536 size-full\" src=\"https:\/\/www.topohvar.at\/wp-content\/uploads\/2018\/07\/push-r-30.jpg\" alt=\"\" width=\"61\" height=\"30\" \/><\/a><\/strong><\/p>\n<hr \/>\n<p><strong>Adresa \/ Adresse<br \/>\n<\/strong>Dol, Borovik<\/p>\n<p><strong>Lokalna polo\u017eaj \/ Position<a href=\"https:\/\/goo.gl\/maps\/QoZm4F4wxvuYqSrg8\"><img loading=\"lazy\" decoding=\"async\" class=\"alignright wp-image-2041\" src=\"https:\/\/www.topohvar.at\/wp-content\/uploads\/2018\/08\/1765.jpg\" alt=\"\" width=\"134\" height=\"100\" \/><\/a><br \/>\n<\/strong><span style=\"color: #3366ff;\"><a style=\"color: #3366ff;\" href=\"https:\/\/goo.gl\/maps\/QoZm4F4wxvuYqSrg8\">Latitude: N 43,15762\u00b0\u00a0 \u00a0Longitude: E 16,60107\u00b0<\/a> <\/span><strong><br \/>\n<\/strong>Visina \/ H\u00f6he: 342 m<\/p>\n<p><strong>Zemlji\u0161te \/ Grundst\u00fccke<br \/>\n<\/strong>*1\/9, 1\/1<div class='content-column one_half'><div style=\"padding-right:6px;\"><p><strong>Datum snimanja \/ Erfassungsdatum<br \/>\n<\/strong>21.05.2018 10:17:00<\/p>\n<hr \/>\n<p><strong>Informacije<\/strong><\/p>\n<p>Ku\u0107a Vrankovi\u0107a je prekrasan primjer pu\u010dkog graditeljstva.<\/p><\/div><\/div><div class='content-column one_half last_column'><div style=\"padding-right:0px;padding-left:6px;\"><p><strong>Za\u0161titni polo\u017eaj \/ Schutzstellung<br \/>\n<\/strong>&#8211;<\/p>\n<hr \/>\n<p><strong>Info<\/strong><\/p>\n<p>Das Haus Vrankovi\u0107 ist ein wunderbares Beispiel f\u00fcr Volksarchitektur.<\/p><\/div><\/div><div class='clear_column'><\/div><div class='content-column one_half'><div style=\"padding-right:6px;\"><p>To zdanje na tri volta s terasom, velikom gustirnom, dva ista i mno\u0161tvom kamenih glava ugra\u0111enih u zidove ku\u0107a, gra\u0111eno je 1884. godine, a gradio ga je Ivan Vrankovi\u0107 Stjepana.<\/p><\/div><\/div><div class='content-column one_half last_column'><div style=\"padding-right:0px;padding-left:6px;\"><p>Dieses Geb\u00e4ude mit drei B\u00f6gen und Terrasse, einer gro\u00dfen Zisterne, zwei gleichen und vielen Steink\u00f6pfen, die in den W\u00e4nden der H\u00e4user eingemauert sind, wurde 1884 von Ivan Vrankovi\u0107 Stjepana errichtet.<\/p><\/div><\/div><div class='clear_column'><\/div><div class='content-column one_half'><div style=\"padding-right:6px;\"><p>Barba Ivan bio je samouki kipar i graditelj. On je i u Svir\u010dima sagradio sklop ku\u0107as 15 voltih, kapelicom sv. Kri\u017ea i mno\u0161tvom kipova, tako\u0111er ugra\u0111enih u zidove ku\u0107a.<\/p><\/div><\/div><div class='content-column one_half last_column'><div style=\"padding-right:0px;padding-left:6px;\"><p>Barba Ivan war ein autodidaktischer Bildhauer und Baumeister. Er baute auch in Svir\u010de ein Haus mit 15 B\u00f6gen, die Kapelle vom hl. Kreuz und viele Statuen, die ebenfalls in die W\u00e4nde von H\u00e4usern eingebaut wurden.<\/p><\/div><\/div><div class='clear_column'><\/div><div class='content-column one_half'><div style=\"padding-right:6px;\"><p>Dvostruki trim DO-TR-16 nalazi se u neposrednoj blizini ku\u0107e.<\/p><\/div><\/div><div class='content-column one_half last_column'><div style=\"padding-right:0px;padding-left:6px;\"><p>Nahe am Haus steht der Doppeltrim DO-TR-16.<\/p><\/div><\/div><div class='clear_column'><\/div><\/p>\n<p style=\"text-align: center;\"><em>(Tartajun br. 9)<\/em><\/p>\n<hr \/>\n<p><strong>Linkovi \/ Links<\/strong><\/p>\n<p><span style=\"color: #3366ff;\"><a style=\"color: #3366ff;\" href=\"https:\/\/www.topohvar.at\/topo\/orte\/do\/do-ir-02-2\/\">Reljef \u00bbDvije glave\u00ab \/ Relief \u00bbzwei K\u00f6pfe\u00ab<\/a><br \/>\n<a href=\"https:\/\/www.topohvar.at\/topo\/orte\/do\/do-tr-16-2\">Dvostruki trim \/ Doppeltrim DO-TR-16<\/a>\u00a0<\/span><\/p>\n<p><span style=\"color: #3366ff;\">\u00a0<\/span><\/p>\n","protected":false},"excerpt":{"rendered":"<p>Ime \/ Name Zgrada \/ Geb\u00e4ude \u00bbVrankovi\u0107\u00ab Code: DO-TG-05\u00a0 \u00a0 \u00a0 \u00a0 \u00a0 \u00a0 \u00a0 \u00a0 \u00a0 \u00a0 \u00a0 \u00a0 \u00a0 \u00a0 \u00a0 \u00a0 \u00a0 \u00a0\u00a0 Adresa \/ Adresse Dol, Borovik Lokalna polo\u017eaj \/ Position Latitude: N 43,15762\u00b0\u00a0 \u00a0Longitude: E &hellip; <a href=\"https:\/\/www.topohvar.at\/topo\/orte\/do\/do-tg-05-1\/\">Weiterlesen <span class=\"meta-nav\">&rarr;<\/span><\/a><\/p>\n","protected":false},"author":1,"featured_media":0,"parent":68,"menu_order":0,"comment_status":"closed","ping_status":"closed","template":"","meta":{"footnotes":""},"class_list":["post-31127","page","type-page","status-publish","hentry"],"_links":{"self":[{"href":"https:\/\/www.topohvar.at\/topo\/wp-json\/wp\/v2\/pages\/31127","targetHints":{"allow":["GET"]}}],"collection":[{"href":"https:\/\/www.topohvar.at\/topo\/wp-json\/wp\/v2\/pages"}],"about":[{"href":"https:\/\/www.topohvar.at\/topo\/wp-json\/wp\/v2\/types\/page"}],"author":[{"embeddable":true,"href":"https:\/\/www.topohvar.at\/topo\/wp-json\/wp\/v2\/users\/1"}],"replies":[{"embeddable":true,"href":"https:\/\/www.topohvar.at\/topo\/wp-json\/wp\/v2\/comments?post=31127"}],"version-history":[{"count":7,"href":"https:\/\/www.topohvar.at\/topo\/wp-json\/wp\/v2\/pages\/31127\/revisions"}],"predecessor-version":[{"id":34459,"href":"https:\/\/www.topohvar.at\/topo\/wp-json\/wp\/v2\/pages\/31127\/revisions\/34459"}],"up":[{"embeddable":true,"href":"https:\/\/www.topohvar.at\/topo\/wp-json\/wp\/v2\/pages\/68"}],"wp:attachment":[{"href":"https:\/\/www.topohvar.at\/topo\/wp-json\/wp\/v2\/media?parent=31127"}],"curies":[{"name":"wp","href":"https:\/\/api.w.org\/{rel}","templated":true}]}}