{"id":3142,"date":"2018-08-05T19:18:02","date_gmt":"2018-08-05T17:18:02","guid":{"rendered":"https:\/\/www.topohvar.at\/?page_id=3142"},"modified":"2021-04-18T08:31:30","modified_gmt":"2021-04-18T06:31:30","slug":"sg-is-02-2","status":"publish","type":"page","link":"https:\/\/www.topohvar.at\/topo\/orte\/sg\/sg-is-02-2\/","title":{"rendered":"STARI GRAD &#8211; Spomen plo\u010da \u00bbNikola Dominik Budrovi\u0107\u00ab"},"content":{"rendered":"<p><a name=\"seite_oben\"><\/a><br \/>\n<img loading=\"lazy\" decoding=\"async\" class=\"alignnone wp-image-3088 size-large\" src=\"https:\/\/www.topohvar.at\/wp-content\/uploads\/2018\/08\/SG-IS-02-1-1024x503.jpg\" alt=\"\" width=\"640\" height=\"314\" srcset=\"https:\/\/www.topohvar.at\/wp-content\/uploads\/2018\/08\/SG-IS-02-1-1024x503.jpg 1024w, https:\/\/www.topohvar.at\/wp-content\/uploads\/2018\/08\/SG-IS-02-1-300x147.jpg 300w, https:\/\/www.topohvar.at\/wp-content\/uploads\/2018\/08\/SG-IS-02-1-768x377.jpg 768w\" sizes=\"auto, (max-width: 640px) 100vw, 640px\" \/><\/p>\n<p><strong>Ime \/ Name<br \/>\n<\/strong>Spomen plo\u010da \u00bbNikola Dominik Budrovi\u0107\u00ab\/ Gedenktafel an\u00a0Nikolaus Dominik Budrovi\u0107<\/p>\n<p><strong>Code: <\/strong>SG-IS-02\u00a0 \u00a0 \u00a0 \u00a0 \u00a0 \u00a0 \u00a0 \u00a0 \u00a0 \u00a0 \u00a0 \u00a0 \u00a0 \u00a0 \u00a0 \u00a0 \u00a0 \u00a0\u00a0<strong><a href=\"https:\/\/www.topohvar.at\/orte\/sg\/sg-ip-01-2\/\"><img loading=\"lazy\" decoding=\"async\" class=\"alignnone wp-image-12300 size-full\" src=\"https:\/\/www.topohvar.at\/wp-content\/uploads\/2018\/09\/push-vor-30.jpg\" alt=\"\" width=\"61\" height=\"30\" \/><\/a>\u00a0<a href=\"https:\/\/www.topohvar.at\/orte\/sg\/sg-is-03-2\/\"><img loading=\"lazy\" decoding=\"async\" class=\"alignnone wp-image-533 size-full\" src=\"https:\/\/www.topohvar.at\/wp-content\/uploads\/2018\/07\/push-l-30.jpg\" alt=\"\" width=\"61\" height=\"30\" \/><\/a> <a href=\"https:\/\/www.topohvar.at\/orte\/sg\/\"><img loading=\"lazy\" decoding=\"async\" class=\"alignnone wp-image-535 size-full\" src=\"https:\/\/www.topohvar.at\/wp-content\/uploads\/2018\/07\/push-o-30.jpg\" alt=\"\" width=\"61\" height=\"30\" \/><\/a> <a href=\"https:\/\/www.topohvar.at\/orte\/sg\/sg-is-10-2\/\"><img loading=\"lazy\" decoding=\"async\" class=\"alignnone wp-image-536 size-full\" src=\"https:\/\/www.topohvar.at\/wp-content\/uploads\/2018\/07\/push-r-30.jpg\" alt=\"\" width=\"61\" height=\"30\" \/><\/a><\/strong><\/p>\n<hr \/>\n<p><strong>Adresa \/ Adresse<br \/>\n<\/strong>Stari Grad, Srinjo Kola 27<\/p>\n<p><strong>Lokacija \/ Position<a href=\"https:\/\/goo.gl\/maps\/hTQdb6BamfSk1b8a8\"><img loading=\"lazy\" decoding=\"async\" class=\"alignright wp-image-3348\" src=\"https:\/\/www.topohvar.at\/wp-content\/uploads\/2018\/08\/0574.jpg\" alt=\"\" width=\"134\" height=\"100\" \/><\/a><br \/>\n<\/strong><span style=\"color: #3366ff;\"><a style=\"color: #3366ff;\" href=\"https:\/\/goo.gl\/maps\/hTQdb6BamfSk1b8a8\">Latitude: N 43,18369\u00b0\u00a0 \u00a0Longitude: E 16,59760\u00b0 <\/a><\/span><strong><br \/>\n<\/strong>Visina \/ H\u00f6he: 2 m<\/p>\n<p><strong>Katastarska \u010destica \/ Grundst\u00fccke<br \/>\n<\/strong>*249\/2<div class='content-column one_half'><div style=\"padding-right:6px;\"><p><strong>Datum snimanja \/ Erfassungsdatum<br \/>\n<\/strong>22.05.2013 15:39:19<\/p>\n<hr \/>\n<p><strong>Informacije<\/strong><\/p>\n<p>U sklopu sve\u010danosti u povodu Dana grada Farosa, je u subotu, 8. 9. 2007 u Srednjoj ulici (Srinjo kola) u Starome Gradu, na rodnoj ku\u0107i Nikole Dominika Budrovi\u0107a otkrivena spomen-plo\u010da. Plo\u010da je sadr\u017ei sljede\u0107i natpis:<\/p><\/div><\/div><div class='content-column one_half last_column'><div style=\"padding-right:0px;padding-left:6px;\"><p><strong>Stupanj za\u0161tite \/ Schutzstellung<br \/>\n<\/strong>&#8211;<\/p>\n<hr \/>\n<p><strong>Info<\/strong><\/p>\n<p>Im Rahmen der Feier anl\u00e4sslich des Tages der Stadt Faros wurde am Samstag, dem 8. September 2007, in der &#8222;Mittleren Stra\u00dfe&#8220; (Srinjo kola) am Geburtshaus von Nikola Dominik Budrovi\u0107 eine Gedenktafel enth\u00fcllt.\u00a0Die Gedenktafel enth\u00e4lt folgende Inschrift:<\/p><\/div><\/div><div class='clear_column'><\/div><div class='content-column one_half'><div style=\"padding-right:6px;\"><p style=\"text-align: center;\">PREPORODU U DALMACIJI PRETE\u0106A<br \/>\nGRADU SVOM I NARODU NA PONOS<br \/>\nOVDJE BI RO\u0110EN<br \/>\nPRVI HRVATSKI NOVINAR<br \/>\n<strong>NIKOLA DOMINIK BUDROVI\u0106, OP<\/strong><br \/>\n(1765. \u2013 1847.)<br \/>\nUREDNIK \u00bbKRAGLSKOG DALMATINA\u00ab<br \/>\n*<br \/>\nO 200. OBLJETNICI<br \/>\nPRVIH NOVINA NA HRVATSKOM JEZIKU<br \/>\n1806. \u2013 2006.<br \/>\nHVRATSKO NOVINARSKO DRU\u015aTVO<\/p><\/div><\/div><div class='content-column one_half last_column'><div style=\"padding-right:0px;padding-left:6px;\"><p style=\"text-align: center;\">Dem Erwecker Dalmatiens, Wegbereiter der<br \/>\nStadt und deren Leute zu Ehren.<br \/>\nHier wurde geboren<br \/>\nder erste kroatische Journalist<br \/>\n<strong>Nikola Dominik Budrovi\u0107, OP<\/strong><br \/>\n(1765.-1847.)<br \/>\nHerausgeber des &#8222;K\u00f6nigliches Dalmatien&#8220;.<br \/>\n*<br \/>\nZum 200. Jahrestag<br \/>\nder ersten Zeitung in kroatischer Sprache<br \/>\n1806 &#8211; 2006<br \/>\nKroatische Journalisten-Vereinigung<\/p><\/div><\/div><div class='clear_column'><\/div><\/p>\n<p style=\"text-align: right;\"><a href=\"#seite_oben\">natrag na vrh \/ Seitenanfang<\/a><\/p>\n<hr \/>\n<div class='content-column one_half'><div style=\"padding-right:6px;\"><p><strong>Nikola Dominik Budrovi\u0107<\/strong><\/p>\n<p>Stari Grad, 10.4.1773. &#8211; Stari Grad, 26.9.1847. Hrvatski dominikanac. Prvi je hrvatski novinar i prevoditelj. Prevodio je tekstove za prve novine na hrvatskom jeziku, <em>Kraljski Dalmatin<\/em>, kojima je bio i urednik. Po stru\u010dnoj je spremi bio diplomirani teolog, filozof i pravnik<\/p><\/div><\/div><div class='content-column one_half last_column'><div style=\"padding-right:0px;padding-left:6px;\"><p><strong>Nikola Dominik Budrovi\u0107<\/strong><\/p>\n<p>Kroatischer Dominikaner, geboren in Stari Grad am 10.4.1773, gestorben in Stari Grad am 26.9.1847. Er war erster kroatischer Berichterstatter und \u00dcbersetzer. Er \u00fcbersetzte Texte f\u00fcr die erste Zeitung, <em>K\u00f6nigliches Dalmatien<\/em>, deren Herausgeber er auch war, in die kroatische Sprache, Er war gebildeter Theologe, Philosoph und Jurist.<\/p><\/div><\/div><div class='clear_column'><\/div><\/p>\n<p style=\"text-align: right;\"><a href=\"#seite_oben\">natrag na vrh \/ Seitenanfang<\/a><\/p>\n<hr \/>\n<p><strong>Linkovi \/ Links<\/strong><\/p>\n<p><span style=\"color: #3366ff;\"><a style=\"color: #3366ff;\" href=\"https:\/\/www.topohvar.at\/topo\/orte\/sg\/sg-pu-05-2\/\">Objekt \u00bbSrinjo kola\u00ab<\/a><\/span><\/p>\n","protected":false},"excerpt":{"rendered":"<p>Ime \/ Name Spomen plo\u010da \u00bbNikola Dominik Budrovi\u0107\u00ab\/ Gedenktafel an\u00a0Nikolaus Dominik Budrovi\u0107 Code: SG-IS-02\u00a0 \u00a0 \u00a0 \u00a0 \u00a0 \u00a0 \u00a0 \u00a0 \u00a0 \u00a0 \u00a0 \u00a0 \u00a0 \u00a0 \u00a0 \u00a0 \u00a0 \u00a0\u00a0\u00a0 Adresa \/ Adresse Stari Grad, Srinjo Kola 27 Lokacija &hellip; <a href=\"https:\/\/www.topohvar.at\/topo\/orte\/sg\/sg-is-02-2\/\">Weiterlesen <span class=\"meta-nav\">&rarr;<\/span><\/a><\/p>\n","protected":false},"author":1,"featured_media":0,"parent":99,"menu_order":0,"comment_status":"closed","ping_status":"closed","template":"","meta":{"footnotes":""},"class_list":["post-3142","page","type-page","status-publish","hentry"],"_links":{"self":[{"href":"https:\/\/www.topohvar.at\/topo\/wp-json\/wp\/v2\/pages\/3142","targetHints":{"allow":["GET"]}}],"collection":[{"href":"https:\/\/www.topohvar.at\/topo\/wp-json\/wp\/v2\/pages"}],"about":[{"href":"https:\/\/www.topohvar.at\/topo\/wp-json\/wp\/v2\/types\/page"}],"author":[{"embeddable":true,"href":"https:\/\/www.topohvar.at\/topo\/wp-json\/wp\/v2\/users\/1"}],"replies":[{"embeddable":true,"href":"https:\/\/www.topohvar.at\/topo\/wp-json\/wp\/v2\/comments?post=3142"}],"version-history":[{"count":18,"href":"https:\/\/www.topohvar.at\/topo\/wp-json\/wp\/v2\/pages\/3142\/revisions"}],"predecessor-version":[{"id":48073,"href":"https:\/\/www.topohvar.at\/topo\/wp-json\/wp\/v2\/pages\/3142\/revisions\/48073"}],"up":[{"embeddable":true,"href":"https:\/\/www.topohvar.at\/topo\/wp-json\/wp\/v2\/pages\/99"}],"wp:attachment":[{"href":"https:\/\/www.topohvar.at\/topo\/wp-json\/wp\/v2\/media?parent=3142"}],"curies":[{"name":"wp","href":"https:\/\/api.w.org\/{rel}","templated":true}]}}