{"id":3146,"date":"2018-08-05T19:19:39","date_gmt":"2018-08-05T17:19:39","guid":{"rendered":"https:\/\/www.topohvar.at\/?page_id=3146"},"modified":"2021-04-18T08:26:07","modified_gmt":"2021-04-18T06:26:07","slug":"sg-is-04-2","status":"publish","type":"page","link":"https:\/\/www.topohvar.at\/topo\/orte\/sg\/sg-is-04-2\/","title":{"rendered":"STARI GRAD &#8211; Spomen plo\u010da \u00bbRodna ku\u0107a Don \u0160ime Ljubi\u0107a\u00ab"},"content":{"rendered":"<p><a name=\"seite_oben\"><\/a><br \/>\n<img loading=\"lazy\" decoding=\"async\" class=\"alignnone wp-image-3090 size-large\" src=\"https:\/\/www.topohvar.at\/wp-content\/uploads\/2018\/08\/SG-IS-04-1-1024x503.jpg\" alt=\"\" width=\"640\" height=\"314\" srcset=\"https:\/\/www.topohvar.at\/wp-content\/uploads\/2018\/08\/SG-IS-04-1-1024x503.jpg 1024w, https:\/\/www.topohvar.at\/wp-content\/uploads\/2018\/08\/SG-IS-04-1-300x147.jpg 300w, https:\/\/www.topohvar.at\/wp-content\/uploads\/2018\/08\/SG-IS-04-1-768x377.jpg 768w\" sizes=\"auto, (max-width: 640px) 100vw, 640px\" \/><\/p>\n<p><strong>Ime \/ Name<br \/>\n<\/strong>Spomen plo\u010da \u00bbRodna ku\u0107a Don \u0160ime Ljubi\u0107a\u00ab \/ Gedenktafel am Geburtshaus des Don \u0160ime Ljubi\u0107<\/p>\n<p><strong>Code: <\/strong>SG-IS-04\u00a0 \u00a0 \u00a0 \u00a0 \u00a0 \u00a0 \u00a0 \u00a0 \u00a0 \u00a0 \u00a0 \u00a0 \u00a0 \u00a0 \u00a0 \u00a0 \u00a0 \u00a0\u00a0<strong><a href=\"https:\/\/www.topohvar.at\/orte\/sg\/sg-ip-01-2\/\"><img loading=\"lazy\" decoding=\"async\" class=\"alignnone wp-image-12300 size-full\" src=\"https:\/\/www.topohvar.at\/wp-content\/uploads\/2018\/09\/push-vor-30.jpg\" alt=\"\" width=\"61\" height=\"30\" \/><\/a>\u00a0<a href=\"https:\/\/www.topohvar.at\/orte\/sg\/sg-is-05-2\/\"><img loading=\"lazy\" decoding=\"async\" class=\"alignnone wp-image-533 size-full\" src=\"https:\/\/www.topohvar.at\/wp-content\/uploads\/2018\/07\/push-l-30.jpg\" alt=\"\" width=\"61\" height=\"30\" \/><\/a> <a href=\"https:\/\/www.topohvar.at\/orte\/sg\/\"><img loading=\"lazy\" decoding=\"async\" class=\"alignnone wp-image-535 size-full\" src=\"https:\/\/www.topohvar.at\/wp-content\/uploads\/2018\/07\/push-o-30.jpg\" alt=\"\" width=\"61\" height=\"30\" \/><\/a> <a href=\"https:\/\/www.topohvar.at\/orte\/sg\/sg-is-39-2\/\"><img loading=\"lazy\" decoding=\"async\" class=\"alignnone wp-image-536 size-full\" src=\"https:\/\/www.topohvar.at\/wp-content\/uploads\/2018\/07\/push-r-30.jpg\" alt=\"\" width=\"61\" height=\"30\" \/><\/a><\/strong><\/p>\n<hr \/>\n<p><strong>Adresa \/ Adresse<br \/>\n<\/strong>Stari Grad, Srinjo Kola 3<\/p>\n<p><strong>Lokacija \/ Position<a href=\"https:\/\/goo.gl\/maps\/t9zSNQZebY54dBxU6\"><img loading=\"lazy\" decoding=\"async\" class=\"alignright wp-image-3339\" src=\"https:\/\/www.topohvar.at\/wp-content\/uploads\/2018\/08\/0638.jpg\" alt=\"\" width=\"134\" height=\"100\" \/><\/a><br \/>\n<\/strong><span style=\"color: #3366ff;\"><a style=\"color: #3366ff;\" href=\"https:\/\/goo.gl\/maps\/t9zSNQZebY54dBxU6\">Latitude: N 43,18381\u00b0\u00a0 \u00a0Longitude: E 16,59669\u00b0<\/a> <\/span><strong><br \/>\n<\/strong>Visina \/ H\u00f6he: 2 m<\/p>\n<p><strong>Katastarska \u010destica \/ Grundst\u00fccke<br \/>\n<\/strong>*275\/2<div class='content-column one_half'><div style=\"padding-right:6px;\"><p><strong>Datum snimanja \/ Erfassungsdatum<br \/>\n<\/strong>22.05.2013 15:43:39<\/p>\n<hr \/>\n<p><strong>Informacije<\/strong><\/p>\n<p>Natpis:<\/p>\n<p style=\"text-align: center;\">U OVOJ KU\u0106I<br \/>\nRODIO SE UGLEDNI STAROGRADJANIN<br \/>\nAKADEMIK <strong>\u0160IME LJUBI\u0106<\/strong><br \/>\n1822 \u2013 1896<br \/>\nISTAKNUTI POVJESNI\u010cAR I ARHEOLOG<\/p>\n<p style=\"text-align: center;\">HRVATSKO ARHEOLO\u0160KO DRU\u0160TVO<br \/>\nU POVODU 100. OBLJETNICE OSNUTKA SVOJEMU<br \/>\nUTEMELJITELJU OVO SPOMEN PLO\u010cU POSTAVI<br \/>\n19. STUDEOGA 1978.<\/p><\/div><\/div><div class='content-column one_half last_column'><div style=\"padding-right:0px;padding-left:6px;\"><p><strong>Stupanj za\u0161tite \/ Schutzstellung<br \/>\n<\/strong>&#8211;<\/p>\n<hr \/>\n<p><strong>Info<\/strong><\/p>\n<p>Inschrift:<\/p>\n<p style=\"text-align: center;\">In diesem Haus<br \/>\nwurde geboren der angesehene Stari Grader<br \/>\nAkademiker <strong>\u0160ime Ljubi\u0107<\/strong><br \/>\n1822 \u2013 1896<br \/>\nprominenter Historiker und Arch\u00e4ologe.<\/p>\n<p style=\"text-align: center;\">Kroatische Arch\u00e4ologische Gesellschaft.<br \/>\nDie Gedenktafel wurde errichtet anl\u00e4sslich<br \/>\ndes 100. Jahrestages ihrer Gr\u00fcndung<br \/>\nam 19. November 1978.<\/p><\/div><\/div><div class='clear_column'><\/div><\/p>\n<p style=\"text-align: right;\"><a href=\"#seite_oben\">natrag na vrh \/ Seitenanfang<\/a><\/p>\n<hr \/>\n<div class='content-column one_half'><div style=\"padding-right:6px;\"><p><strong>\u0160ime Ljubi\u0107 <\/strong><\/p>\n<p>24.5.1822. &#8211; 19.10.1896., \u017eupnik, hrvatski arheolog, histori\u010dar i biograf<\/p><\/div><\/div>\n<div class='content-column one_half last_column'><div style=\"padding-right:0px;padding-left:6px;\"><p><strong>\u0160ime Ljubi\u0107 <\/strong><\/p>\n<p>Geboren am 24.5.1822, gestorben am 19.10.1896, Pfarrer, kroatischer Arch\u00e4ologe, Historiker und Biograf<\/p><\/div><\/div><div class='clear_column'><\/div>\n<p style=\"text-align: right;\"><a href=\"#seite_oben\">natrag na vrh \/ Seitenanfang<\/a><\/p>\n<hr \/>\n<p><strong>Linkovi \/ Links<\/strong><\/p>\n<p><span style=\"color: #3366ff;\"><a style=\"color: #3366ff;\" href=\"https:\/\/www.topohvar.at\/topo\/orte\/sg\/sg-tg-18-1\/\">Rodna ku\u0107a \u0160ime Ljubi\u0107a \/ Geburtshaus des\u00a0\u0160ime Ljubi\u0107<\/a><br \/>\n<a style=\"color: #3366ff;\" href=\"https:\/\/www.topohvar.at\/topo\/orte\/sg\/sg-is-36-2\/\"><strong>Vi\u0161e o Don \u0160ime Ljubi\u0107a<\/strong> &#8211; spomen plo\u0107a \/ <strong>Mehr \u00fcber Don \u0160ime Ljubi\u0107<\/strong> &#8211; Gedenktafel<\/a><br \/>\n<a style=\"color: #3366ff;\" href=\"https:\/\/www.topohvar.at\/topo\/orte\/sg\/sg-tg-04-1\/\">Stambena zgrada Don \u0160ime Ljubi\u0107a \/ Wohnhaus des des Don \u0160ime Ljubi\u0107<\/a><br \/>\n<a style=\"color: #3366ff;\" href=\"https:\/\/www.topohvar.at\/topo\/orte\/sg\/sg-ck-02-2\/\">Mauzolej Don \u0160ime Ljubi\u0107a \/ Mausoleum des Don \u0160ime Ljubi\u0107<\/a><br \/>\n<a style=\"color: #3366ff;\" href=\"https:\/\/www.topohvar.at\/topo\/orte\/sg\/sg-mo-07-2\/\">Bista \u00bbDon \u0160ime Ljubi\u0107a\u00ab \/ B\u00fcste des\u00a0Don \u0160ime Ljubi\u0107<\/a><br \/>\n<a style=\"color: #3366ff;\" href=\"https:\/\/www.topohvar.at\/topo\/orte\/sg\/sg-pu-05-2\/\">Objekt \u00bbSrinjo kola\u00ab<\/a><br \/>\n<\/span><\/p>\n","protected":false},"excerpt":{"rendered":"<p>Ime \/ Name Spomen plo\u010da \u00bbRodna ku\u0107a Don \u0160ime Ljubi\u0107a\u00ab \/ Gedenktafel am Geburtshaus des Don \u0160ime Ljubi\u0107 Code: SG-IS-04\u00a0 \u00a0 \u00a0 \u00a0 \u00a0 \u00a0 \u00a0 \u00a0 \u00a0 \u00a0 \u00a0 \u00a0 \u00a0 \u00a0 \u00a0 \u00a0 \u00a0 \u00a0\u00a0\u00a0 Adresa \/ Adresse &hellip; <a href=\"https:\/\/www.topohvar.at\/topo\/orte\/sg\/sg-is-04-2\/\">Weiterlesen <span class=\"meta-nav\">&rarr;<\/span><\/a><\/p>\n","protected":false},"author":1,"featured_media":0,"parent":99,"menu_order":0,"comment_status":"closed","ping_status":"closed","template":"","meta":{"footnotes":""},"class_list":["post-3146","page","type-page","status-publish","hentry"],"_links":{"self":[{"href":"https:\/\/www.topohvar.at\/topo\/wp-json\/wp\/v2\/pages\/3146","targetHints":{"allow":["GET"]}}],"collection":[{"href":"https:\/\/www.topohvar.at\/topo\/wp-json\/wp\/v2\/pages"}],"about":[{"href":"https:\/\/www.topohvar.at\/topo\/wp-json\/wp\/v2\/types\/page"}],"author":[{"embeddable":true,"href":"https:\/\/www.topohvar.at\/topo\/wp-json\/wp\/v2\/users\/1"}],"replies":[{"embeddable":true,"href":"https:\/\/www.topohvar.at\/topo\/wp-json\/wp\/v2\/comments?post=3146"}],"version-history":[{"count":14,"href":"https:\/\/www.topohvar.at\/topo\/wp-json\/wp\/v2\/pages\/3146\/revisions"}],"predecessor-version":[{"id":48070,"href":"https:\/\/www.topohvar.at\/topo\/wp-json\/wp\/v2\/pages\/3146\/revisions\/48070"}],"up":[{"embeddable":true,"href":"https:\/\/www.topohvar.at\/topo\/wp-json\/wp\/v2\/pages\/99"}],"wp:attachment":[{"href":"https:\/\/www.topohvar.at\/topo\/wp-json\/wp\/v2\/media?parent=3146"}],"curies":[{"name":"wp","href":"https:\/\/api.w.org\/{rel}","templated":true}]}}