{"id":3151,"date":"2018-08-05T19:22:30","date_gmt":"2018-08-05T17:22:30","guid":{"rendered":"https:\/\/www.topohvar.at\/?page_id=3151"},"modified":"2021-04-18T08:46:54","modified_gmt":"2021-04-18T06:46:54","slug":"sg-is-06-2","status":"publish","type":"page","link":"https:\/\/www.topohvar.at\/topo\/orte\/sg\/sg-is-06-2\/","title":{"rendered":"STARI GRAD &#8211; Spomen plo\u010da \u00bbMattheus Cancus Plan\u010di\u0107\u00ab"},"content":{"rendered":"<p><a name=\"seite_oben\"><\/a><br \/>\n<img loading=\"lazy\" decoding=\"async\" class=\"alignnone wp-image-3092 size-large\" src=\"https:\/\/www.topohvar.at\/wp-content\/uploads\/2018\/08\/SG-IS-06-1-1024x503.jpg\" alt=\"\" width=\"640\" height=\"314\" srcset=\"https:\/\/www.topohvar.at\/wp-content\/uploads\/2018\/08\/SG-IS-06-1-1024x503.jpg 1024w, https:\/\/www.topohvar.at\/wp-content\/uploads\/2018\/08\/SG-IS-06-1-300x147.jpg 300w, https:\/\/www.topohvar.at\/wp-content\/uploads\/2018\/08\/SG-IS-06-1-768x377.jpg 768w\" sizes=\"auto, (max-width: 640px) 100vw, 640px\" \/><\/p>\n<p><strong>Ime \/ Name<br \/>\n<\/strong>Spomen plo\u010da \u00bbMattheus Cancus Plan\u010di\u0107\u00ab \/ Gedenktafel an den Kanoniker Plan\u010di\u0107<\/p>\n<p><strong>Code: <\/strong>SG-IS-06\u00a0 \u00a0 \u00a0 \u00a0 \u00a0 \u00a0 \u00a0 \u00a0 \u00a0 \u00a0 \u00a0 \u00a0 \u00a0 \u00a0 \u00a0 \u00a0 \u00a0 \u00a0\u00a0<strong><a href=\"https:\/\/www.topohvar.at\/orte\/sg\/sg-ip-01-2\/\"><img loading=\"lazy\" decoding=\"async\" class=\"alignnone wp-image-12300 size-full\" src=\"https:\/\/www.topohvar.at\/wp-content\/uploads\/2018\/09\/push-vor-30.jpg\" alt=\"\" width=\"61\" height=\"30\" \/><\/a>\u00a0<a href=\"https:\/\/www.topohvar.at\/orte\/sg\/sg-is-07-2\/\"><img loading=\"lazy\" decoding=\"async\" class=\"alignnone wp-image-533 size-full\" src=\"https:\/\/www.topohvar.at\/wp-content\/uploads\/2018\/07\/push-l-30.jpg\" alt=\"\" width=\"61\" height=\"30\" \/><\/a> <a href=\"https:\/\/www.topohvar.at\/orte\/sg\/\"><img loading=\"lazy\" decoding=\"async\" class=\"alignnone wp-image-535 size-full\" src=\"https:\/\/www.topohvar.at\/wp-content\/uploads\/2018\/07\/push-o-30.jpg\" alt=\"\" width=\"61\" height=\"30\" \/><\/a> <a href=\"https:\/\/www.topohvar.at\/orte\/sg\/sg-is-24-2\/\"><img loading=\"lazy\" decoding=\"async\" class=\"alignnone wp-image-536 size-full\" src=\"https:\/\/www.topohvar.at\/wp-content\/uploads\/2018\/07\/push-r-30.jpg\" alt=\"\" width=\"61\" height=\"30\" \/><\/a><\/strong><\/p>\n<hr \/>\n<p><strong>Adresa \/ Adresse<br \/>\n<\/strong>Stari Grad, P. Ivana Pavla II. 5<\/p>\n<p><strong>Lokacija \/ Position<a href=\"https:\/\/goo.gl\/maps\/yTEzk7Gh56aoRA1Y7\"><img loading=\"lazy\" decoding=\"async\" class=\"alignright wp-image-2193\" src=\"https:\/\/www.topohvar.at\/wp-content\/uploads\/2018\/08\/1393.jpg\" alt=\"\" width=\"134\" height=\"100\" \/><\/a><br \/>\n<\/strong><span style=\"color: #3366ff;\"><a style=\"color: #3366ff;\" href=\"https:\/\/goo.gl\/maps\/yTEzk7Gh56aoRA1Y7\">Latitude: N 43,18251\u00b0\u00a0 \u00a0Longitude: E 16,59985\u00b0<\/a> <\/span><strong><br \/>\n<\/strong>Visina \/ H\u00f6he: 3 m<\/p>\n<p><strong>Katastarska \u010destica \/ Grundst\u00fccke<br \/>\n<\/strong>*424\/1<div class='content-column one_half'><div style=\"padding-right:6px;\"><p><strong>Datum snimanja \/ Erfassungsdatum<br \/>\n<\/strong>22.05.2013 16:10:27<\/p>\n<hr \/>\n<p><strong>Informacije<\/strong><\/p>\n<p>Natpis se nalazi na ku\u0107i pok. Kuzme Jelu\u0161i\u0107a &#8211; Pomota, neposredno uz crkvu sv. Ivana Krstitelja, a nasuprot ku\u0107i pok. Ante Lu\u0161i\u0107 &#8211; Varbonca.<\/p><\/div><\/div><div class='content-column one_half last_column'><div style=\"padding-right:0px;padding-left:6px;\"><p><strong>Stupanj za\u0161tite \/ Schutzstellung<br \/>\n<\/strong>&#8211;<\/p>\n<hr \/>\n<p><strong>Info<\/strong><\/p>\n<p>Die Inschrift befindet sich am Haus des verstorbenen Kuzma Jelu\u0161i\u0107 &#8211; Pomot neben der Kirche des hl. Johannes des T\u00e4ufers und gegen\u00fcber dem Haus des verstorbenen Ante Lu\u0161i\u0107 &#8211; Varbonac.<\/p><\/div><\/div><div class='clear_column'><\/div><\/p>\n<p style=\"text-align: center;\">Natpis na latinskom: \/ Inschrift in lateinischer Sprache:<\/p>\n<p style=\"text-align: center;\">DOMUM HANC<br \/>\nMATTHEUS CANCUS PLANCICH<br \/>\nPAROCHUS SFIRCENSIS<br \/>\nUT SIBI POST OBITUM<br \/>\nSUISQUE DEFUNCTIS<br \/>\nPERPETUUM EX EJUS REDITIBUS<br \/>\nSUFFRGIUM HABERET<br \/>\nA. D. MDCCCLXI CONDIDIT<\/p>\n<p style=\"text-align: left;\"><div class='content-column one_half'><div style=\"padding-right:6px;\"><p>(= Ovu ku\u0107u podigao je svojim sredstvima kanonik Mateus Plan\u010di\u0107 &#8211; svir\u010danski \u017eupnik, godine gospodnje 1861., kako bi nakon prestanka slu\u017ebe, poslije smrti sebi priskrbio trajno prizmanje.)<\/p><\/div><\/div><div class='content-column one_half last_column'><div style=\"padding-right:0px;padding-left:6px;\"><p>(= Dieses Haus des Kanonikers Mattheus Plan\u010di\u0107, Pfarrer von Svir\u010de, wurde nach seinem Ausscheiden aus dem Dienst auf eigene Kosten im Jahr des Herrn 1861 errichtet.)<\/p><\/div><\/div><div class='clear_column'><\/div><\/p>\n<p style=\"text-align: right;\"><a href=\"#seite_oben\">natrag na vrh \/ Seitenanfang<\/a><\/p>\n<hr \/>\n<p><strong>Linkovi \/ Links<\/strong><\/p>\n<p><span style=\"color: #3366ff;\"><a style=\"color: #3366ff;\" href=\"https:\/\/www.topohvar.at\/topo\/orte\/sg\/sg-tg-24-1\/\">Ku\u0107a kanonika Plan\u010di\u0107a \/ Haus des Kanonikus Plan\u010di\u0107<\/a><\/span><br \/>\n<a href=\"https:\/\/www.topohvar.at\/topo\/orte\/sg\/sg-ci-07-2\/\"><span style=\"color: #3366ff;\">Crkva \u00bbSv. Ivana (biv\u0161i ju\u017ena crkva)\u00ab \/ ehemalige Kirche zum hl. Johannes<\/span><\/a><\/p>\n","protected":false},"excerpt":{"rendered":"<p>Ime \/ Name Spomen plo\u010da \u00bbMattheus Cancus Plan\u010di\u0107\u00ab \/ Gedenktafel an den Kanoniker Plan\u010di\u0107 Code: SG-IS-06\u00a0 \u00a0 \u00a0 \u00a0 \u00a0 \u00a0 \u00a0 \u00a0 \u00a0 \u00a0 \u00a0 \u00a0 \u00a0 \u00a0 \u00a0 \u00a0 \u00a0 \u00a0\u00a0\u00a0 Adresa \/ Adresse Stari Grad, P. Ivana &hellip; <a href=\"https:\/\/www.topohvar.at\/topo\/orte\/sg\/sg-is-06-2\/\">Weiterlesen <span class=\"meta-nav\">&rarr;<\/span><\/a><\/p>\n","protected":false},"author":1,"featured_media":0,"parent":99,"menu_order":0,"comment_status":"closed","ping_status":"closed","template":"","meta":{"footnotes":""},"class_list":["post-3151","page","type-page","status-publish","hentry"],"_links":{"self":[{"href":"https:\/\/www.topohvar.at\/topo\/wp-json\/wp\/v2\/pages\/3151","targetHints":{"allow":["GET"]}}],"collection":[{"href":"https:\/\/www.topohvar.at\/topo\/wp-json\/wp\/v2\/pages"}],"about":[{"href":"https:\/\/www.topohvar.at\/topo\/wp-json\/wp\/v2\/types\/page"}],"author":[{"embeddable":true,"href":"https:\/\/www.topohvar.at\/topo\/wp-json\/wp\/v2\/users\/1"}],"replies":[{"embeddable":true,"href":"https:\/\/www.topohvar.at\/topo\/wp-json\/wp\/v2\/comments?post=3151"}],"version-history":[{"count":16,"href":"https:\/\/www.topohvar.at\/topo\/wp-json\/wp\/v2\/pages\/3151\/revisions"}],"predecessor-version":[{"id":48084,"href":"https:\/\/www.topohvar.at\/topo\/wp-json\/wp\/v2\/pages\/3151\/revisions\/48084"}],"up":[{"embeddable":true,"href":"https:\/\/www.topohvar.at\/topo\/wp-json\/wp\/v2\/pages\/99"}],"wp:attachment":[{"href":"https:\/\/www.topohvar.at\/topo\/wp-json\/wp\/v2\/media?parent=3151"}],"curies":[{"name":"wp","href":"https:\/\/api.w.org\/{rel}","templated":true}]}}