{"id":31510,"date":"2020-02-23T08:33:01","date_gmt":"2020-02-23T07:33:01","guid":{"rendered":"https:\/\/www.topohvar.at\/topo\/?page_id=31510"},"modified":"2021-11-26T19:52:28","modified_gmt":"2021-11-26T18:52:28","slug":"hv-tg-63-1-2","status":"publish","type":"page","link":"https:\/\/www.topohvar.at\/topo\/orte\/hv\/hv-tg-63-1-2\/","title":{"rendered":"HVAR &#8211; Ku\u0107a \u00bbVu\u010deti\u0107\u00ab"},"content":{"rendered":"<p><a name=\"seite_oben\"><\/a><br \/>\n<img loading=\"lazy\" decoding=\"async\" class=\"aligncenter size-full wp-image-31512\" src=\"https:\/\/www.topohvar.at\/wp-content\/uploads\/2020\/02\/hv-tg-63-1.jpg\" alt=\"\" width=\"640\" height=\"315\" srcset=\"https:\/\/www.topohvar.at\/wp-content\/uploads\/2020\/02\/hv-tg-63-1.jpg 640w, https:\/\/www.topohvar.at\/wp-content\/uploads\/2020\/02\/hv-tg-63-1-300x148.jpg 300w\" sizes=\"auto, (max-width: 640px) 100vw, 640px\" \/><\/p>\n<p><strong>Ime \/ Name<br \/>\n<\/strong>Ku\u0107a \/ Haus \u00bbVu\u010deti\u0107\u00ab<\/p>\n<p><strong>Code: <\/strong>HV-TG-63\u00a0 \u00a0 \u00a0 \u00a0 \u00a0 \u00a0 \u00a0 \u00a0 \u00a0 \u00a0 \u00a0 \u00a0 \u00a0 \u00a0 \u00a0 \u00a0 \u00a0 \u00a0 <a href=\"https:\/\/www.topohvar.at\/hv-tg-63-1\/\"><img loading=\"lazy\" decoding=\"async\" class=\"alignnone wp-image-12300 size-full\" src=\"https:\/\/www.topohvar.at\/wp-content\/uploads\/2018\/09\/push-vor-30.jpg\" alt=\"\" width=\"61\" height=\"30\" \/><\/a>\u00a0<strong><a href=\"https:\/\/www.topohvar.at\/orte\/hv\/hv-tg-37-1\/\"><img loading=\"lazy\" decoding=\"async\" class=\"alignnone wp-image-533 size-full\" src=\"https:\/\/www.topohvar.at\/wp-content\/uploads\/2018\/07\/push-l-30.jpg\" alt=\"\" width=\"61\" height=\"30\" \/><\/a> <a href=\"https:\/\/www.topohvar.at\/orte\/hv\/\"><img loading=\"lazy\" decoding=\"async\" class=\"alignnone wp-image-535 size-full\" src=\"https:\/\/www.topohvar.at\/wp-content\/uploads\/2018\/07\/push-o-30.jpg\" alt=\"\" width=\"61\" height=\"30\" \/><\/a> <a href=\"https:\/\/www.topohvar.at\/orte\/hv\/hv-tg-72-1\/\"><img loading=\"lazy\" decoding=\"async\" class=\"alignnone wp-image-536 size-full\" src=\"https:\/\/www.topohvar.at\/wp-content\/uploads\/2018\/07\/push-r-30.jpg\" alt=\"\" width=\"61\" height=\"30\" \/><\/a>\u00a0<a href=\"https:\/\/www.topohvar.at\/hv-tg-80-1\/\"><img loading=\"lazy\" decoding=\"async\" class=\"alignnone wp-image-12299 size-full\" src=\"https:\/\/www.topohvar.at\/wp-content\/uploads\/2018\/09\/push-next-30.jpg\" alt=\"\" width=\"61\" height=\"30\" \/><\/a><\/strong><\/p>\n<hr \/>\n<p><strong>Adresa \/ Adresse<br \/>\n<\/strong>Grad Hvar, Ulica Marije Mari\u010di\u0107 18<\/p>\n<p><strong>Lokacija<\/strong><strong> \/ Position<a href=\"https:\/\/goo.gl\/maps\/Riwj1h4rpQ9JjNqw7\"><img loading=\"lazy\" decoding=\"async\" class=\"alignright wp-image-17275\" src=\"https:\/\/www.topohvar.at\/wp-content\/uploads\/2019\/01\/0347.jpg\" alt=\"\" width=\"134\" height=\"100\" \/><\/a><br \/>\n<\/strong><span style=\"color: #3366ff;\"><a style=\"color: #3366ff;\" href=\"https:\/\/goo.gl\/maps\/Riwj1h4rpQ9JjNqw7\">Latitude: N 43,17278\u00b0\u00a0 \u00a0Longitude: E 16,44279\u00b0<\/a> <\/span><strong><br \/>\n<\/strong>Visina \/ H\u00f6he: 13 m<\/p>\n<p><strong>Katastarska <\/strong><strong>\u010d<\/strong><strong>estica <\/strong><strong>\/ Grundst\u00fccke<br \/>\n<\/strong>(*124), *125<div class='content-column one_half'><div style=\"padding-right:6px;\"><p><strong>Datum snimanja \/ Erfassungsdatum<br \/>\n<\/strong>16.02.2015 10:18:20<\/p>\n<hr \/>\n<p><strong>Informacije<\/strong><\/p>\n<p>Visoka goti\u010dka trokatnica izgra\u0111ena je u XV. stolje\u0107u u Grodi. Smje\u0161tena je na sjevernom obodu bloka u sredi\u0161njem dijelu Grode. Jedino je sjeverno pro\u010delje otvoreno prema glavnoj ulici predjela. Tlocrt ku\u0107e je pravokutan, zaklju\u010dena je trovodnim krovom.\u00a0Na tre\u0107em katu nalazi se u jugozapadnom kutu ku\u0107e ugra\u0111eno goti\u010dko pilo, s izljevom na njezino ju\u017eno ku\u0107no pro\u010delje.\u00a0Sjeverno pro\u010delje se isti\u010dke kvalitetnom goti\u010dkom dekoracijom, posebice biforom koja se mo\u017ee povezati s radionicom J. Dalmatinca.<\/p><\/div><\/div><div class='content-column one_half last_column'><div style=\"padding-right:0px;padding-left:6px;\"><p><strong>Stupanj za\u0161tite<\/strong><strong> \/ Schutzstellung<br \/>\n<\/strong>Z-6697, (RST 599-1971, RST 695-1973, RST 935-1976)<strong><br \/>\n<\/strong><\/p>\n<hr \/>\n<p><strong>Info<\/strong><\/p>\n<p>Das gotische dreist\u00f6ckige Geb\u00e4ude wurde im 15. Jahrhundert errichtet und befindet sich am n\u00f6rdlichen Rand des Baublocks im Zentrum von Groda. Einzig die Nordfassade ist zur Stra\u00dfe hin ge\u00f6ffnet. Das Hauses hat einen rechteckigen Grundriss und ein dreiseitiges Dach. Im dritten Stock befindet sich in der s\u00fcdwestlichen Ecke des Hauses ein gotisches Wasserbecken mit einem Auslass an der s\u00fcdlichen Hausfront. Die Nordfassade zeichnet sich durch eine hochwertige gotische Dekorationen aus, insbesondere die Bifore, die mit der Werkstatt des J. Dalmatinac verbunden werden kann.<\/p><\/div><\/div><div class='clear_column'><\/div><div class='content-column one_half'><div style=\"padding-right:6px;\"><p>Kulturno dobro Republike Hrvatske. Broj registra Z-6697<\/p><\/div><\/div><div class='content-column one_half last_column'><div style=\"padding-right:0px;padding-left:6px;\"><p>Kulturgut der Republik Kroatien. Registriernummer Z-6697<\/p><\/div><\/div><div class='clear_column'><\/div><\/p>\n<p style=\"text-align: right;\"><span style=\"color: #3366ff;\"><a style=\"color: #3366ff;\" href=\"#seite_oben\">natrag na vrh \/ Seitenanfang<\/a><\/span><\/p>\n<hr \/>\n<p><strong>Linkovi \/ Links<\/strong><\/p>\n<p><span style=\"color: #3366ff;\">&#8211;<\/span><\/p>\n","protected":false},"excerpt":{"rendered":"<p>Ime \/ Name Ku\u0107a \/ Haus \u00bbVu\u010deti\u0107\u00ab Code: HV-TG-63\u00a0 \u00a0 \u00a0 \u00a0 \u00a0 \u00a0 \u00a0 \u00a0 \u00a0 \u00a0 \u00a0 \u00a0 \u00a0 \u00a0 \u00a0 \u00a0 \u00a0 \u00a0 \u00a0 \u00a0 Adresa \/ Adresse Grad Hvar, Ulica Marije Mari\u010di\u0107 18 Lokacija \/ Position &hellip; <a href=\"https:\/\/www.topohvar.at\/topo\/orte\/hv\/hv-tg-63-1-2\/\">Weiterlesen <span class=\"meta-nav\">&rarr;<\/span><\/a><\/p>\n","protected":false},"author":1,"featured_media":0,"parent":80,"menu_order":0,"comment_status":"closed","ping_status":"closed","template":"","meta":{"footnotes":""},"class_list":["post-31510","page","type-page","status-publish","hentry"],"_links":{"self":[{"href":"https:\/\/www.topohvar.at\/topo\/wp-json\/wp\/v2\/pages\/31510","targetHints":{"allow":["GET"]}}],"collection":[{"href":"https:\/\/www.topohvar.at\/topo\/wp-json\/wp\/v2\/pages"}],"about":[{"href":"https:\/\/www.topohvar.at\/topo\/wp-json\/wp\/v2\/types\/page"}],"author":[{"embeddable":true,"href":"https:\/\/www.topohvar.at\/topo\/wp-json\/wp\/v2\/users\/1"}],"replies":[{"embeddable":true,"href":"https:\/\/www.topohvar.at\/topo\/wp-json\/wp\/v2\/comments?post=31510"}],"version-history":[{"count":12,"href":"https:\/\/www.topohvar.at\/topo\/wp-json\/wp\/v2\/pages\/31510\/revisions"}],"predecessor-version":[{"id":53723,"href":"https:\/\/www.topohvar.at\/topo\/wp-json\/wp\/v2\/pages\/31510\/revisions\/53723"}],"up":[{"embeddable":true,"href":"https:\/\/www.topohvar.at\/topo\/wp-json\/wp\/v2\/pages\/80"}],"wp:attachment":[{"href":"https:\/\/www.topohvar.at\/topo\/wp-json\/wp\/v2\/media?parent=31510"}],"curies":[{"name":"wp","href":"https:\/\/api.w.org\/{rel}","templated":true}]}}