{"id":3169,"date":"2018-08-05T19:26:50","date_gmt":"2018-08-05T17:26:50","guid":{"rendered":"https:\/\/www.topohvar.at\/?page_id=3169"},"modified":"2021-04-18T09:08:37","modified_gmt":"2021-04-18T07:08:37","slug":"sg-is-15-2","status":"publish","type":"page","link":"https:\/\/www.topohvar.at\/topo\/orte\/sg\/sg-is-15-2\/","title":{"rendered":"STARI GRAD &#8211; Spomen plo\u010da \u00bbRodna ku\u0107a Ivan Lu\u010di\u0107-Lav\u010devi\u0107\u00ab"},"content":{"rendered":"<p><a name=\"seite_oben\"><\/a><br \/>\n<img loading=\"lazy\" decoding=\"async\" class=\"alignnone wp-image-3101 size-large\" src=\"https:\/\/www.topohvar.at\/wp-content\/uploads\/2018\/08\/SG-IS-15-1-1024x503.jpg\" alt=\"\" width=\"640\" height=\"314\" srcset=\"https:\/\/www.topohvar.at\/wp-content\/uploads\/2018\/08\/SG-IS-15-1-1024x503.jpg 1024w, https:\/\/www.topohvar.at\/wp-content\/uploads\/2018\/08\/SG-IS-15-1-300x147.jpg 300w, https:\/\/www.topohvar.at\/wp-content\/uploads\/2018\/08\/SG-IS-15-1-768x377.jpg 768w\" sizes=\"auto, (max-width: 640px) 100vw, 640px\" \/><\/p>\n<p><strong>Ime \/ Name<br \/>\n<\/strong>Spomen plo\u010da \u00bbRodna ku\u0107a Ivan Lu\u010di\u0107-Lav\u010devi\u0107\u00ab \/ Gedenktafel Geburtshaus\u00a0Ivan Lu\u010di\u0107-Lav\u010devi\u0107<\/p>\n<p><strong>Code: <\/strong>SG-IS-15\u00a0 \u00a0 \u00a0 \u00a0 \u00a0 \u00a0 \u00a0 \u00a0 \u00a0 \u00a0 \u00a0 \u00a0 \u00a0 \u00a0 \u00a0 \u00a0 \u00a0 \u00a0\u00a0<strong><a href=\"https:\/\/www.topohvar.at\/orte\/sg\/sg-ip-01-2\/\"><img loading=\"lazy\" decoding=\"async\" class=\"alignnone wp-image-12300 size-full\" src=\"https:\/\/www.topohvar.at\/wp-content\/uploads\/2018\/09\/push-vor-30.jpg\" alt=\"\" width=\"61\" height=\"30\" \/><\/a>\u00a0<a href=\"https:\/\/www.topohvar.at\/orte\/sg\/sg-is-50-2\/\"><img loading=\"lazy\" decoding=\"async\" class=\"alignnone wp-image-533 size-full\" src=\"https:\/\/www.topohvar.at\/wp-content\/uploads\/2018\/07\/push-l-30.jpg\" alt=\"\" width=\"61\" height=\"30\" \/><\/a> <a href=\"https:\/\/www.topohvar.at\/orte\/sg\/\"><img loading=\"lazy\" decoding=\"async\" class=\"alignnone wp-image-535 size-full\" src=\"https:\/\/www.topohvar.at\/wp-content\/uploads\/2018\/07\/push-o-30.jpg\" alt=\"\" width=\"61\" height=\"30\" \/><\/a> <a href=\"https:\/\/www.topohvar.at\/orte\/sg\/sg-is-42-2\/\"><img loading=\"lazy\" decoding=\"async\" class=\"alignnone wp-image-536 size-full\" src=\"https:\/\/www.topohvar.at\/wp-content\/uploads\/2018\/07\/push-r-30.jpg\" alt=\"\" width=\"61\" height=\"30\" \/><\/a><\/strong><\/p>\n<hr \/>\n<p><strong>Adresa \/ Adresse<br \/>\n<\/strong>Stari Grad, \u0160iberija 19<\/p>\n<p><strong>Lokacija \/ Position<a href=\"https:\/\/goo.gl\/maps\/NnofvpxFyXX8D5MT7\"><img loading=\"lazy\" decoding=\"async\" class=\"alignright wp-image-3408\" src=\"https:\/\/www.topohvar.at\/wp-content\/uploads\/2018\/08\/0635.jpg\" alt=\"\" width=\"133\" height=\"100\" \/><\/a><br \/>\n<\/strong><span style=\"color: #3366ff;\"><a style=\"color: #3366ff;\" href=\"https:\/\/goo.gl\/maps\/NnofvpxFyXX8D5MT7\">Latitude: N 43,18341\u00b0\u00a0 \u00a0Longitude: E 16,60024\u00b0<\/a> <\/span><strong><br \/>\n<\/strong>Visina \/ H\u00f6he: 3 m<\/p>\n<p><strong>Katastarska \u010destica\/ Grundst\u00fccke<br \/>\n<\/strong>*611<div class='content-column one_half'><div style=\"padding-right:6px;\"><p><strong>Datum snimanja \/ Erfassungsdatum<br \/>\n<\/strong>08.10.2014 09:45:20<\/p>\n<hr \/>\n<p><strong>Informacije<\/strong><\/p>\n<p>Spomen plo\u010da od bijelog mramora na rodnoj ku\u0107i Narodnog heroja Ivana Lu<strong>\u010d<\/strong>i\u0107a Lav\u010devi\u0107a, postavljena je u spomen pogibije istaknutog revolucionara okolica Splita.<\/p><\/div><\/div><div class='content-column one_half last_column'><div style=\"padding-right:0px;padding-left:6px;\"><p><strong>Stupanj za\u0161tite \/ Schutzstellung<br \/>\n<\/strong>&#8211;<\/p>\n<hr \/>\n<p><strong>Info<\/strong><\/p>\n<p>Die Gedenktafel aus wei\u00dfem Marmor befindet sich auf dem Geburtshaus des Nationalhelds Ivan Lu\u010di\u0107 Lav\u010devi\u0107, um an den Tod des prominenten Revolution\u00e4rs in der N\u00e4he von Split zu erinnern.<\/p><\/div><\/div><div class='clear_column'><\/div><div class='content-column one_half'><div style=\"padding-right:6px;\"><p>Natpis:<\/p>\n<p style=\"text-align: center;\">U OVOJ SE KU\u010cI<br \/>\nRODIO<br \/>\nNARODNI HEROJ<br \/>\n<strong>IVAN LU\u010cI\u0106 LAV\u010cEVI\u0106<\/strong><br \/>\n23. XII. 1905.<br \/>\nKOJI JE PAO ZA SLOBODU<br \/>\nI<br \/>\nNAPREDAK SVOJE ZEMLJE<br \/>\nUMOREN OD TALIJANSKIH FA\u0160ISTA<br \/>\n23. XII. 1942.<\/p><\/div><\/div><div class='content-column one_half last_column'><div style=\"padding-right:0px;padding-left:6px;\"><p>Inschrift:<\/p>\n<p style=\"text-align: center;\">In diesem Haus wurde<br \/>\ngeboren<br \/>\nder Volksheld<br \/>\n<strong>Ivan Lu\u010di\u0107 Lav\u010devi\u0107<\/strong><br \/>\nam 23. Dezember 1905<br \/>\nder f\u00fcr Freiheit<br \/>\nund<br \/>\nFortschritt seines Landes eintrat.<br \/>\nErmordet von italienischen Faschisten<br \/>\nam 23. Dezember 1942<\/p><\/div><\/div><div class='clear_column'><\/div><div class='content-column one_half'><div style=\"padding-right:6px;\"><p>Plo\u010da se nalazi na rodnoj ku\u0107i Ivana Lu\u010di\u0107a Lav\u010devi\u0107a u ulici \u0160iberije br. 19. Spomen plo\u010du postavile su dru\u0161tveno-politi\u010dke organizacije Starog Grada, na dan smrti, 23. XII 1957. godine.<\/p><\/div><\/div><div class='content-column one_half last_column'><div style=\"padding-right:0px;padding-left:6px;\"><p>Die Tafel wurde am Geburtshaus des Ivan Lu\u010di\u0107 Lav\u010devi\u0107 in \u0160iberija Nr. 19. von der sozialpolitischen Organisation Stari Grads, in Erinnerung an an seinem Todestag am 23. Dezember 1957 befestigt.<\/p><\/div><\/div><div class='clear_column'><\/div><\/p>\n<p style=\"text-align: right;\"><a href=\"#seite_oben\">natrag na vrh \/ Seitenanfang<\/a><\/p>\n<hr \/>\n<div class='content-column one_half'><div style=\"padding-right:6px;\"><p><strong>Ivan Lu\u010di\u0107-Lav\u010devi\u0107<\/strong> ro\u0111en je u staroj zemljoradni\u010dkoj obitelji, s devetoro bra\u0107e i sestara. Osnovnu \u0161kolu zavr\u0161io je u rodnom mjestu. Kao odli\u010dnog \u0111aka, roditelji su ga upisali u dominikansku gimnaziju koju je zbog slabog ekonomskog stanja obitelji napustio poslije petog razreda nakon \u010dega se prihvatio te\u0161kih zemljoradni\u010dkih poslova.<\/p><\/div><\/div><div class='content-column one_half last_column'><div style=\"padding-right:0px;padding-left:6px;\"><p><strong>Ivan Lu\u010di\u0107-Lav\u010devi\u0107<\/strong> wurde in einer alten Bauernfamilie mit neun Br\u00fcdern und Schwestern geboren. Er beendete die Grundschule in seinem Geburtsort. Wegen seinen guten Leistungen meldeten ihn seine Eltern an einem dominikanischen Gymnasium an, das er aber nach der f\u00fcnften Klasse wegen der schlechten Wirtschaftslage verlie\u00df und schwere landwirtschaftliche Arbeiten annahm.<\/p><\/div><\/div><div class='clear_column'><\/div><div class='content-column one_half'><div style=\"padding-right:6px;\"><p>Za vrijeme talijanske okupacije otoka Hvara nakon Prvog svjetskog rata, Lav\u010devi\u0107 se priklju\u010dio hvarskim domoljubima u borbi protiv okupacije. Samo dvije godine poslije formiranja prve partijske \u0107elije Komunisti\u010dke partije Jugoslavije na Hvaru, ve\u0107 1922. godine postao je \u010dlan Saveza komunisti\u010dke omladine Jugoslavije. Razvijao je aktivnost u kulturno-prosvjetnim i sportskim dru\u0161tvima. Starigradska partijska organizacija ga je zbog istaknutog revolucionarnog rada primila u svoje redove 1924. godine.<\/p><\/div><\/div><div class='content-column one_half last_column'><div style=\"padding-right:0px;padding-left:6px;\"><p>W\u00e4hrend der italienischen Besetzung der Insel Hvar nach dem Ersten Weltkrieg schloss sich Lavcevic den Hvarer Patrioten im Kampf gegen die Besatzung an. Nur zwei Jahre nach der Bildung der ersten Parteizelle der Kommunistischen Partei Jugoslawiens in Hvar, wurde er im Jahr 1922 Mitglied der Union der kommunistischen Jugend Jugoslawiens. Er engargierte sich in kulturell-p\u00e4dagogischen und sportlichen Vereinen. Die Stari Grader Parteiorganisation nahm ihm im Jahr 1924 wegen seiner herausragenden revolution\u00e4ren Arbeit in F\u00fchrungsposition auf.<\/p><\/div><\/div><div class='clear_column'><\/div><div class='content-column one_half'><div style=\"padding-right:6px;\"><p>Prvog svibnja, usprkos zabrani vlasti, komunisti su organizirali i odr\u017eali zbor oko 1000 pu\u010dana, na Ra\u0161niku u Vrbanjskom polju, na kojem je Lav\u010devi\u0107 govorio o povijesnoj ulozi radni\u010dke klase. Vlasti su ga \u010desto uhitile i maltretirale.<\/p><\/div><\/div><div class='content-column one_half last_column'><div style=\"padding-right:0px;padding-left:6px;\"><p>Am ersten Mai organisierten die Kommunisten, trotz eines Verbots der Regierung, eine Versammlung auf Ra\u0161nik in der Gegend von Vrbanj, an der 1000 B\u00fcrger teilnahmen. Lav\u010devi\u0107 hielt hier eine Rede \u00fcber die historische Rolle der Arbeiterklasse. Die Beh\u00f6rden verhafteten und maltr\u00e4tieren ihn oft.<\/p><\/div><\/div><div class='clear_column'><\/div><div class='content-column one_half'><div style=\"padding-right:6px;\"><p>Da bi izbjegao uhi\u0107enje pod re\u017eimom diktature, ilegalno je oti\u0161ao u Sovjetski Savez, gdje je zavr\u0161io Komunisti\u010dki univerzitet nacionalnih manjina Zapada. Po svojoj \u017eelji, radio je u tvornici u Rostovu, kao mehani\u010dar i partijski radnik.<\/p><\/div><\/div><div class='content-column one_half last_column'><div style=\"padding-right:0px;padding-left:6px;\"><p>Um Verhaftungen unter dem Regime der Diktatur zu vermeiden, ging er illegal in die Sowjetunion, wo er die kommunistische Universit\u00e4t der Nationalen Minderheiten des Westens absolvierte. Auf seinen Wunsch hin arbeitete er in einer Fabrik in Rostov, als Mechaniker und Partei-Arbeiter<\/p><\/div><\/div><div class='clear_column'><\/div><div class='content-column one_half'><div style=\"padding-right:6px;\"><p>Na rodni otok vratio se ilegalno 1936. godine, ali je odmah uhi\u0107en i podvrgnut saslu\u0161anjima. Zahvaljuju\u0107i njegovom dr\u017eanju i utjecaju Partije me\u0111u mje\u0161tanima, policija ga je pustila.<\/p><\/div><\/div><div class='content-column one_half last_column'><div style=\"padding-right:0px;padding-left:6px;\"><p>1936 kehrte er illegal zu seiner Heimatinsel zur\u00fcck, wurde jedoch sofort verhaftet und Verh\u00f6ren unterzogen. Dank seiner Position und dem Einfluss der Partei unter den Einheimischen lie\u00df ihn die Polizei wieder frei.<\/p><\/div><\/div><div class='clear_column'><\/div><div class='content-column one_half'><div style=\"padding-right:6px;\"><p>Godine 1937. nastanio se u Splitu i zaposlio kao mehani\u010dar. Nastavio je partijsku aktivnost u novoj sredini i borio za provo\u0111enje zadataka koje je pred partijsku organizaciju Dalmacije postavio novi Centralni komitet KPJ na \u010delu s Josipom Brozom Titom. Krajem listopada 1939. godine, imenovan je u novi Pokrajinski komitet KP Hrvatske za Dalmaciju i u Radni odbor Pokrajinskog odbora Stranke radnog naroda. Posebno je sudjelovao u sre\u0111ivanju i ja\u010danju splitske partijske organizacije, kojoj je kratko vrijeme stajao na \u010delu. Na pokrajinskoj partijskoj konferenciji u Splitu, 2. kolovoza 1940. godine, izabran je za \u010dlana Pokrajinskog komiteta i zadu\u017een za sektor agitacije i propagande. Njegovim zauzimanjem, partijska organizacija Dalmacije je, 1. studenog 1940., dobila svoje glasilo &#8222;Borba radnog naroda&#8220;.<\/p><\/div><\/div><div class='content-column one_half last_column'><div style=\"padding-right:0px;padding-left:6px;\"><p>Im Jahr 1937 lebte er in Split und arbeitete als Mechaniker. Er setzte die Parteit\u00e4tigkeit in der neuen Umgebung fort und k\u00e4mpfte f\u00fcr die Erf\u00fcllung der Aufgaben, die von dem neuen Zentralkomitee der KPC unter Josip Broz Tito vor der Parteiorganisation von Dalmatien gestellt wurden. Ende Oktober 1939 wurde er vom neuen Regionalkomitee der kroatischen KP in Dalmatien in den Arbeitsausschuss des Provinzkomitees der Partei der Werkt\u00e4tigen geholt. Er beteiligte sich an der Organisation und St\u00e4rkung der Parteiorganisation Split, die kurz f\u00fcr die Partei verantwortlich war. Am 2. August 1940 wurde er auf der Parteiparteitagung in Split zum Mitglied des Provinzkomitees gew\u00e4hlt und war f\u00fcr den Agitations- und Propagandasektor verantwortlich. Durch sein Engagement erhielt die Parteiorganisation von Dalmatien am 1. November 1940 ihr Sprachrohr &#8222;Kampf der Werkt\u00e4tigen&#8220;.<\/p><\/div><\/div><div class='clear_column'><\/div><div class='content-column one_half'><div style=\"padding-right:6px;\"><p>Kao \u010dlan PK KPH, u danima kapitulacije, pomagao je partijskim organizacijama u Splitu i na Hvaru da se sna\u0111u u novonastaloj situaciji. Krajem travnja 1941. godine, postavljen je za rukovoditelja Vojne komisije pri PK KPH, koja je trebala rukovoditi pripremama za oru\u017eane akcije i obukom omladine u rukovanju oru\u017ejem. Njegovim je zalaganjem 22. lipnja 1941. po\u010deo izlaziti &#8222;Na\u0161 izvje\u0161taj&#8220;, glasilo PK-a. Sudjelovao je u organiziranju prvih partizanskih odreda i izvo\u0111enju borbenih akcija u Splitu. Zbog stalnih represija okupatora, \u010desto je mijenjao ilegalne stanove, naro\u010dito poslije uhi\u0107enja sekretara Centralnog komiteta KPH, Rade Kon\u010dara.<\/p><\/div><\/div><div class='content-column one_half last_column'><div style=\"padding-right:0px;padding-left:6px;\"><p>Als Mitglied von PK KPH half er in den Tagen der Kapitulation die Parteiorganisationen in Split und Hvarneu aufzustellen. Ende April 1941 wurde er dem Chef der Milit\u00e4rkommission des PK KPH zugeteilt, die Vorbereitungen f\u00fcr bewaffnete Aktionen und die Ausbildung von Jugendlichen im Umgang mit Waffen treffen sollte. Mit seinem Engagement wurden am 22. Juni 1941 &#8222;Unsere Nachrichten&#8220; ver\u00f6ffentlicht. Er war an der Organisation der ersten Partisanenabteilungen und der Durchf\u00fchrung von Kampfhandlungen in Split beteiligt. Wegen der st\u00e4ndigen Unterdr\u00fcckung der Besatzer wechselte er oft die illegalen Wohnungen, vor allem nach der Ankunft des Sekret\u00e4rs des KPH-Zentralkomitees, Rade Kon\u010dar.<\/p><\/div><\/div><div class='clear_column'><\/div><div class='content-column one_half'><div style=\"padding-right:6px;\"><p>6.\/7. velja\u010de 1942. fa\u0161isti su otkrili stan u kojem je \u017eivio Lav\u010devi\u0107. Iako je isprva uspio pobje\u0107i, uhi\u0107en je u Stedovoj ulici kada je nai\u0161ao na talijansku ophodnju. Neprekidno je saslu\u0161avan i batinan.<\/p><\/div><\/div><div class='content-column one_half last_column'><div style=\"padding-right:0px;padding-left:6px;\"><p>Am 6.\/7. Februar 1942 entdeckten Faschisten die Wohnung, in der Lavcevic lebte. Obwohl er zun\u00e4chst entkommen konnte, wurde er in der Stedova Stra\u00dfe verhaftet, als er italienischen Patrouillen begegnete. Er wurde st\u00e4ndig angeh\u00f6rt und geschlagen.<\/p><\/div><\/div><div class='clear_column'><\/div><div class='content-column one_half'><div style=\"padding-right:6px;\"><p>Zbog iznimno te\u0161kog zdravstvenog stanja poslan je u zatvorsku bolnicu u namjeri da ga privremeno izlije\u010de i nastave saslu\u0161anja. Partijsko rukovodstvo grada ubrzo je saznalo za to i osmislilo plan za njegovo osloba\u0111anje. Trojica preru\u0161enih partizana, pripadnici Mosorskog partizanskog odreda, upali su u bolnicu i izveli Lu\u010di\u0107a, ali su pritom bili otkriveni. Lu\u010di\u0107 je pri bijegu ranjen u nogu, ponovno uhva\u0107en na ulici i preba\u010den u \u0107eliju gdje se ponovo susreo s sekretarom CK KPH, Radom Kon\u010darom. S njim je sredinom svibnja 1942. godine preba\u010den u \u0160ibenik, ali su njega fa\u0161isti vratili u splitski zatvor, po\u0161to su pripadnici Narodnooslobodila\u010dkog pokreta uo\u010di su\u0111enja uni\u0161tili njegov dosje.<\/p><\/div><\/div><div class='content-column one_half last_column'><div style=\"padding-right:0px;padding-left:6px;\"><p>Wegen einer \u00e4u\u00dferst schwierigen medizinischen Situation wurde er in ein Gef\u00e4ngniskrankenhaus geschickt, um ihn vor\u00fcbergehend zu heilen und weiter zu verh\u00f6ren. Die Parteif\u00fchrung der Stadt erfuhr bald dar\u00fcber und entwarf einen Plan zu seiner Befreiung. Drei verkleidete Mitglieder der Moskauer Partisanenabteilung gingen ins Krankenhaus holten Lu\u010di\u0107 heraus, wurden aber entdeckt. Bei der Flucht wurde Lu\u010di\u0107 am Bein verwundet, wieder gefangen und in eine Zelle gebracht, wo er wieder auf den Sekret\u00e4r des Zentralkomitees der Kommunistischen Partei, Radom Kon\u010dar traf. Beide wurden Mitte Mai 1942 nach \u0160ibenik verlagert. Die Faschisten holten ihn aber in das Gef\u00e4ngnis in Split zur\u00fcck, da Mitglieder der Nationalen Befreiungsbewegung seine Akte vor dem Prozess zerst\u00f6rten.<\/p><\/div><\/div><div class='clear_column'><\/div><div class='content-column one_half'><div style=\"padding-right:6px;\"><p>Lije\u010dnici, pripadnici NOP-a, uspjeli su da s dijagnozom te\u0161ke zarazne bolesti, Lu\u010di\u0107a prebace u novu bolnicu na Firulama. Iako je mjesni komitet KPH planirao oslobo\u0111enje Lu\u010di\u0107a, isto nije bilo mogu\u0107e budu\u0107i da je Lu\u010di\u0107 bio nepokretan.<\/p><\/div><\/div><div class='content-column one_half last_column'><div style=\"padding-right:0px;padding-left:6px;\"><p>\u00c4rzten, die Mitglieder der NOP waren, gelang es eine ernsthafte ansteckende Krankheit zu diagnostizieren. Lu\u010di\u0107 wechselte in ein neues Krankenhaus in Firula. Obwohl das lokale Komitee KPH versuchte Lu\u010di\u0107 zu befreien, schlug dies fehl, da Lu\u010di\u0107 unbeweglich war.<\/p><\/div><\/div><div class='clear_column'><\/div><div class='content-column one_half'><div style=\"padding-right:6px;\"><p>Fa\u0161isti su ga u kamionu, 23. prosinca 1942. godine, odveli iz bolnice i ubili na nepoznatom mjestu.<\/p><\/div><\/div><div class='content-column one_half last_column'><div style=\"padding-right:0px;padding-left:6px;\"><p>Die Faschisten brachten ihn am 23. Dezember 1942 mit einem Lastwagen an einen unbekannten Ort und t\u00f6ten ihn.<\/p><\/div><\/div><div class='clear_column'><\/div><\/p>\n<hr \/>\n<div class='content-column one_half'><div style=\"padding-right:6px;\"><p>Po\u010dasti:<\/p>\n<p>Odlukom predsjedni\u0161tva Antifa\u0161isti\u010dkog vije\u0107a narodnog oslobo\u0111enja Jugoslavije, 5. prosinca 1944. godine, me\u0111u prvim borcima Narodnooslobodila\u010dke vojskeprogla\u0161en je za narodnog heroja.<\/p><\/div><\/div><div class='content-column one_half last_column'><div style=\"padding-right:0px;padding-left:6px;\"><p>Ehrungen<\/p>\n<p>Durch die Entscheidung der Pr\u00e4sidentschaft des Antifaschistischen Rates der Nationalen Befreiung Jugoslawiens, wurde Am 5. Dezember 1944 wurde er als einer der ersten K\u00e4mpfer der Nationalen Befreiungsarmee als Volksheld geehrt.<\/p><\/div><\/div><div class='clear_column'><\/div><div class='content-column one_half'><div style=\"padding-right:6px;\"><p>Godine 1959. godine povodom 40. obljetnice KPJ, SKOJ-a i revolucionarnih sindikata, u parku na \u0161etali\u0161tu Ba\u010dvice u Splitu, otkriveno mu je poprsje, rad akademskog kipara Mirka Ostoje.<\/p><\/div><\/div><div class='content-column one_half last_column'><div style=\"padding-right:0px;padding-left:6px;\"><p>Im Jahre 1959 wurde, anl\u00e4sslich des 40. Jahrestages der KPJ, SKOJ-a und der revolution\u00e4ren Gewerkschaften, im Park an der Ba\u010dvice-Promenade in Split, seine B\u00fcste, eine Arbeit des akademischen Bildhauers Mirko Ostoje, aufgestellt.<\/p><\/div><\/div><div class='clear_column'><\/div><\/p>\n<p style=\"text-align: right;\"><a href=\"#seite_oben\">natrag na vrh \/ Seitenanfang<\/a><\/p>\n<hr \/>\n<p><strong>Linkovi \/ Links<\/strong><\/p>\n<p><span style=\"color: #3366ff;\"><a style=\"color: #3366ff;\" href=\"https:\/\/www.topohvar.at\/topo\/orte\/sg\/sg-tg-12-1\/\">Ku\u0107a \u00bbRodna ku\u0107a Ivana Lu\u010di\u0107 Lav\u010devi\u0107a\u00ab \/ Geburtshaus des\u00a0Ivan Lu\u010di\u0107 Lav\u010devi\u0107<\/a><\/span><\/p>\n","protected":false},"excerpt":{"rendered":"<p>Ime \/ Name Spomen plo\u010da \u00bbRodna ku\u0107a Ivan Lu\u010di\u0107-Lav\u010devi\u0107\u00ab \/ Gedenktafel Geburtshaus\u00a0Ivan Lu\u010di\u0107-Lav\u010devi\u0107 Code: SG-IS-15\u00a0 \u00a0 \u00a0 \u00a0 \u00a0 \u00a0 \u00a0 \u00a0 \u00a0 \u00a0 \u00a0 \u00a0 \u00a0 \u00a0 \u00a0 \u00a0 \u00a0 \u00a0\u00a0\u00a0 Adresa \/ Adresse Stari Grad, \u0160iberija 19 Lokacija &hellip; <a href=\"https:\/\/www.topohvar.at\/topo\/orte\/sg\/sg-is-15-2\/\">Weiterlesen <span class=\"meta-nav\">&rarr;<\/span><\/a><\/p>\n","protected":false},"author":1,"featured_media":0,"parent":99,"menu_order":0,"comment_status":"closed","ping_status":"closed","template":"","meta":{"footnotes":""},"class_list":["post-3169","page","type-page","status-publish","hentry"],"_links":{"self":[{"href":"https:\/\/www.topohvar.at\/topo\/wp-json\/wp\/v2\/pages\/3169","targetHints":{"allow":["GET"]}}],"collection":[{"href":"https:\/\/www.topohvar.at\/topo\/wp-json\/wp\/v2\/pages"}],"about":[{"href":"https:\/\/www.topohvar.at\/topo\/wp-json\/wp\/v2\/types\/page"}],"author":[{"embeddable":true,"href":"https:\/\/www.topohvar.at\/topo\/wp-json\/wp\/v2\/users\/1"}],"replies":[{"embeddable":true,"href":"https:\/\/www.topohvar.at\/topo\/wp-json\/wp\/v2\/comments?post=3169"}],"version-history":[{"count":19,"href":"https:\/\/www.topohvar.at\/topo\/wp-json\/wp\/v2\/pages\/3169\/revisions"}],"predecessor-version":[{"id":48094,"href":"https:\/\/www.topohvar.at\/topo\/wp-json\/wp\/v2\/pages\/3169\/revisions\/48094"}],"up":[{"embeddable":true,"href":"https:\/\/www.topohvar.at\/topo\/wp-json\/wp\/v2\/pages\/99"}],"wp:attachment":[{"href":"https:\/\/www.topohvar.at\/topo\/wp-json\/wp\/v2\/media?parent=3169"}],"curies":[{"name":"wp","href":"https:\/\/api.w.org\/{rel}","templated":true}]}}