{"id":31706,"date":"2020-02-28T07:37:40","date_gmt":"2020-02-28T06:37:40","guid":{"rendered":"https:\/\/www.topohvar.at\/topo\/?page_id=31706"},"modified":"2021-11-26T19:50:49","modified_gmt":"2021-11-26T18:50:49","slug":"hv-tg-70-1","status":"publish","type":"page","link":"https:\/\/www.topohvar.at\/topo\/orte\/hv\/hv-tg-70-1\/","title":{"rendered":"HVAR &#8211; Ku\u0107a \u00bbKukurin-Kova\u010devi\u0107\u00ab"},"content":{"rendered":"<p><a name=\"seite_oben\"><\/a><br \/>\n<img loading=\"lazy\" decoding=\"async\" class=\"wp-image-387 size-full aligncenter\" src=\"https:\/\/www.topohvar.at\/wp-content\/uploads\/2018\/07\/00-00-00-1.jpg\" alt=\"\" width=\"114\" height=\"56\" \/><\/p>\n<p><strong>Ime \/ Name<br \/>\n<\/strong>Ku\u0107a \/ Haus\u00a0\u00bbKukurin-Kova\u010devi\u0107\u00ab<\/p>\n<p><strong>Code: <\/strong>HV-TG-70\u00a0 \u00a0 \u00a0 \u00a0 \u00a0 \u00a0 \u00a0 \u00a0 \u00a0 \u00a0 \u00a0 \u00a0 \u00a0 \u00a0 \u00a0 \u00a0 \u00a0 \u00a0 <a href=\"https:\/\/www.topohvar.at\/hv-tg-63-1\/\"><img loading=\"lazy\" decoding=\"async\" class=\"alignnone wp-image-12300 size-full\" src=\"https:\/\/www.topohvar.at\/wp-content\/uploads\/2018\/09\/push-vor-30.jpg\" alt=\"\" width=\"61\" height=\"30\" \/><\/a>\u00a0<strong><a href=\"https:\/\/www.topohvar.at\/orte\/hv\/hv-tg-36-1\/\"><img loading=\"lazy\" decoding=\"async\" class=\"alignnone wp-image-533 size-full\" src=\"https:\/\/www.topohvar.at\/wp-content\/uploads\/2018\/07\/push-l-30.jpg\" alt=\"\" width=\"61\" height=\"30\" \/><\/a> <a href=\"https:\/\/www.topohvar.at\/orte\/hv\/\"><img loading=\"lazy\" decoding=\"async\" class=\"alignnone wp-image-535 size-full\" src=\"https:\/\/www.topohvar.at\/wp-content\/uploads\/2018\/07\/push-o-30.jpg\" alt=\"\" width=\"61\" height=\"30\" \/><\/a> <a href=\"https:\/\/www.topohvar.at\/orte\/hv\/hv-tg-13-1\/\"><img loading=\"lazy\" decoding=\"async\" class=\"alignnone wp-image-536 size-full\" src=\"https:\/\/www.topohvar.at\/wp-content\/uploads\/2018\/07\/push-r-30.jpg\" alt=\"\" width=\"61\" height=\"30\" \/><\/a>\u00a0<a href=\"https:\/\/www.topohvar.at\/hv-tg-80-1\/\"><img loading=\"lazy\" decoding=\"async\" class=\"alignnone wp-image-12299 size-full\" src=\"https:\/\/www.topohvar.at\/wp-content\/uploads\/2018\/09\/push-next-30.jpg\" alt=\"\" width=\"61\" height=\"30\" \/><\/a><\/strong><\/p>\n<hr \/>\n<p><strong>Adresa \/ Adresse<br \/>\n<\/strong>Grad Hvar, Ulica Marije Mari\u010di\u0107 16<\/p>\n<p><strong>Lokacija <\/strong><strong>\/ Position<a href=\"https:\/\/goo.gl\/maps\/1D2ZZesxTrzJz1SV6\"><img loading=\"lazy\" decoding=\"async\" class=\"alignright wp-image-17841\" src=\"https:\/\/www.topohvar.at\/wp-content\/uploads\/2019\/01\/0346.jpg\" alt=\"\" width=\"134\" height=\"100\" \/><\/a><br \/>\n<\/strong><span style=\"color: #3366ff;\"><a style=\"color: #3366ff;\" href=\"https:\/\/goo.gl\/maps\/1D2ZZesxTrzJz1SV6\">Latitude: N 43,17277\u00b0\u00a0 \u00a0Longitude: E 16,44280\u00b0<\/a> <\/span><strong><br \/>\n<\/strong>Visina \/ H\u00f6he: 13 m<\/p>\n<p><strong>Katastarska <\/strong><strong>\u010d<\/strong><strong>estica <\/strong><strong>\/ Grundst\u00fccke<br \/>\n<\/strong>*124<div class='content-column one_half'><div style=\"padding-right:6px;\"><p><strong>Datum snimanja \/ Erfassungsdatum<br \/>\n<\/strong>00.00.2000 00:00:00<\/p>\n<hr \/>\n<p><strong>Informacije<\/strong><\/p>\n<p>U goti\u010dkoj ku\u0107i izgra\u0111enoj u Grodi, zapadno od ku\u0107e Vu\u010deti\u0107, sa\u010duvano je goti\u010dko pilo, danas ugra\u0111eno na katu. Pilo je izvorno stajalo na me\u0111ukatu ku\u0107e, u prostoru stubi\u0161ta, o \u010demu nam svjedo\u010di sa\u010duvan izljev na pro\u010delju ku\u0107e.\u00a0Nad pilom je danas ugra\u0111en grb u goti\u010dkom \u0161titu oblika \u201ekonjske glave\u201c,<\/p><\/div><\/div><div class='content-column one_half last_column'><div style=\"padding-right:0px;padding-left:6px;\"><p><strong>Stupanj za\u0161tite<\/strong><strong> \/ Schutzstellung<br \/>\n<\/strong>&#8211;<\/p>\n<hr \/>\n<p><strong>Info<\/strong><\/p>\n<p>In dem gotischen Haus in Grodno, westlich des Hauses Vu\u010deti\u0107, befindet sich im Obergeschoss ein gotisches Wasserbecken. Es war urspr\u00fcnglich im mittleren Stock des Hauses im Bereich der Treppe, wie der erhaltene Auslass an der Hausfassade zeigt. \u00dcber dem Wasserbecken befindet sich heute ein Wappen in einem gotischen Schild in der Form eines &#8222;Pferdekopfes&#8220;,<\/p><\/div><\/div><div class='clear_column'><\/div><div class='content-column one_third'><div style=\"padding-right:6px;\"><p>Prostor grba horizontalnom je trakom podijeljeno u dva polja, a u svakom je stilizirani cvijet. Na kamenoj plo\u010di grba uklesani su inicijali A.R., stoga je ku\u0107a mogla pripadati obitelji Ru\u017ei\u0107, koja se spominje u 16. stolje\u0107u.<\/p><\/div><\/div><div class='content-column one_third'><div style=\"padding-right:6px;\"><div id=\"attachment_31709\" style=\"width: 205px\" class=\"wp-caption aligncenter\"><img loading=\"lazy\" decoding=\"async\" aria-describedby=\"caption-attachment-31709\" class=\"wp-image-31709 size-full\" src=\"https:\/\/www.topohvar.at\/wp-content\/uploads\/2020\/02\/hv-tg-70-7.jpg\" alt=\"\" width=\"195\" height=\"195\" srcset=\"https:\/\/www.topohvar.at\/wp-content\/uploads\/2020\/02\/hv-tg-70-7.jpg 195w, https:\/\/www.topohvar.at\/wp-content\/uploads\/2020\/02\/hv-tg-70-7-150x150.jpg 150w\" sizes=\"auto, (max-width: 195px) 100vw, 195px\" \/><p id=\"caption-attachment-31709\" class=\"wp-caption-text\">(foto: M. Petri\u0107)<\/p><\/div><\/div><\/div><div class='content-column one_third last_column'><div style=\"padding-right:0px;padding-left:6px;\"><p>Das Wappen ist durch einen horizontalen Streifen in zwei Felder unterteilt und zeigt hier jeweils eine stilisierte Blume. Die Initialen A. R. sind links und rechts des Wappens auf die Steintafel gemei\u00dfelt und weist darauf hin, dass das Haus wahrscheinlich im 16. Jahrhundert der Familie Ru\u017ei\u0107 geh\u00f6rte.<\/p><\/div><\/div><div class='clear_column'><\/div><\/p>\n<p style=\"text-align: right;\"><span style=\"color: #3366ff;\"><a style=\"color: #3366ff;\" href=\"#seite_oben\">natrag na vrh \/ Seitenanfang<\/a><\/span><\/p>\n<p style=\"text-align: center;\"><em>(Izvor \/ Quelle: Anita Gamulin, Kameni umivaonici 15. i 16. stolje\u0107a u gradu Hvaru)<\/em><\/p>\n<hr \/>\n<p><strong>Linkovi \/ Links<\/strong><\/p>\n<p><span style=\"color: #3366ff;\">&#8211;<\/span><\/p>\n","protected":false},"excerpt":{"rendered":"<p>Ime \/ Name Ku\u0107a \/ Haus\u00a0\u00bbKukurin-Kova\u010devi\u0107\u00ab Code: HV-TG-70\u00a0 \u00a0 \u00a0 \u00a0 \u00a0 \u00a0 \u00a0 \u00a0 \u00a0 \u00a0 \u00a0 \u00a0 \u00a0 \u00a0 \u00a0 \u00a0 \u00a0 \u00a0 \u00a0 \u00a0 Adresa \/ Adresse Grad Hvar, Ulica Marije Mari\u010di\u0107 16 Lokacija \/ Position Latitude: &hellip; <a href=\"https:\/\/www.topohvar.at\/topo\/orte\/hv\/hv-tg-70-1\/\">Weiterlesen <span class=\"meta-nav\">&rarr;<\/span><\/a><\/p>\n","protected":false},"author":1,"featured_media":0,"parent":80,"menu_order":0,"comment_status":"closed","ping_status":"closed","template":"","meta":{"footnotes":""},"class_list":["post-31706","page","type-page","status-publish","hentry"],"_links":{"self":[{"href":"https:\/\/www.topohvar.at\/topo\/wp-json\/wp\/v2\/pages\/31706","targetHints":{"allow":["GET"]}}],"collection":[{"href":"https:\/\/www.topohvar.at\/topo\/wp-json\/wp\/v2\/pages"}],"about":[{"href":"https:\/\/www.topohvar.at\/topo\/wp-json\/wp\/v2\/types\/page"}],"author":[{"embeddable":true,"href":"https:\/\/www.topohvar.at\/topo\/wp-json\/wp\/v2\/users\/1"}],"replies":[{"embeddable":true,"href":"https:\/\/www.topohvar.at\/topo\/wp-json\/wp\/v2\/comments?post=31706"}],"version-history":[{"count":8,"href":"https:\/\/www.topohvar.at\/topo\/wp-json\/wp\/v2\/pages\/31706\/revisions"}],"predecessor-version":[{"id":53721,"href":"https:\/\/www.topohvar.at\/topo\/wp-json\/wp\/v2\/pages\/31706\/revisions\/53721"}],"up":[{"embeddable":true,"href":"https:\/\/www.topohvar.at\/topo\/wp-json\/wp\/v2\/pages\/80"}],"wp:attachment":[{"href":"https:\/\/www.topohvar.at\/topo\/wp-json\/wp\/v2\/media?parent=31706"}],"curies":[{"name":"wp","href":"https:\/\/api.w.org\/{rel}","templated":true}]}}