{"id":32171,"date":"2020-03-03T10:13:47","date_gmt":"2020-03-03T09:13:47","guid":{"rendered":"https:\/\/www.topohvar.at\/topo\/?page_id=32171"},"modified":"2024-06-04T13:05:46","modified_gmt":"2024-06-04T11:05:46","slug":"pi-tg-03-1","status":"publish","type":"page","link":"https:\/\/www.topohvar.at\/topo\/orte\/pi\/pi-tg-03-1\/","title":{"rendered":"PITVE &#8211; Ku\u0107a \u00bbDubokovi\u0107a dvori\u00ab"},"content":{"rendered":"<p><strong><img loading=\"lazy\" decoding=\"async\" class=\"aligncenter wp-image-387 size-full\" src=\"https:\/\/www.topohvar.at\/wp-content\/uploads\/2018\/07\/00-00-00-1.jpg\" alt=\"\" width=\"114\" height=\"56\" \/><\/strong><\/p>\n<p><strong>Ime \/ Name<br \/>\n<\/strong>Ku\u0107a \/ Haus \u00bbDubokovi\u0107a dvori\u00ab<\/p>\n<p><strong>Code: <\/strong>PI-TG-03\u00a0 \u00a0 \u00a0 \u00a0 \u00a0 \u00a0 \u00a0 \u00a0 \u00a0\u00a0\u00a0 \u00a0 \u00a0 \u00a0 \u00a0 \u00a0 \u00a0 \u00a0<strong><a href=\"https:\/\/www.topohvar.at\/topo\/orte\/pi\/pi-tg-02-1\/\"><img loading=\"lazy\" decoding=\"async\" class=\"alignnone wp-image-533 size-full\" src=\"https:\/\/www.topohvar.at\/wp-content\/uploads\/2018\/07\/push-l-30.jpg\" alt=\"\" width=\"61\" height=\"30\" \/><\/a> <a href=\"https:\/\/www.topohvar.at\/orte\/pi\/\"><img loading=\"lazy\" decoding=\"async\" class=\"wp-image-535 size-full alignnone\" src=\"https:\/\/www.topohvar.at\/wp-content\/uploads\/2018\/07\/push-o-30.jpg\" alt=\"\" width=\"61\" height=\"30\" \/><\/a> <a href=\"https:\/\/www.topohvar.at\/topo\/orte\/pi\/pi-tg-04-1\/\"><img loading=\"lazy\" decoding=\"async\" class=\"alignnone wp-image-536 size-full\" src=\"https:\/\/www.topohvar.at\/wp-content\/uploads\/2018\/07\/push-r-30.jpg\" alt=\"\" width=\"61\" height=\"30\" \/><\/a><\/strong><\/p>\n<hr \/>\n<p><strong>Adresa \/ Adresse<br \/>\n<\/strong>Pitve, Donja Pitve<\/p>\n<p><strong>Lokalna polo\u017eaj \/ Position<a href=\"https:\/\/goo.gl\/maps\/WPTH98iQHkcvCWz97\"><img loading=\"lazy\" decoding=\"async\" class=\"alignright wp-image-8475\" src=\"https:\/\/www.topohvar.at\/wp-content\/uploads\/2018\/08\/0476.jpg\" alt=\"\" width=\"134\" height=\"100\" \/><\/a><br \/>\n<\/strong>Latitude: N 43\u00b0 Longitude: E 16\u00b0 <strong><br \/>\n<\/strong>Visina \/ H\u00f6he: 100\u00a0 m<\/p>\n<p><strong>Zemlji\u0161te \/ Grundst\u00fccke<br \/>\n<\/strong>*313<div class='content-column one_half'><div style=\"padding-right:6px;\"><p><strong>Datum snimanja \/ Erfassungsdatum<br \/>\n<\/strong>14.10.2014 12:17:31<\/p>\n<hr \/>\n<p><strong>Informacije<\/strong><\/p>\n<p>Najstarija zgrada Dubokovi\u0107 s dvori\u0161tem iz XV. ili XVI. st.<\/p><\/div><\/div><div class='content-column one_half last_column'><div style=\"padding-right:0px;padding-left:6px;\"><p><strong>Za\u0161titni polo\u017eaj \/ Schutzstellung<br \/>\n<\/strong>Z-2865<\/p>\n<hr \/>\n<p><strong>Info<\/strong><\/p>\n<p>Das \u00e4lteste Geb\u00e4ude ist das Haus Dubokovi\u0107 mit Innenhof aus dem 15. oder 16. Jh.<\/p><\/div><\/div><div class='clear_column'><\/div><div class='content-column one_half'><div style=\"padding-right:6px;\"><p>Obitelj hvarskih plemi\u0107a Dubokovi\u0107 Nadalini, koja se iz Bosne u 15. stolje\u0107u doselila na Hvar, 12 generacija nazo\u010dna je na otoku Hvaru, prvotno sjedi\u0161te ima u Pitvama, a zatim u Jelsi, utkana je u povijest Jelse i zaslu\u017ena za njen uspon. Dr Juraj Dubokovi\u0107, hvarsko-bra\u010dko-vi\u0161ki biskup iz 19. stolje\u0107a, utemeljitelj Higijeni\u010dkog dru\u0161tva Hvar, prete\u010de dana\u0161njeg turizma, samo je jedan od mnogih poznatih iz obitelji Dubokovi\u0107.<\/p><\/div><\/div><div class='content-column one_half last_column'><div style=\"padding-right:0px;padding-left:6px;\"><p>Die Familie der Adligen Dubokovi\u0107 Nadalini aus Hvar, die im 15. Jahrhundert von Bosnien nach Hvar eingewandert ist, ist auf der Insel Hvar seit 12 Generationen pr\u00e4sent. Sie lebten urspr\u00fcnglich in Pitve und dann in Jelsa und haben die Geschichte von Jelsa und dessen Aufstieg mitgepr\u00e4gt. Juraj Dubokovi\u0107, Ph. D., im 19. Jh. Bischof von Hvar und Vis und Gr\u00fcnder der Hygienischen Gesellschaft in der Stadt Hvar, dem Vorl\u00e4ufer des heutigen Tourismus, ist nur einer von vielen, die aus der Familie Dubokovi\u0107 bekannt sind.<\/p><\/div><\/div><div class='clear_column'><\/div><div class='content-column one_half'><div style=\"padding-right:6px;\"><p>Ku\u0107a se sada koristi u turisti\u010dke svrhe (Konoba Dvor Dubokovi\u0107).<\/p><\/div><\/div><div class='content-column one_half last_column'><div style=\"padding-right:0px;padding-left:6px;\"><p>Das Haus dient heute touristischen Zwecken (Restaurant Dvor Dubokovi\u0107).<\/p><\/div><\/div><div class='clear_column'><\/div><\/p>\n<p><img loading=\"lazy\" decoding=\"async\" class=\"aligncenter wp-image-32172 size-full\" src=\"https:\/\/www.topohvar.at\/wp-content\/uploads\/2020\/03\/pi-tg-03-7.jpg\" alt=\"\" width=\"640\" height=\"315\" srcset=\"https:\/\/www.topohvar.at\/wp-content\/uploads\/2020\/03\/pi-tg-03-7.jpg 640w, https:\/\/www.topohvar.at\/wp-content\/uploads\/2020\/03\/pi-tg-03-7-300x148.jpg 300w\" sizes=\"auto, (max-width: 640px) 100vw, 640px\" \/><\/p>\n<hr \/>\n<p><strong>Linkovi \/ Links<\/strong><\/p>\n<p><span style=\"color: #3366ff;\"><a style=\"color: #3366ff;\" href=\"https:\/\/www.topohvar.at\/topo\/orte\/hv\/hv-is-41-1\">Hvar \u2013 Spomen plo\u010da \/ Gedenktafel \u00bbGeorgius Dubokovich<\/a><br \/>\n<a style=\"color: #3366ff;\" href=\"https:\/\/www.topohvar.at\/orte\/hv\/hv-is-09-1\/\">Hvar &#8211; Spomen plo\u010da \u00bbHigijeni\u010dko dru\u0161tvo Hvar\u00ab \/ Gedenktafel Hygienische Gesellschaft<\/a><br \/>\n<a style=\"color: #3366ff;\" href=\"https:\/\/www.topohvar.at\/orte\/je\/je-tg-08-1\/\">Jelsa &#8211; Ku\u0107a \/ Haus \u00bbDr. Niko Dubokovi\u0107 Nadalini\u00ab\u00a0<\/a><br \/>\n<a style=\"color: #3366ff;\" href=\"https:\/\/www.topohvar.at\/topo\/orte\/po\/po-tg-02-1\">Poljica &#8211; Ladanjska ku\u0107a \/ Landhaus \u00bbAn\u0111elinovi\u0107-Angelini\u00ab<\/a><br \/>\n<a style=\"color: #3366ff;\" href=\"https:\/\/www.topohvar.at\/topo\/orte\/pr\/pr-tg-02-1\/\">Prapatna \u2013 Ku\u0107a \u00bbAngelini (Angjelinovi\u0107)\u00ab<\/a><br \/>\n<a style=\"color: #3366ff;\" href=\"https:\/\/www.topohvar.at\/orte\/za\/za-tg-03-1\/\">Zastra\u017ei\u0161\u0107e Ku\u0107a \/ Haus \u00bbAngelini (Angjelinovi\u0107, kasnije \/ sp\u00e4ter Dubokovi\u0107 Nadalini)\u00ab<\/a><\/span><\/p>\n","protected":false},"excerpt":{"rendered":"<p>Ime \/ Name Ku\u0107a \/ Haus \u00bbDubokovi\u0107a dvori\u00ab Code: PI-TG-03\u00a0 \u00a0 \u00a0 \u00a0 \u00a0 \u00a0 \u00a0 \u00a0 \u00a0\u00a0\u00a0 \u00a0 \u00a0 \u00a0 \u00a0 \u00a0 \u00a0 \u00a0 Adresa \/ Adresse Pitve, Donja Pitve Lokalna polo\u017eaj \/ Position Latitude: N 43\u00b0 Longitude: E &hellip; <a href=\"https:\/\/www.topohvar.at\/topo\/orte\/pi\/pi-tg-03-1\/\">Weiterlesen <span class=\"meta-nav\">&rarr;<\/span><\/a><\/p>\n","protected":false},"author":1,"featured_media":0,"parent":89,"menu_order":0,"comment_status":"closed","ping_status":"closed","template":"","meta":{"footnotes":""},"class_list":["post-32171","page","type-page","status-publish","hentry"],"_links":{"self":[{"href":"https:\/\/www.topohvar.at\/topo\/wp-json\/wp\/v2\/pages\/32171","targetHints":{"allow":["GET"]}}],"collection":[{"href":"https:\/\/www.topohvar.at\/topo\/wp-json\/wp\/v2\/pages"}],"about":[{"href":"https:\/\/www.topohvar.at\/topo\/wp-json\/wp\/v2\/types\/page"}],"author":[{"embeddable":true,"href":"https:\/\/www.topohvar.at\/topo\/wp-json\/wp\/v2\/users\/1"}],"replies":[{"embeddable":true,"href":"https:\/\/www.topohvar.at\/topo\/wp-json\/wp\/v2\/comments?post=32171"}],"version-history":[{"count":16,"href":"https:\/\/www.topohvar.at\/topo\/wp-json\/wp\/v2\/pages\/32171\/revisions"}],"predecessor-version":[{"id":68007,"href":"https:\/\/www.topohvar.at\/topo\/wp-json\/wp\/v2\/pages\/32171\/revisions\/68007"}],"up":[{"embeddable":true,"href":"https:\/\/www.topohvar.at\/topo\/wp-json\/wp\/v2\/pages\/89"}],"wp:attachment":[{"href":"https:\/\/www.topohvar.at\/topo\/wp-json\/wp\/v2\/media?parent=32171"}],"curies":[{"name":"wp","href":"https:\/\/api.w.org\/{rel}","templated":true}]}}