{"id":33458,"date":"2020-03-15T09:39:21","date_gmt":"2020-03-15T08:39:21","guid":{"rendered":"https:\/\/www.topohvar.at\/topo\/?page_id=33458"},"modified":"2025-04-14T16:13:37","modified_gmt":"2025-04-14T14:13:37","slug":"os-po-02-1","status":"publish","type":"page","link":"https:\/\/www.topohvar.at\/topo\/orte\/os\/os-po-02-1\/","title":{"rendered":"OTOK \u0160\u010cEDRO &#8211; Anti\u010dko nazali\u0161te \u00bbOstaci anti\u010dke arhitekture\u00ab"},"content":{"rendered":"<p><a name=\"seite_oben\"><\/a><br \/>\n<img loading=\"lazy\" decoding=\"async\" class=\"aligncenter wp-image-33461 size-full\" src=\"https:\/\/www.topohvar.at\/wp-content\/uploads\/2020\/03\/os-po-02-1.jpg\" alt=\"\" width=\"640\" height=\"314\" srcset=\"https:\/\/www.topohvar.at\/wp-content\/uploads\/2020\/03\/os-po-02-1.jpg 640w, https:\/\/www.topohvar.at\/wp-content\/uploads\/2020\/03\/os-po-02-1-300x147.jpg 300w\" sizes=\"auto, (max-width: 640px) 100vw, 640px\" \/><\/p>\n<p><strong>Ime \/ Name<br \/>\n<\/strong>Anti\u010dko nazali\u0161te \u00bbOstaci anti\u010dke arhitekture\u00ab \/ Antike St\u00e4tte \u00bbReste antiker Architektur\u00ab<\/p>\n<p><strong>Code: <\/strong>OS-PO-02\u00a0 \u00a0 \u00a0 \u00a0 \u00a0 \u00a0 \u00a0 \u00a0 \u00a0 \u00a0 \u00a0 \u00a0 \u00a0 \u00a0 \u00a0 \u00a0 \u00a0 \u00a0 \u00a0 \u00a0 <strong>\u00a0\u00a0 <a href=\"https:\/\/www.topohvar.at\/orte\/os\/os-pg-01-1\/\"><img loading=\"lazy\" decoding=\"async\" class=\"alignnone wp-image-533 size-full\" src=\"https:\/\/www.topohvar.at\/wp-content\/uploads\/2018\/07\/push-l-30.jpg\" alt=\"\" width=\"61\" height=\"30\" \/><\/a> <a href=\"https:\/\/www.topohvar.at\/orte\/os\/\"><img loading=\"lazy\" decoding=\"async\" class=\"alignnone wp-image-535 size-full\" src=\"https:\/\/www.topohvar.at\/wp-content\/uploads\/2018\/07\/push-o-30.jpg\" alt=\"\" width=\"61\" height=\"30\" \/><\/a> <a href=\"https:\/\/www.topohvar.at\/orte\/os\/os-po-00-1\/\"><img loading=\"lazy\" decoding=\"async\" class=\"alignnone wp-image-536 size-full\" src=\"https:\/\/www.topohvar.at\/wp-content\/uploads\/2018\/07\/push-r-30.jpg\" alt=\"\" width=\"61\" height=\"30\" \/><\/a>\u00a0<\/strong><\/p>\n<hr \/>\n<p><strong>Adresa \/ Adresse<br \/>\n<\/strong>Otok \u0160\u0107edro, Uvala Veli Porat &#8211; Uvala Rake<\/p>\n<p><strong>Lokacija \/ Position<a href=\"https:\/\/goo.gl\/maps\/gLWUBDh6awmXtGgw5\"><img loading=\"lazy\" decoding=\"async\" class=\"alignright wp-image-33459\" src=\"https:\/\/www.topohvar.at\/wp-content\/uploads\/2020\/03\/2124.jpg\" alt=\"\" width=\"134\" height=\"100\" \/><\/a><br \/>\n<\/strong><span style=\"color: #3366ff;\"><a style=\"color: #3366ff;\" href=\"https:\/\/goo.gl\/maps\/gLWUBDh6awmXtGgw5\">Latitude: N 43,09268\u00b0\u00a0 \u00a0Longitude: E 16,70345\u00b0 <\/a><\/span><strong><br \/>\n<\/strong>Visina \/ H\u00f6he: -0 m<\/p>\n<p><strong>Katastarska \u010destica <\/strong><strong>\/ Grundst\u00fccke<br \/>\n<\/strong>&#8211; <div class='content-column one_half'><div style=\"padding-right:6px;\"><p><strong>Datum snimanja \/ Erfassungsdatum<br \/>\n<\/strong>28.06.2020 12:00:00<\/p>\n<hr \/>\n<p><strong>Informacije<\/strong><\/p>\n<p>Strukture rimske vile maritime iz 1. do 4.st. koje se nalaze u pli\u0107aku uvale Rake na otoku Scedru od ovog ljeta vidljive su svim kupa\u010dima i \u0161etacima. Podru\u010dje je za\u0161ti\u0107eno bovicama te ozna\u010deno ru\u010dno izradenim natpisom.<\/p><\/div><\/div><div class='content-column one_half last_column'><div style=\"padding-right:0px;padding-left:6px;\"><p><strong>Stupanj za\u0161tite<\/strong><strong> \/ Schutzstellung<br \/>\n<\/strong>&#8211;<\/p>\n<hr \/>\n<p><span style=\"color: #000000;\"><strong>Info<\/strong><\/span><\/p>\n<p>Die Strukturen der r\u00f6mischen Seevilla vom 1. bis 4. Jahrhundert. die sich in den Untiefen der Rake Bay auf der Insel Scedra befinden, sind ab diesem Sommer f\u00fcr alle Schwimmer und Spazierg\u00e4nger sichtbar. Das Gebiet ist durch Bojen gesch\u00fctzt und mit einer handgefertigten Inschrift gekennzeichnet.<\/p><\/div><\/div><div class='clear_column'><\/div><div class='content-column one_half'><div style=\"padding-right:6px;\"><p>U dnu uvale Rake nalaze se arhitektonski ostaci anti\u010dkog pristani\u0161ta, operativne obale i drugih struktura. Isto\u010dno od arhitektonskih ostataka na dubini od 2 metra, nalaze se ostaci donjeg dijela pithosa, vidljivog u du\u017eini od 1 metra. Na zapadnoj strani uvale na vi\u0161e su mjesta na dnu ispod mulja prona\u0111ene velike koli\u010dine dijelova amfora i drugog kerami\u010dkog materijala anti\u010dke datacije. S obzirom na sve predmetne nalaze, evidentno je da je rije\u010d o kompleksu anti\u010dkog gospodarskog postrojenja &#8211; villae maritimae.<\/p><\/div><\/div><div class='content-column one_half last_column'><div style=\"padding-right:0px;padding-left:6px;\"><p>Zu Beginn der Bucht Rake befinden sich architektonische \u00dcberreste eines alten Piers, eines operativen Ufers und anderer Strukturen. \u00d6stlich der architektonischen \u00dcberreste in einer Tiefe von 2 Metern befinden sich die \u00dcberreste des unteren Teils des Pithos, die auf einer L\u00e4nge von 1 Meter sichtbar sind. Auf der Westseite der Bucht wurden an mehreren Stellen am Boden unterhalb des Schlickes gro\u00dfe Mengen von Amphorenteilen und anderem Keramikmaterial aus der Antike gefunden. In Anbetracht aller fraglichen Ergebnisse ist es offensichtlich, dass es sich um einen Komplex einer alten landwirtschaftlichen Einrichtung handelt einer &#8222;villae maritimae&#8220;.<\/p><\/div><\/div><div class='clear_column'><\/div><\/p>\n<p><img loading=\"lazy\" decoding=\"async\" class=\"aligncenter size-full wp-image-71502\" src=\"https:\/\/www.topohvar.at\/wp-content\/uploads\/2025\/04\/os-po-02-10.jpg\" alt=\"\" width=\"864\" height=\"467\" srcset=\"https:\/\/www.topohvar.at\/wp-content\/uploads\/2025\/04\/os-po-02-10.jpg 864w, https:\/\/www.topohvar.at\/wp-content\/uploads\/2025\/04\/os-po-02-10-300x162.jpg 300w, https:\/\/www.topohvar.at\/wp-content\/uploads\/2025\/04\/os-po-02-10-768x415.jpg 768w\" sizes=\"auto, (max-width: 864px) 100vw, 864px\" \/><\/p>\n<p style=\"text-align: center;\"><em>(Izvor \/ Quelle: Podvodna Ba\u0161tina, Splitsko-Dalmatinske \u017dupanje, kulturno-turisti\u010dki vodi\u010d)<\/em><\/p>\n<p style=\"text-align: right;\"><span style=\"color: #3366ff;\"><a style=\"color: #3366ff;\" href=\"#seite_oben\">natrag na vrh \/ Seitenanfang<\/a><\/span><\/p>\n<hr \/>\n<p><strong>Linkovi \/ Links<\/strong><\/p>\n<p><span style=\"color: #3366ff;\"><a style=\"color: #3366ff;\" href=\"https:\/\/www.topohvar.at\/topo\/orte\/os\/os-pk-01-1\/\">Nepokretno kulturno dobro \u00bbUvala Rake\u00ab \/\u00a0Unbewegliches kulturelles Gut \u00bbBucht Rake\u00ab<\/a><\/span><\/p>\n","protected":false},"excerpt":{"rendered":"<p>Ime \/ Name Anti\u010dko nazali\u0161te \u00bbOstaci anti\u010dke arhitekture\u00ab \/ Antike St\u00e4tte \u00bbReste antiker Architektur\u00ab Code: OS-PO-02\u00a0 \u00a0 \u00a0 \u00a0 \u00a0 \u00a0 \u00a0 \u00a0 \u00a0 \u00a0 \u00a0 \u00a0 \u00a0 \u00a0 \u00a0 \u00a0 \u00a0 \u00a0 \u00a0 \u00a0 \u00a0\u00a0 \u00a0 Adresa \/ Adresse &hellip; <a href=\"https:\/\/www.topohvar.at\/topo\/orte\/os\/os-po-02-1\/\">Weiterlesen <span class=\"meta-nav\">&rarr;<\/span><\/a><\/p>\n","protected":false},"author":1,"featured_media":0,"parent":121,"menu_order":0,"comment_status":"closed","ping_status":"closed","template":"","meta":{"footnotes":""},"class_list":["post-33458","page","type-page","status-publish","hentry"],"_links":{"self":[{"href":"https:\/\/www.topohvar.at\/topo\/wp-json\/wp\/v2\/pages\/33458","targetHints":{"allow":["GET"]}}],"collection":[{"href":"https:\/\/www.topohvar.at\/topo\/wp-json\/wp\/v2\/pages"}],"about":[{"href":"https:\/\/www.topohvar.at\/topo\/wp-json\/wp\/v2\/types\/page"}],"author":[{"embeddable":true,"href":"https:\/\/www.topohvar.at\/topo\/wp-json\/wp\/v2\/users\/1"}],"replies":[{"embeddable":true,"href":"https:\/\/www.topohvar.at\/topo\/wp-json\/wp\/v2\/comments?post=33458"}],"version-history":[{"count":11,"href":"https:\/\/www.topohvar.at\/topo\/wp-json\/wp\/v2\/pages\/33458\/revisions"}],"predecessor-version":[{"id":71503,"href":"https:\/\/www.topohvar.at\/topo\/wp-json\/wp\/v2\/pages\/33458\/revisions\/71503"}],"up":[{"embeddable":true,"href":"https:\/\/www.topohvar.at\/topo\/wp-json\/wp\/v2\/pages\/121"}],"wp:attachment":[{"href":"https:\/\/www.topohvar.at\/topo\/wp-json\/wp\/v2\/media?parent=33458"}],"curies":[{"name":"wp","href":"https:\/\/api.w.org\/{rel}","templated":true}]}}