{"id":33495,"date":"2020-03-15T12:22:38","date_gmt":"2020-03-15T11:22:38","guid":{"rendered":"https:\/\/www.topohvar.at\/topo\/?page_id=33495"},"modified":"2024-12-15T16:07:11","modified_gmt":"2024-12-15T15:07:11","slug":"op-pv-07-1","status":"publish","type":"page","link":"https:\/\/www.topohvar.at\/topo\/orte\/op\/op-pv-07-1\/","title":{"rendered":"OTOCI PAKLENI &#8211; Podvodna nalazi\u0161te \u00bbNovovjekovni brodolom (1)\u00ab"},"content":{"rendered":"<p><a name=\"seite_oben\"><\/a><br \/>\n<strong><img loading=\"lazy\" decoding=\"async\" class=\"alignnone wp-image-387 size-full\" src=\"https:\/\/www.topohvar.at\/wp-content\/uploads\/2018\/07\/00-00-00-1.jpg\" alt=\"\" width=\"114\" height=\"56\" \/><\/strong><\/p>\n<p><strong>Ime \/ Name<br \/>\n<\/strong>Podvodna nalazi\u0161te \u00bbNovovjekovni brodolom (1)\u00ab \/ Neuzeitliches Schiffswrack (1)<\/p>\n<p><strong>Code: <\/strong>OP-PV-07\u00a0 \u00a0 \u00a0 \u00a0 \u00a0 \u00a0 \u00a0 \u00a0 \u00a0 \u00a0 \u00a0 \u00a0 \u00a0 \u00a0 \u00a0 \u00a0 \u00a0 \u00a0<strong>\u00a0<a href=\"https:\/\/www.topohvar.at\/orte\/op\/op-pv-09-1\/\"><img loading=\"lazy\" decoding=\"async\" class=\"alignnone wp-image-533 size-full\" src=\"https:\/\/www.topohvar.at\/wp-content\/uploads\/2018\/07\/push-l-30.jpg\" alt=\"\" width=\"61\" height=\"30\" \/><\/a> <a href=\"https:\/\/www.topohvar.at\/orte\/op\/\"><img loading=\"lazy\" decoding=\"async\" class=\"alignnone wp-image-535 size-full\" src=\"https:\/\/www.topohvar.at\/wp-content\/uploads\/2018\/07\/push-o-30.jpg\" alt=\"\" width=\"61\" height=\"30\" \/><\/a> <a href=\"https:\/\/www.topohvar.at\/orte\/op\/op-po-01-1\/\"><img loading=\"lazy\" decoding=\"async\" class=\"alignnone wp-image-536 size-full\" src=\"https:\/\/www.topohvar.at\/wp-content\/uploads\/2018\/07\/push-r-30.jpg\" alt=\"\" width=\"61\" height=\"30\" \/><\/a>\u00a0<\/strong><\/p>\n<hr \/>\n<p><strong>Adresa \/ Adresse<br \/>\n<\/strong>Pakleni otoci, Otoka Stambedar \/ Plo\u010dice<\/p>\n<p><strong>Lokacija \/ Position<a href=\"https:\/\/goo.gl\/maps\/6krDFvgSJpxV7Wv58\"><img loading=\"lazy\" decoding=\"async\" class=\"alignright wp-image-56610\" src=\"https:\/\/www.topohvar.at\/wp-content\/uploads\/2022\/01\/2126-1.jpg\" alt=\"\" width=\"134\" height=\"100\" \/><\/a><br \/>\n<\/strong><span style=\"color: #3366ff;\"><a style=\"color: #3366ff;\" href=\"https:\/\/goo.gl\/maps\/6krDFvgSJpxV7Wv58\">Latitude: N 43,14728\u00b0\u00a0 \u00a0Longitude: E 16,37919\u00b0<\/a> <\/span><strong><br \/>\n<\/strong>Visina \/ H\u00f6he: -38 m<\/p>\n<p><strong>Katastarska \u010destica <\/strong><strong>\/ Grundst\u00fccke<br \/>\n<\/strong>&#8211;<div class='content-column one_half'><div style=\"padding-right:6px;\"><p><strong>Datum snimanja \/ Erfassungsdatum<br \/>\n<\/strong>01.01.2000 00:00:00<\/p>\n<hr \/>\n<p><strong>Informacije<\/strong><\/p>\n<p>Na sjevernoj strani oto\u010di\u0107a Stambedra, na pje\u0161\u010danom dnu, nalaze se ostaci novovjekovnog brodoloma. Na pijesku su vidljiva dva \u017eeljezna sidra i tri \u017eeljezna topa. Dio opreme broda je jo\u0161 pod pijeskom, a tu su i drveni ostaci brodske konstrukcije. Brodolom se datira u 17-18 st. (oznaka dobra: Z-230). Brod se nalazi na dubini od 36-40 metara.<\/p><\/div><\/div><div class='content-column one_half last_column'><div style=\"padding-right:0px;padding-left:6px;\"><p><strong>Stupanj za\u0161tite<\/strong><strong> \/ Schutzstellung<br \/>\n<\/strong>Z-0230<\/p>\n<hr \/>\n<p><strong>Info<\/strong><\/p>\n<p>Auf der Nordseite der Insel Stambedra, auf dem Sandboden, befinden sich die \u00dcberreste eines modernen Schiffswracks. Im Sand sind zwei Eisenanker und drei Eisenkanonen zu sehen. Ein Teil der Schiffsausr\u00fcstung liegt noch unter dem Sand, und es gibt h\u00f6lzerne \u00dcberreste der Schiffsstruktur. Das Schiffswrack stammt aus dem 17.-18. Jahrhundert und befindet sich in einer Tiefe von 36-40 Metern.<\/p><\/div><\/div><div class='clear_column'><\/div><div class='content-column one_half'><div style=\"padding-right:6px;\"><p>Nakon \u0161to budu zavr\u0161ena arheolo\u0161ka istra\u017eivanja koja se na predmetnoj lokaciji kontinuirano provode, brodolom \u0107e biti otvoren za ronjenje u turisti\u010dke svrhe.<\/p><\/div><\/div><div class='content-column one_half last_column'><div style=\"padding-right:0px;padding-left:6px;\"><p>Sobald die arch\u00e4ologischen Untersuchungen abgeschlossen sind, die kontinuierlich auf dem Gel\u00e4nde durchgef\u00fchrt werden, wird das Schiffswrack f\u00fcr touristische Zwecke zum Tauchen ge\u00f6ffnet sein.<\/p><\/div><\/div><div class='clear_column'><\/div><\/p>\n<p style=\"text-align: center;\"><em>(Izvor: \/ Quelle: <span style=\"color: #3366ff;\"><a style=\"color: #3366ff;\" href=\"https:\/\/pakleniotoci.eu\/PakleniIslands\/CulHisHeritage\">pakleniotoci.eu<\/a><\/span>)<\/em><\/p>\n<p style=\"text-align: right;\"><span style=\"color: #3366ff;\"><a style=\"color: #3366ff;\" href=\"#seite_oben\">natrag na vrh \/ Seitenanfang<\/a><\/span><\/p>\n<hr \/>\n<p><strong>Linkovi \/ Links<\/strong><\/p>\n<p><em><span style=\"color: #3366ff;\"><a style=\"color: #3366ff;\" href=\"https:\/\/pakleniotoci.eu\/PakleniIslands\/CulHisHeritage\">pakleniotoci.eu<\/a><\/span><\/em><\/p>\n","protected":false},"excerpt":{"rendered":"<p>Ime \/ Name Podvodna nalazi\u0161te \u00bbNovovjekovni brodolom (1)\u00ab \/ Neuzeitliches Schiffswrack (1) Code: OP-PV-07\u00a0 \u00a0 \u00a0 \u00a0 \u00a0 \u00a0 \u00a0 \u00a0 \u00a0 \u00a0 \u00a0 \u00a0 \u00a0 \u00a0 \u00a0 \u00a0 \u00a0 \u00a0\u00a0 \u00a0 Adresa \/ Adresse Pakleni otoci, Otoka Stambedar \/ &hellip; <a href=\"https:\/\/www.topohvar.at\/topo\/orte\/op\/op-pv-07-1\/\">Weiterlesen <span class=\"meta-nav\">&rarr;<\/span><\/a><\/p>\n","protected":false},"author":1,"featured_media":0,"parent":123,"menu_order":0,"comment_status":"closed","ping_status":"closed","template":"","meta":{"footnotes":""},"class_list":["post-33495","page","type-page","status-publish","hentry"],"_links":{"self":[{"href":"https:\/\/www.topohvar.at\/topo\/wp-json\/wp\/v2\/pages\/33495","targetHints":{"allow":["GET"]}}],"collection":[{"href":"https:\/\/www.topohvar.at\/topo\/wp-json\/wp\/v2\/pages"}],"about":[{"href":"https:\/\/www.topohvar.at\/topo\/wp-json\/wp\/v2\/types\/page"}],"author":[{"embeddable":true,"href":"https:\/\/www.topohvar.at\/topo\/wp-json\/wp\/v2\/users\/1"}],"replies":[{"embeddable":true,"href":"https:\/\/www.topohvar.at\/topo\/wp-json\/wp\/v2\/comments?post=33495"}],"version-history":[{"count":12,"href":"https:\/\/www.topohvar.at\/topo\/wp-json\/wp\/v2\/pages\/33495\/revisions"}],"predecessor-version":[{"id":70723,"href":"https:\/\/www.topohvar.at\/topo\/wp-json\/wp\/v2\/pages\/33495\/revisions\/70723"}],"up":[{"embeddable":true,"href":"https:\/\/www.topohvar.at\/topo\/wp-json\/wp\/v2\/pages\/123"}],"wp:attachment":[{"href":"https:\/\/www.topohvar.at\/topo\/wp-json\/wp\/v2\/media?parent=33495"}],"curies":[{"name":"wp","href":"https:\/\/api.w.org\/{rel}","templated":true}]}}