{"id":33522,"date":"2020-03-16T12:33:59","date_gmt":"2020-03-16T11:33:59","guid":{"rendered":"https:\/\/www.topohvar.at\/topo\/?page_id=33522"},"modified":"2024-12-16T17:16:35","modified_gmt":"2024-12-16T16:16:35","slug":"va-po-02-1","status":"publish","type":"page","link":"https:\/\/www.topohvar.at\/topo\/orte\/va\/va-po-02-1\/","title":{"rendered":"VRBOSKA &#8211; Arheolo\u0161ka lokalitet \u00bbMirje\u00ab"},"content":{"rendered":"<p><a name=\"seite_oben\"><\/a><br \/>\n<strong><img loading=\"lazy\" decoding=\"async\" class=\"aligncenter wp-image-48547 size-full\" src=\"https:\/\/www.topohvar.at\/wp-content\/uploads\/2021\/05\/va-po-02-20.jpg\" alt=\"\" width=\"1080\" height=\"530\" srcset=\"https:\/\/www.topohvar.at\/wp-content\/uploads\/2021\/05\/va-po-02-20.jpg 1080w, https:\/\/www.topohvar.at\/wp-content\/uploads\/2021\/05\/va-po-02-20-300x147.jpg 300w, https:\/\/www.topohvar.at\/wp-content\/uploads\/2021\/05\/va-po-02-20-1024x503.jpg 1024w, https:\/\/www.topohvar.at\/wp-content\/uploads\/2021\/05\/va-po-02-20-768x377.jpg 768w\" sizes=\"auto, (max-width: 1080px) 100vw, 1080px\" \/><\/strong><\/p>\n<p><strong>Ime \/ Name<br \/>\n<\/strong>Arheolo\u0161ka lokalitet \/ Arch\u00e4ologische Lokalit\u00e4t \u00bbMirje\u00ab<\/p>\n<p><strong>Code: <\/strong>VA-PO-02\u00a0 \u00a0 \u00a0 \u00a0 \u00a0 \u00a0 \u00a0 \u00a0<strong>\u00a0 \u00a0 \u00a0 \u00a0 \u00a0 \u00a0 \u00a0 \u00a0 \u00a0 \u00a0 \u00a0 \u00a0 \u00a0 \u00a0 <a href=\"https:\/\/www.topohvar.at\/orte\/va\/va-po-01-1\/\"><img loading=\"lazy\" decoding=\"async\" class=\"alignnone wp-image-533 size-full\" src=\"https:\/\/www.topohvar.at\/wp-content\/uploads\/2018\/07\/push-l-30.jpg\" alt=\"\" width=\"61\" height=\"30\" \/><\/a> <a href=\"https:\/\/www.topohvar.at\/orte\/va\/\"><img loading=\"lazy\" decoding=\"async\" class=\"alignnone wp-image-535 size-full\" src=\"https:\/\/www.topohvar.at\/wp-content\/uploads\/2018\/07\/push-o-30.jpg\" alt=\"\" width=\"61\" height=\"30\" \/><\/a> <a href=\"https:\/\/www.topohvar.at\/orte\/va\/va-po-03-1\/\"><img loading=\"lazy\" decoding=\"async\" class=\"alignnone wp-image-536 size-full\" src=\"https:\/\/www.topohvar.at\/wp-content\/uploads\/2018\/07\/push-r-30.jpg\" alt=\"\" width=\"61\" height=\"30\" \/><\/a> \u00a0 \u00a0\u00a0<\/strong><\/p>\n<hr \/>\n<p><strong>Adresa \/ Adresse<br \/>\n<\/strong>Vrboska,<\/p>\n<p><strong data-wp-editing=\"1\">Lokalna polo\u017eaj \/ Position<a href=\"https:\/\/goo.gl\/maps\/rJSXW33rz6oxHqUM8\"><img loading=\"lazy\" decoding=\"async\" class=\"alignright wp-image-48546\" src=\"https:\/\/www.topohvar.at\/wp-content\/uploads\/2021\/05\/3113-1.jpg\" alt=\"\" width=\"134\" height=\"100\" \/><\/a><br \/>\n<\/strong><span style=\"color: #3366ff;\"><a style=\"color: #3366ff;\" href=\"https:\/\/goo.gl\/maps\/rJSXW33rz6oxHqUM8\">Latitude: N 43,17659\u00b0\u00a0 \u00a0 Longitude: E 16,65732\u00b0<\/a>\u00a0<\/span><strong><br \/>\n<\/strong>Visina \/ H\u00f6he: 25 m<\/p>\n<p><strong>Zemlji\u0161te \/ Grundst\u00fccke<br \/>\n<\/strong>1876\/1, 1876\/2<div class='content-column one_half'><div style=\"padding-right:6px;\"><p><strong>Datum snimanja \/ Erfassungsdatum<br \/>\n<\/strong>22.04.2021 11:15:51<\/p>\n<hr \/>\n<p><strong>Informacije<\/strong><\/p>\n<p>Villa rustica, Velika rimska rusti\u010dna vila s ostacima zidova. Najvi\u0161i zid o\u010duvan je u visini od 4,5 m s otvorima za podne grede. Na povr\u0161ini mogu se na\u0107i kockice mozaika. Na lokalitetu se nalazi i cisterna veli\u010dine 1,45&#215;1,40 m te vi\u0161e drugih zidova od pravilnih tesanaca.<\/p><\/div><\/div><div class='content-column one_half last_column'><div style=\"padding-right:0px;padding-left:6px;\"><p><strong>Za\u0161titni polo\u017eaj \/ Schutzstellung<br \/>\n<\/strong>&#8211;<\/p>\n<hr \/>\n<p><strong>Info<\/strong><\/p>\n<p>Villa Rustica, Gro\u00dfe r\u00f6mische Landhausvilla mit Mauerresten. Die h\u00f6chste Mauer ist in einer H\u00f6he von 4,5 m mit \u00d6ffnungen f\u00fcr Bodenbalken erhalten. Auf der Oberfl\u00e4che sind Mosaikw\u00fcrfel zu finden. Auf dem Gel\u00e4nde gibt es auch eine 1,45 x 1,40 m gro\u00dfe Zisterne sowie mehrere andere Mauern aus regelm\u00e4\u00dfig behauenen Steinen.<\/p><\/div><\/div><div class='clear_column'><\/div><div class='content-column one_half'><div style=\"padding-right:6px;\"><p>Na lokalitetu su zabilje\u017eena i dva ukopa, ali su uni\u0161tena poljoprivrednim radovima.<\/p><\/div><\/div><div class='content-column one_half last_column'><div style=\"padding-right:0px;padding-left:6px;\"><p>Auf dem Gel\u00e4nde wurden auch zwei Bestattungen registriert, die aber durch landwirtschaftliche Arbeiten zerst\u00f6rt wurden.<\/p><\/div><\/div><div class='clear_column'><\/div><\/p>\n<p style=\"text-align: center;\"><em>(Izvor\/Quelle: <span style=\"color: #3366ff;\"><a style=\"color: #3366ff;\" href=\"http:\/\/baza.iarh.hr\/public\/locality\/detail\/2179\">Anti\u010dka arheolo\u0161ka nalazi\u0161ta RH<\/a><\/span>)<\/em><\/p>\n<hr \/>\n<div class='content-column one_half'><div style=\"padding-right:6px;\"><p>2016. godine u organizaciji Javne ustanove Agencije za upravljanje Starogradskim poljem zapo\u010dela su arheolo\u0161ka istra\u017eivanja na lokalitetu Mirje u Starogradskom polju. Projekt je financiran od strane Ministarstva kulture. Voditelj istra\u017eivanja je arheolog Barbara Oluji\u0107, a zamjenica arheolog Ivana Protulipac. U istra\u017eivanjima sudjeluju i arheolozi iz Arheolo\u0161kog muzeja iz Zagreba.<\/p><\/div><\/div><div class='content-column one_half last_column'><div style=\"padding-right:0px;padding-left:6px;\"><p>Die arch\u00e4ologischen Ausgrabungen am Standort Mirje im Starigrader Feld, die von der \u00f6ffentlichen Einrichtung zur Bewirtschaftung des Starigrader Feldes organisiert wurden, begannen im Jahr 2016.\u00a0 Das Projekt wird vom Kulturministerium finanziert. Die Forschungsleiterin ist die Arch\u00e4ologin Barbara Oluji\u0107 und die stellvertretende Arch\u00e4ologin ist Ivana Protulipac. Arch\u00e4ologen des Arch\u00e4ologischen Museums in Zagreb beteiligten sich ebenfalls an der Forschung.<\/p><\/div><\/div><div class='clear_column'><\/div><div class='content-column one_half'><div style=\"padding-right:6px;\"><p>Nakon gra\u0111evinske sanacije kasnoanti\u010dkog zida 2019.g., izvr\u0161ila su se sonda\u017ena arheolo\u0161ka istra\u017eivanja lokaliteta Mirje (Starogradskim poljem prema Vrboskoj). Voditeljica istra\u017eivanja bila je arheologinja Ivana Protulipac. Kad se stavi info plo\u010da na lokalitetu i uredi pristupni put, Starogradsko polje \u0107e uz Kupinovik i Maslinovik dobiti jo\u0161 jedan lokalitet za turisti\u010dko razgledavanje.<\/p><\/div><\/div><div class='content-column one_half last_column'><div style=\"padding-right:0px;padding-left:6px;\"><p>Nach der Sanierung der sp\u00e4tantiken Wand auf dem Gel\u00e4nde von Mirje (Stari Grader Feld bei Vrboska) im Jahr 2019 wurden arch\u00e4ologische Sondierungsarbeiten durchgef\u00fchrt. Die Forschungsleiterin war die Arch\u00e4ologin Ivana Protulipac. Wenn die Infotafel auf dem Gel\u00e4nde aufgestellt und die Zufahrtsstra\u00dfe eingerichtet ist, erh\u00e4lt das Stari Grader Feld neben Kupinovik und Maslinovik eine weitere touristische Sehensw\u00fcrdigkeit.<\/p><\/div><\/div><div class='clear_column'><\/div><\/p>\n<p><img loading=\"lazy\" decoding=\"async\" class=\"alignnone wp-image-33529 size-full\" src=\"https:\/\/www.topohvar.at\/wp-content\/uploads\/2020\/03\/va-po-02-2.jpg\" alt=\"\" width=\"640\" height=\"315\" srcset=\"https:\/\/www.topohvar.at\/wp-content\/uploads\/2020\/03\/va-po-02-2.jpg 640w, https:\/\/www.topohvar.at\/wp-content\/uploads\/2020\/03\/va-po-02-2-300x148.jpg 300w\" sizes=\"auto, (max-width: 640px) 100vw, 640px\" \/><\/p>\n<p><img loading=\"lazy\" decoding=\"async\" class=\"alignnone wp-image-34066 size-large\" src=\"https:\/\/www.topohvar.at\/wp-content\/uploads\/2020\/03\/va-po-02-4-1024x503.jpg\" alt=\"\" width=\"640\" height=\"314\" srcset=\"https:\/\/www.topohvar.at\/wp-content\/uploads\/2020\/03\/va-po-02-4-1024x503.jpg 1024w, https:\/\/www.topohvar.at\/wp-content\/uploads\/2020\/03\/va-po-02-4-300x147.jpg 300w, https:\/\/www.topohvar.at\/wp-content\/uploads\/2020\/03\/va-po-02-4-768x377.jpg 768w, https:\/\/www.topohvar.at\/wp-content\/uploads\/2020\/03\/va-po-02-4.jpg 1080w\" sizes=\"auto, (max-width: 640px) 100vw, 640px\" \/><\/p>\n<p style=\"text-align: right;\"><a href=\"#seite_oben\">natrag na vrh \/ Seitenanfang<\/a><\/p>\n<hr \/>\n<p><strong>Linkovi \/ Links<\/strong><\/p>\n<p>&#8211;<\/p>\n","protected":false},"excerpt":{"rendered":"<p>Ime \/ Name Arheolo\u0161ka lokalitet \/ Arch\u00e4ologische Lokalit\u00e4t \u00bbMirje\u00ab Code: VA-PO-02\u00a0 \u00a0 \u00a0 \u00a0 \u00a0 \u00a0 \u00a0 \u00a0\u00a0 \u00a0 \u00a0 \u00a0 \u00a0 \u00a0 \u00a0 \u00a0 \u00a0 \u00a0 \u00a0 \u00a0 \u00a0 \u00a0 \u00a0 \u00a0\u00a0 Adresa \/ Adresse Vrboska, Lokalna polo\u017eaj \/ &hellip; <a href=\"https:\/\/www.topohvar.at\/topo\/orte\/va\/va-po-02-1\/\">Weiterlesen <span class=\"meta-nav\">&rarr;<\/span><\/a><\/p>\n","protected":false},"author":1,"featured_media":0,"parent":109,"menu_order":0,"comment_status":"closed","ping_status":"closed","template":"","meta":{"footnotes":""},"class_list":["post-33522","page","type-page","status-publish","hentry"],"_links":{"self":[{"href":"https:\/\/www.topohvar.at\/topo\/wp-json\/wp\/v2\/pages\/33522","targetHints":{"allow":["GET"]}}],"collection":[{"href":"https:\/\/www.topohvar.at\/topo\/wp-json\/wp\/v2\/pages"}],"about":[{"href":"https:\/\/www.topohvar.at\/topo\/wp-json\/wp\/v2\/types\/page"}],"author":[{"embeddable":true,"href":"https:\/\/www.topohvar.at\/topo\/wp-json\/wp\/v2\/users\/1"}],"replies":[{"embeddable":true,"href":"https:\/\/www.topohvar.at\/topo\/wp-json\/wp\/v2\/comments?post=33522"}],"version-history":[{"count":20,"href":"https:\/\/www.topohvar.at\/topo\/wp-json\/wp\/v2\/pages\/33522\/revisions"}],"predecessor-version":[{"id":70847,"href":"https:\/\/www.topohvar.at\/topo\/wp-json\/wp\/v2\/pages\/33522\/revisions\/70847"}],"up":[{"embeddable":true,"href":"https:\/\/www.topohvar.at\/topo\/wp-json\/wp\/v2\/pages\/109"}],"wp:attachment":[{"href":"https:\/\/www.topohvar.at\/topo\/wp-json\/wp\/v2\/media?parent=33522"}],"curies":[{"name":"wp","href":"https:\/\/api.w.org\/{rel}","templated":true}]}}