{"id":33586,"date":"2020-03-17T15:56:21","date_gmt":"2020-03-17T14:56:21","guid":{"rendered":"https:\/\/www.topohvar.at\/topo\/?page_id=33586"},"modified":"2024-04-23T17:39:32","modified_gmt":"2024-04-23T15:39:32","slug":"vj-tg-04-1","status":"publish","type":"page","link":"https:\/\/www.topohvar.at\/topo\/orte\/vj\/vj-tg-04-1\/","title":{"rendered":"VRBANJ (VARBONJ) &#8211; Ku\u0107a \u00bbJurkov Dolac (Jurkov Dvor)\u00ab"},"content":{"rendered":"<p style=\"text-align: center;\"><img loading=\"lazy\" decoding=\"async\" class=\"alignnone wp-image-33587 size-full\" src=\"https:\/\/www.topohvar.at\/wp-content\/uploads\/2020\/03\/vj-tg-04-1.jpg\" alt=\"\" width=\"640\" height=\"314\" srcset=\"https:\/\/www.topohvar.at\/wp-content\/uploads\/2020\/03\/vj-tg-04-1.jpg 640w, https:\/\/www.topohvar.at\/wp-content\/uploads\/2020\/03\/vj-tg-04-1-300x147.jpg 300w\" sizes=\"auto, (max-width: 640px) 100vw, 640px\" \/>(Izvor \/ Quelle: Konzervatorska podloga kulturnog krajolika Starogradsko polje)<\/p>\n<p><strong>Ime \/ Name<br \/>\n<\/strong>Ku\u0107a \/ Haus \u00bbJurkov Dolac (Jurkov Dvor)\u00ab<\/p>\n<p><strong>Code: <\/strong>VJ-TG-04 (E-D22-5) \u00a0 \u00a0 \u00a0 \u00a0 \u00a0 \u00a0 \u00a0 \u00a0 \u00a0 \u00a0 \u00a0 \u00a0 \u00a0 \u00a0<strong><a href=\"https:\/\/www.topohvar.at\/orte\/vj\/vj-pk-01-1\/\"><img loading=\"lazy\" decoding=\"async\" class=\"alignnone wp-image-533 size-full\" src=\"https:\/\/www.topohvar.at\/wp-content\/uploads\/2018\/07\/push-l-30.jpg\" alt=\"\" width=\"61\" height=\"30\" \/><\/a> <a href=\"https:\/\/www.topohvar.at\/orte\/sg\/\"><img loading=\"lazy\" decoding=\"async\" class=\"alignnone wp-image-535 size-full\" src=\"https:\/\/www.topohvar.at\/wp-content\/uploads\/2018\/07\/push-o-30.jpg\" alt=\"\" width=\"61\" height=\"30\" \/><\/a> <a href=\"https:\/\/www.topohvar.at\/orte\/vj\/vj-tg-05-1\/\"><img loading=\"lazy\" decoding=\"async\" class=\"alignnone wp-image-536 size-full\" src=\"https:\/\/www.topohvar.at\/wp-content\/uploads\/2018\/07\/push-r-30.jpg\" alt=\"\" width=\"61\" height=\"30\" \/><\/a>\u00a0<\/strong><\/p>\n<hr \/>\n<p><strong>Adresa \/ Adresse<br \/>\n<\/strong>Stari Grad, Vrbanjska Rudine, Jurkov Dolac<\/p>\n<p><strong>Lokalna polo\u017eaj \/ Position<a href=\"https:\/\/goo.gl\/maps\/GneRkZRqB3enVjdKA\"><img loading=\"lazy\" decoding=\"async\" class=\"alignright wp-image-33591\" src=\"https:\/\/www.topohvar.at\/wp-content\/uploads\/2020\/03\/2128.jpg\" alt=\"\" width=\"134\" height=\"100\" \/><\/a><br \/>\n<\/strong><span style=\"color: #3366ff;\"><a style=\"color: #3366ff;\" href=\"https:\/\/goo.gl\/maps\/GneRkZRqB3enVjdKA\">Latitude: N 43,19866\u00b0\u00a0 \u00a0Longitude: E 16,64241\u00b0<\/a> <\/span><strong><br \/>\n<\/strong>Visina \/ H\u00f6he: 45 m<\/p>\n<p><strong>Zemlji\u0161te \/ Grundst\u00fccke<br \/>\n<\/strong>*8\/1, *8\/2, 169\/2, 170<div class='content-column one_half'><div style=\"padding-right:6px;\"><p><strong>Datum snimanja \/ Erfassungsdatum<br \/>\n<\/strong>10.10.2018 12:30:00<\/p>\n<hr \/>\n<p><strong>Informacije<\/strong><\/p>\n<p>Na sjevernim rubovima Starogradskog polja nekoliko je malih zaselaka. U njima se stanovalo samo povremeno, sezonski, a vezano uz proljetno okopavanje vinograda, ljetnu ispa\u0161u koza i ovaca ili jesensku berbu gro\u017e\u0111a i maslina. Najve\u0107i zaseok je Humac iznad uvale Basine, a manji su Ra\u0161nik, Maslinovik i Jurkov Dolac.<\/p><\/div><\/div><div class='content-column one_half last_column'><div style=\"padding-right:0px;padding-left:6px;\"><p><strong>Za\u0161titni polo\u017eaj \/ Schutzstellung<br \/>\n<\/strong>&#8211;<\/p>\n<hr \/>\n<p><strong>Info<\/strong><\/p>\n<p>Es gibt mehrere kleine Weiler am n\u00f6rdlichen Rand des Stari Grader Feldes. Sie wurden nur gelegentlich, saisonal, im Zusammenhang mit dem Pfl\u00fcgen von Weinbergen im Fr\u00fchling, dem Weiden von Ziegen und Schafen im Sommer oder dem Ernten von Trauben und Oliven im Herbst bewohnt. Der gr\u00f6\u00dfte Weiler ist Humac oberhalb der Bucht Basine, und kleinere sind Ra\u0161nik, Maslinovik und Jurkov Dolac.<\/p><\/div><\/div><div class='clear_column'><\/div><\/p>\n<hr \/>\n<p><strong>Linkovi \/ Links<\/strong><\/p>\n<p><span style=\"color: #3366ff;\">&#8211;<\/span><\/p>\n","protected":false},"excerpt":{"rendered":"<p>(Izvor \/ Quelle: Konzervatorska podloga kulturnog krajolika Starogradsko polje) Ime \/ Name Ku\u0107a \/ Haus \u00bbJurkov Dolac (Jurkov Dvor)\u00ab Code: VJ-TG-04 (E-D22-5) \u00a0 \u00a0 \u00a0 \u00a0 \u00a0 \u00a0 \u00a0 \u00a0 \u00a0 \u00a0 \u00a0 \u00a0 \u00a0 \u00a0 \u00a0 Adresa \/ Adresse &hellip; <a href=\"https:\/\/www.topohvar.at\/topo\/orte\/vj\/vj-tg-04-1\/\">Weiterlesen <span class=\"meta-nav\">&rarr;<\/span><\/a><\/p>\n","protected":false},"author":1,"featured_media":0,"parent":111,"menu_order":0,"comment_status":"closed","ping_status":"closed","template":"","meta":{"footnotes":""},"class_list":["post-33586","page","type-page","status-publish","hentry"],"_links":{"self":[{"href":"https:\/\/www.topohvar.at\/topo\/wp-json\/wp\/v2\/pages\/33586","targetHints":{"allow":["GET"]}}],"collection":[{"href":"https:\/\/www.topohvar.at\/topo\/wp-json\/wp\/v2\/pages"}],"about":[{"href":"https:\/\/www.topohvar.at\/topo\/wp-json\/wp\/v2\/types\/page"}],"author":[{"embeddable":true,"href":"https:\/\/www.topohvar.at\/topo\/wp-json\/wp\/v2\/users\/1"}],"replies":[{"embeddable":true,"href":"https:\/\/www.topohvar.at\/topo\/wp-json\/wp\/v2\/comments?post=33586"}],"version-history":[{"count":9,"href":"https:\/\/www.topohvar.at\/topo\/wp-json\/wp\/v2\/pages\/33586\/revisions"}],"predecessor-version":[{"id":66795,"href":"https:\/\/www.topohvar.at\/topo\/wp-json\/wp\/v2\/pages\/33586\/revisions\/66795"}],"up":[{"embeddable":true,"href":"https:\/\/www.topohvar.at\/topo\/wp-json\/wp\/v2\/pages\/111"}],"wp:attachment":[{"href":"https:\/\/www.topohvar.at\/topo\/wp-json\/wp\/v2\/media?parent=33586"}],"curies":[{"name":"wp","href":"https:\/\/api.w.org\/{rel}","templated":true}]}}