{"id":33605,"date":"2020-03-17T18:12:04","date_gmt":"2020-03-17T17:12:04","guid":{"rendered":"https:\/\/www.topohvar.at\/topo\/?page_id=33605"},"modified":"2026-03-15T10:09:58","modified_gmt":"2026-03-15T09:09:58","slug":"sg-cp-05-1","status":"publish","type":"page","link":"https:\/\/www.topohvar.at\/topo\/orte\/sg\/sg-cp-05-1\/","title":{"rendered":"STARI GRAD &#8211; Kapela \u00bbSv. Marije\u00ab"},"content":{"rendered":"<p><a name=\"seite_oben\"><\/a><br \/>\n<img loading=\"lazy\" decoding=\"async\" class=\"alignnone wp-image-38535 size-full\" src=\"https:\/\/www.topohvar.at\/wp-content\/uploads\/2020\/06\/sg-cp-05-3.jpg\" alt=\"\" width=\"1080\" height=\"530\" srcset=\"https:\/\/www.topohvar.at\/wp-content\/uploads\/2020\/06\/sg-cp-05-3.jpg 1080w, https:\/\/www.topohvar.at\/wp-content\/uploads\/2020\/06\/sg-cp-05-3-300x147.jpg 300w, https:\/\/www.topohvar.at\/wp-content\/uploads\/2020\/06\/sg-cp-05-3-1024x503.jpg 1024w, https:\/\/www.topohvar.at\/wp-content\/uploads\/2020\/06\/sg-cp-05-3-768x377.jpg 768w\" sizes=\"auto, (max-width: 1080px) 100vw, 1080px\" \/><\/p>\n<p><strong>Ime \/ Name<br \/>\n<\/strong>Kapela \u00bbSv. Marije\u00ab \/ Kapelle der hl.\u00a0 Maria<\/p>\n<p><strong>Code: <\/strong>SG-CP-05 (E-B5-1)\u00a0 \u00a0 \u00a0 \u00a0 \u00a0 \u00a0 \u00a0 \u00a0 \u00a0 \u00a0 \u00a0 \u00a0 \u00a0 \u00a0 \u00a0 \u00a0 \u00a0 \u00a0 \u00a0<strong><a href=\"https:\/\/www.topohvar.at\/orte\/sg\/sg-cp-02-2\/\"><img loading=\"lazy\" decoding=\"async\" class=\"alignnone wp-image-533 size-full\" src=\"https:\/\/www.topohvar.at\/wp-content\/uploads\/2018\/07\/push-l-30.jpg\" alt=\"\" width=\"61\" height=\"30\" \/><\/a> <a href=\"https:\/\/www.topohvar.at\/orte\/sg\/\"><img loading=\"lazy\" decoding=\"async\" class=\"alignnone wp-image-535 size-full\" src=\"https:\/\/www.topohvar.at\/wp-content\/uploads\/2018\/07\/push-o-30.jpg\" alt=\"\" width=\"61\" height=\"30\" \/><\/a> <a href=\"https:\/\/www.topohvar.at\/orte\/sg\/sg-ck-01-2\/\"><img loading=\"lazy\" decoding=\"async\" class=\"alignnone wp-image-536 size-full\" src=\"https:\/\/www.topohvar.at\/wp-content\/uploads\/2018\/07\/push-r-30.jpg\" alt=\"\" width=\"61\" height=\"30\" \/><\/a><\/strong><\/p>\n<hr \/>\n<p><strong>Adresa \/ Adresse<br \/>\n<\/strong>\u00a0Stari Grad, Kotrolovica\/Garmica<\/p>\n<p><strong>Lokacija \/ Position<a href=\"https:\/\/goo.gl\/maps\/XQA1XXB6mbPy2GsV9\"><img loading=\"lazy\" decoding=\"async\" class=\"alignright wp-image-36011\" src=\"https:\/\/www.topohvar.at\/wp-content\/uploads\/2020\/04\/2580.jpg\" alt=\"\" width=\"134\" height=\"100\" \/><\/a><br \/>\n<\/strong><span style=\"color: #3366ff;\"><a href=\"https:\/\/goo.gl\/maps\/XQA1XXB6mbPy2GsV9\">Latitude: N 43,17704\u00b0\u00a0 \u00a0Longitude: E 16,60677\u00b0<\/a> <\/span><strong><br \/>\n<\/strong>Visina \/ H\u00f6he: 28 m<\/p>\n<p><strong>Katastarska \u010destica \/ Grundst\u00fccke<br \/>\n<\/strong>*693 <div class='content-column one_half'><div style=\"padding-right:6px;\"><p><strong>Datum snimanja \/ Erfassungsdatum<br \/>\n<\/strong>19.06.2020 10:31:00<\/p>\n<hr \/>\n<p><strong>Informacije<\/strong><\/p>\n<p>Kapela je smje\u0161tena u suhom kamenom zidu na malom privatnom posjedu na zidu ograde pored imanja Mo\u010da. Sastoji se od rudimentarnih kamenih plo\u010da i ugra\u0111ena je u gomilu kamenja, a kapela je zatvorena zanimljivim drvenim vratima. Na malom oltaru nalazi se slika Gospe s Djetetom Isusom.<\/p><\/div><\/div><div class='content-column one_half last_column'><div style=\"padding-right:0px;padding-left:6px;\"><p><strong>Stupanj za\u0161tite \/ Schutzstellung<br \/>\n<\/strong>&#8211;<\/p>\n<hr \/>\n<p><strong>Info<\/strong><\/p>\n<p>Die Kapelle befindet sich in einer Trockensteinmauer auf einem kleinen privaten Grundst\u00fcck an der Zaunmauer neben dem Mo\u010da-Anwesen. Sie besteht aus rudiment\u00e4ren Steinplatten und ist in einen Steinhaufen eingebaut Die Kapelle ist mit einer interessanten Holzt\u00fcre verschlossen. Auf dem kleinen Altar befindet sich ein Bild der Muttergottes mit Jesukind.<\/p><\/div><\/div><div class='clear_column'><\/div><\/p>\n<p><img loading=\"lazy\" decoding=\"async\" class=\"alignnone size-full wp-image-38536\" src=\"https:\/\/www.topohvar.at\/wp-content\/uploads\/2020\/06\/sg-cp-05-5.jpg\" alt=\"\" width=\"1080\" height=\"530\" srcset=\"https:\/\/www.topohvar.at\/wp-content\/uploads\/2020\/06\/sg-cp-05-5.jpg 1080w, https:\/\/www.topohvar.at\/wp-content\/uploads\/2020\/06\/sg-cp-05-5-300x147.jpg 300w, https:\/\/www.topohvar.at\/wp-content\/uploads\/2020\/06\/sg-cp-05-5-1024x503.jpg 1024w, https:\/\/www.topohvar.at\/wp-content\/uploads\/2020\/06\/sg-cp-05-5-768x377.jpg 768w\" sizes=\"auto, (max-width: 1080px) 100vw, 1080px\" \/><\/p>\n<p style=\"text-align: right;\"><span style=\"color: #3366ff;\"><a style=\"color: #3366ff;\" href=\"#seite_oben\">natrag na vrh \/ Seitenanfang<\/a><\/span><\/p>\n<hr \/>\n<p><strong>Linkovi \/ Links<\/strong><\/p>\n<p><span style=\"color: #3366ff;\">&#8211;<\/span><\/p>\n","protected":false},"excerpt":{"rendered":"<p>Ime \/ Name Kapela \u00bbSv. Marije\u00ab \/ Kapelle der hl.\u00a0 Maria Code: SG-CP-05 (E-B5-1)\u00a0 \u00a0 \u00a0 \u00a0 \u00a0 \u00a0 \u00a0 \u00a0 \u00a0 \u00a0 \u00a0 \u00a0 \u00a0 \u00a0 \u00a0 \u00a0 \u00a0 \u00a0 \u00a0 Adresa \/ Adresse \u00a0Stari Grad, Kotrolovica\/Garmica Lokacija \/ &hellip; <a href=\"https:\/\/www.topohvar.at\/topo\/orte\/sg\/sg-cp-05-1\/\">Weiterlesen <span class=\"meta-nav\">&rarr;<\/span><\/a><\/p>\n","protected":false},"author":1,"featured_media":0,"parent":99,"menu_order":0,"comment_status":"closed","ping_status":"closed","template":"","meta":{"footnotes":""},"class_list":["post-33605","page","type-page","status-publish","hentry"],"_links":{"self":[{"href":"https:\/\/www.topohvar.at\/topo\/wp-json\/wp\/v2\/pages\/33605","targetHints":{"allow":["GET"]}}],"collection":[{"href":"https:\/\/www.topohvar.at\/topo\/wp-json\/wp\/v2\/pages"}],"about":[{"href":"https:\/\/www.topohvar.at\/topo\/wp-json\/wp\/v2\/types\/page"}],"author":[{"embeddable":true,"href":"https:\/\/www.topohvar.at\/topo\/wp-json\/wp\/v2\/users\/1"}],"replies":[{"embeddable":true,"href":"https:\/\/www.topohvar.at\/topo\/wp-json\/wp\/v2\/comments?post=33605"}],"version-history":[{"count":10,"href":"https:\/\/www.topohvar.at\/topo\/wp-json\/wp\/v2\/pages\/33605\/revisions"}],"predecessor-version":[{"id":73982,"href":"https:\/\/www.topohvar.at\/topo\/wp-json\/wp\/v2\/pages\/33605\/revisions\/73982"}],"up":[{"embeddable":true,"href":"https:\/\/www.topohvar.at\/topo\/wp-json\/wp\/v2\/pages\/99"}],"wp:attachment":[{"href":"https:\/\/www.topohvar.at\/topo\/wp-json\/wp\/v2\/media?parent=33605"}],"curies":[{"name":"wp","href":"https:\/\/api.w.org\/{rel}","templated":true}]}}