{"id":34069,"date":"2020-03-22T18:17:57","date_gmt":"2020-03-22T17:17:57","guid":{"rendered":"https:\/\/www.topohvar.at\/topo\/?page_id=34069"},"modified":"2022-10-05T06:31:58","modified_gmt":"2022-10-05T04:31:58","slug":"su-pu-03-1","status":"publish","type":"page","link":"https:\/\/www.topohvar.at\/topo\/orte\/su\/su-pu-03-1\/","title":{"rendered":"SU\u0106URAJ &#8211; Objekt \u00bbProjekt &#8211; nova luka za privatni promet\u00ab"},"content":{"rendered":"<p><a name=\"seite_oben\"><\/a><br \/>\n<strong><img loading=\"lazy\" decoding=\"async\" class=\"alignnone wp-image-21295 size-large\" src=\"https:\/\/www.topohvar.at\/wp-content\/uploads\/2019\/04\/su-ob-99-0-1024x503.jpg\" alt=\"\" width=\"640\" height=\"314\" srcset=\"https:\/\/www.topohvar.at\/wp-content\/uploads\/2019\/04\/su-ob-99-0-1024x503.jpg 1024w, https:\/\/www.topohvar.at\/wp-content\/uploads\/2019\/04\/su-ob-99-0-300x147.jpg 300w, https:\/\/www.topohvar.at\/wp-content\/uploads\/2019\/04\/su-ob-99-0-768x377.jpg 768w, https:\/\/www.topohvar.at\/wp-content\/uploads\/2019\/04\/su-ob-99-0.jpg 1080w\" sizes=\"auto, (max-width: 640px) 100vw, 640px\" \/><\/strong><\/p>\n<p><strong>Ime \/ Name<br \/>\n<\/strong>Objekt \u00bbProjekt &#8211; nova luka za privatni promet\u00ab \/ Projekt &#8211; neuer Hafen<\/p>\n<p><strong>Code: <\/strong>SU-PU-03\u00a0 \u00a0 \u00a0 \u00a0 \u00a0 \u00a0 \u00a0 \u00a0 \u00a0 \u00a0 \u00a0 \u00a0 \u00a0 \u00a0 \u00a0 \u00a0<strong><a href=\"https:\/\/www.topohvar.at\/orte\/su\/su-os-01-1\/\"><img loading=\"lazy\" decoding=\"async\" class=\"alignnone wp-image-12300 size-full\" src=\"https:\/\/www.topohvar.at\/wp-content\/uploads\/2018\/09\/push-vor-30.jpg\" alt=\"\" width=\"61\" height=\"30\" \/><\/a> <a href=\"https:\/\/www.topohvar.at\/topo\/orte\/su\/su-pu-01-1\/\"><img loading=\"lazy\" decoding=\"async\" class=\"alignnone wp-image-533 size-full\" src=\"https:\/\/www.topohvar.at\/wp-content\/uploads\/2018\/07\/push-l-30.jpg\" alt=\"\" width=\"61\" height=\"30\" \/><\/a>\u00a0<a href=\"https:\/\/www.topohvar.at\/orte\/su\/\"><img loading=\"lazy\" decoding=\"async\" class=\"alignnone wp-image-535 size-full\" src=\"https:\/\/www.topohvar.at\/wp-content\/uploads\/2018\/07\/push-o-30.jpg\" alt=\"\" width=\"61\" height=\"30\" \/><\/a> <a href=\"https:\/\/www.topohvar.at\/topo\/orte\/su\/su-pu-06-1\/\"><img loading=\"lazy\" decoding=\"async\" class=\"alignnone wp-image-536 size-full\" src=\"https:\/\/www.topohvar.at\/wp-content\/uploads\/2018\/07\/push-r-30.jpg\" alt=\"\" width=\"61\" height=\"30\" \/><\/a> <a href=\"https:\/\/www.topohvar.at\/orte\/su\/su-ov-01-1\/\"><img loading=\"lazy\" decoding=\"async\" class=\"alignnone wp-image-12299 size-full\" src=\"https:\/\/www.topohvar.at\/wp-content\/uploads\/2018\/09\/push-next-30.jpg\" alt=\"\" width=\"61\" height=\"30\" \/><\/a><\/strong><\/p>\n<hr \/>\n<p><strong>Adresa \/ Adresse<br \/>\n<\/strong>Su\u0107uraj, Ulica Trajektna<\/p>\n<p><strong>Lokacija \/ Position<a href=\"https:\/\/goo.gl\/maps\/1e31SZ2CR5Whk43B6\"><img loading=\"lazy\" decoding=\"async\" class=\"alignright wp-image-21300\" src=\"https:\/\/www.topohvar.at\/wp-content\/uploads\/2019\/04\/2041.jpg\" alt=\"\" width=\"134\" height=\"100\" \/><\/a><br \/>\n<\/strong><span style=\"color: #3366ff;\"><a style=\"color: #3366ff;\" href=\"https:\/\/goo.gl\/maps\/1e31SZ2CR5Whk43B6\">Latitude: N 43,12350\u00b0\u00a0 \u00a0Longitude: E 17,18640\u00b0<\/a> <\/span><strong><br \/>\n<\/strong>Visina \/ H\u00f6he: 0 m<\/p>\n<p><strong>Katastarska \u010destica <\/strong><strong>\/ Grundst\u00fccke<br \/>\n<\/strong>1498, 1499 <div class='content-column one_half'><div style=\"padding-right:6px;\"><p><strong>Datum snimanja \/ Erfassungsdatum<br \/>\n<\/strong>10.04.2019 19:40:00<\/p>\n<hr \/>\n<p><strong>Informacije<\/strong><\/p>\n<p>Projekt nove luke zapadno od postoje\u0107e luke jo\u0161 nije realiziran (2019.).<\/p><\/div><\/div><div class='content-column one_half last_column'><div style=\"padding-right:0px;padding-left:6px;\"><p><strong>Stupanj za\u0161tite<\/strong><strong> \/ Schutzstellung<br \/>\n<\/strong>&#8211;<\/p>\n<hr \/>\n<p><strong>Info<\/strong><\/p>\n<p>Das Projekt eines neuen Hafens westlich des bestehenden Hafens wurde bisher (2019) noch nicht verwirklicht.<\/p><\/div><\/div><div class='clear_column'><\/div><div class='content-column one_half'><div style=\"padding-right:6px;\"><p>Projekt vrijedan 30 milijuna kuna. Izvoditelj radova je splitska tvrtka Marconi in\u017eenjering. Vrijednost ove investicije Lu\u010dke uprave Splitsko-dalmatinske \u017eupanije je 30.000.000,00 kuna, a sredstva su osigurana od strane EU fondova.<\/p><\/div><\/div><div class='content-column one_half last_column'><div style=\"padding-right:0px;padding-left:6px;\"><p>Das Projekt hat einen Wert von 30 Mio. HRK. Der Auftragnehmer ist Marconi Engineering, ein Split-Unternehmen. Der Wert dieser Investition durch die Hafenbeh\u00f6rde der Gespanschaft Split-Dalmatien betr\u00e4gt 30.000.000,00 HRK, und die Mittel werden aus EU-Mitteln bereitgestellt.<\/p><\/div><\/div><div class='clear_column'><\/div><\/p>\n<p style=\"text-align: center;\"><em>(www.dalmacijadanas.hr \u203a Dalmacija \u203a Otoci &#8211; 22.9-2019)<\/em><\/p>\n<p><img loading=\"lazy\" decoding=\"async\" class=\"alignnone wp-image-34073 size-large\" src=\"https:\/\/www.topohvar.at\/wp-content\/uploads\/2020\/03\/su-pu-03-2-1024x461.jpg\" alt=\"\" width=\"640\" height=\"288\" srcset=\"https:\/\/www.topohvar.at\/wp-content\/uploads\/2020\/03\/su-pu-03-2-1024x461.jpg 1024w, https:\/\/www.topohvar.at\/wp-content\/uploads\/2020\/03\/su-pu-03-2-300x135.jpg 300w, https:\/\/www.topohvar.at\/wp-content\/uploads\/2020\/03\/su-pu-03-2-768x346.jpg 768w, https:\/\/www.topohvar.at\/wp-content\/uploads\/2020\/03\/su-pu-03-2.jpg 1178w\" sizes=\"auto, (max-width: 640px) 100vw, 640px\" \/><\/p>\n<p style=\"text-align: right;\"><span style=\"color: #3366ff;\"><a style=\"color: #3366ff;\" href=\"#seite_oben\">natrag na vrh \/ Seitenanfang<\/a><\/span><\/p>\n<hr \/>\n<p><strong>Linkovi \/ Links<\/strong><\/p>\n<p>&#8211;<\/p>\n","protected":false},"excerpt":{"rendered":"<p>Ime \/ Name Objekt \u00bbProjekt &#8211; nova luka za privatni promet\u00ab \/ Projekt &#8211; neuer Hafen Code: SU-PU-03\u00a0 \u00a0 \u00a0 \u00a0 \u00a0 \u00a0 \u00a0 \u00a0 \u00a0 \u00a0 \u00a0 \u00a0 \u00a0 \u00a0 \u00a0 \u00a0 \u00a0 Adresa \/ Adresse Su\u0107uraj, Ulica Trajektna &hellip; <a href=\"https:\/\/www.topohvar.at\/topo\/orte\/su\/su-pu-03-1\/\">Weiterlesen <span class=\"meta-nav\">&rarr;<\/span><\/a><\/p>\n","protected":false},"author":1,"featured_media":0,"parent":103,"menu_order":0,"comment_status":"closed","ping_status":"closed","template":"","meta":{"footnotes":""},"class_list":["post-34069","page","type-page","status-publish","hentry"],"_links":{"self":[{"href":"https:\/\/www.topohvar.at\/topo\/wp-json\/wp\/v2\/pages\/34069","targetHints":{"allow":["GET"]}}],"collection":[{"href":"https:\/\/www.topohvar.at\/topo\/wp-json\/wp\/v2\/pages"}],"about":[{"href":"https:\/\/www.topohvar.at\/topo\/wp-json\/wp\/v2\/types\/page"}],"author":[{"embeddable":true,"href":"https:\/\/www.topohvar.at\/topo\/wp-json\/wp\/v2\/users\/1"}],"replies":[{"embeddable":true,"href":"https:\/\/www.topohvar.at\/topo\/wp-json\/wp\/v2\/comments?post=34069"}],"version-history":[{"count":7,"href":"https:\/\/www.topohvar.at\/topo\/wp-json\/wp\/v2\/pages\/34069\/revisions"}],"predecessor-version":[{"id":61146,"href":"https:\/\/www.topohvar.at\/topo\/wp-json\/wp\/v2\/pages\/34069\/revisions\/61146"}],"up":[{"embeddable":true,"href":"https:\/\/www.topohvar.at\/topo\/wp-json\/wp\/v2\/pages\/103"}],"wp:attachment":[{"href":"https:\/\/www.topohvar.at\/topo\/wp-json\/wp\/v2\/media?parent=34069"}],"curies":[{"name":"wp","href":"https:\/\/api.w.org\/{rel}","templated":true}]}}