{"id":34228,"date":"2020-03-25T10:27:41","date_gmt":"2020-03-25T09:27:41","guid":{"rendered":"https:\/\/www.topohvar.at\/topo\/?page_id=34228"},"modified":"2021-11-30T15:27:51","modified_gmt":"2021-11-30T14:27:51","slug":"hv-tg-74-1","status":"publish","type":"page","link":"https:\/\/www.topohvar.at\/topo\/orte\/hv\/hv-tg-74-1\/","title":{"rendered":"Hvar &#8211; Ku\u0107a \u00bbPapafava\u00ab"},"content":{"rendered":"<p><a name=\"seite_oben\"><\/a><br \/>\n<img loading=\"lazy\" decoding=\"async\" class=\"aligncenter wp-image-387 size-full\" src=\"https:\/\/www.topohvar.at\/wp-content\/uploads\/2018\/07\/00-00-00-1.jpg\" alt=\"\" width=\"114\" height=\"56\" \/><\/p>\n<p><strong>Ime \/ Name<br \/>\n<\/strong>Ku\u0107a \/ Haus \u00bbPapafava\u00ab<\/p>\n<p><strong>Code: <\/strong>HV-TG-74\u00a0 \u00a0 \u00a0 \u00a0 \u00a0 \u00a0 \u00a0 \u00a0 \u00a0 \u00a0 \u00a0 \u00a0 \u00a0 \u00a0 \u00a0 \u00a0 \u00a0 <a href=\"https:\/\/www.topohvar.at\/hv-tg-63-1\/\"><img loading=\"lazy\" decoding=\"async\" class=\"alignnone wp-image-12300 size-full\" src=\"https:\/\/www.topohvar.at\/wp-content\/uploads\/2018\/09\/push-vor-30.jpg\" alt=\"\" width=\"61\" height=\"30\" \/><\/a>\u00a0<strong><a href=\"https:\/\/www.topohvar.at\/orte\/hv\/hv-tg-50-1\/\"><img loading=\"lazy\" decoding=\"async\" class=\"alignnone wp-image-533 size-full\" src=\"https:\/\/www.topohvar.at\/wp-content\/uploads\/2018\/07\/push-l-30.jpg\" alt=\"\" width=\"61\" height=\"30\" \/><\/a> <a href=\"https:\/\/www.topohvar.at\/orte\/hv\/\"><img loading=\"lazy\" decoding=\"async\" class=\"alignnone wp-image-535 size-full\" src=\"https:\/\/www.topohvar.at\/wp-content\/uploads\/2018\/07\/push-o-30.jpg\" alt=\"\" width=\"61\" height=\"30\" \/><\/a> <a href=\"https:\/\/www.topohvar.at\/orte\/hv\/hv-tg-37-1\/\"><img loading=\"lazy\" decoding=\"async\" class=\"alignnone wp-image-536 size-full\" src=\"https:\/\/www.topohvar.at\/wp-content\/uploads\/2018\/07\/push-r-30.jpg\" alt=\"\" width=\"61\" height=\"30\" \/><\/a>\u00a0<a href=\"https:\/\/www.topohvar.at\/hv-tg-80-1\/\"><img loading=\"lazy\" decoding=\"async\" class=\"alignnone wp-image-12299 size-full\" src=\"https:\/\/www.topohvar.at\/wp-content\/uploads\/2018\/09\/push-next-30.jpg\" alt=\"\" width=\"61\" height=\"30\" \/><\/a><\/strong><\/p>\n<hr \/>\n<p><strong>Adresa \/ Adresse<br \/>\n<\/strong>Grad Hvar, Ulica Dr. Mate Mili\u0107ica<\/p>\n<p><strong>Lokacija \/ Position<img loading=\"lazy\" decoding=\"async\" class=\"alignright wp-image-34229\" src=\"https:\/\/www.topohvar.at\/wp-content\/uploads\/2020\/03\/2134.jpg\" alt=\"\" width=\"134\" height=\"100\" \/><br \/>\n<\/strong><span style=\"color: #3366ff;\">Latitude: N 43,17271\u00b0\u00a0 \u00a0Longitude: E 16,44332\u00b0 <\/span><strong><br \/>\n<\/strong>Visina \/ H\u00f6he: 6 m<\/p>\n<p><strong>Katastarska \u010destica <\/strong><strong>\/ Grundst\u00fccke<br \/>\n<\/strong>*129<div class='content-column one_half'><div style=\"padding-right:6px;\"><p><strong>Datum snimanja \/ Erfassungsdatum<br \/>\n<\/strong>01.01.2000 00:00:00<\/p>\n<hr \/>\n<p><strong>Informacije<\/strong><\/p>\n<p>Renesansna zgrada<\/p><\/div><\/div><div class='content-column one_half last_column'><div style=\"padding-right:0px;padding-left:6px;\"><p><strong>Stupanj za\u0161tite<\/strong><strong> \/ Schutzstellung<br \/>\n<\/strong>&#8211;<strong><br \/>\n<\/strong><\/p>\n<hr \/>\n<p><strong>Info<\/strong><\/p>\n<p>Renaissancegeb\u00e4ude<\/p><\/div><\/div><div class='clear_column'><\/div><\/p>\n<hr \/>\n<div class='content-column one_half'><div style=\"padding-right:6px;\"><p>Renesansnoga sloga ugra\u0111en je isto\u010dno od renesansne ku\u0107e Papafava, dostupan iz prostora vrta koji ogra\u0111uje gradski zid. Sabirnik je dekoriran nizom stiliziranih listova, ritmi\u010dno razdvojenih utorom. Donji je dio sabirnika o\u0161te\u0107en, tako da je dekoracija odsje\u010dena. Ostali elementi pila nisu sa\u010duvani. Nije mogu\u0107e utvrditi je li pilo izvorno pripadalo upravo ku\u0107i uz koju se danas nalazi ili pak dolazi s koje obli\u017enje lokacije. Pilo datiramo u 16. stolje\u0107e.<\/p><\/div><\/div><div class='content-column one_half last_column'><div style=\"padding-right:0px;padding-left:6px;\"><p>Ein Renaissancebrunnen wurde \u00f6stlich des Renaissancehauses Papafava errichtet, das vom Gartenbereich rund um die Stadtmauer zug\u00e4nglich ist. Der Sammler ist mit einer Reihe stilisierter Bl\u00e4tter verziert, die rhythmisch durch einen Schlitz getrennt sind. Der untere Teil der Wanne ist besch\u00e4digt, so dass die Dekoration abgeschnitten wird. Andere Elemente des Wandbrunnens sind nicht erhalten. Es ist nicht m\u00f6glich festzustellen, ob der Brunnen urspr\u00fcnglich zu dem Haus geh\u00f6rte, in dem er sich heute befindet, oder von einem nahe gelegenen Ort stammt. Der Wandbrunnen stammt aus dem 16. Jahrhundert.<\/p><\/div><\/div><div class='clear_column'><\/div><\/p>\n<p style=\"text-align: right;\"><span style=\"color: #3366ff;\"><a style=\"color: #3366ff;\" href=\"#seite_oben\">natrag na vrh \/ Seitenanfang<\/a><\/span><\/p>\n<div id=\"attachment_34238\" style=\"width: 331px\" class=\"wp-caption aligncenter\"><img loading=\"lazy\" decoding=\"async\" aria-describedby=\"caption-attachment-34238\" class=\"wp-image-34238 size-full\" src=\"https:\/\/www.topohvar.at\/wp-content\/uploads\/2020\/03\/hv-tg-74-7.jpg\" alt=\"\" width=\"321\" height=\"200\" srcset=\"https:\/\/www.topohvar.at\/wp-content\/uploads\/2020\/03\/hv-tg-74-7.jpg 321w, https:\/\/www.topohvar.at\/wp-content\/uploads\/2020\/03\/hv-tg-74-7-300x187.jpg 300w\" sizes=\"auto, (max-width: 321px) 100vw, 321px\" \/><p id=\"caption-attachment-34238\" class=\"wp-caption-text\">(Foto: M. Petri\u0107)<\/p><\/div>\n<p style=\"text-align: center;\"><em>(Izvor \/ Quelle: Anita Gamulin, Kameni umivaonici 15. i 16. stolje\u0107a u gradu Hvaru)<\/em><\/p>\n<hr \/>\n<p><strong>Linkovi \/ Links<\/strong><\/p>\n<p><span style=\"color: #3366ff;\">&#8211;<\/span><\/p>\n","protected":false},"excerpt":{"rendered":"<p>Ime \/ Name Ku\u0107a \/ Haus \u00bbPapafava\u00ab Code: HV-TG-74\u00a0 \u00a0 \u00a0 \u00a0 \u00a0 \u00a0 \u00a0 \u00a0 \u00a0 \u00a0 \u00a0 \u00a0 \u00a0 \u00a0 \u00a0 \u00a0 \u00a0 \u00a0 \u00a0 Adresa \/ Adresse Grad Hvar, Ulica Dr. Mate Mili\u0107ica Lokacija \/ Position Latitude: &hellip; <a href=\"https:\/\/www.topohvar.at\/topo\/orte\/hv\/hv-tg-74-1\/\">Weiterlesen <span class=\"meta-nav\">&rarr;<\/span><\/a><\/p>\n","protected":false},"author":1,"featured_media":0,"parent":80,"menu_order":0,"comment_status":"closed","ping_status":"closed","template":"","meta":{"footnotes":""},"class_list":["post-34228","page","type-page","status-publish","hentry"],"_links":{"self":[{"href":"https:\/\/www.topohvar.at\/topo\/wp-json\/wp\/v2\/pages\/34228","targetHints":{"allow":["GET"]}}],"collection":[{"href":"https:\/\/www.topohvar.at\/topo\/wp-json\/wp\/v2\/pages"}],"about":[{"href":"https:\/\/www.topohvar.at\/topo\/wp-json\/wp\/v2\/types\/page"}],"author":[{"embeddable":true,"href":"https:\/\/www.topohvar.at\/topo\/wp-json\/wp\/v2\/users\/1"}],"replies":[{"embeddable":true,"href":"https:\/\/www.topohvar.at\/topo\/wp-json\/wp\/v2\/comments?post=34228"}],"version-history":[{"count":7,"href":"https:\/\/www.topohvar.at\/topo\/wp-json\/wp\/v2\/pages\/34228\/revisions"}],"predecessor-version":[{"id":53772,"href":"https:\/\/www.topohvar.at\/topo\/wp-json\/wp\/v2\/pages\/34228\/revisions\/53772"}],"up":[{"embeddable":true,"href":"https:\/\/www.topohvar.at\/topo\/wp-json\/wp\/v2\/pages\/80"}],"wp:attachment":[{"href":"https:\/\/www.topohvar.at\/topo\/wp-json\/wp\/v2\/media?parent=34228"}],"curies":[{"name":"wp","href":"https:\/\/api.w.org\/{rel}","templated":true}]}}