{"id":34698,"date":"2020-04-05T07:33:50","date_gmt":"2020-04-05T05:33:50","guid":{"rendered":"https:\/\/www.topohvar.at\/topo\/?page_id=34698"},"modified":"2022-10-06T06:03:21","modified_gmt":"2022-10-06T04:03:21","slug":"sb-au-10-1","status":"publish","type":"page","link":"https:\/\/www.topohvar.at\/topo\/orte\/sb\/sb-au-10-1\/","title":{"rendered":"SELCA KOD BOGOMOLJA &#8211; Uvale \u00bbna sjevernoj strani otoka\u00ab"},"content":{"rendered":"<p><a name=\"seite_oben\"><\/a><br \/>\n<strong><img loading=\"lazy\" decoding=\"async\" class=\"alignright wp-image-34705 size-full\" src=\"https:\/\/www.topohvar.at\/wp-content\/uploads\/2020\/04\/sb-au-10-2.jpg\" alt=\"\" width=\"1080\" height=\"530\" srcset=\"https:\/\/www.topohvar.at\/wp-content\/uploads\/2020\/04\/sb-au-10-2.jpg 1080w, https:\/\/www.topohvar.at\/wp-content\/uploads\/2020\/04\/sb-au-10-2-300x147.jpg 300w, https:\/\/www.topohvar.at\/wp-content\/uploads\/2020\/04\/sb-au-10-2-1024x503.jpg 1024w, https:\/\/www.topohvar.at\/wp-content\/uploads\/2020\/04\/sb-au-10-2-768x377.jpg 768w\" sizes=\"auto, (max-width: 1080px) 100vw, 1080px\" \/><\/strong><\/p>\n<p><strong>Ime \/ Name<br \/>\n<\/strong>Selca kod Bogomolja &#8211; Uvale \u00bbna sjevernoj strani otoka\u00ab<\/p>\n<p><strong>Code: <\/strong>SB-AU-10\/16\u00a0 \u00a0 \u00a0 \u00a0 \u00a0 \u00a0 \u00a0 \u00a0 \u00a0 \u00a0 \u00a0 \u00a0 \u00a0 \u00a0 \u00a0 \u00a0 \u00a0 \u00a0 \u00a0 <a href=\"https:\/\/www.topohvar.at\/orte\/sb\/sb-aa-03-1\/\"><img loading=\"lazy\" decoding=\"async\" class=\"alignnone wp-image-12300 size-full\" src=\"https:\/\/www.topohvar.at\/wp-content\/uploads\/2018\/09\/push-vor-30.jpg\" alt=\"\" width=\"61\" height=\"30\" \/><\/a> <a href=\"https:\/\/www.topohvar.at\/orte\/sb\/sb-ar-20-1\/\"><img loading=\"lazy\" decoding=\"async\" class=\"alignnone wp-image-533 size-full\" src=\"https:\/\/www.topohvar.at\/wp-content\/uploads\/2018\/07\/push-l-30.jpg\" alt=\"\" width=\"61\" height=\"30\" \/><\/a> <a href=\"https:\/\/www.topohvar.at\/orte\/sb\/\"><img loading=\"lazy\" decoding=\"async\" class=\"alignnone wp-image-535 size-full\" src=\"https:\/\/www.topohvar.at\/wp-content\/uploads\/2018\/07\/push-o-30.jpg\" alt=\"\" width=\"61\" height=\"30\" \/><\/a> <a href=\"https:\/\/www.topohvar.at\/orte\/sb\/sb-au-20-1\/\"><img loading=\"lazy\" decoding=\"async\" class=\"alignnone wp-image-536 size-full\" src=\"https:\/\/www.topohvar.at\/wp-content\/uploads\/2018\/07\/push-r-30.jpg\" alt=\"\" width=\"61\" height=\"30\" \/><\/a><\/p>\n<p><strong>Uvale od zapada prema istoku: \/ Die Buchten von West nach Ost:<\/strong><br \/>\n<a href=\"#sb-10\"><span style=\"color: #3366ff;\">Uvala Vodice<\/span><\/a><span style=\"color: #3366ff;\">\u00a0 \/\u00a0\u00a0<a style=\"color: #3366ff;\" href=\"#sb-11\">Uvala Mala Mo\u0161ev\u010dica<\/a>\u00a0 \/\u00a0\u00a0<a style=\"color: #3366ff;\" href=\"#sb-12\">Uvala Vela Mo\u0161ev\u010dica<\/a>\u00a0 \/\u00a0\u00a0<a style=\"color: #3366ff;\" href=\"#sb-13\">Uvala Vela Maslinica<\/a>\u00a0 \/\u00a0\u00a0<a style=\"color: #3366ff;\" href=\"#sb-14\">Uvala Mala Maslinica<\/a>\u00a0 \/\u00a0\u00a0<a style=\"color: #3366ff;\" href=\"#sb-15\">Uvala Didina donja<\/a>\u00a0 \/\u00a0\u00a0<a style=\"color: #3366ff;\" href=\"#sb-16\">Uvala Didina gornja<\/a><\/span><a name=\"sb-10\"><\/a><\/p>\n<hr \/>\n<div class='content-column one_half'><div style=\"padding-right:6px;\"><h3><span style=\"color: #00ccff;\"><strong>Uvala Vodice<\/strong><\/span><\/h3>\n<p><strong>Code: <\/strong>SB-AU-10\/BO-AU-18<\/p>\n<p><strong>Lokacija<\/strong><strong> \/ Position<\/strong><br \/>\n<span style=\"color: #3366ff;\"><a style=\"color: #3366ff;\" href=\"https:\/\/goo.gl\/maps\/3WUGWkfDpsPknnT96\">Latitude: N 43,13959\u00b0\u00a0 \u00a0Longitude: E 17,04159\u00b0<\/a><\/span><\/p>\n<p><a href=\"https:\/\/goo.gl\/maps\/3WUGWkfDpsPknnT96\"><img loading=\"lazy\" decoding=\"async\" class=\"alignleft wp-image-34637\" src=\"https:\/\/www.topohvar.at\/wp-content\/uploads\/2020\/04\/2146.jpg\" alt=\"\" width=\"134\" height=\"100\" \/><\/a><\/p><\/div><\/div><div class='content-column one_half last_column'><div style=\"padding-right:0px;padding-left:6px;\"><p><img loading=\"lazy\" decoding=\"async\" class=\"alignright size-medium wp-image-34684\" src=\"https:\/\/www.topohvar.at\/wp-content\/uploads\/2020\/04\/bo-au-18-1-300x300.jpg\" alt=\"\" width=\"300\" height=\"300\" srcset=\"https:\/\/www.topohvar.at\/wp-content\/uploads\/2020\/04\/bo-au-18-1-300x300.jpg 300w, https:\/\/www.topohvar.at\/wp-content\/uploads\/2020\/04\/bo-au-18-1-150x150.jpg 150w, https:\/\/www.topohvar.at\/wp-content\/uploads\/2020\/04\/bo-au-18-1.jpg 450w\" sizes=\"auto, (max-width: 300px) 100vw, 300px\" \/><\/p><\/div><\/div><div class='clear_column'><\/div><\/p>\n<div class='content-column one_half'><div style=\"padding-right:6px;\"><p>Vodice nemaju pla\u017eu, ali su lijepe s napu\u0161tenom starom kamenom ku\u0107om i puno zelenila. Obi\u010dno se takav naziv odnosi na obli\u017enji izvor vode.<\/p><\/div><\/div><div class='content-column one_half last_column'><div style=\"padding-right:0px;padding-left:6px;\"><p>Vodice hat keinen Strand, ist aber\u00a0 wundersch\u00f6n mit einem verlassenen alten Steinhaus und viel Gr\u00fcn. Normalerweise bezieht sich ein solcher Name auf eine Wasserquelle in der N\u00e4he.<\/p><\/div><\/div><div class='clear_column'><\/div><\/p>\n<div id=\"attachment_42346\" style=\"width: 650px\" class=\"wp-caption alignnone\"><img loading=\"lazy\" decoding=\"async\" aria-describedby=\"caption-attachment-42346\" class=\"wp-image-42346 size-full\" src=\"https:\/\/www.topohvar.at\/wp-content\/uploads\/2020\/10\/bo-au-18-2.jpg\" alt=\"\" width=\"640\" height=\"264\" srcset=\"https:\/\/www.topohvar.at\/wp-content\/uploads\/2020\/10\/bo-au-18-2.jpg 640w, https:\/\/www.topohvar.at\/wp-content\/uploads\/2020\/10\/bo-au-18-2-300x124.jpg 300w\" sizes=\"auto, (max-width: 640px) 100vw, 640px\" \/><p id=\"caption-attachment-42346\" class=\"wp-caption-text\">Foto: https:\/\/andadventure.com\/<\/p><\/div>\n<p style=\"text-align: right;\"><span style=\"color: #3366ff;\"><a style=\"color: #3366ff;\" href=\"#seite_oben\">natrag na vrh \/ Seitenanfang<\/a><\/span><\/p>\n<p><a name=\"sb-11\"><\/a><\/p>\n<hr \/>\n<div class='content-column one_half'><div style=\"padding-right:6px;\"><h3><span style=\"color: #00ccff;\"><strong>Uvala Mala Mo\u0161ev\u010dica<\/strong><\/span><\/h3>\n<p><strong>Code: <\/strong>SB-AU-11<\/p>\n<p><strong>Lokacija<\/strong><strong> \/ Position<\/strong><br \/>\n<a href=\"https:\/\/goo.gl\/maps\/WjwwTYBCPdmvRGre9\"><span style=\"color: #3366ff;\">Latitude: N 43,13713\u00b0<br \/>\nLongitude: E 17,05798\u00b0<\/span><\/a><\/p>\n<p><a href=\"https:\/\/goo.gl\/maps\/WjwwTYBCPdmvRGre9\"><img loading=\"lazy\" decoding=\"async\" class=\"alignleft wp-image-34710\" src=\"https:\/\/www.topohvar.at\/wp-content\/uploads\/2020\/04\/2157.jpg\" alt=\"\" width=\"134\" height=\"100\" \/><\/a><\/p>\n<p>&nbsp;<\/p><\/div><\/div><div class='content-column one_half last_column'><div style=\"padding-right:0px;padding-left:6px;\"><p><img loading=\"lazy\" decoding=\"async\" class=\"alignright wp-image-34719 size-medium\" src=\"https:\/\/www.topohvar.at\/wp-content\/uploads\/2020\/04\/sb-au-11-1-300x300.jpg\" alt=\"\" width=\"300\" height=\"300\" srcset=\"https:\/\/www.topohvar.at\/wp-content\/uploads\/2020\/04\/sb-au-11-1-300x300.jpg 300w, https:\/\/www.topohvar.at\/wp-content\/uploads\/2020\/04\/sb-au-11-1-150x150.jpg 150w, https:\/\/www.topohvar.at\/wp-content\/uploads\/2020\/04\/sb-au-11-1.jpg 450w\" sizes=\"auto, (max-width: 300px) 100vw, 300px\" \/><\/p><\/div><\/div><div class='clear_column'><\/div><a name=\"sb-12\"><\/a><\/p>\n<p style=\"text-align: right;\"><span style=\"color: #3366ff;\"><a style=\"color: #3366ff;\" href=\"#seite_oben\">natrag na vrh \/ Seitenanfang<\/a><\/span><\/p>\n<hr \/>\n<div class='content-column one_half'><div style=\"padding-right:6px;\"><h3><span style=\"color: #00ccff;\"><strong>Uvala Vela Mo\u0161ev\u010dica<\/strong><\/span><\/h3>\n<p><strong>Code: <\/strong>SB-AU-12<\/p>\n<p><strong>Lokacija<\/strong><strong> \/ Position<\/strong><br \/>\n<a href=\"https:\/\/goo.gl\/maps\/UmDQcCcMuUk8qzP89\"><span style=\"color: #3366ff;\">Latitude: N 43,13609\u00b0<br \/>\nLongitude: E 17,06359\u00b0<\/span><\/a><\/p>\n<p><a href=\"https:\/\/goo.gl\/maps\/UmDQcCcMuUk8qzP89\"><img loading=\"lazy\" decoding=\"async\" class=\"alignleft wp-image-34711\" src=\"https:\/\/www.topohvar.at\/wp-content\/uploads\/2020\/04\/2158.jpg\" alt=\"\" width=\"134\" height=\"100\" \/><\/a><\/p><\/div><\/div><div class='content-column one_half last_column'><div style=\"padding-right:0px;padding-left:6px;\"><p><img loading=\"lazy\" decoding=\"async\" class=\"alignright wp-image-34720 size-medium\" src=\"https:\/\/www.topohvar.at\/wp-content\/uploads\/2020\/04\/sb-au-12-1-300x300.jpg\" alt=\"\" width=\"300\" height=\"300\" srcset=\"https:\/\/www.topohvar.at\/wp-content\/uploads\/2020\/04\/sb-au-12-1-300x300.jpg 300w, https:\/\/www.topohvar.at\/wp-content\/uploads\/2020\/04\/sb-au-12-1-150x150.jpg 150w, https:\/\/www.topohvar.at\/wp-content\/uploads\/2020\/04\/sb-au-12-1.jpg 450w\" sizes=\"auto, (max-width: 300px) 100vw, 300px\" \/><\/p><\/div><\/div><div class='clear_column'><\/div><\/p>\n<div class='content-column one_half'><div style=\"padding-right:6px;\"><p>Vela Mo\u0161ev\u010dica je uvala na sjeveroistoku otoka Hvara. Dobro je za\u0161ti\u0107en od svih vjetrova osim sjevera. Mo\u017eete se sidriti na dubinama izme\u0111u 2 i 10 m, dno je pjeskovito, a sidro se dobro dr\u017ei. Vrijedno je spomenuti da je u blizini iznad ovog zaljeva i dalje vidljiva jedna od vi\u0161e od 4000 godina starih utvrda pod nazivom <span style=\"color: #3366ff;\"><a style=\"color: #3366ff;\" href=\"https:\/\/www.topohvar.at\/topo\/orte\/sb\/sb-po-01-1\/\">&#8222;Gradina&#8220;<\/a><\/span>, koja se\u017ee do Ilira.<\/p><\/div><\/div><div class='content-column one_half last_column'><div style=\"padding-right:0px;padding-left:6px;\"><p>Vela Mo\u0161ev\u010dica ist eine Bucht im Nordosten der Insel Hvar. Sie ist gut vor allen Winden au\u00dfer dem Norden gesch\u00fctzt. Man kann in Tiefen zwischen 2 und 10 m ankern, der Boden ist sandig und der Anker h\u00e4lt gut. Erw\u00e4hnenswert ist, dass in der N\u00e4he oberhalb der Bucht eine \u00fcber 4000 Jahre alte Felsbefestigung (<span style=\"color: #3366ff;\"><a style=\"color: #3366ff;\" href=\"https:\/\/www.topohvar.at\/topo\/orte\/sb\/sb-po-01-1\/\">Gradina<\/a><\/span>), die auf Illyrer zur\u00fcckgeht, noch sichtbar ist.<\/p><\/div><\/div><div class='clear_column'><\/div><\/p>\n<p style=\"text-align: center;\"><em>(Izvor \/ Quelle: https:\/\/enavtika.si)<\/em><\/p>\n<p><img loading=\"lazy\" decoding=\"async\" class=\"aligncenter size-full wp-image-38282\" src=\"https:\/\/www.topohvar.at\/wp-content\/uploads\/2020\/06\/sb-au-12-11.jpg\" alt=\"\" width=\"640\" height=\"314\" srcset=\"https:\/\/www.topohvar.at\/wp-content\/uploads\/2020\/06\/sb-au-12-11.jpg 640w, https:\/\/www.topohvar.at\/wp-content\/uploads\/2020\/06\/sb-au-12-11-300x147.jpg 300w\" sizes=\"auto, (max-width: 640px) 100vw, 640px\" \/><\/p>\n<p><a name=\"sb-13\"><\/a><\/p>\n<p style=\"text-align: right;\"><span style=\"color: #3366ff;\"><a style=\"color: #3366ff;\" href=\"#seite_oben\">natrag na vrh \/ Seitenanfang<\/a><\/span><\/p>\n<hr \/>\n<div class='content-column one_half'><div style=\"padding-right:6px;\"><h3><span style=\"color: #00ccff;\"><strong>Uvala Vela Maslinica<\/strong><\/span><\/h3>\n<p><strong>Code: <\/strong>SB-AU-13<\/p>\n<p><strong>Lokacija<\/strong><strong> \/ Position<\/strong><br \/>\n<a href=\"https:\/\/goo.gl\/maps\/bCNHNzT7czx3XB779\"><span style=\"color: #3366ff;\">Latitude: N 43,13745\u00b0<br \/>\nLongitude: E 17,07273\u00b0<\/span><\/a><\/p>\n<p><a href=\"https:\/\/goo.gl\/maps\/bCNHNzT7czx3XB779\"><img loading=\"lazy\" decoding=\"async\" class=\"alignleft wp-image-34712\" src=\"https:\/\/www.topohvar.at\/wp-content\/uploads\/2020\/04\/2159.jpg\" alt=\"\" width=\"134\" height=\"100\" \/><\/a><\/p>\n<p>&nbsp;<\/p><\/div><\/div><div class='content-column one_half last_column'><div style=\"padding-right:0px;padding-left:6px;\"><p><img loading=\"lazy\" decoding=\"async\" class=\"alignright wp-image-34721 size-medium\" src=\"https:\/\/www.topohvar.at\/wp-content\/uploads\/2020\/04\/sb-au-13-1-300x300.jpg\" alt=\"\" width=\"300\" height=\"300\" srcset=\"https:\/\/www.topohvar.at\/wp-content\/uploads\/2020\/04\/sb-au-13-1-300x300.jpg 300w, https:\/\/www.topohvar.at\/wp-content\/uploads\/2020\/04\/sb-au-13-1-150x150.jpg 150w, https:\/\/www.topohvar.at\/wp-content\/uploads\/2020\/04\/sb-au-13-1.jpg 450w\" sizes=\"auto, (max-width: 300px) 100vw, 300px\" \/><\/p><\/div><\/div><div class='clear_column'><\/div><a name=\"sb-14\"><\/a><\/p>\n<p style=\"text-align: right;\"><span style=\"color: #3366ff;\"><a style=\"color: #3366ff;\" href=\"#seite_oben\">natrag na vrh \/ Seitenanfang<\/a><\/span><\/p>\n<hr \/>\n<div class='content-column one_half'><div style=\"padding-right:6px;\"><h3><span style=\"color: #00ccff;\"><strong>Uvala Mala Maslinica<\/strong><\/span><\/h3>\n<p><strong>Code: <\/strong>SB-AU-14<\/p>\n<p><strong>Lokacija<\/strong><strong> \/ Position<\/strong><br \/>\n<a href=\"https:\/\/goo.gl\/maps\/cfvSth3xosj7eSVJA\"><span style=\"color: #3366ff;\">Latitude: N 43,13751\u00b0<br \/>\nLongitude: E 17,07634\u00b0<\/span><\/a><\/p>\n<p><a href=\"https:\/\/goo.gl\/maps\/cfvSth3xosj7eSVJA\"><img loading=\"lazy\" decoding=\"async\" class=\"alignleft wp-image-34713\" src=\"https:\/\/www.topohvar.at\/wp-content\/uploads\/2020\/04\/2160.jpg\" alt=\"\" width=\"134\" height=\"100\" \/><\/a><\/p>\n<p>&nbsp;<\/p><\/div><\/div><div class='content-column one_half last_column'><div style=\"padding-right:0px;padding-left:6px;\"><p><img loading=\"lazy\" decoding=\"async\" class=\"alignright wp-image-34722 size-medium\" src=\"https:\/\/www.topohvar.at\/wp-content\/uploads\/2020\/04\/sb-au-14-3-300x300.jpg\" alt=\"\" width=\"300\" height=\"300\" srcset=\"https:\/\/www.topohvar.at\/wp-content\/uploads\/2020\/04\/sb-au-14-3-300x300.jpg 300w, https:\/\/www.topohvar.at\/wp-content\/uploads\/2020\/04\/sb-au-14-3-150x150.jpg 150w, https:\/\/www.topohvar.at\/wp-content\/uploads\/2020\/04\/sb-au-14-3.jpg 450w\" sizes=\"auto, (max-width: 300px) 100vw, 300px\" \/><\/p><\/div><\/div><div class='clear_column'><\/div><\/p>\n<div id=\"attachment_42350\" style=\"width: 650px\" class=\"wp-caption alignnone\"><img loading=\"lazy\" decoding=\"async\" aria-describedby=\"caption-attachment-42350\" class=\"wp-image-42350 size-full\" src=\"https:\/\/www.topohvar.at\/wp-content\/uploads\/2020\/10\/sb-au-14-2.jpg\" alt=\"\" width=\"640\" height=\"253\" srcset=\"https:\/\/www.topohvar.at\/wp-content\/uploads\/2020\/10\/sb-au-14-2.jpg 640w, https:\/\/www.topohvar.at\/wp-content\/uploads\/2020\/10\/sb-au-14-2-300x119.jpg 300w\" sizes=\"auto, (max-width: 640px) 100vw, 640px\" \/><p id=\"caption-attachment-42350\" class=\"wp-caption-text\">Foto: https:\/\/andadventure.com\/<\/p><\/div>\n<p><a name=\"sb-15\"><\/a><\/p>\n<p style=\"text-align: right;\"><span style=\"color: #3366ff;\"><a style=\"color: #3366ff;\" href=\"#seite_oben\">natrag na vrh \/ Seitenanfang<\/a><\/span><\/p>\n<hr \/>\n<div class='content-column one_half'><div style=\"padding-right:6px;\"><h3><span style=\"color: #00ccff;\"><strong>Uvala Didina donja<\/strong><\/span><\/h3>\n<p><strong>Code: <\/strong>SB-AU-15<\/p>\n<p><strong>Lokacija<\/strong><strong> \/ Position<\/strong><br \/>\n<a href=\"https:\/\/goo.gl\/maps\/FHSi5QvHknpG9n4x7\"><span style=\"color: #3366ff;\">Latitude: N 43,13685\u00b0<br \/>\nLongitude: E 17,08762\u00b0<\/span><\/a><\/p>\n<p><a href=\"https:\/\/goo.gl\/maps\/FHSi5QvHknpG9n4x7\"><img loading=\"lazy\" decoding=\"async\" class=\"alignleft wp-image-34714\" src=\"https:\/\/www.topohvar.at\/wp-content\/uploads\/2020\/04\/2161.jpg\" alt=\"\" width=\"134\" height=\"100\" \/><\/a><\/p><\/div><\/div><div class='content-column one_half last_column'><div style=\"padding-right:0px;padding-left:6px;\"><p><img loading=\"lazy\" decoding=\"async\" class=\"alignright wp-image-34723 size-medium\" src=\"https:\/\/www.topohvar.at\/wp-content\/uploads\/2020\/04\/sb-au-15-1-300x300.jpg\" alt=\"\" width=\"300\" height=\"300\" srcset=\"https:\/\/www.topohvar.at\/wp-content\/uploads\/2020\/04\/sb-au-15-1-300x300.jpg 300w, https:\/\/www.topohvar.at\/wp-content\/uploads\/2020\/04\/sb-au-15-1-150x150.jpg 150w, https:\/\/www.topohvar.at\/wp-content\/uploads\/2020\/04\/sb-au-15-1.jpg 450w\" sizes=\"auto, (max-width: 300px) 100vw, 300px\" \/><\/p><\/div><\/div><div class='clear_column'><\/div><\/p>\n<div class='content-column one_half'><div style=\"padding-right:6px;\"><p>Divlja Vela je uvala na sjeveroistoku otoka Hvara. Dobro je za\u0161ti\u0107en od svih vjetrova osim sjevera. Mo\u017eete se sidriti na dubinama izme\u0111u 2 i 10 m, dno je pjeskovito, a sidro se dobro dr\u017ei.<\/p><\/div><\/div><div class='content-column one_half last_column'><div style=\"padding-right:0px;padding-left:6px;\"><p>Divlja Vela ist eine Bucht im Nordosten der Insel Hvar. Sie ist gut vor allen Winden au\u00dfer dem Norden gesch\u00fctzt. Man kann in Tiefen zwischen 2 und 10 m ankern, der Boden ist sandig und der Anker h\u00e4lt gut.<\/p><\/div><\/div><div class='clear_column'><\/div><\/p>\n<p style=\"text-align: center;\"><em>(Izvor \/ Quelle: https:\/\/enavtika.si)<\/em><\/p>\n<div id=\"attachment_42351\" style=\"width: 650px\" class=\"wp-caption alignnone\"><img loading=\"lazy\" decoding=\"async\" aria-describedby=\"caption-attachment-42351\" class=\"wp-image-42351 size-full\" src=\"https:\/\/www.topohvar.at\/wp-content\/uploads\/2020\/10\/sb-au-15-3.jpg\" alt=\"\" width=\"640\" height=\"243\" srcset=\"https:\/\/www.topohvar.at\/wp-content\/uploads\/2020\/10\/sb-au-15-3.jpg 640w, https:\/\/www.topohvar.at\/wp-content\/uploads\/2020\/10\/sb-au-15-3-300x114.jpg 300w\" sizes=\"auto, (max-width: 640px) 100vw, 640px\" \/><p id=\"caption-attachment-42351\" class=\"wp-caption-text\">Foto: https:\/\/andadventure.com\/<\/p><\/div>\n<p><a name=\"sb-16\"><\/a><\/p>\n<p style=\"text-align: right;\"><span style=\"color: #3366ff;\"><a style=\"color: #3366ff;\" href=\"#seite_oben\">natrag na vrh \/ Seitenanfang<\/a><\/span><\/p>\n<hr \/>\n<div class='content-column one_half'><div style=\"padding-right:6px;\"><h3><span style=\"color: #00ccff;\"><strong>Uvala Didina gornja<\/strong><\/span><\/h3>\n<p><strong>Code: <\/strong>SB-AU-16\/SU-AU-10<\/p>\n<p><strong>Lokacija<\/strong><strong> \/ Position<\/strong><br \/>\n<a href=\"https:\/\/goo.gl\/maps\/YwqMFALDokdC6W8X6\"><span style=\"color: #3366ff;\">Latitude: N 43,13665\u00b0<br \/>\nLongitude: E 17,09612\u00b0<\/span><\/a><\/p>\n<p><a href=\"https:\/\/goo.gl\/maps\/YwqMFALDokdC6W8X6\"><img loading=\"lazy\" decoding=\"async\" class=\"alignleft wp-image-34715\" src=\"https:\/\/www.topohvar.at\/wp-content\/uploads\/2020\/04\/2162.jpg\" alt=\"\" width=\"134\" height=\"100\" \/><\/a><\/p><\/div><\/div><div class='content-column one_half last_column'><div style=\"padding-right:0px;padding-left:6px;\"><p><img loading=\"lazy\" decoding=\"async\" class=\"alignright wp-image-34724 size-medium\" src=\"https:\/\/www.topohvar.at\/wp-content\/uploads\/2020\/04\/sb-au-16-3-300x300.jpg\" alt=\"\" width=\"300\" height=\"300\" srcset=\"https:\/\/www.topohvar.at\/wp-content\/uploads\/2020\/04\/sb-au-16-3-300x300.jpg 300w, https:\/\/www.topohvar.at\/wp-content\/uploads\/2020\/04\/sb-au-16-3-150x150.jpg 150w, https:\/\/www.topohvar.at\/wp-content\/uploads\/2020\/04\/sb-au-16-3.jpg 450w\" sizes=\"auto, (max-width: 300px) 100vw, 300px\" \/><\/p><\/div><\/div><div class='clear_column'><\/div><div class='content-column one_half'><div style=\"padding-right:6px;\"><p>Divlja Vela je uvala na sjeveroistoku otoka Hvara. Dobro je za\u0161ti\u0107en od svih vjetrova osim sjevera. Mo\u017eete se sidriti na dubinama izme\u0111u 2 i 10 m, dno je pjeskovito, a sidro se dobro dr\u017ei.<\/p><\/div><\/div><div class='content-column one_half last_column'><div style=\"padding-right:0px;padding-left:6px;\"><p>Divlja Vela ist eine Bucht im Nordosten der Insel Hvar. Sie ist gut vor allen Winden au\u00dfer dem Norden gesch\u00fctzt. Man kann in Tiefen zwischen 2 und 10 m ankern, der Boden ist sandig und der Anker h\u00e4lt gut.<\/p><\/div><\/div><div class='clear_column'><\/div><\/p>\n<p style=\"text-align: center;\"><em>(Izvor \/ Quelle: https:\/\/enavtika.si)<\/em><\/p>\n<p><img loading=\"lazy\" decoding=\"async\" class=\"aligncenter size-full wp-image-38277\" src=\"https:\/\/www.topohvar.at\/wp-content\/uploads\/2020\/06\/su-au-10-11.jpg\" alt=\"\" width=\"640\" height=\"314\" srcset=\"https:\/\/www.topohvar.at\/wp-content\/uploads\/2020\/06\/su-au-10-11.jpg 640w, https:\/\/www.topohvar.at\/wp-content\/uploads\/2020\/06\/su-au-10-11-300x147.jpg 300w\" sizes=\"auto, (max-width: 640px) 100vw, 640px\" \/><\/p>\n<p style=\"text-align: right;\"><span style=\"color: #3366ff;\"><a style=\"color: #3366ff;\" href=\"#seite_oben\">natrag na vrh \/ Seitenanfang<\/a><\/span><\/p>\n<hr \/>\n<p><strong>Linkovi \/ Links<\/strong><\/p>\n<p>&#8211;<\/p>\n","protected":false},"excerpt":{"rendered":"<p>Ime \/ Name Selca kod Bogomolja &#8211; Uvale \u00bbna sjevernoj strani otoka\u00ab Code: SB-AU-10\/16\u00a0 \u00a0 \u00a0 \u00a0 \u00a0 \u00a0 \u00a0 \u00a0 \u00a0 \u00a0 \u00a0 \u00a0 \u00a0 \u00a0 \u00a0 \u00a0 \u00a0 \u00a0 \u00a0 Uvale od zapada prema istoku: \/ Die Buchten &hellip; <a href=\"https:\/\/www.topohvar.at\/topo\/orte\/sb\/sb-au-10-1\/\">Weiterlesen <span class=\"meta-nav\">&rarr;<\/span><\/a><\/p>\n","protected":false},"author":1,"featured_media":0,"parent":97,"menu_order":0,"comment_status":"closed","ping_status":"closed","template":"","meta":{"footnotes":""},"class_list":["post-34698","page","type-page","status-publish","hentry"],"_links":{"self":[{"href":"https:\/\/www.topohvar.at\/topo\/wp-json\/wp\/v2\/pages\/34698","targetHints":{"allow":["GET"]}}],"collection":[{"href":"https:\/\/www.topohvar.at\/topo\/wp-json\/wp\/v2\/pages"}],"about":[{"href":"https:\/\/www.topohvar.at\/topo\/wp-json\/wp\/v2\/types\/page"}],"author":[{"embeddable":true,"href":"https:\/\/www.topohvar.at\/topo\/wp-json\/wp\/v2\/users\/1"}],"replies":[{"embeddable":true,"href":"https:\/\/www.topohvar.at\/topo\/wp-json\/wp\/v2\/comments?post=34698"}],"version-history":[{"count":25,"href":"https:\/\/www.topohvar.at\/topo\/wp-json\/wp\/v2\/pages\/34698\/revisions"}],"predecessor-version":[{"id":61239,"href":"https:\/\/www.topohvar.at\/topo\/wp-json\/wp\/v2\/pages\/34698\/revisions\/61239"}],"up":[{"embeddable":true,"href":"https:\/\/www.topohvar.at\/topo\/wp-json\/wp\/v2\/pages\/97"}],"wp:attachment":[{"href":"https:\/\/www.topohvar.at\/topo\/wp-json\/wp\/v2\/media?parent=34698"}],"curies":[{"name":"wp","href":"https:\/\/api.w.org\/{rel}","templated":true}]}}