{"id":34734,"date":"2020-04-06T07:32:40","date_gmt":"2020-04-06T05:32:40","guid":{"rendered":"https:\/\/www.topohvar.at\/topo\/?page_id=34734"},"modified":"2022-10-06T06:06:13","modified_gmt":"2022-10-06T04:06:13","slug":"sb-au-20-1","status":"publish","type":"page","link":"https:\/\/www.topohvar.at\/topo\/orte\/sb\/sb-au-20-1\/","title":{"rendered":"SELCA KOD BOGOMOLJA &#8211; Uvale \u00bbna ju\u017enoj strani otoka\u00ab"},"content":{"rendered":"<p><a name=\"seite_oben\"><\/a><br \/>\n<strong><img loading=\"lazy\" decoding=\"async\" class=\"aligncenter wp-image-34737 size-full\" src=\"https:\/\/www.topohvar.at\/wp-content\/uploads\/2020\/04\/sb-au-20-1.jpg\" alt=\"\" width=\"1080\" height=\"530\" srcset=\"https:\/\/www.topohvar.at\/wp-content\/uploads\/2020\/04\/sb-au-20-1.jpg 1080w, https:\/\/www.topohvar.at\/wp-content\/uploads\/2020\/04\/sb-au-20-1-300x147.jpg 300w, https:\/\/www.topohvar.at\/wp-content\/uploads\/2020\/04\/sb-au-20-1-1024x503.jpg 1024w, https:\/\/www.topohvar.at\/wp-content\/uploads\/2020\/04\/sb-au-20-1-768x377.jpg 768w\" sizes=\"auto, (max-width: 1080px) 100vw, 1080px\" \/><\/strong><\/p>\n<p><strong>Ime \/ Name<br \/>\n<\/strong>Selca kod Bogomolja &#8211; Uvale \u00bbna ju\u017enoj strani otoka\u00ab<\/p>\n<p><strong>Code: <\/strong>SB-AU-20\/25\u00a0 \u00a0 \u00a0 \u00a0 \u00a0 \u00a0 \u00a0 \u00a0 \u00a0 \u00a0 \u00a0 \u00a0 \u00a0 \u00a0 \u00a0 \u00a0 \u00a0 \u00a0 \u00a0 <a href=\"https:\/\/www.topohvar.at\/orte\/sb\/sb-aa-03-1\/\"><img loading=\"lazy\" decoding=\"async\" class=\"alignnone wp-image-12300 size-full\" src=\"https:\/\/www.topohvar.at\/wp-content\/uploads\/2018\/09\/push-vor-30.jpg\" alt=\"\" width=\"61\" height=\"30\" \/><\/a> <a href=\"https:\/\/www.topohvar.at\/orte\/sb\/sb-au-10-1\/\"><img loading=\"lazy\" decoding=\"async\" class=\"alignnone wp-image-533 size-full\" src=\"https:\/\/www.topohvar.at\/wp-content\/uploads\/2018\/07\/push-l-30.jpg\" alt=\"\" width=\"61\" height=\"30\" \/><\/a> <a href=\"https:\/\/www.topohvar.at\/orte\/sb\/\"><img loading=\"lazy\" decoding=\"async\" class=\"alignnone wp-image-535 size-full\" src=\"https:\/\/www.topohvar.at\/wp-content\/uploads\/2018\/07\/push-o-30.jpg\" alt=\"\" width=\"61\" height=\"30\" \/><\/a> <a href=\"https:\/\/www.topohvar.at\/orte\/sb\/sb-ar-10-1\/\"><img loading=\"lazy\" decoding=\"async\" class=\"alignnone wp-image-536 size-full\" src=\"https:\/\/www.topohvar.at\/wp-content\/uploads\/2018\/07\/push-r-30.jpg\" alt=\"\" width=\"61\" height=\"30\" \/><\/a><\/p>\n<p><strong>Uvale od zapada prema istoku: \/ Die Buchten von West nach Ost:<\/strong><br \/>\n<span style=\"color: #3366ff;\"><a style=\"color: #3366ff;\" href=\"#sb-20\">Uvala Kozja<\/a>\u00a0 \/\u00a0 <a style=\"color: #3366ff;\" href=\"#sb-21\">Uvala Veprinova<\/a>\u00a0 \/\u00a0 <a style=\"color: #3366ff;\" href=\"#sb-23\">Uvala R\u017ei\u0161\u0107e<\/a>\u00a0 \/\u00a0 <a style=\"color: #3366ff;\" href=\"#sb-24\">Uvala Borovik<\/a>\u00a0 \/\u00a0\u00a0<a style=\"color: #3366ff;\" href=\"#sb-25\">L. Mrtinovik<\/a><\/span><a name=\"sb-20\"><\/a><\/p>\n<hr \/>\n<div class='content-column one_half'><div style=\"padding-right:6px;\"><h3><span style=\"color: #00ccff;\"><strong>Uvala Kozja<\/strong><\/span><\/h3>\n<p><strong>Code: <\/strong>SB-AU-20<\/p>\n<p><strong>Lokacija \/ Position<\/strong><br \/>\n<span style=\"color: #3366ff;\"><a style=\"color: #3366ff;\" href=\"https:\/\/goo.gl\/maps\/8xVYqP2XrEjRzLZXA\">Latitude: N 43,11714\u00b0<br \/>\nLongitude: E 17,04892\u00b0<\/a><\/span><\/p>\n<p><a href=\"https:\/\/goo.gl\/maps\/8xVYqP2XrEjRzLZXA\"><img loading=\"lazy\" decoding=\"async\" class=\"alignleft wp-image-34743\" src=\"https:\/\/www.topohvar.at\/wp-content\/uploads\/2020\/04\/2163.jpg\" alt=\"\" width=\"134\" height=\"100\" \/><\/a><\/p><\/div><\/div><div class='content-column one_half last_column'><div style=\"padding-right:0px;padding-left:6px;\"><p><img loading=\"lazy\" decoding=\"async\" class=\"alignright wp-image-34750 size-medium\" src=\"https:\/\/www.topohvar.at\/wp-content\/uploads\/2020\/04\/sb-au-20-3-300x300.jpg\" alt=\"\" width=\"300\" height=\"300\" srcset=\"https:\/\/www.topohvar.at\/wp-content\/uploads\/2020\/04\/sb-au-20-3-300x300.jpg 300w, https:\/\/www.topohvar.at\/wp-content\/uploads\/2020\/04\/sb-au-20-3-150x150.jpg 150w, https:\/\/www.topohvar.at\/wp-content\/uploads\/2020\/04\/sb-au-20-3.jpg 450w\" sizes=\"auto, (max-width: 300px) 100vw, 300px\" \/><\/p><\/div><\/div><div class='clear_column'><\/div><div class='content-column one_half'><div style=\"padding-right:6px;\"><p>Uvala Kozja nalazi se na ju\u017enoj strani otoka Hvara. S izuzetkom juga, zaljev je dobro za\u0161ti\u0107en od svih vjetrova. Sidri se na dubinama izme\u0111u 2 i 15 m. Dno je pjeskovito. Sidro dobro dr\u017ei. U uvali je nekoliko ku\u0107a.<\/p><\/div><\/div><div class='content-column one_half last_column'><div style=\"padding-right:0px;padding-left:6px;\"><p>Die Bucht Kozja befindet sich auf der S\u00fcdseite der Insel Hvar. Die Bucht ist mit Ausnahme des S\u00fcdens gut vor allen Winden gesch\u00fctzt. Man kann in Tiefen zwischen 2 und 15 m ankern. Der Boden ist sandig. Der Anker h\u00e4lt gut. Es gibt mehrere H\u00e4user in der Bucht.<\/p><\/div><\/div><div class='clear_column'><\/div><\/p>\n<p style=\"text-align: center;\"><em>(Izvao \/ Quelle: https:\/\/enavtika.si)<\/em><\/p>\n<p><img loading=\"lazy\" decoding=\"async\" class=\"alignnone size-full wp-image-38336\" src=\"https:\/\/www.topohvar.at\/wp-content\/uploads\/2020\/06\/sb-au-20-11.jpg\" alt=\"\" width=\"640\" height=\"314\" srcset=\"https:\/\/www.topohvar.at\/wp-content\/uploads\/2020\/06\/sb-au-20-11.jpg 640w, https:\/\/www.topohvar.at\/wp-content\/uploads\/2020\/06\/sb-au-20-11-300x147.jpg 300w\" sizes=\"auto, (max-width: 640px) 100vw, 640px\" \/><a name=\"sb-21\"><\/a><\/p>\n<p style=\"text-align: right;\"><span style=\"color: #3366ff;\"><a style=\"color: #3366ff;\" href=\"#seite_oben\">natrag na vrh \/ Seitenanfang<\/a><\/span><\/p>\n<hr \/>\n<div class='content-column one_half'><div style=\"padding-right:6px;\"><h3><span style=\"color: #00ccff;\"><strong>Uvala Veprinova<\/strong><\/span><\/h3>\n<p><strong>Code: <\/strong>SB-AU-21<\/p>\n<p><strong>Lokacija \/ Position<\/strong><br \/>\n<a href=\"https:\/\/goo.gl\/maps\/gvkgxbiM1H46gAqa9\"><span style=\"color: #3366ff;\">Latitude: N 43,11490\u00b0<br \/>\nLongitude: E 17,06597\u00b0<\/span><\/a><\/p>\n<p><a href=\"https:\/\/goo.gl\/maps\/gvkgxbiM1H46gAqa9\"><img loading=\"lazy\" decoding=\"async\" class=\"alignleft wp-image-34744\" src=\"https:\/\/www.topohvar.at\/wp-content\/uploads\/2020\/04\/2164.jpg\" alt=\"\" width=\"134\" height=\"100\" \/><\/a><\/p><\/div><\/div><div class='content-column one_half last_column'><div style=\"padding-right:0px;padding-left:6px;\"><p><img loading=\"lazy\" decoding=\"async\" class=\"alignright wp-image-34751 size-medium\" src=\"https:\/\/www.topohvar.at\/wp-content\/uploads\/2020\/04\/sb-au-21-1-300x300.jpg\" alt=\"\" width=\"300\" height=\"300\" srcset=\"https:\/\/www.topohvar.at\/wp-content\/uploads\/2020\/04\/sb-au-21-1-300x300.jpg 300w, https:\/\/www.topohvar.at\/wp-content\/uploads\/2020\/04\/sb-au-21-1-150x150.jpg 150w, https:\/\/www.topohvar.at\/wp-content\/uploads\/2020\/04\/sb-au-21-1.jpg 450w\" sizes=\"auto, (max-width: 300px) 100vw, 300px\" \/><\/p><\/div><\/div><div class='clear_column'><\/div><div class='content-column one_half'><div style=\"padding-right:6px;\"><p>Sidri\u0161te Veprinova nalazi se na ju\u017enoj strani otoka Hvara. Dobro je za\u0161ti\u0107en od svih vjetrova osim jugoistoka. Sidri se na dubinama izme\u0111u 2 i 10 m. Dno je pjeskovito, dijelom obraslo morskim algama. Sidro dobro dr\u017ei.<\/p><\/div><\/div><div class='content-column one_half last_column'><div style=\"padding-right:0px;padding-left:6px;\"><p>Der Ankerplatz Veprinova befindet sich auf der S\u00fcdseite der Insel Hvar. Es ist gut vor allen Winden au\u00dfer dem S\u00fcdosten gesch\u00fctzt. Man kann in Tiefen zwischen 2 und 10 m ankern. Der Boden ist sandig, teilweise mit Seegras bewachsen. Der Anker h\u00e4lt gut.<\/p><\/div><\/div><div class='clear_column'><\/div><\/p>\n<p style=\"text-align: center;\"><em>(Izvao \/ Quelle: https:\/\/enavtika.si)<\/em><\/p>\n<p><img loading=\"lazy\" decoding=\"async\" class=\"alignnone wp-image-38337 size-full\" src=\"https:\/\/www.topohvar.at\/wp-content\/uploads\/2020\/06\/sb-au-21-11.jpg\" alt=\"\" width=\"640\" height=\"314\" srcset=\"https:\/\/www.topohvar.at\/wp-content\/uploads\/2020\/06\/sb-au-21-11.jpg 640w, https:\/\/www.topohvar.at\/wp-content\/uploads\/2020\/06\/sb-au-21-11-300x147.jpg 300w\" sizes=\"auto, (max-width: 640px) 100vw, 640px\" \/><a name=\"sb-23\"><\/a><\/p>\n<p style=\"text-align: right;\"><span style=\"color: #3366ff;\"><a style=\"color: #3366ff;\" href=\"#seite_oben\">natrag na vrh \/ Seitenanfang<\/a><\/span><\/p>\n<hr \/>\n<div class='content-column one_half'><div style=\"padding-right:6px;\"><h3><span style=\"color: #00ccff;\"><strong>Uvala R\u017ei\u0161\u0107e<\/strong><\/span><\/h3>\n<p><strong>Code: <\/strong>SB-AU-23<\/p>\n<p><strong>Lokacija \/ Position<\/strong><br \/>\n<a href=\"https:\/\/goo.gl\/maps\/jiMFNN1xhwsoVFBY6\"><span style=\"color: #3366ff;\">Latitude: N 43,11536\u00b0<br \/>\nLongitude: E 17,08472\u00b0<\/span><\/a><\/p>\n<p><a href=\"https:\/\/goo.gl\/maps\/jiMFNN1xhwsoVFBY6\"><img loading=\"lazy\" decoding=\"async\" class=\"alignleft wp-image-34745\" src=\"https:\/\/www.topohvar.at\/wp-content\/uploads\/2020\/04\/2166-300x225.jpg\" alt=\"\" width=\"133\" height=\"100\" srcset=\"https:\/\/www.topohvar.at\/wp-content\/uploads\/2020\/04\/2166-300x225.jpg 300w, https:\/\/www.topohvar.at\/wp-content\/uploads\/2020\/04\/2166.jpg 400w\" sizes=\"auto, (max-width: 133px) 100vw, 133px\" \/><\/a><\/p><\/div><\/div><div class='content-column one_half last_column'><div style=\"padding-right:0px;padding-left:6px;\"><p><img loading=\"lazy\" decoding=\"async\" class=\"alignright wp-image-34752 size-medium\" src=\"https:\/\/www.topohvar.at\/wp-content\/uploads\/2020\/04\/sb-au-23-1-300x300.jpg\" alt=\"\" width=\"300\" height=\"300\" srcset=\"https:\/\/www.topohvar.at\/wp-content\/uploads\/2020\/04\/sb-au-23-1-300x300.jpg 300w, https:\/\/www.topohvar.at\/wp-content\/uploads\/2020\/04\/sb-au-23-1-150x150.jpg 150w, https:\/\/www.topohvar.at\/wp-content\/uploads\/2020\/04\/sb-au-23-1.jpg 450w\" sizes=\"auto, (max-width: 300px) 100vw, 300px\" \/><\/p><\/div><\/div><div class='clear_column'><\/div><div class='content-column one_half'><div style=\"padding-right:6px;\"><p>Zaljev Rzi\u0161\u010de nalazi se na jugoisto\u010dnoj strani otoka Hvara, samo 5 nauti\u010dkih milja zapadno od grada Su\u010duraj. Rzi\u0161\u010de je mala uvala s dva kamena stupa za privez lokalnih ribarskih brodica. Uvala je za\u0161ti\u0107ena od svih vjetrova osim juga. U krajnjem sjevernom dijelu uvale dno je pjeskovito i sidro se dobro dr\u017ei, dok je u ju\u017enom dijelu obraslo travom.<\/p><\/div><\/div><div class='content-column one_half last_column'><div style=\"padding-right:0px;padding-left:6px;\"><p>Die Bucht Rzi\u0161\u010de befindet sich auf der S\u00fcdostseite der Insel Hvar, nur 5 Seemeilen westlich der Stadt Su\u010duraj. Rzi\u0161\u010de ist eine kleine Bucht mit zwei Steinpfeilern zum Festmachen von Fischerbooten der Einheimischen. Die Bucht ist vor allen Winden au\u00dfer dem S\u00fcden gesch\u00fctzt. Im \u00e4u\u00dfersten n\u00f6rdlichen Teil der Bucht ist der Boden sandig und der Anker h\u00e4lt gut, w\u00e4hrend er im s\u00fcdlichen Teil mit Gras bewachsen ist.<\/p><\/div><\/div><div class='clear_column'><\/div><\/p>\n<p style=\"text-align: center;\"><em>(Izvao \/ Quelle: https:\/\/enavtika.si)<\/em><\/p>\n<div id=\"attachment_42372\" style=\"width: 650px\" class=\"wp-caption alignnone\"><img loading=\"lazy\" decoding=\"async\" aria-describedby=\"caption-attachment-42372\" class=\"wp-image-42372 size-full\" src=\"https:\/\/www.topohvar.at\/wp-content\/uploads\/2020\/10\/sb-au-23-2.jpeg\" alt=\"\" width=\"640\" height=\"278\" srcset=\"https:\/\/www.topohvar.at\/wp-content\/uploads\/2020\/10\/sb-au-23-2.jpeg 640w, https:\/\/www.topohvar.at\/wp-content\/uploads\/2020\/10\/sb-au-23-2-300x130.jpeg 300w\" sizes=\"auto, (max-width: 640px) 100vw, 640px\" \/><p id=\"caption-attachment-42372\" class=\"wp-caption-text\">Foto: https:\/\/andadventure.com\/<\/p><\/div>\n<p><a name=\"sb-24\"><\/a><\/p>\n<p style=\"text-align: right;\"><span style=\"color: #3366ff;\"><a style=\"color: #3366ff;\" href=\"#seite_oben\">natrag na vrh \/ Seitenanfang<\/a><\/span><\/p>\n<hr \/>\n<div class='content-column one_half'><div style=\"padding-right:6px;\"><h3><span style=\"color: #00ccff;\"><strong>Uvala Borovik<\/strong><\/span><\/h3>\n<p><strong>Code: <\/strong>SB-AU-24<\/p>\n<p><strong>Lokacija \/ Position<\/strong><br \/>\n<span style=\"color: #3366ff;\"><a style=\"color: #3366ff;\" href=\"https:\/\/goo.gl\/maps\/Lj9EFssyeBxF3dFm8\">Latitude: N 43,11446\u00b0<br \/>\nLongitude: E 17,09067\u00b0<\/a><\/span><\/p>\n<p><a href=\"https:\/\/goo.gl\/maps\/Lj9EFssyeBxF3dFm8\"><img loading=\"lazy\" decoding=\"async\" class=\"alignleft wp-image-34746\" src=\"https:\/\/www.topohvar.at\/wp-content\/uploads\/2020\/04\/2167.jpg\" alt=\"\" width=\"134\" height=\"100\" \/><\/a><\/p><\/div><\/div><div class='content-column one_half last_column'><div style=\"padding-right:0px;padding-left:6px;\"><p><img loading=\"lazy\" decoding=\"async\" class=\"alignright wp-image-34753 size-medium\" src=\"https:\/\/www.topohvar.at\/wp-content\/uploads\/2020\/04\/sb-au-24-1-300x300.jpg\" alt=\"\" width=\"300\" height=\"300\" srcset=\"https:\/\/www.topohvar.at\/wp-content\/uploads\/2020\/04\/sb-au-24-1-300x300.jpg 300w, https:\/\/www.topohvar.at\/wp-content\/uploads\/2020\/04\/sb-au-24-1-150x150.jpg 150w, https:\/\/www.topohvar.at\/wp-content\/uploads\/2020\/04\/sb-au-24-1.jpg 450w\" sizes=\"auto, (max-width: 300px) 100vw, 300px\" \/><\/p><\/div><\/div><div class='clear_column'><\/div><a name=\"sb-25\"><\/a><\/p>\n<p style=\"text-align: right;\"><a href=\"#seite_oben\">gore \/ Seitenanfang<\/a><\/p>\n<hr \/>\n<div class='content-column one_half'><div style=\"padding-right:6px;\"><h3><strong><span style=\"color: #00ccff;\">L. Mrtinovik<\/span><\/strong><\/h3>\n<p><strong>Code: <\/strong>SB-AU-25<\/p>\n<p><strong>Lokacija \/ Position<\/strong><br \/>\n<a href=\"https:\/\/goo.gl\/maps\/b9Y8By9G4n6Ya89h8\"><span style=\"color: #3366ff;\">Latitude: N 43,11724\u00b0<br \/>\nLongitude: E 17,09904\u00b0<\/span><\/a><\/p>\n<p><a href=\"https:\/\/goo.gl\/maps\/b9Y8By9G4n6Ya89h8\"><img loading=\"lazy\" decoding=\"async\" class=\"alignleft wp-image-34747\" src=\"https:\/\/www.topohvar.at\/wp-content\/uploads\/2020\/04\/2168.jpg\" alt=\"\" width=\"134\" height=\"100\" \/><\/a><\/p><\/div><\/div><div class='content-column one_half last_column'><div style=\"padding-right:0px;padding-left:6px;\"><p><img loading=\"lazy\" decoding=\"async\" class=\"alignright wp-image-34754 size-medium\" src=\"https:\/\/www.topohvar.at\/wp-content\/uploads\/2020\/04\/sb-au-25-3-300x300.jpg\" alt=\"\" width=\"300\" height=\"300\" srcset=\"https:\/\/www.topohvar.at\/wp-content\/uploads\/2020\/04\/sb-au-25-3-300x300.jpg 300w, https:\/\/www.topohvar.at\/wp-content\/uploads\/2020\/04\/sb-au-25-3-150x150.jpg 150w, https:\/\/www.topohvar.at\/wp-content\/uploads\/2020\/04\/sb-au-25-3.jpg 450w\" sizes=\"auto, (max-width: 300px) 100vw, 300px\" \/><\/p><\/div><\/div><div class='clear_column'><\/div><div class='content-column one_half'><div style=\"padding-right:6px;\"><p>Mrtinovi\u010dki zaljev nalazi se na jugoisto\u010dnoj strani otoka Hvara. Uvala ima dvije grane. U oba dijela je prekrasna pje\u0161\u010dana pla\u017ea. Za\u0161ti\u0107ena je od svih vjetrova osim juga. Sidri\u0161te je mogu\u0107e na dubinama izme\u0111u 2 i 5 m, dno je pjeskovito i dijelom prekriveno morskim algama. Gostionica Gambo nalazi se na isto\u010dnom ogranku.<\/p><\/div><\/div><div class='content-column one_half last_column'><div style=\"padding-right:0px;padding-left:6px;\"><p>Die Bucht Mrtinovik befindet sich auf der S\u00fcdostseite der Insel Hvar. Die Bucht hat zwei Zweige. In beiden Teilen gibt es einen sch\u00f6nen Sandstrand. Es ist vor allen Winden au\u00dfer dem S\u00fcden gesch\u00fctzt. Es ist m\u00f6glich, in Tiefen zwischen 2 und 5 m zu ankern, der Boden ist sandig und teilweise mit Seegras bedeckt. Im \u00f6stlichen Zweig befindet sich das Gasthaus Gambo.<\/p><\/div><\/div><div class='clear_column'><\/div><\/p>\n<p style=\"text-align: center;\"><em>(Izvao \/ Quelle: https:\/\/enavtika.si)<\/em><\/p>\n<p><img loading=\"lazy\" decoding=\"async\" class=\"alignnone wp-image-38340 size-full\" src=\"https:\/\/www.topohvar.at\/wp-content\/uploads\/2020\/06\/sb-au-25-11.jpg\" alt=\"\" width=\"640\" height=\"314\" srcset=\"https:\/\/www.topohvar.at\/wp-content\/uploads\/2020\/06\/sb-au-25-11.jpg 640w, https:\/\/www.topohvar.at\/wp-content\/uploads\/2020\/06\/sb-au-25-11-300x147.jpg 300w\" sizes=\"auto, (max-width: 640px) 100vw, 640px\" \/><\/p>\n<p style=\"text-align: right;\"><span style=\"color: #3366ff;\"><a style=\"color: #3366ff;\" href=\"#seite_oben\">natrag na vrh \/ Seitenanfang<\/a><\/span><\/p>\n<hr \/>\n<p><strong>Linkovi \/ Links<\/strong><\/p>\n<p>&#8211;<\/p>\n","protected":false},"excerpt":{"rendered":"<p>Ime \/ Name Selca kod Bogomolja &#8211; Uvale \u00bbna ju\u017enoj strani otoka\u00ab Code: SB-AU-20\/25\u00a0 \u00a0 \u00a0 \u00a0 \u00a0 \u00a0 \u00a0 \u00a0 \u00a0 \u00a0 \u00a0 \u00a0 \u00a0 \u00a0 \u00a0 \u00a0 \u00a0 \u00a0 \u00a0 Uvale od zapada prema istoku: \/ Die Buchten &hellip; <a href=\"https:\/\/www.topohvar.at\/topo\/orte\/sb\/sb-au-20-1\/\">Weiterlesen <span class=\"meta-nav\">&rarr;<\/span><\/a><\/p>\n","protected":false},"author":1,"featured_media":0,"parent":97,"menu_order":0,"comment_status":"closed","ping_status":"closed","template":"","meta":{"footnotes":""},"class_list":["post-34734","page","type-page","status-publish","hentry"],"_links":{"self":[{"href":"https:\/\/www.topohvar.at\/topo\/wp-json\/wp\/v2\/pages\/34734","targetHints":{"allow":["GET"]}}],"collection":[{"href":"https:\/\/www.topohvar.at\/topo\/wp-json\/wp\/v2\/pages"}],"about":[{"href":"https:\/\/www.topohvar.at\/topo\/wp-json\/wp\/v2\/types\/page"}],"author":[{"embeddable":true,"href":"https:\/\/www.topohvar.at\/topo\/wp-json\/wp\/v2\/users\/1"}],"replies":[{"embeddable":true,"href":"https:\/\/www.topohvar.at\/topo\/wp-json\/wp\/v2\/comments?post=34734"}],"version-history":[{"count":24,"href":"https:\/\/www.topohvar.at\/topo\/wp-json\/wp\/v2\/pages\/34734\/revisions"}],"predecessor-version":[{"id":61240,"href":"https:\/\/www.topohvar.at\/topo\/wp-json\/wp\/v2\/pages\/34734\/revisions\/61240"}],"up":[{"embeddable":true,"href":"https:\/\/www.topohvar.at\/topo\/wp-json\/wp\/v2\/pages\/97"}],"wp:attachment":[{"href":"https:\/\/www.topohvar.at\/topo\/wp-json\/wp\/v2\/media?parent=34734"}],"curies":[{"name":"wp","href":"https:\/\/api.w.org\/{rel}","templated":true}]}}