{"id":34828,"date":"2020-04-07T17:51:36","date_gmt":"2020-04-07T15:51:36","guid":{"rendered":"https:\/\/www.topohvar.at\/topo\/?page_id=34828"},"modified":"2021-11-09T15:35:27","modified_gmt":"2021-11-09T14:35:27","slug":"gj-au-10-1","status":"publish","type":"page","link":"https:\/\/www.topohvar.at\/topo\/orte\/gj\/gj-au-10-1\/","title":{"rendered":"GDINJ &#8211; Uvale \u00bbna sjevernoj strani otoka\u00ab"},"content":{"rendered":"<p><a name=\"seite_oben\"><\/a><br \/>\n<strong><img loading=\"lazy\" decoding=\"async\" class=\"alignnone wp-image-34833 size-full\" src=\"https:\/\/www.topohvar.at\/wp-content\/uploads\/2020\/04\/gj-au-10.jpg\" alt=\"\" width=\"1080\" height=\"530\" srcset=\"https:\/\/www.topohvar.at\/wp-content\/uploads\/2020\/04\/gj-au-10.jpg 1080w, https:\/\/www.topohvar.at\/wp-content\/uploads\/2020\/04\/gj-au-10-300x147.jpg 300w, https:\/\/www.topohvar.at\/wp-content\/uploads\/2020\/04\/gj-au-10-1024x503.jpg 1024w, https:\/\/www.topohvar.at\/wp-content\/uploads\/2020\/04\/gj-au-10-768x377.jpg 768w\" sizes=\"auto, (max-width: 1080px) 100vw, 1080px\" \/><\/strong><\/p>\n<p><strong>Ime \/ Name<br \/>\n<\/strong>Gdinj &#8211; Uvale \u00bbna sjevernoj strani otoka\u00ab<\/p>\n<p><strong>Code: <\/strong>GJ-AU-10\/18\u00a0 \u00a0 \u00a0 \u00a0 \u00a0 \u00a0 \u00a0 \u00a0 \u00a0 \u00a0 \u00a0 \u00a0 \u00a0 \u00a0 \u00a0 \u00a0 \u00a0 \u00a0 \u00a0 <a href=\"https:\/\/www.topohvar.at\/orte\/gj\/gj-aa-00-1\/\"><img loading=\"lazy\" decoding=\"async\" class=\"alignnone wp-image-12300 size-full\" src=\"https:\/\/www.topohvar.at\/wp-content\/uploads\/2018\/09\/push-vor-30.jpg\" alt=\"\" width=\"61\" height=\"30\" \/><\/a> <a href=\"https:\/\/www.topohvar.at\/orte\/gj\/gj-ar-10-1\/\"><img loading=\"lazy\" decoding=\"async\" class=\"alignnone wp-image-533 size-full\" src=\"https:\/\/www.topohvar.at\/wp-content\/uploads\/2018\/07\/push-l-30.jpg\" alt=\"\" width=\"61\" height=\"30\" \/><\/a> <a href=\"https:\/\/www.topohvar.at\/orte\/gj\/\"><img loading=\"lazy\" decoding=\"async\" class=\"alignnone wp-image-535 size-full\" src=\"https:\/\/www.topohvar.at\/wp-content\/uploads\/2018\/07\/push-o-30.jpg\" alt=\"\" width=\"61\" height=\"30\" \/><\/a> <a href=\"https:\/\/www.topohvar.at\/orte\/gj\/gj-au-20-1\/\"><img loading=\"lazy\" decoding=\"async\" class=\"alignnone wp-image-536 size-full\" src=\"https:\/\/www.topohvar.at\/wp-content\/uploads\/2018\/07\/push-r-30.jpg\" alt=\"\" width=\"61\" height=\"30\" \/><\/a><\/p>\n<p><strong>Uvale od zapada prema istoku: \/ Die Buchten von West nach Ost:<\/strong><br \/>\n<span style=\"color: #3366ff;\"><a style=\"color: #3366ff;\" href=\"#gj-10\">Uvala Pokrivenik Preza<\/a>\u00a0 \/\u00a0\u00a0<a style=\"color: #3366ff;\" href=\"#gj-11\">Uvala Zara\u0107e<\/a>\u00a0 \/\u00a0\u00a0<a style=\"color: #3366ff;\" href=\"#gj-12\">Uvala Mala Lu\u010dica<\/a>\u00a0 \/\u00a0\u00a0<a style=\"color: #3366ff;\" href=\"#gj-13\">Uvala Vela Lu\u010dica<\/a>\u00a0 \/\u00a0\u00a0<a style=\"color: #3366ff;\" href=\"#gj-14\">Uvala Veli Ku\u010dac<\/a>\u00a0 \/\u00a0\u00a0<a style=\"color: #3366ff;\" href=\"#gj-15\">Uvala Pobij<\/a>\u00a0 \/\u00a0\u00a0<a style=\"color: #3366ff;\" href=\"#gj-16\">Uvala Pakomina<\/a>\u00a0 \/\u00a0\u00a0<a style=\"color: #3366ff;\" href=\"#gj-17\">Uvala Virak<\/a>\u00a0 \/\u00a0\u00a0<a style=\"color: #3366ff;\" href=\"#gj-18\">Uvala Tvrdna pazuha<\/a><\/span><a name=\"gj-10\"><\/a><\/p>\n<hr \/>\n<div class='content-column one_half'><div style=\"padding-right:6px;\"><h3><span style=\"color: #00ccff;\"><strong>Uvala Pokrivenik Preza<\/strong><\/span><\/h3>\n<p><strong>Code: <\/strong>GJ-AU-10<\/p>\n<p><strong>Lokacija \/ Position<\/strong><br \/>\n<a href=\"https:\/\/goo.gl\/maps\/KzA5YhKo6mVuGf6X6\"><span style=\"color: #3366ff;\">Latitude: N 43,15076\u00b0\u00a0 \u00a0Longitude: E 16,88789\u00b0<\/span><\/a><\/p>\n<p><a href=\"https:\/\/goo.gl\/maps\/KzA5YhKo6mVuGf6X6\"><img loading=\"lazy\" decoding=\"async\" class=\"alignleft wp-image-34852\" src=\"https:\/\/www.topohvar.at\/wp-content\/uploads\/2020\/04\/2194.jpg\" alt=\"\" width=\"134\" height=\"100\" \/><\/a><\/p><\/div><\/div><div class='content-column one_half last_column'><div style=\"padding-right:0px;padding-left:6px;\"><p><img loading=\"lazy\" decoding=\"async\" class=\"alignright wp-image-34879 size-medium\" src=\"https:\/\/www.topohvar.at\/wp-content\/uploads\/2020\/04\/gj-au-10-1-300x199.jpg\" alt=\"\" width=\"300\" height=\"199\" srcset=\"https:\/\/www.topohvar.at\/wp-content\/uploads\/2020\/04\/gj-au-10-1-300x199.jpg 300w, https:\/\/www.topohvar.at\/wp-content\/uploads\/2020\/04\/gj-au-10-1.jpg 450w\" sizes=\"auto, (max-width: 300px) 100vw, 300px\" \/><\/p><\/div><\/div><div class='clear_column'><\/div><div class='content-column one_half'><div style=\"padding-right:6px;\"><p>Pokrivenik je velika uvala na sjevernoj strani otoka Hvara. Jo\u0161 jedna ruka na istoku. Uvala je dobro za\u0161ti\u0107ena od ju\u017enih vjetrova. Valove uzrokuju samo sjeverni vjetrovi. U uvali se mo\u017eete sidriti na dubinama izme\u0111u 2 i 20 m. Dno je pjeskovito, a sidro se dobro dr\u017ei. Na ju\u017enim i isto\u010dnim granama nalaze se prekrasne pje\u0161\u010dane pla\u017ee. Hotel i restoran Timuni nalazi se na isto\u010dnoj strani uvale. Ina\u010de nema druge ponude u zaljevu.<\/p><\/div><\/div><div class='content-column one_half last_column'><div style=\"padding-right:0px;padding-left:6px;\"><p>Pokrivenik ist eine gro\u00dfe Bucht auf der Nordseite der Insel Hvar. Sie einen weiteren Arm im Osten. Die Bucht ist gut vor S\u00fcdwinden gesch\u00fctzt. Wellen werden nur durch Nordwinde verursacht. In der Bucht kann man in Tiefen zwischen 2 und 20 m ankern. Der Boden ist sandig und der Anker h\u00e4lt gut. Es gibt sch\u00f6ne Sandstr\u00e4nde in den s\u00fcdlichen und \u00f6stlichen Zweigen. Auf der Ostseite der Bucht befindet sich das Hotel und Restaurant Timuni. Ansonsten gibt es kein anderes Angebot in der Bucht.<\/p><\/div><\/div><div class='clear_column'><\/div><\/p>\n<p style=\"text-align: center;\"><em>(Izvor \/ Quelle: https:\/\/enavtika.si)<\/em><\/p>\n<p><img loading=\"lazy\" decoding=\"async\" class=\"alignnone size-full wp-image-38374\" src=\"https:\/\/www.topohvar.at\/wp-content\/uploads\/2020\/06\/gj-au-10-11.jpg\" alt=\"\" width=\"640\" height=\"314\" srcset=\"https:\/\/www.topohvar.at\/wp-content\/uploads\/2020\/06\/gj-au-10-11.jpg 640w, https:\/\/www.topohvar.at\/wp-content\/uploads\/2020\/06\/gj-au-10-11-300x147.jpg 300w\" sizes=\"auto, (max-width: 640px) 100vw, 640px\" \/><a name=\"gj-11\"><\/a><\/p>\n<p style=\"text-align: right;\"><span style=\"color: #3366ff;\"><a style=\"color: #3366ff;\" href=\"#seite_oben\">natrag na vrh \/ Seitenanfang<\/a><\/span><\/p>\n<hr \/>\n<div class='content-column one_half'><div style=\"padding-right:6px;\"><h3><span style=\"color: #00ccff;\"><strong>Uvala Zara\u0107e<\/strong><\/span><\/h3>\n<p><strong>Code: <\/strong>GJ-AU-11<\/p>\n<p><strong>Lokacija \/ Position<\/strong><br \/>\n<a href=\"https:\/\/goo.gl\/maps\/fFyL66E1vft1DeGq8\"><span style=\"color: #3366ff;\">Latitude: N 43,15250\u00b0\u00a0 \u00a0Longitude: E 16,89829\u00b0<\/span><\/a><\/p>\n<p><a href=\"https:\/\/goo.gl\/maps\/fFyL66E1vft1DeGq8\"><img loading=\"lazy\" decoding=\"async\" class=\"alignleft wp-image-34853\" src=\"https:\/\/www.topohvar.at\/wp-content\/uploads\/2020\/04\/2195.jpg\" alt=\"\" width=\"134\" height=\"100\" \/><\/a><\/p><\/div><\/div><div class='content-column one_half last_column'><div style=\"padding-right:0px;padding-left:6px;\"><p><img loading=\"lazy\" decoding=\"async\" class=\"alignright wp-image-34880 size-medium\" src=\"https:\/\/www.topohvar.at\/wp-content\/uploads\/2020\/04\/gj-au-11-1-300x300.jpg\" alt=\"\" width=\"300\" height=\"300\" srcset=\"https:\/\/www.topohvar.at\/wp-content\/uploads\/2020\/04\/gj-au-11-1-300x300.jpg 300w, https:\/\/www.topohvar.at\/wp-content\/uploads\/2020\/04\/gj-au-11-1-150x150.jpg 150w, https:\/\/www.topohvar.at\/wp-content\/uploads\/2020\/04\/gj-au-11-1.jpg 450w\" sizes=\"auto, (max-width: 300px) 100vw, 300px\" \/><\/p><\/div><\/div><div class='clear_column'><\/div><div class='content-column one_half'><div style=\"padding-right:6px;\"><p>Uvala Zara\u0107a smje\u0161tena je na sjevernoj obali otoka, u kojoj, nakon opu\u0161tanja na lijepoj \u0161ljun\u010danoj pla\u017ei okupanoj suncem, okrijepu mo\u017eete prona\u0107i u restoranu u obli\u017enjoj uvali Pokrivenik. Do uvale se mo\u017ee do\u0107i automobilom.<\/p><\/div><\/div><div class='content-column one_half last_column'><div style=\"padding-right:0px;padding-left:6px;\"><p>Die Bucht Zara\u0107a befindet sich auf der Nordseite der Insel Hvar. Nach einem entspannenden Aufenthalt am sch\u00f6nen und sonnigen Kiesstrand, k\u00f6nnen Sie sich im Restaurant, das sich in der nahe gelegenen Bucht Pokrivenik befindet, erfrischen. Die Bucht ist mit dem Auto erreichbar.<\/p><\/div><\/div><div class='clear_column'><\/div><div class='content-column one_half'><div style=\"padding-right:6px;\"><p>Zara\u010de su mala zaljev sa sjeverne strane otoka Hvara. Uvala je dobro za\u0161ti\u0107ena od zapadnih i djelomi\u010dno ju\u017enih vjetrova. Sna\u017ean ju\u017eni vjetar pu\u0161e u Hvarskom kanalu s istoka i uzrokuje valove u zaljevu. U uvali se mo\u017eete sidriti na dubinama izme\u0111u 2 i 15 m, dno je pjeskovito i dijelom prekriveno morskim algama. Sidro se dobro dr\u017ei u pje\u0161\u010danom dijelu..<\/p><\/div><\/div><div class='content-column one_half last_column'><div style=\"padding-right:0px;padding-left:6px;\"><p>Zara\u010de ist eine kleine Bucht auf der Nordseite der Insel Hvar. Die Bucht ist gut vor West- und teilweise S\u00fcdwinden gesch\u00fctzt. Ein starker S\u00fcdwind weht im Hvar-Kanal von Osten und verursacht Wellen in der Bucht. In der Bucht kann man in Tiefen zwischen 2 und 15 m ankern, der Boden ist sandig und teilweise mit Seegras bedeckt. Im sandigen Teil h\u00e4lt der Anker gut.<\/p><\/div><\/div><div class='clear_column'><\/div><\/p>\n<p style=\"text-align: center;\"><em>(Izvor \/ Quelle: https:\/\/enavtika.si)<\/em><\/p>\n<p><img loading=\"lazy\" decoding=\"async\" class=\"alignnone wp-image-38375 size-full\" src=\"https:\/\/www.topohvar.at\/wp-content\/uploads\/2020\/06\/gj-au-11-11.jpg\" alt=\"\" width=\"640\" height=\"314\" srcset=\"https:\/\/www.topohvar.at\/wp-content\/uploads\/2020\/06\/gj-au-11-11.jpg 640w, https:\/\/www.topohvar.at\/wp-content\/uploads\/2020\/06\/gj-au-11-11-300x147.jpg 300w\" sizes=\"auto, (max-width: 640px) 100vw, 640px\" \/><a name=\"gj-12\"><\/a><\/p>\n<p style=\"text-align: right;\"><span style=\"color: #3366ff;\"><a style=\"color: #3366ff;\" href=\"#seite_oben\">natrag na vrh \/ Seitenanfang<\/a><\/span><\/p>\n<hr \/>\n<div class='content-column one_half'><div style=\"padding-right:6px;\"><h3><span style=\"color: #00ccff;\"><strong>Uvala Mala Lu\u010dica<\/strong><\/span><\/h3>\n<p><strong>Code: <\/strong>GJ-AU-12<\/p>\n<p><strong>Lokacija \/ Position<\/strong><br \/>\n<a href=\"https:\/\/goo.gl\/maps\/nVin55ib27LCV5uT9\"><span style=\"color: #3366ff;\">Latitude: N 43,15190\u00b0\u00a0 \u00a0Longitude: E 16,90807\u00b0<\/span><\/a><\/p>\n<p><a href=\"https:\/\/goo.gl\/maps\/nVin55ib27LCV5uT9\"><img loading=\"lazy\" decoding=\"async\" class=\"alignleft wp-image-34854\" src=\"https:\/\/www.topohvar.at\/wp-content\/uploads\/2020\/04\/2196.jpg\" alt=\"\" width=\"134\" height=\"100\" \/><\/a><\/p>\n<p>&nbsp;<\/p><\/div><\/div><div class='content-column one_half last_column'><div style=\"padding-right:0px;padding-left:6px;\"><p><img loading=\"lazy\" decoding=\"async\" class=\"alignright wp-image-34881 size-medium\" src=\"https:\/\/www.topohvar.at\/wp-content\/uploads\/2020\/04\/gj-au-12-1-300x300.jpg\" alt=\"\" width=\"300\" height=\"300\" srcset=\"https:\/\/www.topohvar.at\/wp-content\/uploads\/2020\/04\/gj-au-12-1-300x300.jpg 300w, https:\/\/www.topohvar.at\/wp-content\/uploads\/2020\/04\/gj-au-12-1-150x150.jpg 150w, https:\/\/www.topohvar.at\/wp-content\/uploads\/2020\/04\/gj-au-12-1.jpg 450w\" sizes=\"auto, (max-width: 300px) 100vw, 300px\" \/><\/p><\/div><\/div><div class='clear_column'><\/div><a name=\"gj-13\"><\/a><\/p>\n<p style=\"text-align: right;\"><span style=\"color: #3366ff;\"><a style=\"color: #3366ff;\" href=\"#seite_oben\">natrag na vrh \/ Seitenanfang<\/a><\/span><\/p>\n<hr \/>\n<div class='content-column one_half'><div style=\"padding-right:6px;\"><h3><span style=\"color: #00ccff;\"><strong>Uvala Vela Lu\u010dica<\/strong><\/span><\/h3>\n<p><strong>Code: <\/strong>GJ-AU-13<\/p>\n<p><strong>Lokacija \/ Position<\/strong><br \/>\n<a href=\"https:\/\/goo.gl\/maps\/8ABCtT14B17GGQf26\"><span style=\"color: #3366ff;\">Latitude: N 43,15245\u00b0\u00a0 \u00a0Longitude: E 16,91290\u00b0<\/span><\/a><\/p>\n<p><a href=\"https:\/\/goo.gl\/maps\/8ABCtT14B17GGQf26\"><img loading=\"lazy\" decoding=\"async\" class=\"alignleft wp-image-34855\" src=\"https:\/\/www.topohvar.at\/wp-content\/uploads\/2020\/04\/2197.jpg\" alt=\"\" width=\"133\" height=\"100\" \/><\/a><\/p>\n<p>&nbsp;<\/p><\/div><\/div><div class='content-column one_half last_column'><div style=\"padding-right:0px;padding-left:6px;\"><p><img loading=\"lazy\" decoding=\"async\" class=\"alignright wp-image-34882 size-medium\" src=\"https:\/\/www.topohvar.at\/wp-content\/uploads\/2020\/04\/gj-au-13-1-300x300.jpg\" alt=\"\" width=\"300\" height=\"300\" srcset=\"https:\/\/www.topohvar.at\/wp-content\/uploads\/2020\/04\/gj-au-13-1-300x300.jpg 300w, https:\/\/www.topohvar.at\/wp-content\/uploads\/2020\/04\/gj-au-13-1-150x150.jpg 150w, https:\/\/www.topohvar.at\/wp-content\/uploads\/2020\/04\/gj-au-13-1.jpg 450w\" sizes=\"auto, (max-width: 300px) 100vw, 300px\" \/><\/p><\/div><\/div><div class='clear_column'><\/div><a name=\"gj-14\"><\/a><\/p>\n<p style=\"text-align: right;\"><a href=\"#seite_oben\">natrag na vrh \/ Seitenanfang<\/a><\/p>\n<hr \/>\n<div class='content-column one_half'><div style=\"padding-right:6px;\"><h3><span style=\"color: #00ccff;\"><strong>Uvala Veli Ku\u010dac<\/strong><\/span><\/h3>\n<p><strong>Code: <\/strong>GJ-AU-14<\/p>\n<p><strong>Lokacija \/ Position<\/strong><br \/>\n<a href=\"https:\/\/goo.gl\/maps\/sHnWagq9XFi31y767\"><span style=\"color: #3366ff;\">Latitude: N 43,15133\u00b0\u00a0 \u00a0Longitude: E 16,91715\u00b0<\/span><\/a><\/p>\n<p><a href=\"https:\/\/goo.gl\/maps\/sHnWagq9XFi31y767\"><img loading=\"lazy\" decoding=\"async\" class=\"alignleft wp-image-34856\" src=\"https:\/\/www.topohvar.at\/wp-content\/uploads\/2020\/04\/2198.jpg\" alt=\"\" width=\"134\" height=\"100\" \/><\/a><\/p>\n<p>&nbsp;<\/p><\/div><\/div><div class='content-column one_half last_column'><div style=\"padding-right:0px;padding-left:6px;\"><p><img loading=\"lazy\" decoding=\"async\" class=\"alignright wp-image-34883 size-medium\" src=\"https:\/\/www.topohvar.at\/wp-content\/uploads\/2020\/04\/gj-au-14-1-300x300.jpg\" alt=\"\" width=\"300\" height=\"300\" srcset=\"https:\/\/www.topohvar.at\/wp-content\/uploads\/2020\/04\/gj-au-14-1-300x300.jpg 300w, https:\/\/www.topohvar.at\/wp-content\/uploads\/2020\/04\/gj-au-14-1-150x150.jpg 150w, https:\/\/www.topohvar.at\/wp-content\/uploads\/2020\/04\/gj-au-14-1.jpg 450w\" sizes=\"auto, (max-width: 300px) 100vw, 300px\" \/><\/p><\/div><\/div><div class='clear_column'><\/div><a name=\"gj-15\"><\/a><\/p>\n<p style=\"text-align: right;\"><span style=\"color: #3366ff;\"><a style=\"color: #3366ff;\" href=\"#seite_oben\">natrag na vrh \/ Seitenanfang<\/a><\/span><\/p>\n<hr \/>\n<div class='content-column one_half'><div style=\"padding-right:6px;\"><h3><span style=\"color: #00ccff;\"><strong>Uvala Pobij<\/strong><\/span><\/h3>\n<p><strong>Code: <\/strong>GJ-AU-15<\/p>\n<p><strong>Lokacija \/ Position<\/strong><br \/>\n<a href=\"https:\/\/goo.gl\/maps\/Dkp6SKdttK3gQfsE8\"><span style=\"color: #3366ff;\">Latitude: N 43,15211\u00b0\u00a0 \u00a0Longitude: E 16,92360\u00b0<\/span><\/a><\/p>\n<p><a href=\"https:\/\/goo.gl\/maps\/Dkp6SKdttK3gQfsE8\"><img loading=\"lazy\" decoding=\"async\" class=\"alignleft wp-image-34857\" src=\"https:\/\/www.topohvar.at\/wp-content\/uploads\/2020\/04\/2199.jpg\" alt=\"\" width=\"134\" height=\"100\" \/><\/a><\/p>\n<p>&nbsp;<\/p><\/div><\/div><div class='content-column one_half last_column'><div style=\"padding-right:0px;padding-left:6px;\"><p><img loading=\"lazy\" decoding=\"async\" class=\"alignright wp-image-34884 size-medium\" src=\"https:\/\/www.topohvar.at\/wp-content\/uploads\/2020\/04\/gj-au-15-1-300x300.jpg\" alt=\"\" width=\"300\" height=\"300\" srcset=\"https:\/\/www.topohvar.at\/wp-content\/uploads\/2020\/04\/gj-au-15-1-300x300.jpg 300w, https:\/\/www.topohvar.at\/wp-content\/uploads\/2020\/04\/gj-au-15-1-150x150.jpg 150w, https:\/\/www.topohvar.at\/wp-content\/uploads\/2020\/04\/gj-au-15-1.jpg 450w\" sizes=\"auto, (max-width: 300px) 100vw, 300px\" \/><\/p><\/div><\/div><div class='clear_column'><\/div><div class='content-column one_half'><div style=\"padding-right:6px;\"><p>Na sjevernoj obali otoka Hvara, 8 km udaljena od sela Gdinj nalazi se slikovita uvala Pobij. Lijepa \u0161ljun\u010dana pla\u017ea i azurna boja mora mame na kupanje sve posjetitelje, a oni \u017eeljni robinzonskog turizma smje\u0161taj mogu prona\u0107i u obli\u017enjim ku\u0107ama za odmor i apartmanima.<\/p><\/div><\/div><div class='content-column one_half last_column'><div style=\"padding-right:0px;padding-left:6px;\"><p>Auf der Nordseite der Insel Hvar, etwa 8 km vom Dorf Gdinj entfernt, befindet sich die malerische Bucht Pobij. Der sch\u00f6ne Kiesstrand und das azurblaue Meer locken alle Besucher zu einem Sprung ins Wasser ein. G\u00e4ste, die den \u201eRobinson-Tourismus\u201c bevorzugen, k\u00f6nnen in den umliegenden Ferienh\u00e4usern und Apartments eine Unterkunft finden.<\/p><\/div><\/div><div class='clear_column'><\/div><div class='content-column one_half'><div style=\"padding-right:6px;\"><p>Uvala je samo dobro za\u0161ti\u0107ena od ju\u017enih vjetrova. U uvali se mo\u017eete sidriti na dubinama izme\u0111u 2 i 5 m, dno je pjeskovito, a sidro se dobro dr\u017ei. U uvali se nalazi pje\u0161\u010dana pla\u017ea i mali pristani\u0161te na koji mo\u017eete sletjeti samo malim brodom.<\/p><\/div><\/div><div class='content-column one_half last_column'><div style=\"padding-right:0px;padding-left:6px;\"><p>Die Bucht ist nur vor S\u00fcdwinden gut gesch\u00fctzt. In der Bucht kann man in Tiefen zwischen 2 und 5 m ankern, der Boden ist sandig und der Anker h\u00e4lt gut. Es gibt einen Sandstrand und einen kleinen Pier in der Bucht, wo man nur mit einem kleinen Boot landen kann.<\/p><\/div><\/div><div class='clear_column'><\/div><\/p>\n<p style=\"text-align: center;\"><em>(Izvor \/ Quelle: https:\/\/enavtika.si)<\/em><\/p>\n<p><img loading=\"lazy\" decoding=\"async\" class=\"alignnone wp-image-38376 size-full\" src=\"https:\/\/www.topohvar.at\/wp-content\/uploads\/2020\/06\/gj-au-15-11.jpg\" alt=\"\" width=\"640\" height=\"314\" srcset=\"https:\/\/www.topohvar.at\/wp-content\/uploads\/2020\/06\/gj-au-15-11.jpg 640w, https:\/\/www.topohvar.at\/wp-content\/uploads\/2020\/06\/gj-au-15-11-300x147.jpg 300w\" sizes=\"auto, (max-width: 640px) 100vw, 640px\" \/><a name=\"gj-16\"><\/a><\/p>\n<p style=\"text-align: right;\"><span style=\"color: #3366ff;\"><a style=\"color: #3366ff;\" href=\"#seite_oben\">natrag na vrh \/ Seitenanfang<\/a><\/span><\/p>\n<hr \/>\n<div class='content-column one_half'><div style=\"padding-right:6px;\"><h3><span style=\"color: #00ccff;\"><strong>Uvala Pakomina<\/strong><\/span><\/h3>\n<p><strong>Code: <\/strong>GJ-AU-16<\/p>\n<p><strong>Lokacija \/ Position<\/strong><br \/>\n<a href=\"https:\/\/goo.gl\/maps\/1mQSVtTS6ih4PyrM8\"><span style=\"color: #3366ff;\">Latitude: N 43,15197\u00b0\u00a0 \u00a0Longitude: E 16,94683\u00b0<\/span><\/a><\/p>\n<p><a href=\"https:\/\/goo.gl\/maps\/1mQSVtTS6ih4PyrM8\"><img loading=\"lazy\" decoding=\"async\" class=\"alignleft wp-image-34858\" src=\"https:\/\/www.topohvar.at\/wp-content\/uploads\/2020\/04\/2200.jpg\" alt=\"\" width=\"134\" height=\"100\" \/><\/a><\/p>\n<p>&nbsp;<\/p><\/div><\/div><div class='content-column one_half last_column'><div style=\"padding-right:0px;padding-left:6px;\"><p><img loading=\"lazy\" decoding=\"async\" class=\"alignright wp-image-34885 size-medium\" src=\"https:\/\/www.topohvar.at\/wp-content\/uploads\/2020\/04\/gj-au-16-1-300x300.jpg\" alt=\"\" width=\"300\" height=\"300\" srcset=\"https:\/\/www.topohvar.at\/wp-content\/uploads\/2020\/04\/gj-au-16-1-300x300.jpg 300w, https:\/\/www.topohvar.at\/wp-content\/uploads\/2020\/04\/gj-au-16-1-150x150.jpg 150w, https:\/\/www.topohvar.at\/wp-content\/uploads\/2020\/04\/gj-au-16-1.jpg 450w\" sizes=\"auto, (max-width: 300px) 100vw, 300px\" \/><\/p><\/div><\/div><div class='clear_column'><\/div><\/p>\n<div id=\"attachment_42342\" style=\"width: 650px\" class=\"wp-caption alignnone\"><img loading=\"lazy\" decoding=\"async\" aria-describedby=\"caption-attachment-42342\" class=\"wp-image-42342 size-full\" src=\"https:\/\/www.topohvar.at\/wp-content\/uploads\/2020\/10\/gj-au-16-1.jpg\" alt=\"\" width=\"640\" height=\"249\" srcset=\"https:\/\/www.topohvar.at\/wp-content\/uploads\/2020\/10\/gj-au-16-1.jpg 640w, https:\/\/www.topohvar.at\/wp-content\/uploads\/2020\/10\/gj-au-16-1-300x117.jpg 300w\" sizes=\"auto, (max-width: 640px) 100vw, 640px\" \/><p id=\"caption-attachment-42342\" class=\"wp-caption-text\">Foto: https:\/\/andadventure.com\/<\/p><\/div>\n<p><a name=\"gj-17\"><\/a><\/p>\n<p style=\"text-align: right;\"><span style=\"color: #3366ff;\"><a style=\"color: #3366ff;\" href=\"#seite_oben\">natrag na vrh \/ Seitenanfang<\/a><\/span><\/p>\n<hr \/>\n<div class='content-column one_half'><div style=\"padding-right:6px;\"><h3><span style=\"color: #00ccff;\"><strong>Uvala Virak<\/strong><\/span><\/h3>\n<p><strong>Code: <\/strong>GJ-AU-17<\/p>\n<p><strong>Lokacija \/ Position<\/strong><br \/>\n<a href=\"https:\/\/goo.gl\/maps\/XjvHbeQ518M3MbJf9\"><span style=\"color: #3366ff;\">Latitude: N 43,15186\u00b0\u00a0 \u00a0Longitude: E 16,95791\u00b0<\/span><\/a><\/p>\n<p><a href=\"https:\/\/goo.gl\/maps\/XjvHbeQ518M3MbJf9\"><img loading=\"lazy\" decoding=\"async\" class=\"alignleft wp-image-34859\" src=\"https:\/\/www.topohvar.at\/wp-content\/uploads\/2020\/04\/2201.jpg\" alt=\"\" width=\"134\" height=\"100\" \/><\/a><\/p><\/div><\/div><div class='content-column one_half last_column'><div style=\"padding-right:0px;padding-left:6px;\"><p><img loading=\"lazy\" decoding=\"async\" class=\"alignright wp-image-34886 size-medium\" src=\"https:\/\/www.topohvar.at\/wp-content\/uploads\/2020\/04\/gj-au-17-1-300x300.jpg\" alt=\"\" width=\"300\" height=\"300\" srcset=\"https:\/\/www.topohvar.at\/wp-content\/uploads\/2020\/04\/gj-au-17-1-300x300.jpg 300w, https:\/\/www.topohvar.at\/wp-content\/uploads\/2020\/04\/gj-au-17-1-150x150.jpg 150w, https:\/\/www.topohvar.at\/wp-content\/uploads\/2020\/04\/gj-au-17-1.jpg 450w\" sizes=\"auto, (max-width: 300px) 100vw, 300px\" \/><\/p><\/div><\/div><div class='clear_column'><\/div><\/p>\n<div class='content-column one_half'><div style=\"padding-right:6px;\"><p>Virak je prili\u010dno otvoren zaljev s nekoliko ljetnikovaca uz obalu. Postoji samo nekoliko malih \u0161ljun\u010danih pla\u017ea. Tu zavr\u0161ava zemljani put koji povezuje sve spomenute uvale od Pokrivenika do ove to\u010dke.<\/p><\/div><\/div><div class='content-column one_half last_column'><div style=\"padding-right:0px;padding-left:6px;\"><p>Virak ist eine ziemlich offene Bucht mit einigen Sommerh\u00e4usern entlang der K\u00fcste. Es gibt nur wenige kleine Kiesstr\u00e4nde. Hier endet die unbefestigte Stra\u00dfe, die alle vorher genannten Buchten von Pokrivenik bis hierher verbindet.<\/p><\/div><\/div><div class='clear_column'><\/div><a name=\"gj-18\"><\/a><\/p>\n<p style=\"text-align: right;\"><span style=\"color: #3366ff;\"><a style=\"color: #3366ff;\" href=\"#seite_oben\">natrag na vrh \/ Seitenanfang<\/a><\/span><\/p>\n<hr \/>\n<div class='content-column one_half'><div style=\"padding-right:6px;\"><h3><span style=\"color: #00ccff;\"><strong>Uvala Tvrdna pazuha<\/strong><\/span><\/h3>\n<p><strong>Code: <\/strong>GJ-AU-18\/BO-AU-10<\/p>\n<p><strong>Lokacija \/ Position<\/strong><br \/>\n<span style=\"color: #3366ff;\"><a style=\"color: #3366ff;\" href=\"https:\/\/goo.gl\/maps\/Y5vh8qJvVCv4EvGU7\">Latitude: N 43,15047\u00b0\u00a0 \u00a0Longitude: E 16,96855\u00b0<\/a><\/span><\/p>\n<p><a href=\"https:\/\/goo.gl\/maps\/Y5vh8qJvVCv4EvGU7\"><img loading=\"lazy\" decoding=\"async\" class=\"alignleft wp-image-34629\" src=\"https:\/\/www.topohvar.at\/wp-content\/uploads\/2020\/04\/2138.jpg\" alt=\"\" width=\"134\" height=\"100\" \/><\/a><\/p>\n<p>&nbsp;<\/p><\/div><\/div><div class='content-column one_half last_column'><div style=\"padding-right:0px;padding-left:6px;\"><p><img loading=\"lazy\" decoding=\"async\" class=\"alignright size-medium wp-image-34676\" src=\"https:\/\/www.topohvar.at\/wp-content\/uploads\/2020\/04\/bo-au-10-1-300x300.jpg\" alt=\"\" width=\"300\" height=\"300\" srcset=\"https:\/\/www.topohvar.at\/wp-content\/uploads\/2020\/04\/bo-au-10-1-300x300.jpg 300w, https:\/\/www.topohvar.at\/wp-content\/uploads\/2020\/04\/bo-au-10-1-150x150.jpg 150w, https:\/\/www.topohvar.at\/wp-content\/uploads\/2020\/04\/bo-au-10-1.jpg 450w\" sizes=\"auto, (max-width: 300px) 100vw, 300px\" \/><\/p><\/div><\/div><div class='clear_column'><\/div><\/p>\n<p style=\"text-align: right;\"><span style=\"color: #3366ff;\"><a style=\"color: #3366ff;\" href=\"#seite_oben\">natrag na vrh \/ Seitenanfang<\/a><\/span><\/p>\n<hr \/>\n<p><strong>Linkovi \/ Links<\/strong><\/p>\n<p>&#8211;<\/p>\n","protected":false},"excerpt":{"rendered":"<p>Ime \/ Name Gdinj &#8211; Uvale \u00bbna sjevernoj strani otoka\u00ab Code: GJ-AU-10\/18\u00a0 \u00a0 \u00a0 \u00a0 \u00a0 \u00a0 \u00a0 \u00a0 \u00a0 \u00a0 \u00a0 \u00a0 \u00a0 \u00a0 \u00a0 \u00a0 \u00a0 \u00a0 \u00a0 Uvale od zapada prema istoku: \/ Die Buchten von West &hellip; <a href=\"https:\/\/www.topohvar.at\/topo\/orte\/gj\/gj-au-10-1\/\">Weiterlesen <span class=\"meta-nav\">&rarr;<\/span><\/a><\/p>\n","protected":false},"author":1,"featured_media":0,"parent":72,"menu_order":0,"comment_status":"closed","ping_status":"closed","template":"","meta":{"footnotes":""},"class_list":["post-34828","page","type-page","status-publish","hentry"],"_links":{"self":[{"href":"https:\/\/www.topohvar.at\/topo\/wp-json\/wp\/v2\/pages\/34828","targetHints":{"allow":["GET"]}}],"collection":[{"href":"https:\/\/www.topohvar.at\/topo\/wp-json\/wp\/v2\/pages"}],"about":[{"href":"https:\/\/www.topohvar.at\/topo\/wp-json\/wp\/v2\/types\/page"}],"author":[{"embeddable":true,"href":"https:\/\/www.topohvar.at\/topo\/wp-json\/wp\/v2\/users\/1"}],"replies":[{"embeddable":true,"href":"https:\/\/www.topohvar.at\/topo\/wp-json\/wp\/v2\/comments?post=34828"}],"version-history":[{"count":21,"href":"https:\/\/www.topohvar.at\/topo\/wp-json\/wp\/v2\/pages\/34828\/revisions"}],"predecessor-version":[{"id":53287,"href":"https:\/\/www.topohvar.at\/topo\/wp-json\/wp\/v2\/pages\/34828\/revisions\/53287"}],"up":[{"embeddable":true,"href":"https:\/\/www.topohvar.at\/topo\/wp-json\/wp\/v2\/pages\/72"}],"wp:attachment":[{"href":"https:\/\/www.topohvar.at\/topo\/wp-json\/wp\/v2\/media?parent=34828"}],"curies":[{"name":"wp","href":"https:\/\/api.w.org\/{rel}","templated":true}]}}