{"id":35021,"date":"2020-04-10T17:55:36","date_gmt":"2020-04-10T15:55:36","guid":{"rendered":"https:\/\/www.topohvar.at\/topo\/?page_id=35021"},"modified":"2021-12-02T14:21:30","modified_gmt":"2021-12-02T13:21:30","slug":"pr-au-10-1","status":"publish","type":"page","link":"https:\/\/www.topohvar.at\/topo\/orte\/pr\/pr-au-10-1\/","title":{"rendered":"PRAPATNA &#8211; Uvale \u00bbna sjevernoj strani otoka\u00ab"},"content":{"rendered":"<p><a name=\"seite_oben\"><\/a><br \/>\n<strong><img loading=\"lazy\" decoding=\"async\" class=\"alignnone wp-image-35022 size-full\" src=\"https:\/\/www.topohvar.at\/wp-content\/uploads\/2020\/04\/pr-au-10.jpg\" alt=\"\" width=\"1080\" height=\"530\" srcset=\"https:\/\/www.topohvar.at\/wp-content\/uploads\/2020\/04\/pr-au-10.jpg 1080w, https:\/\/www.topohvar.at\/wp-content\/uploads\/2020\/04\/pr-au-10-300x147.jpg 300w, https:\/\/www.topohvar.at\/wp-content\/uploads\/2020\/04\/pr-au-10-1024x503.jpg 1024w, https:\/\/www.topohvar.at\/wp-content\/uploads\/2020\/04\/pr-au-10-768x377.jpg 768w\" sizes=\"auto, (max-width: 1080px) 100vw, 1080px\" \/><\/strong><\/p>\n<p><strong>Ime \/ Name<br \/>\n<\/strong>Prapatna &#8211; Uvale \u00bbna sjevernoj strani otoka\u00ab<\/p>\n<p><strong>Code: <\/strong>PR-AU-10\/13\u00a0 \u00a0 \u00a0 \u00a0 \u00a0 \u00a0 \u00a0 \u00a0 \u00a0 \u00a0 \u00a0 \u00a0 \u00a0 \u00a0 \u00a0 \u00a0 \u00a0 \u00a0 \u00a0 \u00a0 <a href=\"https:\/\/www.topohvar.at\/orte\/pr\/pr-aa-01-1\/\"><img loading=\"lazy\" decoding=\"async\" class=\"alignnone wp-image-12300 size-full\" src=\"https:\/\/www.topohvar.at\/wp-content\/uploads\/2018\/09\/push-vor-30.jpg\" alt=\"\" width=\"61\" height=\"30\" \/><\/a> <a href=\"https:\/\/www.topohvar.at\/orte\/pr\/\"><img loading=\"lazy\" decoding=\"async\" class=\"alignnone wp-image-535 size-full\" src=\"https:\/\/www.topohvar.at\/wp-content\/uploads\/2018\/07\/push-o-30.jpg\" alt=\"\" width=\"61\" height=\"30\" \/><\/a> <a href=\"https:\/\/www.topohvar.at\/orte\/pr\/pr-ar-10-1\/\"><img loading=\"lazy\" decoding=\"async\" class=\"alignnone wp-image-536 size-full\" src=\"https:\/\/www.topohvar.at\/wp-content\/uploads\/2018\/07\/push-r-30.jpg\" alt=\"\" width=\"61\" height=\"30\" \/><\/a><\/p>\n<p><strong>Uvale od zapada prema istoku: \/ Die Buchten von West nach Ost:<\/strong><br \/>\n<span style=\"color: #3366ff;\"><a style=\"color: #3366ff;\" href=\"#pr-10\">Uvala Ma\u010dica<\/a>\u00a0 \/\u00a0 <a style=\"color: #3366ff;\" href=\"#pr-11\">Uvala Vela Prapatna<\/a>\u00a0 \/\u00a0 <a style=\"color: #3366ff;\" href=\"#pr-12\">Uvala NN (1)<\/a>\u00a0 \/\u00a0 <\/span><a href=\"#pr-13\"><span style=\"color: #3366ff;\">Uvala NN (2)<\/span><\/a><a name=\"pr-10\"><\/a><\/p>\n<hr \/>\n<div class='content-column one_half'><div style=\"padding-right:6px;\"><h3><span style=\"color: #00ccff;\"><strong>Uvala Ma\u010dica<\/strong><\/span><\/h3>\n<p><strong>Code: <\/strong>PR-AU-10<\/p>\n<p><strong>Lokacija \/ Position<\/strong><br \/>\n<a href=\"https:\/\/goo.gl\/maps\/beLbRBSfULp7Rh778\"><span style=\"color: #3366ff;\">Latitude: N 43,15975\u00b0\u00a0 \u00a0Longitude: E 16,730619\u00b0<\/span><\/a><\/p>\n<p><a href=\"https:\/\/goo.gl\/maps\/beLbRBSfULp7Rh778\"><img loading=\"lazy\" decoding=\"async\" class=\"alignleft wp-image-35030\" src=\"https:\/\/www.topohvar.at\/wp-content\/uploads\/2020\/04\/2280.jpg\" alt=\"\" width=\"134\" height=\"100\" \/><\/a><\/div><\/div><div class='content-column one_half last_column'><div style=\"padding-right:0px;padding-left:6px;\"><p><img loading=\"lazy\" decoding=\"async\" class=\"alignright wp-image-35025 size-medium\" src=\"https:\/\/www.topohvar.at\/wp-content\/uploads\/2020\/04\/pr-au-10-1-300x300.jpg\" alt=\"\" width=\"300\" height=\"300\" srcset=\"https:\/\/www.topohvar.at\/wp-content\/uploads\/2020\/04\/pr-au-10-1-300x300.jpg 300w, https:\/\/www.topohvar.at\/wp-content\/uploads\/2020\/04\/pr-au-10-1-150x150.jpg 150w, https:\/\/www.topohvar.at\/wp-content\/uploads\/2020\/04\/pr-au-10-1.jpg 450w\" sizes=\"auto, (max-width: 300px) 100vw, 300px\" \/><\/p><\/div><\/div><div class='clear_column'><\/div><a name=\"pr-11\"><\/a><\/p>\n<p style=\"text-align: right;\"><span style=\"color: #3366ff;\"><a style=\"color: #3366ff;\" href=\"#seite_oben\">natrag na vrh \/ Seitenanfang<\/a><\/span><\/p>\n<hr \/>\n<div class='content-column one_half'><div style=\"padding-right:6px;\"><h3><span style=\"color: #00ccff;\"><strong>Uvala Vela Prapatna<\/strong><\/span><\/h3>\n<p><strong>Code: <\/strong>PR-AU-11<\/p>\n<p><strong>Lokacija \/ Position<\/strong><br \/>\n<a href=\"https:\/\/goo.gl\/maps\/7qquHWJz6x7D2K4u9\"><span style=\"color: #3366ff;\">Latitude: N 43,15918\u00b0\u00a0 \u00a0Longitude: E 16,74831\u00b0<\/span><\/a><\/p>\n<p><a href=\"https:\/\/goo.gl\/maps\/7qquHWJz6x7D2K4u9\"><img loading=\"lazy\" decoding=\"async\" class=\"alignleft wp-image-35031\" src=\"https:\/\/www.topohvar.at\/wp-content\/uploads\/2020\/04\/2281.jpg\" alt=\"\" width=\"134\" height=\"100\" \/><\/a><\/p><\/div><\/div><div class='content-column one_half last_column'><div style=\"padding-right:0px;padding-left:6px;\"><p><img loading=\"lazy\" decoding=\"async\" class=\"alignright wp-image-35026 size-medium\" src=\"https:\/\/www.topohvar.at\/wp-content\/uploads\/2020\/04\/pr-au-11-1-300x300.jpg\" alt=\"\" width=\"300\" height=\"300\" srcset=\"https:\/\/www.topohvar.at\/wp-content\/uploads\/2020\/04\/pr-au-11-1-300x300.jpg 300w, https:\/\/www.topohvar.at\/wp-content\/uploads\/2020\/04\/pr-au-11-1-150x150.jpg 150w, https:\/\/www.topohvar.at\/wp-content\/uploads\/2020\/04\/pr-au-11-1.jpg 450w\" sizes=\"auto, (max-width: 300px) 100vw, 300px\" \/><\/p><\/div><\/div><div class='clear_column'><\/div><div class='content-column one_half'><div style=\"padding-right:6px;\"><p>Zaljev Prapatna nalazi se na sjevernoj strani otoka Hvara, samo 3 nauti\u010dke milje isto\u010dno od Jelse i Vrboske. Uvala je dobro za\u0161ti\u0107ena od svih vjetrova, osim sjevernih. Maestral uzrokuje samo male valove u zaljevu, tako da je uvala pogodna za sidrenje \u010dak i kod ja\u010dih vjetrova. Dno zaljeva je pjeskovito. Sidro dobro dr\u017ei. Mogu\u0107e je sidrenje na dubinama izme\u0111u 2 i 10 m. U uvali se nalazi prekrasna pje\u0161\u010dana pla\u017ea.<\/p><\/div><\/div><div class='content-column one_half last_column'><div style=\"padding-right:0px;padding-left:6px;\"><p>Die Prapatna-Bucht befindet sich auf der Nordseite der Insel Hvar, nur 3 Seemeilen \u00f6stlich von Jelsa und Vrboska. Die Bucht ist vor allen Winden au\u00dfer den n\u00f6rdlichen gut gesch\u00fctzt. Der Mistral verursacht in der Bucht nur geringe Wellen, so dass die Bucht auch bei st\u00e4rkerem Wind zum Ankern geeignet ist. Der Grund der Bucht ist sandig. Der Anker h\u00e4lt gut. Es ist m\u00f6glich, in Tiefen zwischen 2 und 10 m zu ankern. Die Bucht hat einen sch\u00f6nen Sandstrand.<\/p><\/div><\/div><div class='clear_column'><\/div><\/p>\n<p style=\"text-align: center;\"><em>(Izvor \/ Quelle: https:\/\/enavtika.si)<\/em><\/p>\n<p><img loading=\"lazy\" decoding=\"async\" class=\"alignnone size-full wp-image-38362\" src=\"https:\/\/www.topohvar.at\/wp-content\/uploads\/2020\/06\/pr-au-11-11.jpg\" alt=\"\" width=\"640\" height=\"314\" srcset=\"https:\/\/www.topohvar.at\/wp-content\/uploads\/2020\/06\/pr-au-11-11.jpg 640w, https:\/\/www.topohvar.at\/wp-content\/uploads\/2020\/06\/pr-au-11-11-300x147.jpg 300w\" sizes=\"auto, (max-width: 640px) 100vw, 640px\" \/><a name=\"pr-12\"><\/a><\/p>\n<p style=\"text-align: right;\"><span style=\"color: #3366ff;\"><a style=\"color: #3366ff;\" href=\"#seite_oben\">natrag na vrh \/ Seitenanfang<\/a><\/span><\/p>\n<hr \/>\n<div class='content-column one_half'><div style=\"padding-right:6px;\"><h3><span style=\"color: #00ccff;\"><strong>Uvala NN (1)<\/strong><\/span><\/h3>\n<p><strong>Code: <\/strong>PR-AU-12<\/p>\n<p><strong>Lokacija \/ Position<\/strong><br \/>\n<a href=\"https:\/\/goo.gl\/maps\/gFTEP7yFdYD2rJAU7\"><span style=\"color: #3366ff;\">Latitude: N 43,16180\u00b0\u00a0 \u00a0Longitude: E 16,75536\u00b0<\/span><\/a><\/p>\n<p><a href=\"https:\/\/goo.gl\/maps\/gFTEP7yFdYD2rJAU7\"><img loading=\"lazy\" decoding=\"async\" class=\"alignleft wp-image-35032\" src=\"https:\/\/www.topohvar.at\/wp-content\/uploads\/2020\/04\/2282.jpg\" alt=\"\" width=\"134\" height=\"100\" \/><\/a><\/p><\/div><\/div><div class='content-column one_half last_column'><div style=\"padding-right:0px;padding-left:6px;\"><p><img loading=\"lazy\" decoding=\"async\" class=\"alignright wp-image-35027 size-medium\" src=\"https:\/\/www.topohvar.at\/wp-content\/uploads\/2020\/04\/pr-au-12-1-300x300.jpg\" alt=\"\" width=\"300\" height=\"300\" srcset=\"https:\/\/www.topohvar.at\/wp-content\/uploads\/2020\/04\/pr-au-12-1-300x300.jpg 300w, https:\/\/www.topohvar.at\/wp-content\/uploads\/2020\/04\/pr-au-12-1-150x150.jpg 150w, https:\/\/www.topohvar.at\/wp-content\/uploads\/2020\/04\/pr-au-12-1.jpg 450w\" sizes=\"auto, (max-width: 300px) 100vw, 300px\" \/><\/p><\/div><\/div><div class='clear_column'><\/div><a name=\"pr-13\"><\/a><\/p>\n<p style=\"text-align: right;\"><span style=\"color: #3366ff;\"><a style=\"color: #3366ff;\" href=\"#seite_oben\">natrag na vrh \/ Seitenanfang<\/a><\/span><\/p>\n<hr \/>\n<div class='content-column one_half'><div style=\"padding-right:6px;\"><h3><span style=\"color: #00ccff;\"><strong>Uvala Makarac<\/strong><\/span><\/h3>\n<p><strong>Code: <\/strong>PR-AU-13<\/p>\n<p><strong>Lokacija \/ Position<\/strong><br \/>\n<a href=\"https:\/\/goo.gl\/maps\/yEZm2XABRHinf2mF7\"><span style=\"color: #3366ff;\">Latitude: N 43,16194\u00b0\u00a0 \u00a0Longitude: E 16,76065\u00b0<\/span><\/a><\/p>\n<p><a href=\"https:\/\/goo.gl\/maps\/yEZm2XABRHinf2mF7\"><img loading=\"lazy\" decoding=\"async\" class=\"alignleft wp-image-35033\" src=\"https:\/\/www.topohvar.at\/wp-content\/uploads\/2020\/04\/2283.jpg\" alt=\"\" width=\"134\" height=\"100\" \/><\/a><\/p><\/div><\/div><div class='content-column one_half last_column'><div style=\"padding-right:0px;padding-left:6px;\"><p><img loading=\"lazy\" decoding=\"async\" class=\"alignright wp-image-35028 size-medium\" src=\"https:\/\/www.topohvar.at\/wp-content\/uploads\/2020\/04\/pr-au-13-1-300x300.jpg\" alt=\"\" width=\"300\" height=\"300\" srcset=\"https:\/\/www.topohvar.at\/wp-content\/uploads\/2020\/04\/pr-au-13-1-300x300.jpg 300w, https:\/\/www.topohvar.at\/wp-content\/uploads\/2020\/04\/pr-au-13-1-150x150.jpg 150w, https:\/\/www.topohvar.at\/wp-content\/uploads\/2020\/04\/pr-au-13-1.jpg 450w\" sizes=\"auto, (max-width: 300px) 100vw, 300px\" \/><\/p><\/div><\/div><div class='clear_column'><\/div><\/p>\n<div class='content-column one_half'><div style=\"padding-right:6px;\"><p>Makarac je mala uvala s malom pla\u017eom na kraju i malim ljetnikovcem uz nju.<\/p><\/div><\/div><div class='content-column one_half last_column'><div style=\"padding-right:0px;padding-left:6px;\"><p>Makarac ist eine kleine Bucht mit einem kleinen Strand und einem kleinen Sommerhaus.<\/p><\/div><\/div><div class='clear_column'><\/div><\/p>\n<p style=\"text-align: right;\"><span style=\"color: #3366ff;\"><a style=\"color: #3366ff;\" href=\"#seite_oben\">natrag na vrh \/ Seitenanfang<\/a><\/span><\/p>\n<hr \/>\n<p><strong>Linkovi \/ Links<\/strong><\/p>\n<p>&#8211;<\/p>\n","protected":false},"excerpt":{"rendered":"<p>Ime \/ Name Prapatna &#8211; Uvale \u00bbna sjevernoj strani otoka\u00ab Code: PR-AU-10\/13\u00a0 \u00a0 \u00a0 \u00a0 \u00a0 \u00a0 \u00a0 \u00a0 \u00a0 \u00a0 \u00a0 \u00a0 \u00a0 \u00a0 \u00a0 \u00a0 \u00a0 \u00a0 \u00a0 \u00a0 Uvale od zapada prema istoku: \/ Die Buchten von &hellip; <a href=\"https:\/\/www.topohvar.at\/topo\/orte\/pr\/pr-au-10-1\/\">Weiterlesen <span class=\"meta-nav\">&rarr;<\/span><\/a><\/p>\n","protected":false},"author":1,"featured_media":0,"parent":129,"menu_order":0,"comment_status":"closed","ping_status":"closed","template":"","meta":{"footnotes":""},"class_list":["post-35021","page","type-page","status-publish","hentry"],"_links":{"self":[{"href":"https:\/\/www.topohvar.at\/topo\/wp-json\/wp\/v2\/pages\/35021","targetHints":{"allow":["GET"]}}],"collection":[{"href":"https:\/\/www.topohvar.at\/topo\/wp-json\/wp\/v2\/pages"}],"about":[{"href":"https:\/\/www.topohvar.at\/topo\/wp-json\/wp\/v2\/types\/page"}],"author":[{"embeddable":true,"href":"https:\/\/www.topohvar.at\/topo\/wp-json\/wp\/v2\/users\/1"}],"replies":[{"embeddable":true,"href":"https:\/\/www.topohvar.at\/topo\/wp-json\/wp\/v2\/comments?post=35021"}],"version-history":[{"count":13,"href":"https:\/\/www.topohvar.at\/topo\/wp-json\/wp\/v2\/pages\/35021\/revisions"}],"predecessor-version":[{"id":54295,"href":"https:\/\/www.topohvar.at\/topo\/wp-json\/wp\/v2\/pages\/35021\/revisions\/54295"}],"up":[{"embeddable":true,"href":"https:\/\/www.topohvar.at\/topo\/wp-json\/wp\/v2\/pages\/129"}],"wp:attachment":[{"href":"https:\/\/www.topohvar.at\/topo\/wp-json\/wp\/v2\/media?parent=35021"}],"curies":[{"name":"wp","href":"https:\/\/api.w.org\/{rel}","templated":true}]}}