{"id":35040,"date":"2020-04-11T07:13:08","date_gmt":"2020-04-11T05:13:08","guid":{"rendered":"https:\/\/www.topohvar.at\/topo\/?page_id=35040"},"modified":"2022-01-15T12:10:55","modified_gmt":"2022-01-15T11:10:55","slug":"je-au-10-1","status":"publish","type":"page","link":"https:\/\/www.topohvar.at\/topo\/orte\/je\/je-au-10-1\/","title":{"rendered":"JELSA &#8211; Uvale \u00bbna sjevernoj strani otoka\u00ab"},"content":{"rendered":"<p><a name=\"seite_oben\"><\/a><br \/>\n<strong><img loading=\"lazy\" decoding=\"async\" class=\"alignnone wp-image-35041 size-full\" src=\"https:\/\/www.topohvar.at\/wp-content\/uploads\/2020\/04\/je-au-10.jpg\" alt=\"\" width=\"1080\" height=\"530\" srcset=\"https:\/\/www.topohvar.at\/wp-content\/uploads\/2020\/04\/je-au-10.jpg 1080w, https:\/\/www.topohvar.at\/wp-content\/uploads\/2020\/04\/je-au-10-300x147.jpg 300w, https:\/\/www.topohvar.at\/wp-content\/uploads\/2020\/04\/je-au-10-1024x503.jpg 1024w, https:\/\/www.topohvar.at\/wp-content\/uploads\/2020\/04\/je-au-10-768x377.jpg 768w\" sizes=\"auto, (max-width: 1080px) 100vw, 1080px\" \/><\/strong><\/p>\n<p><strong>Ime \/ Name<br \/>\n<\/strong>Jelsa &#8211; Uvale \u00bbna sjevernoj strani otoka\u00ab<\/p>\n<p><strong>Code: <\/strong>JE-AU-08\/16\u00a0 \u00a0 \u00a0 \u00a0 \u00a0 \u00a0 \u00a0 \u00a0 \u00a0 \u00a0 \u00a0 \u00a0 \u00a0 \u00a0 \u00a0 \u00a0 \u00a0 \u00a0 \u00a0 \u00a0 <a href=\"https:\/\/www.topohvar.at\/orte\/je\/je-aa-01-1\/\"><img loading=\"lazy\" decoding=\"async\" class=\"alignnone wp-image-12300 size-full\" src=\"https:\/\/www.topohvar.at\/wp-content\/uploads\/2018\/09\/push-vor-30.jpg\" alt=\"\" width=\"61\" height=\"30\" \/><\/a> <a href=\"https:\/\/www.topohvar.at\/orte\/je\/\"><img loading=\"lazy\" decoding=\"async\" class=\"alignnone wp-image-535 size-full\" src=\"https:\/\/www.topohvar.at\/wp-content\/uploads\/2018\/07\/push-o-30.jpg\" alt=\"\" width=\"61\" height=\"30\" \/><\/a><\/p>\n<p><strong>Uvale od zapada prema istoku: \/ Die Buchten von West nach Ost:<\/strong><br \/>\n<a href=\"#je-08\"><span style=\"color: #3366ff;\">Uvala Vitarnja<\/span><\/a>\u00a0 \/\u00a0 <span style=\"color: #3366ff;\"><a style=\"color: #3366ff;\" href=\"#je-09\">Tirkiz<\/a>\u00a0 \/ <\/span>\u00a0<span style=\"color: #3366ff;\"><a style=\"color: #3366ff;\" href=\"#je-10\">Bo\u010di\u0107<\/a> \u00a0\/\u00a0\u00a0<a style=\"color: #3366ff;\" href=\"#je-11\">Luka Jelsa<\/a>\u00a0 \/\u00a0\u00a0<a style=\"color: #3366ff;\" href=\"#je-12\">Uvala Mina<\/a>\u00a0 \/\u00a0\u00a0<a style=\"color: #3366ff;\" href=\"#je-13\">Uvala Grebi\u0161\u0107e<\/a>\u00a0 \/\u00a0\u00a0<a style=\"color: #3366ff;\" href=\"#je-14\">Uvala Pogomilje<\/a>\u00a0 \/\u00a0\u00a0<a style=\"color: #3366ff;\" href=\"#je-15\">Uvala Zen\u010di\u0161\u0107e<\/a>\u00a0 \/\u00a0\u00a0<a style=\"color: #3366ff;\" href=\"#je-16\">Uvala Carkvica (Crkvica)<\/a><a style=\"color: #3366ff;\" name=\"je-08\"><\/a><\/span><\/p>\n<hr \/>\n<div class='content-column one_half'><div style=\"padding-right:6px;\"><h3><span style=\"color: #00ccff;\"><strong>Uvala Vitarnja\u00a0<\/strong><\/span><\/h3>\n<p><strong>Code: <\/strong>JE-AU-08<\/p>\n<p><strong>Lokacija \/ Position<\/strong><br \/>\n<a href=\"https:\/\/goo.gl\/maps\/7gDti5nHHNd1Cgtd7\"><span style=\"color: #3366ff;\">Latitude: N 43,17342\u00b0\u00a0 \u00a0Longitude: E 16,68493\u00b0<\/span><\/a><\/p>\n<p><a href=\"https:\/\/goo.gl\/maps\/7gDti5nHHNd1Cgtd7\"><img loading=\"lazy\" decoding=\"async\" class=\"alignleft wp-image-55859\" src=\"https:\/\/www.topohvar.at\/wp-content\/uploads\/2022\/01\/3376.jpg\" alt=\"\" width=\"133\" height=\"100\" \/><\/a><\/div><\/div><div class='content-column one_half last_column'><div style=\"padding-right:0px;padding-left:6px;\"><p><img loading=\"lazy\" decoding=\"async\" class=\"alignright wp-image-55858 size-medium\" src=\"https:\/\/www.topohvar.at\/wp-content\/uploads\/2022\/01\/je-au-08-0-300x300.jpg\" alt=\"\" width=\"300\" height=\"300\" srcset=\"https:\/\/www.topohvar.at\/wp-content\/uploads\/2022\/01\/je-au-08-0-300x300.jpg 300w, https:\/\/www.topohvar.at\/wp-content\/uploads\/2022\/01\/je-au-08-0-150x150.jpg 150w, https:\/\/www.topohvar.at\/wp-content\/uploads\/2022\/01\/je-au-08-0.jpg 450w\" sizes=\"auto, (max-width: 300px) 100vw, 300px\" \/><\/p><\/div><\/div><div class='clear_column'><\/div><\/p>\n<div class='content-column one_half'><div style=\"padding-right:6px;\"><p>Predio Vitarnja pru\u017ea mnoga mjesta pogodna za kupanje. To je, uz predio Lu\u010dicu na suprotnoj strani vale, turisti\u010dki elitni dio Jelse, s ku\u0107ama za odmor i iznajmljivanje, s brojnim dobro opremljenim apartmanima.<\/p><\/div><\/div><div class='content-column one_half last_column'><div style=\"padding-right:0px;padding-left:6px;\"><p>Das Vitarnja-Gebiet bietet viele Orte, die zum Schwimmen geeignet sind. Es ist entlang der Gegend von Lu\u010dica auf der gegen\u00fcberliegenden Seite der Bucht ein touristischer Eliteteil von Jelsa, mit Ferien- und Mieth\u00e4usern, mit vielen gut ausgestatteten Apartments.<\/p><\/div><\/div><div class='clear_column'><\/div><a name=\"je-09\"><\/a><\/p>\n<p style=\"text-align: right;\"><span style=\"color: #3366ff;\"><a style=\"color: #3366ff;\" href=\"#seite_oben\">natrag na vrh \/ Seitenanfang<\/a><\/span><\/p>\n<hr \/>\n<div class='content-column one_half'><div style=\"padding-right:6px;\"><h3><span style=\"color: #00ccff;\"><strong>Uvala Tirkiz<\/strong><\/span><\/h3>\n<p><strong>Code: <\/strong>JE-AU-09<\/p>\n<p><strong>Lokacija \/ Position<\/strong><br \/>\n<a href=\"https:\/\/goo.gl\/maps\/VPEGpXo7r52zhcYf6\"><span style=\"color: #3366ff;\">Latitude: N 43,16849\u00b0\u00a0 \u00a0Longitude: E 16,69579\u00b0<\/span><\/a><\/p>\n<p><a href=\"https:\/\/goo.gl\/maps\/VPEGpXo7r52zhcYf6\"><img loading=\"lazy\" decoding=\"async\" class=\"alignleft wp-image-35046\" src=\"https:\/\/www.topohvar.at\/wp-content\/uploads\/2020\/04\/2290.jpg\" alt=\"\" width=\"134\" height=\"100\" \/><\/a><\/div><\/div><div class='content-column one_half last_column'><div style=\"padding-right:0px;padding-left:6px;\"><p><img loading=\"lazy\" decoding=\"async\" class=\"alignright wp-image-35062 size-medium\" src=\"https:\/\/www.topohvar.at\/wp-content\/uploads\/2020\/04\/je-au-10-2-300x300.jpg\" alt=\"\" width=\"300\" height=\"300\" srcset=\"https:\/\/www.topohvar.at\/wp-content\/uploads\/2020\/04\/je-au-10-2-300x300.jpg 300w, https:\/\/www.topohvar.at\/wp-content\/uploads\/2020\/04\/je-au-10-2-150x150.jpg 150w, https:\/\/www.topohvar.at\/wp-content\/uploads\/2020\/04\/je-au-10-2.jpg 450w\" sizes=\"auto, (max-width: 300px) 100vw, 300px\" \/><\/p><\/div><\/div><div class='clear_column'><\/div><\/p>\n<div class='content-column one_half'><div style=\"padding-right:6px;\"><p>Uvalica s koktel barom \u201cTirkiz\u201d . Tihu uvalu krase borovi i prekrasne boje mora, samo ime kafi\u0107a opisuje boju mora i borova.<\/p><\/div><\/div><div class='content-column one_half last_column'><div style=\"padding-right:0px;padding-left:6px;\"><p>Bucht mit Cocktailbar &#8222;Turquoise&#8220;. Die ruhige Bucht ist mit Pinien und wundersch\u00f6nen Meeresfarben geschm\u00fcckt, nur der Name des Caf\u00e9s beschreibt die Farbe des Meeres und der Pinien.<\/p><\/div><\/div><div class='clear_column'><\/div><a name=\"je-10\"><\/a><\/p>\n<p style=\"text-align: right;\"><span style=\"color: #3366ff;\"><a style=\"color: #3366ff;\" href=\"#seite_oben\">natrag na vrh \/ Seitenanfang<\/a><\/span><\/p>\n<hr \/>\n<div class='content-column one_half'><div style=\"padding-right:6px;\"><h3><span style=\"color: #00ccff;\"><strong>Bo\u010di\u0107 (Beach)<\/strong><\/span><\/h3>\n<p><strong>Code: <\/strong>JE-AU-10<\/p>\n<p><strong>Lokacija \/ Position<\/strong><br \/>\n<a href=\"https:\/\/goo.gl\/maps\/4Djib9yxkFtMvRKVA\"><span style=\"color: #3366ff;\">Latitude: N 43,16553\u00b0\u00a0 \u00a0Longitude: E 16,69745\u00b0<\/span><\/a><\/p>\n<p><a href=\"https:\/\/goo.gl\/maps\/4Djib9yxkFtMvRKVA\"><img loading=\"lazy\" decoding=\"async\" class=\"alignleft wp-image-55860\" src=\"https:\/\/www.topohvar.at\/wp-content\/uploads\/2022\/01\/3377.jpg\" alt=\"\" width=\"134\" height=\"100\" \/><\/a><\/div><\/div><div class='content-column one_half last_column'><div style=\"padding-right:0px;padding-left:6px;\"><p><img loading=\"lazy\" decoding=\"async\" class=\"wp-image-55857 size-medium alignright\" src=\"https:\/\/www.topohvar.at\/wp-content\/uploads\/2022\/01\/je-au-10-3-300x300.jpg\" alt=\"\" width=\"300\" height=\"300\" srcset=\"https:\/\/www.topohvar.at\/wp-content\/uploads\/2022\/01\/je-au-10-3-300x300.jpg 300w, https:\/\/www.topohvar.at\/wp-content\/uploads\/2022\/01\/je-au-10-3-150x150.jpg 150w, https:\/\/www.topohvar.at\/wp-content\/uploads\/2022\/01\/je-au-10-3.jpg 450w\" sizes=\"auto, (max-width: 300px) 100vw, 300px\" \/><\/p><\/div><\/div><div class='clear_column'><\/div><\/p>\n<div class='content-column one_half'><div style=\"padding-right:6px;\"><p>Tek nekoliko minuta hoda iza Pumpurele, nakon \u0161to pro\u0111ete pored zapu\u0161tenog prvog jel\u0161anskog hotela, Hotela Jadran, veliki je betonski plato iznad kojeg su pod borovima terase na kojima mo\u017eete le\u017eati u hladu. Taj dio doma\u0107i zovu Mu\u0161ki bo\u010di\u0107. Dalje je stjenoviti \u017denski bo\u010di\u0107, na koji se uz more sve do hotela Adriatiq Resort Fontana nastavljaju kamene terasice.<\/p><\/div><\/div><div class='content-column one_half last_column'><div style=\"padding-right:0px;padding-left:6px;\"><p>Nur wenige Gehminuten hinter der Mole, nachdem man das vernachl\u00e4ssigte erste Hotel in Jelsa, das Hotel Jadran, passiert hat, befindet sich ein gro\u00dfes Betonplateau, \u00fcber dem sich unter den Kiefern Terrassen befinden, auf denen man im Schatten liegen kann. Dieser Teil wird von den Einheimischen der M\u00e4nnerstrand(?) genannt. Als n\u00e4chstes kommt der Frauenstrand (?), wo sich die Steinterrassen entlang des Meeres bis zum Adriatiq Resort Fontana fortsetzen.<\/p><\/div><\/div><div class='clear_column'><\/div><div class='content-column one_half'><div style=\"padding-right:6px;\"><p>Bo\u010di\u0107 je omiljeno mjesto za kupanje doma\u0107ih iz Male bande, a mnoge generacije njihove djece ondje su nau\u010dile plivati.<\/p><\/div><\/div><div class='content-column one_half last_column'><div style=\"padding-right:0px;padding-left:6px;\"><p>Bo\u010di\u0107 ist ein beliebter Badeplatz f\u00fcr Einheimische aus Mala Banda, und viele Generationen ihrer Kinder haben dort schwimmen gelernt.<\/p><\/div><\/div><div class='clear_column'><\/div><a name=\"je-11\"><\/a><\/p>\n<p style=\"text-align: right;\"><span style=\"color: #3366ff;\"><a style=\"color: #3366ff;\" href=\"#seite_oben\">natrag na vrh \/ Seitenanfang<\/a><\/span><\/p>\n<hr \/>\n<div class='content-column one_half'><div style=\"padding-right:6px;\"><h3><span style=\"color: #00ccff;\"><strong>Luka Jelsa<\/strong><\/span><\/h3>\n<p><strong>Code: <\/strong>JE-AU-11<\/p>\n<p><strong>Lokacija \/ Position<\/strong><br \/>\n<a href=\"https:\/\/goo.gl\/maps\/DJLbUSvbnJraFY3L8\"><span style=\"color: #3366ff;\">Latitude: N 43,16241\u00b0\u00a0 \u00a0Longitude: E 16,69486\u00b0<\/span><\/a><\/p>\n<p><a href=\"https:\/\/goo.gl\/maps\/DJLbUSvbnJraFY3L8\"><img loading=\"lazy\" decoding=\"async\" class=\"alignleft wp-image-35047\" src=\"https:\/\/www.topohvar.at\/wp-content\/uploads\/2020\/04\/2291.jpg\" alt=\"\" width=\"134\" height=\"100\" \/><\/a><\/p><\/div><\/div><div class='content-column one_half last_column'><div style=\"padding-right:0px;padding-left:6px;\"><p><img loading=\"lazy\" decoding=\"async\" class=\"alignright wp-image-35055 size-medium\" src=\"https:\/\/www.topohvar.at\/wp-content\/uploads\/2020\/04\/je-au-11-1-300x300.jpg\" alt=\"\" width=\"300\" height=\"300\" srcset=\"https:\/\/www.topohvar.at\/wp-content\/uploads\/2020\/04\/je-au-11-1-300x300.jpg 300w, https:\/\/www.topohvar.at\/wp-content\/uploads\/2020\/04\/je-au-11-1-150x150.jpg 150w, https:\/\/www.topohvar.at\/wp-content\/uploads\/2020\/04\/je-au-11-1.jpg 450w\" sizes=\"auto, (max-width: 300px) 100vw, 300px\" \/><\/p><\/div><\/div><div class='clear_column'><\/div><\/p>\n<div class='content-column one_half'><div style=\"padding-right:6px;\"><p><span style=\"color: #3366ff;\"><a style=\"color: #3366ff;\" href=\"https:\/\/www.topohvar.at\/topo\/orte\/je\/je-pu-05-1\/\">Luka Jelsa<\/a><\/span> nalazi se u uvali koja je za\u0161ti\u0107ena lukobranima<\/p><\/div><\/div><div class='content-column one_half last_column'><div style=\"padding-right:0px;padding-left:6px;\"><p>In der durch Molen gesch\u00fctzten Bucht befindet sich der <span style=\"color: #3366ff;\"><a style=\"color: #3366ff;\" href=\"https:\/\/www.topohvar.at\/topo\/orte\/je\/je-pu-05-1\/\">Hafen Jelsa<\/a><\/span>.<\/p><\/div><\/div><div class='clear_column'><\/div><a name=\"je-12\"><\/a><\/p>\n<p style=\"text-align: right;\"><span style=\"color: #3366ff;\"><a style=\"color: #3366ff;\" href=\"#seite_oben\">natrag na vrh \/ Seitenanfang<\/a><\/span><\/p>\n<hr \/>\n<div class='content-column one_half'><div style=\"padding-right:6px;\"><h3><span style=\"color: #00ccff;\"><strong>Uvala Mina<\/strong><\/span><\/h3>\n<p><strong>Code: <\/strong>JE-AU-12<\/p>\n<p><strong>Lokacija \/ Position<\/strong><br \/>\n<a href=\"https:\/\/goo.gl\/maps\/X7byqbrgGnUVWGQN6\"><span style=\"color: #3366ff;\">Latitude: N 43,16262\u00b0\u00a0 \u00a0Longitude: E 16,70432\u00b0<\/span><\/a><\/p>\n<p><a href=\"https:\/\/goo.gl\/maps\/X7byqbrgGnUVWGQN6\"><img loading=\"lazy\" decoding=\"async\" class=\"alignleft wp-image-35048\" src=\"https:\/\/www.topohvar.at\/wp-content\/uploads\/2020\/04\/2292.jpg\" alt=\"\" width=\"134\" height=\"100\" \/><\/a><\/p><\/div><\/div><div class='content-column one_half last_column'><div style=\"padding-right:0px;padding-left:6px;\"><p><img loading=\"lazy\" decoding=\"async\" class=\"alignright wp-image-35056 size-medium\" src=\"https:\/\/www.topohvar.at\/wp-content\/uploads\/2020\/04\/je-au-12-1-300x300.jpg\" alt=\"\" width=\"300\" height=\"300\" srcset=\"https:\/\/www.topohvar.at\/wp-content\/uploads\/2020\/04\/je-au-12-1-300x300.jpg 300w, https:\/\/www.topohvar.at\/wp-content\/uploads\/2020\/04\/je-au-12-1-150x150.jpg 150w, https:\/\/www.topohvar.at\/wp-content\/uploads\/2020\/04\/je-au-12-1.jpg 450w\" sizes=\"auto, (max-width: 300px) 100vw, 300px\" \/><\/p><\/div><\/div><div class='clear_column'><\/div><\/p>\n<div class='content-column one_half'><div style=\"padding-right:6px;\"><p>Uvala Mina sastoji se od tri dijela: Uvala Mina zapad, uvala Mina plaza i uvala Mina istok. Veliki zaljev ima usku pje\u0161\u010danu pla\u017eu, a ovdje se nalazi i <span style=\"color: #3366ff;\"><a style=\"color: #3366ff;\" href=\"https:\/\/www.topohvar.at\/topo\/orte\/je\/je-ok-01-1\/\">kamp<\/a><\/span>.<\/p><\/div><\/div><div class='content-column one_half last_column'><div style=\"padding-right:0px;padding-left:6px;\"><p>Die Bucht Mina besteht aus drei Teilen: Uvala Mina zapad (West), uvala Mina plaza (Strand) und uvala Mina istok (Ost). Die gro\u00dfe Bucht besitzt einen schmalen Sandstrand, auch ein <span style=\"color: #3366ff;\"><a style=\"color: #3366ff;\" href=\"https:\/\/www.topohvar.at\/topo\/orte\/je\/je-ok-01-1\/\">Campingplatz<\/a> <\/span>befindet sich hier.<\/p><\/div><\/div><div class='clear_column'><\/div><div class='content-column one_half'><div style=\"padding-right:6px;\"><p>S jedne su strane ure\u0111eni betonski platoi s tu\u0161evima i kabinama za presvla\u010denje, a mogu se iznajmiti le\u017ealjke. S druge strane uvale su stijene i zemljani platoi. Na obje strane veliki borovi prave hlad pa \u0107ete se u svako doba dana mo\u0107i skloniti od izravnog sunca. Djeca obo\u017eavaju Minu jer je plitka, a u moru je postavljen mali akvapark. U blizini su kafi\u0107i i restorani.<\/p><\/div><\/div><div class='content-column one_half last_column'><div style=\"padding-right:0px;padding-left:6px;\"><p>Auf der einen Seite befinden sich Betonplateaus mit Duschen und Umkleidekabinen. Auch Liegest\u00fchle k\u00f6nnen gemietet werden. Auf der anderen Seite der Bucht befinden sich Felsen und Erdplateaus. Auf beiden Seiten spenden gro\u00dfe Kiefern Schatten, sodass Sie sich zu jeder Tageszeit vor direkter Sonneneinstrahlung sch\u00fctzen k\u00f6nnen. Die Kinder lieben die Bucht, weil sie flach ist und im Meer ein kleiner Wasserpark eingerichtet wurde. Caf\u00e9s und Restaurants sind in der N\u00e4he.<\/p><\/div><\/div><div class='clear_column'><\/div><\/p>\n<p><a name=\"je-13\"><\/a><\/p>\n<p style=\"text-align: right;\"><span style=\"color: #3366ff;\"><a style=\"color: #3366ff;\" href=\"#seite_oben\">natrag na vrh \/ Seitenanfang<\/a><\/span><\/p>\n<hr \/>\n<div class='content-column one_half'><div style=\"padding-right:6px;\"><h3><span style=\"color: #00ccff;\"><strong>Uvala Grebi\u0161\u0107e<\/strong><\/span><\/h3>\n<p><strong>Code: <\/strong>JE-AU-13<\/p>\n<p><strong>Lokacija\u00a0\/ Position<\/strong><br \/>\n<a href=\"https:\/\/goo.gl\/maps\/hKL6rsn1kn34EVwB9\"><span style=\"color: #3366ff;\">Latitude: N 43,16063\u00b0\u00a0 \u00a0Longitude: E 16,71225\u00b0<\/span><\/a><\/p>\n<p><a href=\"https:\/\/goo.gl\/maps\/hKL6rsn1kn34EVwB9\"><img loading=\"lazy\" decoding=\"async\" class=\"alignleft wp-image-35049\" src=\"https:\/\/www.topohvar.at\/wp-content\/uploads\/2020\/04\/2293.jpg\" alt=\"\" width=\"134\" height=\"100\" \/><\/a><\/p><\/div><\/div><div class='content-column one_half last_column'><div style=\"padding-right:0px;padding-left:6px;\"><p><img loading=\"lazy\" decoding=\"async\" class=\"alignright wp-image-35057 size-medium\" src=\"https:\/\/www.topohvar.at\/wp-content\/uploads\/2020\/04\/je-au-13-1-300x300.jpg\" alt=\"\" width=\"300\" height=\"300\" srcset=\"https:\/\/www.topohvar.at\/wp-content\/uploads\/2020\/04\/je-au-13-1-300x300.jpg 300w, https:\/\/www.topohvar.at\/wp-content\/uploads\/2020\/04\/je-au-13-1-150x150.jpg 150w, https:\/\/www.topohvar.at\/wp-content\/uploads\/2020\/04\/je-au-13-1.jpg 450w\" sizes=\"auto, (max-width: 300px) 100vw, 300px\" \/><\/p><\/div><\/div><div class='clear_column'><\/div><\/p>\n<div class='content-column one_half'><div style=\"padding-right:6px;\"><p>Uvala Grebi\u0161\u0107e ima dvije uvale s dvije pje\u0161\u010dane pla\u017ee. Na isto\u010dnoj to\u010dki nalazi se bar na pla\u017ei &#8222;\u010corni Petar&#8220;, popularno mjesto za kupanje i opu\u0161tanje mje\u0161tana. Ovdje se nalazi i <span style=\"color: #3366ff;\"><a style=\"color: #3366ff;\" href=\"https:\/\/www.topohvar.at\/topo\/orte\/je\/je-ok-02-1\/\">kamp<\/a><\/span>.<\/p><\/div><\/div><div class='content-column one_half last_column'><div style=\"padding-right:0px;padding-left:6px;\"><p>Die Bucht Grebi\u0161\u0107e hat\u00a0 zwei Buchten mit zwei Sandstr\u00e4nden. An ihrem \u00f6stlichen Punkt befindet sich die Strandbar &#8222;\u010corni Petar&#8220;, ein beliebter Ort zum Schwimmen und Entspannen f\u00fcr Einheimische. Auch ein <span style=\"color: #3366ff;\"><a style=\"color: #3366ff;\" href=\"https:\/\/www.topohvar.at\/topo\/orte\/je\/je-ok-02-1\/\">Campingplatz<\/a> <\/span>befindet sich hier.<\/p><\/div><\/div><div class='clear_column'><\/div><\/p>\n<p><a name=\"je-14\"><\/a><\/p>\n<p style=\"text-align: right;\"><span style=\"color: #3366ff;\"><a style=\"color: #3366ff;\" href=\"#seite_oben\">natrag na vrh \/ Seitenanfang<\/a><\/span><\/p>\n<hr \/>\n<div class='content-column one_half'><div style=\"padding-right:6px;\"><h3><span style=\"color: #00ccff;\"><strong>Uvala Pogomilje<\/strong><\/span><\/h3>\n<p><strong>Code: <\/strong>JE-AU-14<\/p>\n<p><strong>Lokacija \/ Position<\/strong><br \/>\n<a href=\"https:\/\/goo.gl\/maps\/NhTgF1eWUq3jDASv7\"><span style=\"color: #3366ff;\">Latitude: N 43,16014\u00b0\u00a0 \u00a0Longitude: E 16,71627\u00b0<\/span><\/a><\/p>\n<p><a href=\"https:\/\/goo.gl\/maps\/NhTgF1eWUq3jDASv7\"><img loading=\"lazy\" decoding=\"async\" class=\"alignleft wp-image-35050\" src=\"https:\/\/www.topohvar.at\/wp-content\/uploads\/2020\/04\/2294.jpg\" alt=\"\" width=\"133\" height=\"100\" \/><\/a><\/p><\/div><\/div><div class='content-column one_half last_column'><div style=\"padding-right:0px;padding-left:6px;\"><p><img loading=\"lazy\" decoding=\"async\" class=\"alignright wp-image-35058 size-medium\" src=\"https:\/\/www.topohvar.at\/wp-content\/uploads\/2020\/04\/je-au-14-1-300x300.jpg\" alt=\"\" width=\"300\" height=\"300\" srcset=\"https:\/\/www.topohvar.at\/wp-content\/uploads\/2020\/04\/je-au-14-1-300x300.jpg 300w, https:\/\/www.topohvar.at\/wp-content\/uploads\/2020\/04\/je-au-14-1-150x150.jpg 150w, https:\/\/www.topohvar.at\/wp-content\/uploads\/2020\/04\/je-au-14-1.jpg 450w\" sizes=\"auto, (max-width: 300px) 100vw, 300px\" \/><\/p><\/div><\/div><div class='clear_column'><\/div><a name=\"je-15\"><\/a><\/p>\n<p style=\"text-align: right;\"><span style=\"color: #3366ff;\"><a style=\"color: #3366ff;\" href=\"#seite_oben\">natrag na vrh \/ Seitenanfang<\/a><\/span><\/p>\n<hr \/>\n<div class='content-column one_half'><div style=\"padding-right:6px;\"><h3><span style=\"color: #00ccff;\"><strong>Uvala Zen\u010di\u0161\u0107e<\/strong><\/span><\/h3>\n<p><strong>Code: <\/strong>JE-AU-15<\/p>\n<p><strong>Lokacija \/ Position<\/strong><br \/>\n<a href=\"https:\/\/goo.gl\/maps\/suJnGjqP6dYPzHcu6\"><span style=\"color: #3366ff;\">Latitude: N 43,15740\u00b0\u00a0 \u00a0Longitude: E 16,71987\u00b0<\/span><\/a><\/p>\n<p><a href=\"https:\/\/goo.gl\/maps\/suJnGjqP6dYPzHcu6\"><img loading=\"lazy\" decoding=\"async\" class=\"alignleft wp-image-35051\" src=\"https:\/\/www.topohvar.at\/wp-content\/uploads\/2020\/04\/2295.jpg\" alt=\"\" width=\"134\" height=\"100\" \/><\/a><\/p><\/div><\/div><div class='content-column one_half last_column'><div style=\"padding-right:0px;padding-left:6px;\"><p><img loading=\"lazy\" decoding=\"async\" class=\"alignright wp-image-35059 size-medium\" src=\"https:\/\/www.topohvar.at\/wp-content\/uploads\/2020\/04\/je-au-15-1-300x300.jpg\" alt=\"\" width=\"300\" height=\"300\" srcset=\"https:\/\/www.topohvar.at\/wp-content\/uploads\/2020\/04\/je-au-15-1-300x300.jpg 300w, https:\/\/www.topohvar.at\/wp-content\/uploads\/2020\/04\/je-au-15-1-150x150.jpg 150w, https:\/\/www.topohvar.at\/wp-content\/uploads\/2020\/04\/je-au-15-1.jpg 450w\" sizes=\"auto, (max-width: 300px) 100vw, 300px\" \/><\/p><\/div><\/div><div class='clear_column'><\/div><\/p>\n<div class='content-column one_half'><div style=\"padding-right:6px;\"><p>Zen\u010di\u0161\u0107e je dom napu\u0161tenog dje\u010djeg odmarali\u0161ta i rehabilitacijskog centra grada Beograda. Razvijen i kori\u0161ten u jugoslavensko doba samo da bi bio napu\u0161ten i uni\u0161ten tijekom previranja u Hrvatskom ratu za neovisnost. Uvala ima pla\u017eu i velike betonske terase za sun\u010danje.<\/p><\/div><\/div><div class='content-column one_half last_column'><div style=\"padding-right:0px;padding-left:6px;\"><p>Zen\u010di\u0161\u0107e ist die Heimat eines verlassenen Kinderresorts und das Rehabilitationszentrum der Stadt Belgrad. Entwickelt und genutzt in der jugoslawischen \u00c4ra, nur um w\u00e4hrend der Turbulenzen des kroatischen Unabh\u00e4ngigkeitskrieges aufgegeben und verw\u00fcstet zu werden. Die Bucht hat einen Strand und gro\u00dfe Sonnenterrassen aus Beton.<\/p><\/div><\/div><div class='clear_column'><\/div><\/p>\n<p><a name=\"je-16\"><\/a><\/p>\n<p style=\"text-align: right;\"><span style=\"color: #3366ff;\"><a style=\"color: #3366ff;\" href=\"#seite_oben\">natrag na vrh \/ Seitenanfang<\/a><\/span><\/p>\n<hr \/>\n<div class='content-column one_half'><div style=\"padding-right:6px;\"><h3><span style=\"color: #00ccff;\"><strong>Uvala Carkvica (Crkvica)<\/strong><\/span><\/h3>\n<p><strong>Code: <\/strong>PR-AU-16<\/p>\n<p><strong>Lokacija \/ Position<\/strong><br \/>\n<a href=\"https:\/\/goo.gl\/maps\/Kx6ecARbZbX8XRCm9\"><span style=\"color: #3366ff;\">Latitude: N 43,15710\u00b0\u00a0 \u00a0Longitude: E 16,72441\u00b0<\/span><\/a><\/p>\n<p><a href=\"https:\/\/goo.gl\/maps\/Kx6ecARbZbX8XRCm9\"><img loading=\"lazy\" decoding=\"async\" class=\"alignleft wp-image-35052\" src=\"https:\/\/www.topohvar.at\/wp-content\/uploads\/2020\/04\/2296.jpg\" alt=\"\" width=\"134\" height=\"100\" \/><\/a><\/p><\/div><\/div><div class='content-column one_half last_column'><div style=\"padding-right:0px;padding-left:6px;\"><p><img loading=\"lazy\" decoding=\"async\" class=\"alignright wp-image-35060 size-medium\" src=\"https:\/\/www.topohvar.at\/wp-content\/uploads\/2020\/04\/je-au-16-1-300x300.jpg\" alt=\"\" width=\"300\" height=\"300\" srcset=\"https:\/\/www.topohvar.at\/wp-content\/uploads\/2020\/04\/je-au-16-1-300x300.jpg 300w, https:\/\/www.topohvar.at\/wp-content\/uploads\/2020\/04\/je-au-16-1-150x150.jpg 150w, https:\/\/www.topohvar.at\/wp-content\/uploads\/2020\/04\/je-au-16-1.jpg 450w\" sizes=\"auto, (max-width: 300px) 100vw, 300px\" \/><\/p><\/div><\/div><div class='clear_column'><\/div><\/p>\n<div class='content-column one_half'><div style=\"padding-right:6px;\"><p>Na podru\u010dju zaljeva nalazi se <span style=\"color: #3366ff;\"><a style=\"color: #3366ff;\" href=\"https:\/\/www.topohvar.at\/topo\/orte\/je\/je-po-04-1\/\">arheolo\u0161ko nalazi\u0161te sv. Luke<\/a><\/span>. Na isto\u010dnom kraju zaljeva nalazi se <span style=\"color: #3366ff;\"><a style=\"color: #3366ff;\" href=\"https:\/\/www.topohvar.at\/orte\/je\/je-cp-05-1\/\">kapela sv. Luke<\/a><\/span>.<\/p><\/div><\/div><div class='content-column one_half last_column'><div style=\"padding-right:0px;padding-left:6px;\"><p>Im Bereich der Bucht befindet sich die <span style=\"color: #3366ff;\"><a style=\"color: #3366ff;\" href=\"https:\/\/www.topohvar.at\/topo\/orte\/je\/je-po-04-1\/\">arch\u00e4ologische St\u00e4tte sv. Luka<\/a><\/span>. Am \u00f6stlichen Ende der Bucht steht die <span style=\"color: #3366ff;\"><a style=\"color: #3366ff;\" href=\"https:\/\/www.topohvar.at\/orte\/je\/je-cp-05-1\/\">Kapelle zum hl. Lukas<\/a><\/span>.<\/p><\/div><\/div><div class='clear_column'><\/div><\/p>\n<p style=\"text-align: right;\"><span style=\"color: #3366ff;\"><a style=\"color: #3366ff;\" href=\"#seite_oben\">natrag na vrh \/ Seitenanfang<\/a><\/span><\/p>\n<hr \/>\n<p><strong>Linkovi \/ Links<\/strong><\/p>\n<p>&#8211;<\/p>\n","protected":false},"excerpt":{"rendered":"<p>Ime \/ Name Jelsa &#8211; Uvale \u00bbna sjevernoj strani otoka\u00ab Code: JE-AU-08\/16\u00a0 \u00a0 \u00a0 \u00a0 \u00a0 \u00a0 \u00a0 \u00a0 \u00a0 \u00a0 \u00a0 \u00a0 \u00a0 \u00a0 \u00a0 \u00a0 \u00a0 \u00a0 \u00a0 \u00a0 Uvale od zapada prema istoku: \/ Die Buchten von &hellip; <a href=\"https:\/\/www.topohvar.at\/topo\/orte\/je\/je-au-10-1\/\">Weiterlesen <span class=\"meta-nav\">&rarr;<\/span><\/a><\/p>\n","protected":false},"author":1,"featured_media":0,"parent":85,"menu_order":0,"comment_status":"closed","ping_status":"closed","template":"","meta":{"footnotes":""},"class_list":["post-35040","page","type-page","status-publish","hentry"],"_links":{"self":[{"href":"https:\/\/www.topohvar.at\/topo\/wp-json\/wp\/v2\/pages\/35040","targetHints":{"allow":["GET"]}}],"collection":[{"href":"https:\/\/www.topohvar.at\/topo\/wp-json\/wp\/v2\/pages"}],"about":[{"href":"https:\/\/www.topohvar.at\/topo\/wp-json\/wp\/v2\/types\/page"}],"author":[{"embeddable":true,"href":"https:\/\/www.topohvar.at\/topo\/wp-json\/wp\/v2\/users\/1"}],"replies":[{"embeddable":true,"href":"https:\/\/www.topohvar.at\/topo\/wp-json\/wp\/v2\/comments?post=35040"}],"version-history":[{"count":32,"href":"https:\/\/www.topohvar.at\/topo\/wp-json\/wp\/v2\/pages\/35040\/revisions"}],"predecessor-version":[{"id":55865,"href":"https:\/\/www.topohvar.at\/topo\/wp-json\/wp\/v2\/pages\/35040\/revisions\/55865"}],"up":[{"embeddable":true,"href":"https:\/\/www.topohvar.at\/topo\/wp-json\/wp\/v2\/pages\/85"}],"wp:attachment":[{"href":"https:\/\/www.topohvar.at\/topo\/wp-json\/wp\/v2\/media?parent=35040"}],"curies":[{"name":"wp","href":"https:\/\/api.w.org\/{rel}","templated":true}]}}