{"id":35070,"date":"2020-04-11T10:41:00","date_gmt":"2020-04-11T08:41:00","guid":{"rendered":"https:\/\/www.topohvar.at\/topo\/?page_id=35070"},"modified":"2022-01-15T12:08:39","modified_gmt":"2022-01-15T11:08:39","slug":"va-au-10-1","status":"publish","type":"page","link":"https:\/\/www.topohvar.at\/topo\/orte\/va\/va-au-10-1\/","title":{"rendered":"VRBOSKA &#8211; Uvale \u00bbna sjevernoj strani otoka\u00ab"},"content":{"rendered":"<p><a name=\"seite_oben\"><\/a><br \/>\n<strong><img loading=\"lazy\" decoding=\"async\" class=\"alignnone wp-image-35071 size-full\" src=\"https:\/\/www.topohvar.at\/wp-content\/uploads\/2020\/04\/va-au-10.jpg\" alt=\"\" width=\"1080\" height=\"530\" srcset=\"https:\/\/www.topohvar.at\/wp-content\/uploads\/2020\/04\/va-au-10.jpg 1080w, https:\/\/www.topohvar.at\/wp-content\/uploads\/2020\/04\/va-au-10-300x147.jpg 300w, https:\/\/www.topohvar.at\/wp-content\/uploads\/2020\/04\/va-au-10-1024x503.jpg 1024w, https:\/\/www.topohvar.at\/wp-content\/uploads\/2020\/04\/va-au-10-768x377.jpg 768w\" sizes=\"auto, (max-width: 1080px) 100vw, 1080px\" \/><\/strong><\/p>\n<p><strong>Ime \/ Name<br \/>\n<\/strong>Vrboska &#8211; Uvale \u00bbna sjevernoj strani otoka\u00ab<\/p>\n<p><strong>Code: <\/strong>VA-AU-10\/19\u00a0 \u00a0 \u00a0 \u00a0 \u00a0 \u00a0 \u00a0 \u00a0 \u00a0 \u00a0 \u00a0 \u00a0 \u00a0 \u00a0 \u00a0 \u00a0 \u00a0 \u00a0 \u00a0 <a href=\"https:\/\/www.topohvar.at\/orte\/va\/va-aa-00-1\/\"><img loading=\"lazy\" decoding=\"async\" class=\"alignnone wp-image-12300 size-full\" src=\"https:\/\/www.topohvar.at\/wp-content\/uploads\/2018\/09\/push-vor-30.jpg\" alt=\"\" width=\"61\" height=\"30\" \/><\/a> <a href=\"https:\/\/www.topohvar.at\/orte\/va\/\"><img loading=\"lazy\" decoding=\"async\" class=\"alignnone wp-image-535 size-full\" src=\"https:\/\/www.topohvar.at\/wp-content\/uploads\/2018\/07\/push-o-30.jpg\" alt=\"\" width=\"61\" height=\"30\" \/><\/a> <a href=\"https:\/\/www.topohvar.at\/orte\/va\/va-ar-10-1\/\"><img loading=\"lazy\" decoding=\"async\" class=\"alignnone wp-image-536 size-full\" src=\"https:\/\/www.topohvar.at\/wp-content\/uploads\/2018\/07\/push-r-30.jpg\" alt=\"\" width=\"61\" height=\"30\" \/><\/a><\/p>\n<p><strong>Uvale od zapada prema istoku: \/ Die Buchten von West nach Ost:<\/strong><br \/>\n<span style=\"color: #3366ff;\"><a style=\"color: #3366ff;\" href=\"#va-10\">Uvala Basina<\/a>\u00a0 \/\u00a0\u00a0<a style=\"color: #3366ff;\" href=\"#va-11\">Lu\u010dina vala<\/a>\u00a0 \/\u00a0\u00a0<a style=\"color: #3366ff;\" href=\"#va-12\">Uvala Maslinica<\/a>\u00a0 \/\u00a0\u00a0<a style=\"color: #3366ff;\" href=\"#va-13\">Uvala Palinica<\/a>\u00a0 \/\u00a0\u00a0<a style=\"color: #3366ff;\" href=\"#va-14\">Rapa<\/a>\u00a0 \/\u00a0\u00a0<a style=\"color: #3366ff;\" href=\"#va-15\">Uvala Nudist<\/a>\u00a0 \/\u00a0\u00a0<a style=\"color: #3366ff;\" href=\"#va-16\">Zavala<\/a>\u00a0 \/\u00a0\u00a0<a style=\"color: #3366ff;\" href=\"#va-17\">Uvala Soline<\/a>\u00a0 \/\u00a0\u00a0<a style=\"color: #3366ff;\" href=\"#va-18\">Luka Vrboska<\/a>\u00a0 \/\u00a0 <a style=\"color: #3366ff;\" href=\"#va-19\">Uvala Milna (Mina) Vrboska<\/a><\/span><a name=\"va-10\"><\/a><\/p>\n<hr \/>\n<div class='content-column one_half'><div style=\"padding-right:6px;\"><h3><span style=\"color: #00ccff;\"><strong>Uvala Basina<\/strong><\/span><\/h3>\n<p><strong>Code: <\/strong>VA-AU-10<\/p>\n<p><strong>Lokalna polo\u017eaj \/ Position<\/strong><br \/>\n<a href=\"https:\/\/goo.gl\/maps\/Urf5w2JcRjW5CJzQ8\"><span style=\"color: #3366ff;\">Latitude: N 43,19801\u00b0\u00a0 \u00a0Longitude: E 16,66473\u00b0<\/span><\/a><\/p>\n<p><a href=\"https:\/\/goo.gl\/maps\/Urf5w2JcRjW5CJzQ8\"><img loading=\"lazy\" decoding=\"async\" class=\"alignleft wp-image-35078\" src=\"https:\/\/www.topohvar.at\/wp-content\/uploads\/2020\/04\/2300.jpg\" alt=\"\" width=\"134\" height=\"100\" \/><\/a><\/div><\/div><div class='content-column one_half last_column'><div style=\"padding-right:0px;padding-left:6px;\"><p><img loading=\"lazy\" decoding=\"async\" class=\"alignright wp-image-35089 size-medium\" src=\"https:\/\/www.topohvar.at\/wp-content\/uploads\/2020\/04\/va-au-10-1-300x300.jpg\" alt=\"\" width=\"300\" height=\"300\" srcset=\"https:\/\/www.topohvar.at\/wp-content\/uploads\/2020\/04\/va-au-10-1.jpg 300w, https:\/\/www.topohvar.at\/wp-content\/uploads\/2020\/04\/va-au-10-1-150x150.jpg 150w\" sizes=\"auto, (max-width: 300px) 100vw, 300px\" \/><\/p><\/div><\/div><div class='clear_column'><\/div><a name=\"va-11\"><\/a><\/p>\n<p style=\"text-align: right;\"><span style=\"color: #3366ff;\"><a style=\"color: #3366ff;\" href=\"#seite_oben\">natrag na vrh \/ Seitenanfang<\/a><\/span><\/p>\n<hr \/>\n<div class='content-column one_half'><div style=\"padding-right:6px;\"><h3><span style=\"color: #00ccff;\"><strong>Lu\u010dina vala<\/strong><\/span><\/h3>\n<p><strong>Code: <\/strong>VA-AU-11<\/p>\n<p><strong>Lokalna polo\u017eaj \/ Position<\/strong><br \/>\n<a href=\"https:\/\/goo.gl\/maps\/tvdxpppn5KKKbJxu7\"><span style=\"color: #3366ff;\">Latitude: N 43,19708\u00b0\u00a0 \u00a0Longitude: E 16,66886\u00b0<\/span><\/a><\/p>\n<p><a href=\"https:\/\/goo.gl\/maps\/tvdxpppn5KKKbJxu7\"><img loading=\"lazy\" decoding=\"async\" class=\"alignleft wp-image-35077\" src=\"https:\/\/www.topohvar.at\/wp-content\/uploads\/2020\/04\/2301.jpg\" alt=\"\" width=\"134\" height=\"100\" \/><\/a><\/p><\/div><\/div><div class='content-column one_half last_column'><div style=\"padding-right:0px;padding-left:6px;\"><p><img loading=\"lazy\" decoding=\"async\" class=\"alignright wp-image-35090 size-medium\" src=\"https:\/\/www.topohvar.at\/wp-content\/uploads\/2020\/04\/va-au-11-1-300x300.jpg\" alt=\"\" width=\"300\" height=\"300\" srcset=\"https:\/\/www.topohvar.at\/wp-content\/uploads\/2020\/04\/va-au-11-1-300x300.jpg 300w, https:\/\/www.topohvar.at\/wp-content\/uploads\/2020\/04\/va-au-11-1-150x150.jpg 150w, https:\/\/www.topohvar.at\/wp-content\/uploads\/2020\/04\/va-au-11-1.jpg 450w\" sizes=\"auto, (max-width: 300px) 100vw, 300px\" \/><\/p><\/div><\/div><div class='clear_column'><\/div><a name=\"va-12\"><\/a><\/p>\n<p style=\"text-align: right;\"><span style=\"color: #3366ff;\"><a style=\"color: #3366ff;\" href=\"#seite_oben\">natrag na vrh \/ Seitenanfang<\/a><\/span><\/p>\n<hr \/>\n<div class='content-column one_half'><div style=\"padding-right:6px;\"><h3><span style=\"color: #00ccff;\"><strong>Uvala Maslinica<\/strong><\/span><\/h3>\n<p><strong>Code: <\/strong>VA-AU-12<\/p>\n<p><strong>Lokalna polo\u017eaj \/ Position<\/strong><br \/>\n<a href=\"https:\/\/goo.gl\/maps\/qvdt5DdQXbAMajDx7\"><span style=\"color: #3366ff;\">Latitude: N 43,19041\u00b0\u00a0 \u00a0Longitude: E 16,67528\u00b0<\/span><\/a><\/p>\n<p><a href=\"https:\/\/goo.gl\/maps\/qvdt5DdQXbAMajDx7\"><img loading=\"lazy\" decoding=\"async\" class=\"alignleft wp-image-35079\" src=\"https:\/\/www.topohvar.at\/wp-content\/uploads\/2020\/04\/2302.jpg\" alt=\"\" width=\"134\" height=\"100\" \/><\/a><\/p><\/div><\/div><div class='content-column one_half last_column'><div style=\"padding-right:0px;padding-left:6px;\"><p><img loading=\"lazy\" decoding=\"async\" class=\"alignright wp-image-35091 size-medium\" src=\"https:\/\/www.topohvar.at\/wp-content\/uploads\/2020\/04\/va-au-12-1-300x300.jpg\" alt=\"\" width=\"300\" height=\"300\" srcset=\"https:\/\/www.topohvar.at\/wp-content\/uploads\/2020\/04\/va-au-12-1-300x300.jpg 300w, https:\/\/www.topohvar.at\/wp-content\/uploads\/2020\/04\/va-au-12-1-150x150.jpg 150w, https:\/\/www.topohvar.at\/wp-content\/uploads\/2020\/04\/va-au-12-1.jpg 427w\" sizes=\"auto, (max-width: 300px) 100vw, 300px\" \/><\/p><\/div><\/div><div class='clear_column'><\/div><div class='content-column one_half'><div style=\"padding-right:6px;\"><p>Oko 800 m sjeverno od centra Vrboske nalazi se pla\u017ea Maslinica. Maslinica je velika i duboka uvala sa zanimljivim stijenskim formacijama i dvije male pla\u017ee. Borovi na rubu pla\u017ee, prirodna hladovina, kristalno \u010disto more i dijelovi \u0161ljun\u010dane i stjenovite pla\u017ee o\u010dekuju vas na Maslinici. Prekrasna pla\u017ea Maslinica nudi idili\u010dne i opu\u0161taju\u0107e kutove, gotovo skrivene, gdje se mo\u017eete opustiti. Do pla\u017ee se mo\u017ee do\u0107i pje\u0161ice ili automobilom. Parkirali\u0161te je u blizini.<\/p><\/div><\/div><div class='content-column one_half last_column'><div style=\"padding-right:0px;padding-left:6px;\"><p>Ungef\u00e4hr 800 m n\u00f6rdlich vom Zentrum von Vrboska befindet sich der Strand Maslinica. Maslinica ist eine gro\u00dfe und tiefe Bucht mit interessanten Felsformationen und zwei kleinen Str\u00e4nden. Pinien am Rand des Strandes, die nat\u00fcrlichen Schatten spenden, kristallklares Meer und Kiesel- und Felsstrandabschnitte erwarten Sie am Maslinica. Der sch\u00f6ne Maslinica Strand bietet einige idyllische und erholsame Ecken, fast etwas versteckt, an denen man die Seele baumeln lassen kann. Den Strand erreicht man zu Fu\u00df oder mit dem Auto. Parkm\u00f6glichkeit befindet sich in der N\u00e4he.<\/div><\/div><div class='clear_column'><\/div><a name=\"va-13\"><\/a><\/p>\n<p style=\"text-align: right;\"><span style=\"color: #3366ff;\"><a style=\"color: #3366ff;\" href=\"#seite_oben\">natrag na vrh \/ Seitenanfang<\/a><\/span><\/p>\n<hr \/>\n<div class='content-column one_half'><div style=\"padding-right:6px;\"><h3><span style=\"color: #00ccff;\"><strong>Uvala Palinica<\/strong><\/span><\/h3>\n<p><strong>Code: <\/strong>VA-AU-13<\/p>\n<p><strong>Lokalna polo\u017eaj \/ Position<\/strong><br \/>\n<a href=\"https:\/\/goo.gl\/maps\/Fhrfen42jS4mttsR6\"><span style=\"color: #3366ff;\">Latitude: N 43,18926\u00b0\u00a0 \u00a0Longitude: E 16,68224\u00b0<\/span><\/a><\/p>\n<p><a href=\"https:\/\/goo.gl\/maps\/Fhrfen42jS4mttsR6\"><img loading=\"lazy\" decoding=\"async\" class=\"alignleft wp-image-35080\" src=\"https:\/\/www.topohvar.at\/wp-content\/uploads\/2020\/04\/2303.jpg\" alt=\"\" width=\"134\" height=\"100\" \/><\/a><\/p><\/div><\/div><div class='content-column one_half last_column'><div style=\"padding-right:0px;padding-left:6px;\"><p><img loading=\"lazy\" decoding=\"async\" class=\"alignright wp-image-35092 size-medium\" src=\"https:\/\/www.topohvar.at\/wp-content\/uploads\/2020\/04\/va-au-13-1-300x300.jpg\" alt=\"\" width=\"300\" height=\"300\" srcset=\"https:\/\/www.topohvar.at\/wp-content\/uploads\/2020\/04\/va-au-13-1-300x300.jpg 300w, https:\/\/www.topohvar.at\/wp-content\/uploads\/2020\/04\/va-au-13-1-150x150.jpg 150w, https:\/\/www.topohvar.at\/wp-content\/uploads\/2020\/04\/va-au-13-1.jpg 423w\" sizes=\"auto, (max-width: 300px) 100vw, 300px\" \/><\/p><\/div><\/div><div class='clear_column'><\/div><a name=\"va-14\"><\/a><\/p>\n<p style=\"text-align: right;\"><span style=\"color: #3366ff;\"><a style=\"color: #3366ff;\" href=\"#seite_oben\">natrag na vrh \/ Seitenanfang<\/a><\/span><\/p>\n<hr \/>\n<div class='content-column one_half'><div style=\"padding-right:6px;\"><h3><span style=\"color: #00ccff;\"><strong>Rapa<\/strong><\/span><\/h3>\n<p><strong>Code: <\/strong>VA-AU-14<\/p>\n<p><strong>Lokalna polo\u017eaj \/ Position<\/strong><br \/>\n<a href=\"https:\/\/goo.gl\/maps\/jB4Kkiqh4pvWuMCb9\"><span style=\"color: #3366ff;\">Latitude: N 43,18652\u00b0\u00a0 \u00a0Longitude: E 16,68353\u00b0<\/span><\/a><\/p>\n<p><a href=\"https:\/\/goo.gl\/maps\/jB4Kkiqh4pvWuMCb9\"><img loading=\"lazy\" decoding=\"async\" class=\"alignleft wp-image-35081\" src=\"https:\/\/www.topohvar.at\/wp-content\/uploads\/2020\/04\/2304.jpg\" alt=\"\" width=\"133\" height=\"100\" \/><\/a><\/p><\/div><\/div><div class='content-column one_half last_column'><div style=\"padding-right:0px;padding-left:6px;\"><p><img loading=\"lazy\" decoding=\"async\" class=\"alignright wp-image-35093 size-medium\" src=\"https:\/\/www.topohvar.at\/wp-content\/uploads\/2020\/04\/va-au-14-1-300x300.jpg\" alt=\"\" width=\"300\" height=\"300\" srcset=\"https:\/\/www.topohvar.at\/wp-content\/uploads\/2020\/04\/va-au-14-1-300x300.jpg 300w, https:\/\/www.topohvar.at\/wp-content\/uploads\/2020\/04\/va-au-14-1-150x150.jpg 150w, https:\/\/www.topohvar.at\/wp-content\/uploads\/2020\/04\/va-au-14-1.jpg 384w\" sizes=\"auto, (max-width: 300px) 100vw, 300px\" \/><\/p><\/div><\/div><div class='clear_column'><\/div><a name=\"va-15\"><\/a><\/p>\n<p style=\"text-align: right;\"><span style=\"color: #3366ff;\"><a style=\"color: #3366ff;\" href=\"#seite_oben\">natrag na vrh \/ Seitenanfang<\/a><\/span><\/p>\n<hr \/>\n<div class='content-column one_half'><div style=\"padding-right:6px;\"><h3><span style=\"color: #00ccff;\"><strong>Uvala Nudist<\/strong><\/span><\/h3>\n<p><strong>Code: <\/strong>VA-AU-15<\/p>\n<p><strong>Lokalna polo\u017eaj \/ Position<\/strong><br \/>\n<a href=\"https:\/\/goo.gl\/maps\/gVceT8V6TDiPNMbS8\"><span style=\"color: #3366ff;\">Latitude: N 43,18353\u00b0\u00a0 \u00a0Longitude: E 16,68648\u00b0<\/span><\/a><\/p>\n<p><a href=\"https:\/\/goo.gl\/maps\/gVceT8V6TDiPNMbS8\"><img loading=\"lazy\" decoding=\"async\" class=\"alignleft wp-image-35082\" src=\"https:\/\/www.topohvar.at\/wp-content\/uploads\/2020\/04\/2305.jpg\" alt=\"\" width=\"134\" height=\"100\" \/><\/a><\/p><\/div><\/div><div class='content-column one_half last_column'><div style=\"padding-right:0px;padding-left:6px;\"><p><img loading=\"lazy\" decoding=\"async\" class=\"alignright wp-image-35094 size-medium\" src=\"https:\/\/www.topohvar.at\/wp-content\/uploads\/2020\/04\/va-au-15-1-300x300.jpg\" alt=\"\" width=\"300\" height=\"300\" srcset=\"https:\/\/www.topohvar.at\/wp-content\/uploads\/2020\/04\/va-au-15-1-300x300.jpg 300w, https:\/\/www.topohvar.at\/wp-content\/uploads\/2020\/04\/va-au-15-1-150x150.jpg 150w, https:\/\/www.topohvar.at\/wp-content\/uploads\/2020\/04\/va-au-15-1.jpg 450w\" sizes=\"auto, (max-width: 300px) 100vw, 300px\" \/><\/p><\/div><\/div><div class='clear_column'><\/div><\/p>\n<div class='content-column one_half'><div style=\"padding-right:6px;\"><p>Zapadno od pla\u017ee Zavala nalazi se naturisti\u010dki kamp Camp Nudist. Pla\u017ea kompleksa dostupna je gostima kampa i posjetiteljima izvana. \u0160ljun\u010dana pla\u017ea kampa mali je raj za kupa\u010de koji vole plivati \u200b\u200bbez tekstila. Na pla\u017ei je mali restoran sa sjede\u0107im garniturama pod sjenom stabala kompleksa.<\/p><\/div><\/div><div class='content-column one_half last_column'><div style=\"padding-right:0px;padding-left:6px;\"><p>Westlich vom Zavala Strand befindet sich der Naturisten-Campingplatz Camp Nudist. Der Strand der Anlage ist f\u00fcr G\u00e4ste des Camps und f\u00fcr Besucher von au\u00dferhalb zug\u00e4nglich. Der Kieselstrand des Camps ist ein kleines Paradies f\u00fcr Badeg\u00e4ste, die gerne textilfrei baden. Am Strand gibt es ein kleines Restaurant mit Sitzgelegenheiten unter den schattenspendenden B\u00e4umen der Anlage.<\/div><\/div><div class='clear_column'><\/div><img loading=\"lazy\" decoding=\"async\" class=\"aligncenter size-full wp-image-37855\" src=\"https:\/\/www.topohvar.at\/wp-content\/uploads\/2020\/05\/va-au-15-10.jpg\" alt=\"\" width=\"640\" height=\"300\" srcset=\"https:\/\/www.topohvar.at\/wp-content\/uploads\/2020\/05\/va-au-15-10.jpg 640w, https:\/\/www.topohvar.at\/wp-content\/uploads\/2020\/05\/va-au-15-10-300x141.jpg 300w\" sizes=\"auto, (max-width: 640px) 100vw, 640px\" \/><a name=\"va-16\"><\/a><\/p>\n<p style=\"text-align: right;\"><span style=\"color: #3366ff;\"><a style=\"color: #3366ff;\" href=\"#seite_oben\">natrag na vrh \/ Seitenanfang<\/a><\/span><\/p>\n<hr \/>\n<div class='content-column one_half'><div style=\"padding-right:6px;\"><h3><span style=\"color: #00ccff;\"><strong>Zavala<\/strong><\/span><\/h3>\n<p><strong>Code: <\/strong>VA-AU-16<\/p>\n<p><strong>Lokalna polo\u017eaj \/ Position<\/strong><br \/>\n<a href=\"https:\/\/goo.gl\/maps\/d5jHUiQYxfGYg6qM7\"><span style=\"color: #3366ff;\">Latitude: N 43,18298\u00b0\u00a0 \u00a0Longitude: E 16,68960\u00b0<\/span><\/a><\/p>\n<p><a href=\"https:\/\/goo.gl\/maps\/d5jHUiQYxfGYg6qM7\"><img loading=\"lazy\" decoding=\"async\" class=\"alignleft wp-image-35083\" src=\"https:\/\/www.topohvar.at\/wp-content\/uploads\/2020\/04\/2306.jpg\" alt=\"\" width=\"134\" height=\"100\" \/><\/a><\/p><\/div><\/div><div class='content-column one_half last_column'><div style=\"padding-right:0px;padding-left:6px;\"><p><img loading=\"lazy\" decoding=\"async\" class=\"alignright wp-image-35095 size-medium\" src=\"https:\/\/www.topohvar.at\/wp-content\/uploads\/2020\/04\/va-au-16-1-300x300.jpg\" alt=\"\" width=\"300\" height=\"300\" srcset=\"https:\/\/www.topohvar.at\/wp-content\/uploads\/2020\/04\/va-au-16-1-300x300.jpg 300w, https:\/\/www.topohvar.at\/wp-content\/uploads\/2020\/04\/va-au-16-1-150x150.jpg 150w, https:\/\/www.topohvar.at\/wp-content\/uploads\/2020\/04\/va-au-16-1.jpg 450w\" sizes=\"auto, (max-width: 300px) 100vw, 300px\" \/><\/p><\/div><\/div><div class='clear_column'><\/div><div class='content-column one_half'><div style=\"padding-right:6px;\"><p>Stjenovita pla\u017ea Zavala nalazi se oko 100 metara sjeverno od pla\u017ee Soline, s druge strane poluotoka. Pla\u017ea je posebno popularna kod snorkelera i kupanje na suncu koji na ravnim stijenama pronalaze pogodna mjesta za sun\u010danje. Napominjemo da naturisti ponekad kupaju na ovoj pla\u017ei. Pla\u017ea Zavala nije ni ozna\u010dena nudisti\u010dka, niti odre\u0111ena tekstilna pla\u017ea &#8211; tako da je mje\u0161ovita publika.<\/p><\/div><\/div><div class='content-column one_half last_column'><div style=\"padding-right:0px;padding-left:6px;\"><p>Der felsige Strand Zavala liegt etwa 100 m n\u00f6rdlich vom Strand Soline, auf der anderen Seite der Halbinsel. Der Strand wird ist insbesondere bei Schnorchlern und bei Sonnenbadern, die auf den flachen Felsen geeignete Liegefl\u00e4chen vorfinden \u00e4u\u00dferst beliebt. Bitte beachten Sie, dass an diesem Strand auch teilweise Naturisten baden. Der Zavala Strand ist weder ein ausgewiesener Nudisten- noch ein ausgewiesener Textilstrand &#8211; also gemischtes Publikum.<\/div><\/div><div class='clear_column'><\/div><a name=\"va-17\"><\/a><\/p>\n<p style=\"text-align: right;\"><span style=\"color: #3366ff;\"><a style=\"color: #3366ff;\" href=\"#seite_oben\">natrag na vrh \/ Seitenanfang<\/a><\/span><\/p>\n<hr \/>\n<div class='content-column one_half'><div style=\"padding-right:6px;\"><h3><span style=\"color: #00ccff;\"><strong>Uvala Soline<\/strong><\/span><\/h3>\n<p><strong>Code: <\/strong>VA-AU-17<\/p>\n<p><strong>Lokalna polo\u017eaj \/ Position<\/strong><br \/>\n<a href=\"https:\/\/goo.gl\/maps\/ww9cacxsejkdF4mx5\"><span style=\"color: #3366ff;\">Latitude: N 43,18007\u00b0\u00a0 \u00a0Longitude: E 16,69069\u00b0<\/span><\/a><\/p>\n<p><a href=\"https:\/\/goo.gl\/maps\/ww9cacxsejkdF4mx5\"><img loading=\"lazy\" decoding=\"async\" class=\"alignleft wp-image-35084\" src=\"https:\/\/www.topohvar.at\/wp-content\/uploads\/2020\/04\/2307.jpg\" alt=\"\" width=\"134\" height=\"100\" \/><\/a><\/p><\/div><\/div><div class='content-column one_half last_column'><div style=\"padding-right:0px;padding-left:6px;\"><p><img loading=\"lazy\" decoding=\"async\" class=\"alignright wp-image-35096 size-medium\" src=\"https:\/\/www.topohvar.at\/wp-content\/uploads\/2020\/04\/va-au-17-1-300x300.jpg\" alt=\"\" width=\"300\" height=\"300\" srcset=\"https:\/\/www.topohvar.at\/wp-content\/uploads\/2020\/04\/va-au-17-1-300x300.jpg 300w, https:\/\/www.topohvar.at\/wp-content\/uploads\/2020\/04\/va-au-17-1-150x150.jpg 150w, https:\/\/www.topohvar.at\/wp-content\/uploads\/2020\/04\/va-au-17-1.jpg 450w\" sizes=\"auto, (max-width: 300px) 100vw, 300px\" \/><\/p><\/div><\/div><div class='clear_column'><\/div><div class='content-column one_half'><div style=\"padding-right:6px;\"><p>Glavna pla\u017ea Vrboske, pla\u017ea Soline, osobito je popularna kod obitelji s djecom. Fini \u0161ljunak koji pada u kristalno \u010distu vodu i \u0161irok spektar sportske \/ zabavne i gastronomske ponude \u010dine pla\u017eu Soline \u017eari\u0161tem mjesta za odmor.<\/p><\/div><\/div><div class='content-column one_half last_column'><div style=\"padding-right:0px;padding-left:6px;\"><p>Insbesondere bei Familien mit Kindern ist der Hauptstrand von Vrboska, der Strand Soline sehr beliebt. Flach ins glasklare Wasser abfallender feiner Kieselstein und ein breites Sport- \/Freizeit und gastronomisches Angebot machen den Soline Strand zum Badehotspot des Urlaubsortes.<\/p><\/div><\/div><div class='clear_column'><\/div><a name=\"va-18\"><\/a><\/p>\n<p style=\"text-align: right;\"><span style=\"color: #3366ff;\"><a style=\"color: #3366ff;\" href=\"#seite_oben\">natrag na vrh \/ Seitenanfang<\/a><\/span><\/p>\n<hr \/>\n<div class='content-column one_half'><div style=\"padding-right:6px;\"><h3><span style=\"color: #00ccff;\"><strong>Luka Vrboska<\/strong><\/span><\/h3>\n<p><strong>Code: <\/strong>VA-AU-18<\/p>\n<p><strong>Lokalna polo\u017eaj \/ Position<\/strong><br \/>\n<a href=\"https:\/\/goo.gl\/maps\/X1vC7UfaNzcmaSX38\"><span style=\"color: #3366ff;\">Latitude: N 43,17969\u00b0\u00a0 \u00a0Longitude: E 16,67707\u00b0<\/span><\/a><\/p>\n<p><a href=\"https:\/\/goo.gl\/maps\/X1vC7UfaNzcmaSX38\"><img loading=\"lazy\" decoding=\"async\" class=\"alignleft wp-image-35085\" src=\"https:\/\/www.topohvar.at\/wp-content\/uploads\/2020\/04\/2308.jpg\" alt=\"\" width=\"134\" height=\"100\" \/><\/a><\/p><\/div><\/div><div class='content-column one_half last_column'><div style=\"padding-right:0px;padding-left:6px;\"><p><img loading=\"lazy\" decoding=\"async\" class=\"alignright wp-image-35097 size-medium\" src=\"https:\/\/www.topohvar.at\/wp-content\/uploads\/2020\/04\/va-au-18-1-300x300.jpg\" alt=\"\" width=\"300\" height=\"300\" srcset=\"https:\/\/www.topohvar.at\/wp-content\/uploads\/2020\/04\/va-au-18-1-300x300.jpg 300w, https:\/\/www.topohvar.at\/wp-content\/uploads\/2020\/04\/va-au-18-1-150x150.jpg 150w, https:\/\/www.topohvar.at\/wp-content\/uploads\/2020\/04\/va-au-18-1.jpg 450w\" sizes=\"auto, (max-width: 300px) 100vw, 300px\" \/><\/p><\/div><\/div><div class='clear_column'><\/div><a name=\"va-19\"><\/a><\/p>\n<p style=\"text-align: right;\"><span style=\"color: #3366ff;\"><a style=\"color: #3366ff;\" href=\"#seite_oben\">natrag na vrh \/ Seitenanfang<\/a><\/span><\/p>\n<hr \/>\n<div class='content-column one_half'><div style=\"padding-right:6px;\"><h3><span style=\"color: #00ccff;\"><strong>Uvala Milna (Mina) Vrbova\u010dka<\/strong><\/span><\/h3>\n<p><strong>Code: <\/strong>VA-AU-19<\/p>\n<p><strong>Lokalna polo\u017eaj \/ Position<\/strong><br \/>\n<a href=\"https:\/\/goo.gl\/maps\/X1vC7UfaNzcmaSX38\"><span style=\"color: #3366ff;\">Latitude: N 43,17317\u00b0\u00a0 \u00a0Longitude: E 16,68496\u00b0<\/span><\/a><\/p>\n<p><a href=\"https:\/\/goo.gl\/maps\/X1vC7UfaNzcmaSX38\"><img loading=\"lazy\" decoding=\"async\" class=\"alignleft wp-image-35086\" src=\"https:\/\/www.topohvar.at\/wp-content\/uploads\/2020\/04\/2309.jpg\" alt=\"\" width=\"134\" height=\"100\" \/><\/a><\/p><\/div><\/div><div class='content-column one_half last_column'><div style=\"padding-right:0px;padding-left:6px;\"><p><img loading=\"lazy\" decoding=\"async\" class=\"alignright wp-image-35982 size-medium\" src=\"https:\/\/www.topohvar.at\/wp-content\/uploads\/2020\/04\/va-au-19-2-300x300.jpg\" alt=\"\" width=\"300\" height=\"300\" srcset=\"https:\/\/www.topohvar.at\/wp-content\/uploads\/2020\/04\/va-au-19-2-300x300.jpg 300w, https:\/\/www.topohvar.at\/wp-content\/uploads\/2020\/04\/va-au-19-2-150x150.jpg 150w, https:\/\/www.topohvar.at\/wp-content\/uploads\/2020\/04\/va-au-19-2.jpg 450w\" sizes=\"auto, (max-width: 300px) 100vw, 300px\" \/><\/p><\/div><\/div><div class='clear_column'><\/div><div class='content-column one_half'><div style=\"padding-right:6px;\"><p>Lijepa duboka uvala Milna vrbova\u010dka zapo\u010dinje na isto\u010dnoj strani \u0161ljun\u010danom pla\u017eicom, a u najdubljem dijelu vale je pje\u0161\u010dana pli\u010dina, \u0161to i zna\u010di rije\u010d \u201emilna\u201d ili \u201emina\u201d. Okru\u017euje ju tamno zelenilo borova koji se nadvijaju iznad mora, a boja mora u uvali s kretanjem sunca tijekom dana mijenja se od dubokog plavetnila do tirkiznih nijansi. Nema tog turista, bilo da tr\u010di ili vozi bicikl, ali i ako prolazi automobilom, da ne zastane na cesti i s divljenjem pogleda uvalicu.<\/p><\/div><\/div><div class='content-column one_half last_column'><div style=\"padding-right:0px;padding-left:6px;\"><p>Die sch\u00f6ne tiefe Bucht von Milna Vrbova\u010dka beginnt auf der Ostseite mit einem Kiesstrand und im tiefsten Teil der Bucht befindet sich eine Sandbank, was das Wort &#8222;Milna&#8220; oder &#8222;Mine&#8220; bedeutet. Es ist von dunkelgr\u00fcnen Pinien umgeben, die das Meer \u00fcberragen, und die Farbe des Meeres in der Bucht \u00e4ndert sich mit dem Lauf der Sonne im Laufe des Tages von tiefblauen zu t\u00fcrkisfarbenen Farbt\u00f6nen. Es gibt keinen Touristen, ob beim Laufen oder Radfahren, aber selbst wenn er mit dem Auto vorbeikommt, bleibt er auf der Stra\u00dfe nicht stehen und blickt voller Bewunderung auf die Bucht.<\/p><\/div><\/div><div class='clear_column'><\/div><\/p>\n<p style=\"text-align: right;\"><span style=\"color: #3366ff;\"><a style=\"color: #3366ff;\" href=\"#seite_oben\">natrag na vrh \/ Seitenanfang<\/a><\/span><\/p>\n<hr \/>\n<div class='content-column one_half'><div style=\"padding-right:6px;\"><\/div><\/div>\n<hr \/>\n<p><strong>Linkovi \/ Links<\/strong><\/p>\n<p>&#8211;<\/p>\n","protected":false},"excerpt":{"rendered":"<p>Ime \/ Name Vrboska &#8211; Uvale \u00bbna sjevernoj strani otoka\u00ab Code: VA-AU-10\/19\u00a0 \u00a0 \u00a0 \u00a0 \u00a0 \u00a0 \u00a0 \u00a0 \u00a0 \u00a0 \u00a0 \u00a0 \u00a0 \u00a0 \u00a0 \u00a0 \u00a0 \u00a0 \u00a0 Uvale od zapada prema istoku: \/ Die Buchten von West &hellip; <a href=\"https:\/\/www.topohvar.at\/topo\/orte\/va\/va-au-10-1\/\">Weiterlesen <span class=\"meta-nav\">&rarr;<\/span><\/a><\/p>\n","protected":false},"author":1,"featured_media":0,"parent":109,"menu_order":0,"comment_status":"closed","ping_status":"closed","template":"","meta":{"footnotes":""},"class_list":["post-35070","page","type-page","status-publish","hentry"],"_links":{"self":[{"href":"https:\/\/www.topohvar.at\/topo\/wp-json\/wp\/v2\/pages\/35070","targetHints":{"allow":["GET"]}}],"collection":[{"href":"https:\/\/www.topohvar.at\/topo\/wp-json\/wp\/v2\/pages"}],"about":[{"href":"https:\/\/www.topohvar.at\/topo\/wp-json\/wp\/v2\/types\/page"}],"author":[{"embeddable":true,"href":"https:\/\/www.topohvar.at\/topo\/wp-json\/wp\/v2\/users\/1"}],"replies":[{"embeddable":true,"href":"https:\/\/www.topohvar.at\/topo\/wp-json\/wp\/v2\/comments?post=35070"}],"version-history":[{"count":22,"href":"https:\/\/www.topohvar.at\/topo\/wp-json\/wp\/v2\/pages\/35070\/revisions"}],"predecessor-version":[{"id":55864,"href":"https:\/\/www.topohvar.at\/topo\/wp-json\/wp\/v2\/pages\/35070\/revisions\/55864"}],"up":[{"embeddable":true,"href":"https:\/\/www.topohvar.at\/topo\/wp-json\/wp\/v2\/pages\/109"}],"wp:attachment":[{"href":"https:\/\/www.topohvar.at\/topo\/wp-json\/wp\/v2\/media?parent=35070"}],"curies":[{"name":"wp","href":"https:\/\/api.w.org\/{rel}","templated":true}]}}