{"id":35104,"date":"2020-04-11T17:25:54","date_gmt":"2020-04-11T15:25:54","guid":{"rendered":"https:\/\/www.topohvar.at\/topo\/?page_id=35104"},"modified":"2023-12-18T17:38:15","modified_gmt":"2023-12-18T16:38:15","slug":"vj-au-10-1","status":"publish","type":"page","link":"https:\/\/www.topohvar.at\/topo\/orte\/vj\/vj-au-10-1\/","title":{"rendered":"VRBANJ &#8211; Uvale \u00bbna sjevernoj strani otoka\u00ab"},"content":{"rendered":"<p><a name=\"seite_oben\"><\/a><br \/>\n<strong><img loading=\"lazy\" decoding=\"async\" class=\"alignnone wp-image-35110 size-full\" src=\"https:\/\/www.topohvar.at\/wp-content\/uploads\/2020\/04\/vj-au-10.jpg\" alt=\"\" width=\"1080\" height=\"530\" srcset=\"https:\/\/www.topohvar.at\/wp-content\/uploads\/2020\/04\/vj-au-10.jpg 1080w, https:\/\/www.topohvar.at\/wp-content\/uploads\/2020\/04\/vj-au-10-300x147.jpg 300w, https:\/\/www.topohvar.at\/wp-content\/uploads\/2020\/04\/vj-au-10-1024x503.jpg 1024w, https:\/\/www.topohvar.at\/wp-content\/uploads\/2020\/04\/vj-au-10-768x377.jpg 768w\" sizes=\"auto, (max-width: 1080px) 100vw, 1080px\" \/><\/strong><\/p>\n<p><strong>Ime \/ Name<br \/>\n<\/strong>Vrbanj &#8211; Uvale \u00bbna sjevernoj strani otoka\u00ab<\/p>\n<p><strong>Code: <\/strong>VJ-AU-10\/16\u00a0 \u00a0 \u00a0 \u00a0 \u00a0 \u00a0 \u00a0 \u00a0 \u00a0 \u00a0 \u00a0 \u00a0 \u00a0 \u00a0 \u00a0 \u00a0 \u00a0 \u00a0 \u00a0 \u00a0 <a href=\"https:\/\/www.topohvar.at\/orte\/vj\/vj-aa-01-1\/\"><img loading=\"lazy\" decoding=\"async\" class=\"alignnone wp-image-12300 size-full\" src=\"https:\/\/www.topohvar.at\/wp-content\/uploads\/2018\/09\/push-vor-30.jpg\" alt=\"\" width=\"61\" height=\"30\" \/><\/a> \u00a0<a href=\"https:\/\/www.topohvar.at\/orte\/vj\/\"><img loading=\"lazy\" decoding=\"async\" class=\"alignnone wp-image-535 size-full\" src=\"https:\/\/www.topohvar.at\/wp-content\/uploads\/2018\/07\/push-o-30.jpg\" alt=\"\" width=\"61\" height=\"30\" \/><\/a> <a href=\"https:\/\/www.topohvar.at\/orte\/vj\/vj-ar-10-1\/\"><img loading=\"lazy\" decoding=\"async\" class=\"alignnone wp-image-536 size-full\" src=\"https:\/\/www.topohvar.at\/wp-content\/uploads\/2018\/07\/push-r-30.jpg\" alt=\"\" width=\"61\" height=\"30\" \/><\/a><\/p>\n<p><strong>Uvale od zapada prema istoku: \/ Die Buchten von West nach Ost:<\/strong><br \/>\n<a href=\"#vj-10\"><span style=\"color: #3366ff;\">Uvala Oskoru\u0161ica<\/span><\/a><span style=\"color: #3366ff;\">\u00a0 \/\u00a0\u00a0<a style=\"color: #3366ff;\" href=\"#vj-11\">Uvala Pelegrinac<\/a>\u00a0 \/\u00a0\u00a0<a style=\"color: #3366ff;\" href=\"#vj-12\">Uvala Zala luka<\/a>\u00a0 \/\u00a0 \u00a0<a style=\"color: #3366ff;\" href=\"#vj-13\">Smokova uvala<\/a>\u00a0 \/\u00a0\u00a0<a style=\"color: #3366ff;\" href=\"#vj-14\">Uvala Duboka<\/a>\u00a0 \/\u00a0\u00a0<a style=\"color: #3366ff;\" href=\"#vj-15\">Mudri Dolac<\/a>\u00a0 \/\u00a0\u00a0<a style=\"color: #3366ff;\" href=\"#vj-16\">Uvala Basina<\/a><\/span><a name=\"vj-10\"><\/a><\/p>\n<hr \/>\n<div class='content-column one_half'><div style=\"padding-right:6px;\"><h3><span style=\"color: #00ccff;\"><strong>Uvala Oskoru\u0161ica<\/strong><\/span><\/h3>\n<p><strong>Code: <\/strong>VJ-AU-10<\/p>\n<p><strong>Lokalna polo\u017eaj \/ Position<\/strong><br \/>\n<a href=\"https:\/\/goo.gl\/maps\/c8W4EU3HJWmHaJGa7\"><span style=\"color: #3366ff;\">Latitude: N 43,21412\u00b0\u00a0 \u00a0Longitude: E 16,64478\u00b0<\/span><\/a><\/p>\n<p><a href=\"https:\/\/goo.gl\/maps\/c8W4EU3HJWmHaJGa7\"><img loading=\"lazy\" decoding=\"async\" class=\"alignleft wp-image-35111\" src=\"https:\/\/www.topohvar.at\/wp-content\/uploads\/2020\/04\/2310.jpg\" alt=\"\" width=\"134\" height=\"100\" \/><\/a><\/div><\/div><div class='content-column one_half last_column'><div style=\"padding-right:0px;padding-left:6px;\"><p><img loading=\"lazy\" decoding=\"async\" class=\"alignright wp-image-35120 size-medium\" src=\"https:\/\/www.topohvar.at\/wp-content\/uploads\/2020\/04\/vj-au-10-1-300x300.jpg\" alt=\"\" width=\"300\" height=\"300\" srcset=\"https:\/\/www.topohvar.at\/wp-content\/uploads\/2020\/04\/vj-au-10-1-300x300.jpg 300w, https:\/\/www.topohvar.at\/wp-content\/uploads\/2020\/04\/vj-au-10-1-150x150.jpg 150w, https:\/\/www.topohvar.at\/wp-content\/uploads\/2020\/04\/vj-au-10-1.jpg 450w\" sizes=\"auto, (max-width: 300px) 100vw, 300px\" \/><\/p><\/div><\/div><div class='clear_column'><\/div><\/p>\n<div class='content-column one_half'><div style=\"padding-right:6px;\"><p>Oskoru\u0161ica je velika uvala s dva usjeka. Jedna od njih je mala luka (Mandra\u010d), dok je druga vi\u0161e naseljeno mjesto s umjetnim visoravnima za sun\u010danje i ljetnikovcima. Do obje uvale mo\u017ee se do\u0107i automobilom.<\/p><\/div><\/div><div class='content-column one_half last_column'><div style=\"padding-right:0px;padding-left:6px;\"><p>Oskoru\u0161ica ist eine gro\u00dfe Bucht mit zwei Einschnitten. Einer davon ist ein kleiner Hafen (Mandra\u010d), w\u00e4hrend der andere eher ein bewohnter Platz mit mit k\u00fcnstlichen Sonnenbadeplateaus und Sommerh\u00e4usern ist. Beide Buchten sind mit dem Auto erreichbar.<\/p><\/div><\/div><div class='clear_column'><\/div><a name=\"vj-11\"><\/a><\/p>\n<p style=\"text-align: right;\"><span style=\"color: #3366ff;\"><a style=\"color: #3366ff;\" href=\"#seite_oben\">natrag na vrh \/ Seitenanfang<\/a><\/span><\/p>\n<hr \/>\n<div class='content-column one_half'><div style=\"padding-right:6px;\"><h3><span style=\"color: #00ccff;\"><strong>Uvala Pelegrinac<\/strong><\/span><\/h3>\n<p><strong>Code: <\/strong>VJ-AU-11<\/p>\n<p><strong>Lokalna polo\u017eaj \/ Position<\/strong><br \/>\n<a href=\"https:\/\/goo.gl\/maps\/mYJ5JEFq8SYraEAB9\"><span style=\"color: #3366ff;\">Latitude: N 43,21728\u00b0\u00a0 \u00a0Longitude: E 16,65137\u00b0<\/span><\/a><\/p>\n<p><a href=\"https:\/\/goo.gl\/maps\/mYJ5JEFq8SYraEAB9\"><img loading=\"lazy\" decoding=\"async\" class=\"alignleft wp-image-35112\" src=\"https:\/\/www.topohvar.at\/wp-content\/uploads\/2020\/04\/2311.jpg\" alt=\"\" width=\"134\" height=\"100\" \/><\/a><\/p><\/div><\/div><div class='content-column one_half last_column'><div style=\"padding-right:0px;padding-left:6px;\"><p><img loading=\"lazy\" decoding=\"async\" class=\"alignright wp-image-35121 size-medium\" src=\"https:\/\/www.topohvar.at\/wp-content\/uploads\/2020\/04\/vj-au-11-1-300x300.jpg\" alt=\"\" width=\"300\" height=\"300\" srcset=\"https:\/\/www.topohvar.at\/wp-content\/uploads\/2020\/04\/vj-au-11-1-300x300.jpg 300w, https:\/\/www.topohvar.at\/wp-content\/uploads\/2020\/04\/vj-au-11-1-150x150.jpg 150w, https:\/\/www.topohvar.at\/wp-content\/uploads\/2020\/04\/vj-au-11-1.jpg 450w\" sizes=\"auto, (max-width: 300px) 100vw, 300px\" \/><\/p><\/div><\/div><div class='clear_column'><\/div><a name=\"vj-12\"><\/a><\/p>\n<p style=\"text-align: right;\"><span style=\"color: #3366ff;\"><a style=\"color: #3366ff;\" href=\"#seite_oben\">natrag na vrh \/ Seitenanfang<\/a><\/span><\/p>\n<hr \/>\n<div class='content-column one_half'><div style=\"padding-right:6px;\"><h3><span style=\"color: #00ccff;\"><strong>Uvala Zala luka<\/strong><\/span><\/h3>\n<p><strong>Code: <\/strong>VJ-AU-12<\/p>\n<p><strong>Lokalna polo\u017eaj \/ Position<\/strong><br \/>\n<a href=\"https:\/\/goo.gl\/maps\/PhP4ME7vur7U7ZVc6\"><span style=\"color: #3366ff;\">Latitude: N 43,21343\u00b0\u00a0 \u00a0Longitude: E 16,65472\u00b0<\/span><\/a><\/p>\n<p><a href=\"https:\/\/goo.gl\/maps\/PhP4ME7vur7U7ZVc6\"><img loading=\"lazy\" decoding=\"async\" class=\"alignleft wp-image-35113\" src=\"https:\/\/www.topohvar.at\/wp-content\/uploads\/2020\/04\/2312.jpg\" alt=\"\" width=\"133\" height=\"100\" \/><\/a><\/div><\/div><div class='content-column one_half last_column'><div style=\"padding-right:0px;padding-left:6px;\"><p><img loading=\"lazy\" decoding=\"async\" class=\"alignright wp-image-35122 size-medium\" src=\"https:\/\/www.topohvar.at\/wp-content\/uploads\/2020\/04\/vj-au-12-1-300x300.jpg\" alt=\"\" width=\"300\" height=\"300\" srcset=\"https:\/\/www.topohvar.at\/wp-content\/uploads\/2020\/04\/vj-au-12-1-300x300.jpg 300w, https:\/\/www.topohvar.at\/wp-content\/uploads\/2020\/04\/vj-au-12-1-150x150.jpg 150w, https:\/\/www.topohvar.at\/wp-content\/uploads\/2020\/04\/vj-au-12-1.jpg 450w\" sizes=\"auto, (max-width: 300px) 100vw, 300px\" \/><\/p><\/div><\/div><div class='clear_column'><\/div><\/p>\n<div class='content-column one_half'><div style=\"padding-right:6px;\"><p>Zala luka je velika uvala s tri kraka, ali svaka je samo veliko udubljenje na stjenovitoj obali.<\/p><\/div><\/div><div class='content-column one_half last_column'><div style=\"padding-right:0px;padding-left:6px;\"><p>Zala luka ist eine gro\u00dfe Bucht mit drei Zweigen, aber jede ist nur ein gro\u00dfer Einschnitt an einer felsigen K\u00fcste.<\/p><\/div><\/div><div class='clear_column'><\/div><a name=\"vj-13\"><\/a><\/p>\n<p style=\"text-align: right;\"><span style=\"color: #3366ff;\"><a style=\"color: #3366ff;\" href=\"#seite_oben\">natrag na vrh \/ Seitenanfang<\/a><\/span><\/p>\n<hr \/>\n<div class='content-column one_half'><div style=\"padding-right:6px;\"><h3><span style=\"color: #00ccff;\"><strong>Smokova uvala<\/strong><\/span><\/h3>\n<p><strong>Code: <\/strong>VJ-AU-13<\/p>\n<p><strong>Lokalna polo\u017eaj \/ Position<\/strong><br \/>\n<a href=\"https:\/\/goo.gl\/maps\/spiEWPpdFHNp9yTM6\"><span style=\"color: #3366ff;\">Latitude: N 43,21403\u00b0\u00a0 \u00a0Longitude: E 16,65862\u00b0<\/span><\/a><\/p>\n<p><a href=\"https:\/\/goo.gl\/maps\/spiEWPpdFHNp9yTM6\"><img loading=\"lazy\" decoding=\"async\" class=\"alignleft wp-image-35114\" src=\"https:\/\/www.topohvar.at\/wp-content\/uploads\/2020\/04\/2313.jpg\" alt=\"\" width=\"134\" height=\"100\" \/><\/a><\/div><\/div><div class='content-column one_half last_column'><div style=\"padding-right:0px;padding-left:6px;\"><p><img loading=\"lazy\" decoding=\"async\" class=\"alignright wp-image-35123 size-medium\" src=\"https:\/\/www.topohvar.at\/wp-content\/uploads\/2020\/04\/vj-au-13-1-300x300.jpg\" alt=\"\" width=\"300\" height=\"300\" srcset=\"https:\/\/www.topohvar.at\/wp-content\/uploads\/2020\/04\/vj-au-13-1-300x300.jpg 300w, https:\/\/www.topohvar.at\/wp-content\/uploads\/2020\/04\/vj-au-13-1-150x150.jpg 150w, https:\/\/www.topohvar.at\/wp-content\/uploads\/2020\/04\/vj-au-13-1.jpg 450w\" sizes=\"auto, (max-width: 300px) 100vw, 300px\" \/><\/p><\/div><\/div><div class='clear_column'><\/div><a name=\"vj-14\"><\/a><\/p>\n<p style=\"text-align: right;\"><span style=\"color: #3366ff;\"><a style=\"color: #3366ff;\" href=\"#seite_oben\">natrag na vrh \/ Seitenanfang<\/a><\/span><\/p>\n<hr \/>\n<div class='content-column one_half'><div style=\"padding-right:6px;\"><h3><span style=\"color: #00ccff;\"><strong>Uvala Duboka<\/strong><\/span><\/h3>\n<p><strong>Code: <\/strong>VJ-AU-14<\/p>\n<p><strong>Lokalna polo\u017eaj \/ Position<\/strong><br \/>\n<a href=\"https:\/\/goo.gl\/maps\/P8ru8oA1av79f6db6\"><span style=\"color: #3366ff;\">Latitude: N 43,21191\u00b0\u00a0 \u00a0Longitude: E 16,66435\u00b0<\/span><\/a><\/p>\n<p><a href=\"https:\/\/goo.gl\/maps\/P8ru8oA1av79f6db6\"><img loading=\"lazy\" decoding=\"async\" class=\"alignleft wp-image-35115\" src=\"https:\/\/www.topohvar.at\/wp-content\/uploads\/2020\/04\/2314.jpg\" alt=\"\" width=\"134\" height=\"100\" \/><\/a><\/div><\/div><div class='content-column one_half last_column'><div style=\"padding-right:0px;padding-left:6px;\"><p><img loading=\"lazy\" decoding=\"async\" class=\"wp-image-35124 size-medium alignright\" src=\"https:\/\/www.topohvar.at\/wp-content\/uploads\/2020\/04\/vj-au-14-1-300x300.jpg\" alt=\"\" width=\"300\" height=\"300\" srcset=\"https:\/\/www.topohvar.at\/wp-content\/uploads\/2020\/04\/vj-au-14-1-300x300.jpg 300w, https:\/\/www.topohvar.at\/wp-content\/uploads\/2020\/04\/vj-au-14-1-150x150.jpg 150w, https:\/\/www.topohvar.at\/wp-content\/uploads\/2020\/04\/vj-au-14-1.jpg 450w\" sizes=\"auto, (max-width: 300px) 100vw, 300px\" \/><\/p><\/div><\/div><div class='clear_column'><\/div><\/p>\n<div class='content-column one_half'><div style=\"padding-right:6px;\"><p>Duboka je stjenovita uvala, ali na kraju se nalazi ljupka \u0161ljun\u010dana pla\u017ea.<\/p><\/div><\/div><div class='content-column one_half last_column'><div style=\"padding-right:0px;padding-left:6px;\"><p>Duboka ist eine felsige Bucht, aber am Ende gibt es einen h\u00fcbschen kleinen Kieselstrand.<\/p><\/div><\/div><div class='clear_column'><\/div><a name=\"vj-15\"><\/a><\/p>\n<p style=\"text-align: right;\"><span style=\"color: #3366ff;\"><a style=\"color: #3366ff;\" href=\"#seite_oben\">natrag na vrh \/ Seitenanfang<\/a><\/span><\/p>\n<hr \/>\n<div class='content-column one_half'><div style=\"padding-right:6px;\"><h3><span style=\"color: #00ccff;\"><strong>Mudri Dolac<\/strong><\/span><\/h3>\n<p><strong>Code: <\/strong>VJ-AU-15<\/p>\n<p><strong>Lokalna polo\u017eaj \/ Position<\/strong><br \/>\n<a href=\"https:\/\/goo.gl\/maps\/rZGgBsTN5N45gZU88\"><span style=\"color: #3366ff;\">Latitude: N 43,20139\u00b0\u00a0 \u00a0Longitude: E 16,66342\u00b0<\/span><\/a><\/p>\n<p><a href=\"https:\/\/goo.gl\/maps\/rZGgBsTN5N45gZU88\"><img loading=\"lazy\" decoding=\"async\" class=\"alignleft wp-image-35116\" src=\"https:\/\/www.topohvar.at\/wp-content\/uploads\/2020\/04\/2315.jpg\" alt=\"\" width=\"134\" height=\"100\" \/><\/a><\/div><\/div><div class='content-column one_half last_column'><div style=\"padding-right:0px;padding-left:6px;\"><p><img loading=\"lazy\" decoding=\"async\" class=\"alignright wp-image-35125 size-medium\" src=\"https:\/\/www.topohvar.at\/wp-content\/uploads\/2020\/04\/vj-au-15-1-300x300.jpg\" alt=\"\" width=\"300\" height=\"300\" srcset=\"https:\/\/www.topohvar.at\/wp-content\/uploads\/2020\/04\/vj-au-15-1-300x300.jpg 300w, https:\/\/www.topohvar.at\/wp-content\/uploads\/2020\/04\/vj-au-15-1-150x150.jpg 150w, https:\/\/www.topohvar.at\/wp-content\/uploads\/2020\/04\/vj-au-15-1.jpg 450w\" sizes=\"auto, (max-width: 300px) 100vw, 300px\" \/><\/p><\/div><\/div><div class='clear_column'><\/div><\/p>\n<div class='content-column one_half'><div style=\"padding-right:6px;\"><p>Mudri Dolac je malo selo u dubokom zaljevu. Tu je dobro za\u0161ti\u0107ena luka i mala pla\u017ea.<\/p><\/div><\/div><div class='content-column one_half last_column'><div style=\"padding-right:0px;padding-left:6px;\"><p>Mudri Dolac ist ein kleines Dorf in einer tiefen Bucht. Es gibt einen gut gesch\u00fctzten Hafen und einen kleinen Strand.<\/p><\/div><\/div><div class='clear_column'><\/div><\/p>\n<div id=\"attachment_42467\" style=\"width: 650px\" class=\"wp-caption alignnone\"><img loading=\"lazy\" decoding=\"async\" aria-describedby=\"caption-attachment-42467\" class=\"wp-image-42467 size-full\" src=\"https:\/\/www.topohvar.at\/wp-content\/uploads\/2020\/10\/vj-au-15-2.jpg\" alt=\"\" width=\"640\" height=\"276\" srcset=\"https:\/\/www.topohvar.at\/wp-content\/uploads\/2020\/10\/vj-au-15-2.jpg 640w, https:\/\/www.topohvar.at\/wp-content\/uploads\/2020\/10\/vj-au-15-2-300x129.jpg 300w\" sizes=\"auto, (max-width: 640px) 100vw, 640px\" \/><p id=\"caption-attachment-42467\" class=\"wp-caption-text\">Foto: https:\/\/andadventure.com\/<\/p><\/div>\n<p><a name=\"vj-16\"><\/a><\/p>\n<p style=\"text-align: right;\"><span style=\"color: #3366ff;\"><a style=\"color: #3366ff;\" href=\"#seite_oben\">natrag na vrh \/ Seitenanfang<\/a><\/span><\/p>\n<hr \/>\n<div class='content-column one_half'><div style=\"padding-right:6px;\"><h3><span style=\"color: #00ccff;\"><strong>Uvala Basina<\/strong><\/span><\/h3>\n<p><strong>Code: <\/strong>VJ-AU-16<\/p>\n<p><strong>Lokalna polo\u017eaj \/ Position<\/strong><br \/>\n<a href=\"https:\/\/goo.gl\/maps\/TTsvMkU6kkP9FEGbA\"><span style=\"color: #3366ff;\">Latitude: N 43,19940\u00b0\u00a0 \u00a0Longitude: E 16,66140\u00b0<\/span><\/a><\/p>\n<p><a href=\"https:\/\/goo.gl\/maps\/TTsvMkU6kkP9FEGbA\"><img loading=\"lazy\" decoding=\"async\" class=\"alignleft wp-image-35117\" src=\"https:\/\/www.topohvar.at\/wp-content\/uploads\/2020\/04\/2316.jpg\" alt=\"\" width=\"134\" height=\"100\" \/><\/a><\/div><\/div><div class='content-column one_half last_column'><div style=\"padding-right:0px;padding-left:6px;\"><p><img loading=\"lazy\" decoding=\"async\" class=\"alignright wp-image-35089 size-medium\" src=\"https:\/\/www.topohvar.at\/wp-content\/uploads\/2020\/04\/va-au-10-1-300x300.jpg\" alt=\"\" width=\"300\" height=\"300\" srcset=\"https:\/\/www.topohvar.at\/wp-content\/uploads\/2020\/04\/va-au-10-1.jpg 300w, https:\/\/www.topohvar.at\/wp-content\/uploads\/2020\/04\/va-au-10-1-150x150.jpg 150w\" sizes=\"auto, (max-width: 300px) 100vw, 300px\" \/><\/p><\/div><\/div><div class='clear_column'><\/div><\/p>\n<p style=\"text-align: right;\"><span style=\"color: #3366ff;\"><a style=\"color: #3366ff;\" href=\"#seite_oben\">natrag na vrh \/ Seitenanfang<\/a><\/span><\/p>\n<hr \/>\n<p><strong>Linkovi \/ Links<\/strong><\/p>\n<p>&#8211;<\/p>\n","protected":false},"excerpt":{"rendered":"<p>Ime \/ Name Vrbanj &#8211; Uvale \u00bbna sjevernoj strani otoka\u00ab Code: VJ-AU-10\/16\u00a0 \u00a0 \u00a0 \u00a0 \u00a0 \u00a0 \u00a0 \u00a0 \u00a0 \u00a0 \u00a0 \u00a0 \u00a0 \u00a0 \u00a0 \u00a0 \u00a0 \u00a0 \u00a0 \u00a0 \u00a0 Uvale od zapada prema istoku: \/ Die Buchten &hellip; <a href=\"https:\/\/www.topohvar.at\/topo\/orte\/vj\/vj-au-10-1\/\">Weiterlesen <span class=\"meta-nav\">&rarr;<\/span><\/a><\/p>\n","protected":false},"author":1,"featured_media":0,"parent":111,"menu_order":0,"comment_status":"closed","ping_status":"closed","template":"","meta":{"footnotes":""},"class_list":["post-35104","page","type-page","status-publish","hentry"],"_links":{"self":[{"href":"https:\/\/www.topohvar.at\/topo\/wp-json\/wp\/v2\/pages\/35104","targetHints":{"allow":["GET"]}}],"collection":[{"href":"https:\/\/www.topohvar.at\/topo\/wp-json\/wp\/v2\/pages"}],"about":[{"href":"https:\/\/www.topohvar.at\/topo\/wp-json\/wp\/v2\/types\/page"}],"author":[{"embeddable":true,"href":"https:\/\/www.topohvar.at\/topo\/wp-json\/wp\/v2\/users\/1"}],"replies":[{"embeddable":true,"href":"https:\/\/www.topohvar.at\/topo\/wp-json\/wp\/v2\/comments?post=35104"}],"version-history":[{"count":17,"href":"https:\/\/www.topohvar.at\/topo\/wp-json\/wp\/v2\/pages\/35104\/revisions"}],"predecessor-version":[{"id":65359,"href":"https:\/\/www.topohvar.at\/topo\/wp-json\/wp\/v2\/pages\/35104\/revisions\/65359"}],"up":[{"embeddable":true,"href":"https:\/\/www.topohvar.at\/topo\/wp-json\/wp\/v2\/pages\/111"}],"wp:attachment":[{"href":"https:\/\/www.topohvar.at\/topo\/wp-json\/wp\/v2\/media?parent=35104"}],"curies":[{"name":"wp","href":"https:\/\/api.w.org\/{rel}","templated":true}]}}