{"id":35454,"date":"2020-04-17T06:17:28","date_gmt":"2020-04-17T04:17:28","guid":{"rendered":"https:\/\/www.topohvar.at\/topo\/?page_id=35454"},"modified":"2023-12-16T10:32:01","modified_gmt":"2023-12-16T09:32:01","slug":"mi-au-10-1","status":"publish","type":"page","link":"https:\/\/www.topohvar.at\/topo\/orte\/mi\/mi-au-10-1\/","title":{"rendered":"MILNA &#8211; Uvale \u00bbna ju\u017enoj strani otoka\u00ab"},"content":{"rendered":"<p><a name=\"seite_oben\"><\/a><br \/>\n<strong><img loading=\"lazy\" decoding=\"async\" class=\"alignnone wp-image-35455 size-full\" src=\"https:\/\/www.topohvar.at\/wp-content\/uploads\/2020\/04\/mi-au-10.jpg\" alt=\"\" width=\"1080\" height=\"530\" srcset=\"https:\/\/www.topohvar.at\/wp-content\/uploads\/2020\/04\/mi-au-10.jpg 1080w, https:\/\/www.topohvar.at\/wp-content\/uploads\/2020\/04\/mi-au-10-300x147.jpg 300w, https:\/\/www.topohvar.at\/wp-content\/uploads\/2020\/04\/mi-au-10-1024x503.jpg 1024w, https:\/\/www.topohvar.at\/wp-content\/uploads\/2020\/04\/mi-au-10-768x377.jpg 768w\" sizes=\"auto, (max-width: 1080px) 100vw, 1080px\" \/><\/strong><\/p>\n<p><strong>Ime \/ Name<br \/>\n<\/strong>Milna &#8211; Uvale \u00bbna ju\u017enoj strani otoka\u00ab<\/p>\n<p><strong>Code: <\/strong>MI-AU-10\/13\u00a0 \u00a0 \u00a0 \u00a0 \u00a0 \u00a0 \u00a0 \u00a0 \u00a0 \u00a0 \u00a0 \u00a0 \u00a0 \u00a0 \u00a0 \u00a0 \u00a0 \u00a0 \u00a0 \u00a0 <a href=\"https:\/\/www.topohvar.at\/orte\/mi\/mi-aa-01-1\/\"><img loading=\"lazy\" decoding=\"async\" class=\"alignnone wp-image-12300 size-full\" src=\"https:\/\/www.topohvar.at\/wp-content\/uploads\/2018\/09\/push-vor-30.jpg\" alt=\"\" width=\"61\" height=\"30\" \/><\/a> <a href=\"https:\/\/www.topohvar.at\/orte\/mi\/\"><img loading=\"lazy\" decoding=\"async\" class=\"alignnone wp-image-535 size-full\" src=\"https:\/\/www.topohvar.at\/wp-content\/uploads\/2018\/07\/push-o-30.jpg\" alt=\"\" width=\"61\" height=\"30\" \/><\/a><\/p>\n<p><strong>Uvale od zapada prema istoku: \/ Die Buchten von West nach Ost:<\/strong><br \/>\n<span style=\"color: #3366ff;\"><a href=\"#mi-13\"><span style=\"color: #3366ff;\">Uvala Malo <\/span><\/a><a style=\"color: #3366ff;\" href=\"#mi-13\">Bor\u010de<\/a><\/span>\u00a0 \/\u00a0 <a style=\"color: #3366ff;\" href=\"#mi-12\">Uvala Velo Bor\u010de<\/a>\u00a0 \/\u00a0 <a style=\"color: #3366ff;\" href=\"#mi-10\">Uvala Mala Milna (Bor\u0107e)<\/a>\u00a0 \/\u00a0\u00a0<a style=\"color: #3366ff;\" href=\"#mi-11\">Uvala Vela Milna<\/a><a name=\"mi-12\"><\/a><\/p>\n<hr \/>\n<div class='content-column one_half'><div style=\"padding-right:6px;\"><h3><span style=\"color: #00ccff;\"><strong>Uvala Malo Bor\u0107e<\/strong><\/span><\/h3>\n<p><strong>Code: <\/strong>MI-AU-12<\/p>\n<p><strong>Lokacija<\/strong><strong> \/ Position<\/strong><br \/>\n<a href=\"https:\/\/goo.gl\/maps\/csyoEDmBX6KZdzSo9\"><span style=\"color: #3366ff;\">Latitude: N 43,16091\u00b0\u00a0 \u00a0Longitude: E 16,47971\u00b0<\/span><\/a><\/p>\n<p><a href=\"https:\/\/goo.gl\/maps\/csyoEDmBX6KZdzSo9\"><img loading=\"lazy\" decoding=\"async\" class=\"alignleft wp-image-42445\" src=\"https:\/\/www.topohvar.at\/wp-content\/uploads\/2020\/10\/2909.jpg\" alt=\"\" width=\"134\" height=\"100\" \/><\/a><\/div><\/div><div class='content-column one_half last_column'><div style=\"padding-right:0px;padding-left:6px;\"><p><img loading=\"lazy\" decoding=\"async\" class=\"alignright wp-image-42443 size-medium\" src=\"https:\/\/www.topohvar.at\/wp-content\/uploads\/2020\/10\/mi-au-12-1-300x300.jpg\" alt=\"\" width=\"300\" height=\"300\" srcset=\"https:\/\/www.topohvar.at\/wp-content\/uploads\/2020\/10\/mi-au-12-1-300x300.jpg 300w, https:\/\/www.topohvar.at\/wp-content\/uploads\/2020\/10\/mi-au-12-1-150x150.jpg 150w, https:\/\/www.topohvar.at\/wp-content\/uploads\/2020\/10\/mi-au-12-1.jpg 450w\" sizes=\"auto, (max-width: 300px) 100vw, 300px\" \/><\/p><\/div><\/div><div class='clear_column'><\/div><div class='content-column one_half'><div style=\"padding-right:6px;\"><p>Malo Bor\u010de od ve\u0107e je uvale Velo Bor\u010de odvojeno stijenom i do njega se mo\u017ee do\u0107i pje\u0161ice. Ima prekrasnu, osamljenu \u0161ljun\u010danu pla\u017eu.<\/p><\/div><\/div><div class='content-column one_half last_column'><div style=\"padding-right:0px;padding-left:6px;\"><p>Malo Bor\u010de ist durch eine Felsformation von der gr\u00f6\u00dferen Bucht Velo Bor\u010de getrennt und kann zu Fu\u00df erreicht werden. Sie besitzt einen wunderbaren, einsamen Kieselstrand.<\/p><\/div><\/div><div class='clear_column'><\/div><a name=\"mi-13\"><\/a><\/p>\n<p style=\"text-align: right;\"><span style=\"color: #3366ff;\"><a style=\"color: #3366ff;\" href=\"#seite_oben\">natrag na vrh \/ Seitenanfang<\/a><\/span><\/p>\n<hr \/>\n<p>&nbsp;<\/p>\n<div class='content-column one_half'><div style=\"padding-right:6px;\"><h3><span style=\"color: #00ccff;\"><strong>Uvala Velo Bor\u0107e<\/strong><\/span><\/h3>\n<p><strong>Code: <\/strong>MI-AU-13<\/p>\n<p><strong>Lokacija<\/strong><strong> \/ Position<\/strong><br \/>\n<a href=\"https:\/\/maps.app.goo.gl\/WxGSp1GhaMi8ThKm8\"><span style=\"color: #3366ff;\">Latitude: N 43,16243\u00b0\u00a0 \u00a0Longitude: E 16,48093\u00b0<\/span><\/a><\/p>\n<p><a href=\"https:\/\/maps.app.goo.gl\/WxGSp1GhaMi8ThKm8\"><img loading=\"lazy\" decoding=\"async\" class=\"alignleft wp-image-35457\" src=\"https:\/\/www.topohvar.at\/wp-content\/uploads\/2020\/04\/2460.jpg\" alt=\"\" width=\"134\" height=\"100\" \/><\/a><\/div><\/div><div class='content-column one_half last_column'><div style=\"padding-right:0px;padding-left:6px;\"><p><img loading=\"lazy\" decoding=\"async\" class=\"alignright wp-image-42441 size-medium\" src=\"https:\/\/www.topohvar.at\/wp-content\/uploads\/2020\/10\/mi-au-13-1-300x300.jpg\" alt=\"\" width=\"300\" height=\"300\" srcset=\"https:\/\/www.topohvar.at\/wp-content\/uploads\/2020\/10\/mi-au-13-1-300x300.jpg 300w, https:\/\/www.topohvar.at\/wp-content\/uploads\/2020\/10\/mi-au-13-1-150x150.jpg 150w, https:\/\/www.topohvar.at\/wp-content\/uploads\/2020\/10\/mi-au-13-1.jpg 314w\" sizes=\"auto, (max-width: 300px) 100vw, 300px\" \/><\/p><\/div><\/div><div class='clear_column'><\/div><div class='content-column one_half'><div style=\"padding-right:6px;\"><p>Velo Bor\u010de velika je uvala s mno\u0161tvom zanimljivih stijenskih formacija koje se prote\u017eu u more. Mo\u017ee se pje\u0161a\u010diti, ali puno je ugodnije istra\u017eivati \u200b\u200bs broda.<\/p><\/div><\/div><div class='content-column one_half last_column'><div style=\"padding-right:0px;padding-left:6px;\"><p>Velo Bor\u010de ist eine gro\u00dfe Bucht mit vielen interessanten Felsformationen, die sich ins Meer erstrecken. Sie kann erwandert werden, aber es ist viel angenehmer, sie von einem Schiff aus zu erkunden.<\/p><\/div><\/div><div class='clear_column'><\/div><\/p>\n<p><img loading=\"lazy\" decoding=\"async\" class=\"alignnone wp-image-42440 size-full\" src=\"https:\/\/www.topohvar.at\/wp-content\/uploads\/2020\/10\/mi-au-13-2.jpg\" alt=\"\" width=\"640\" height=\"332\" srcset=\"https:\/\/www.topohvar.at\/wp-content\/uploads\/2020\/10\/mi-au-13-2.jpg 640w, https:\/\/www.topohvar.at\/wp-content\/uploads\/2020\/10\/mi-au-13-2-300x156.jpg 300w\" sizes=\"auto, (max-width: 640px) 100vw, 640px\" \/><a name=\"mi-10\"><\/a><\/p>\n<p style=\"text-align: right;\"><span style=\"color: #3366ff;\"><a style=\"color: #3366ff;\" href=\"#seite_oben\">natrag na vrh \/ Seitenanfang<\/a><\/span><\/p>\n<hr \/>\n<div class='content-column one_half'><div style=\"padding-right:6px;\"><h3><span style=\"color: #00ccff;\"><strong>Uvala Mala Milna<\/strong><\/span><\/h3>\n<p><strong>Code: <\/strong>MI-AU-10<\/p>\n<p><strong>Lokacija<\/strong><strong> \/ Position<\/strong><br \/>\n<a href=\"https:\/\/goo.gl\/maps\/RVbR9aut7h5zPQMw7\"><span style=\"color: #3366ff;\">Latitude: N 43,16259\u00b0\u00a0 \u00a0Longitude: E 16,48383\u00b0<\/span><\/a><\/p>\n<p><a href=\"https:\/\/goo.gl\/maps\/RVbR9aut7h5zPQMw7\"><img loading=\"lazy\" decoding=\"async\" class=\"alignleft wp-image-35458\" src=\"https:\/\/www.topohvar.at\/wp-content\/uploads\/2020\/04\/2461.jpg\" alt=\"\" width=\"134\" height=\"100\" \/><\/a><\/div><\/div><div class='content-column one_half last_column'><div style=\"padding-right:0px;padding-left:6px;\"><p><img loading=\"lazy\" decoding=\"async\" class=\"alignright wp-image-35461 size-medium\" src=\"https:\/\/www.topohvar.at\/wp-content\/uploads\/2020\/04\/mi-au-10-1-300x300.jpg\" alt=\"\" width=\"300\" height=\"300\" srcset=\"https:\/\/www.topohvar.at\/wp-content\/uploads\/2020\/04\/mi-au-10-1-300x300.jpg 300w, https:\/\/www.topohvar.at\/wp-content\/uploads\/2020\/04\/mi-au-10-1-150x150.jpg 150w, https:\/\/www.topohvar.at\/wp-content\/uploads\/2020\/04\/mi-au-10-1.jpg 413w\" sizes=\"auto, (max-width: 300px) 100vw, 300px\" \/><\/p><\/div><\/div><div class='clear_column'><\/div><div class='content-column one_half'><div style=\"padding-right:6px;\"><p>Uvala Mala Milna ima savr\u0161enu \u0161ljun\u010danu pla\u017eu.<\/p><\/div><\/div><div class='content-column one_half last_column'><div style=\"padding-right:0px;padding-left:6px;\"><p>Die Bucht Mala Milna besitzt einen perfekten Kieselstrand.<\/p><\/div><\/div><div class='clear_column'><\/div><a name=\"mi-11\"><\/a><\/p>\n<p style=\"text-align: right;\"><span style=\"color: #3366ff;\"><a style=\"color: #3366ff;\" href=\"#seite_oben\">natrag na vrh \/ Seitenanfang<\/a><\/span><\/p>\n<hr \/>\n<p>&nbsp;<\/p>\n<div class='content-column one_half'><div style=\"padding-right:6px;\"><h3><span style=\"color: #00ccff;\"><strong>Uvala Vela Milna<\/strong><\/span><\/h3>\n<p><strong>Code: <\/strong>MI-AU-11<\/p>\n<p><strong>Lokacija<\/strong><strong> \/ Position<\/strong><br \/>\n<a href=\"https:\/\/goo.gl\/maps\/VMdN2i4xbut7bzwXA\"><span style=\"color: #3366ff;\">Latitude: N 43,16144\u00b0\u00a0 \u00a0Longitude: E 16,48624\u00b0<\/span><\/a><\/p>\n<p><a href=\"https:\/\/goo.gl\/maps\/VMdN2i4xbut7bzwXA\"><img loading=\"lazy\" decoding=\"async\" class=\"alignleft wp-image-35458\" style=\"font-size: 16px;\" src=\"https:\/\/www.topohvar.at\/wp-content\/uploads\/2020\/04\/2461.jpg\" alt=\"\" width=\"134\" height=\"100\" \/><\/a><\/div><\/div><div class='content-column one_half last_column'><div style=\"padding-right:0px;padding-left:6px;\"><p><img loading=\"lazy\" decoding=\"async\" class=\"alignright wp-image-35462 size-medium\" src=\"https:\/\/www.topohvar.at\/wp-content\/uploads\/2020\/04\/mi-au-11-1-300x300.jpg\" alt=\"\" width=\"300\" height=\"300\" srcset=\"https:\/\/www.topohvar.at\/wp-content\/uploads\/2020\/04\/mi-au-11-1-300x300.jpg 300w, https:\/\/www.topohvar.at\/wp-content\/uploads\/2020\/04\/mi-au-11-1-150x150.jpg 150w, https:\/\/www.topohvar.at\/wp-content\/uploads\/2020\/04\/mi-au-11-1.jpg 457w\" sizes=\"auto, (max-width: 300px) 100vw, 300px\" \/><\/p><\/div><\/div><div class='clear_column'><\/div><\/p>\n<p style=\"text-align: right;\"><span style=\"color: #3366ff;\"><a style=\"color: #3366ff;\" href=\"#seite_oben\">natrag na vrh \/ Seitenanfang<\/a><\/span><\/p>\n<p>&nbsp;<\/p>\n<hr \/>\n<p><strong>Linkovi \/ Links<\/strong><\/p>\n<p>&#8211;<\/p>\n","protected":false},"excerpt":{"rendered":"<p>Ime \/ Name Milna &#8211; Uvale \u00bbna ju\u017enoj strani otoka\u00ab Code: MI-AU-10\/13\u00a0 \u00a0 \u00a0 \u00a0 \u00a0 \u00a0 \u00a0 \u00a0 \u00a0 \u00a0 \u00a0 \u00a0 \u00a0 \u00a0 \u00a0 \u00a0 \u00a0 \u00a0 \u00a0 \u00a0 Uvale od zapada prema istoku: \/ Die Buchten von &hellip; <a href=\"https:\/\/www.topohvar.at\/topo\/orte\/mi\/mi-au-10-1\/\">Weiterlesen <span class=\"meta-nav\">&rarr;<\/span><\/a><\/p>\n","protected":false},"author":1,"featured_media":0,"parent":87,"menu_order":0,"comment_status":"closed","ping_status":"closed","template":"","meta":{"footnotes":""},"class_list":["post-35454","page","type-page","status-publish","hentry"],"_links":{"self":[{"href":"https:\/\/www.topohvar.at\/topo\/wp-json\/wp\/v2\/pages\/35454","targetHints":{"allow":["GET"]}}],"collection":[{"href":"https:\/\/www.topohvar.at\/topo\/wp-json\/wp\/v2\/pages"}],"about":[{"href":"https:\/\/www.topohvar.at\/topo\/wp-json\/wp\/v2\/types\/page"}],"author":[{"embeddable":true,"href":"https:\/\/www.topohvar.at\/topo\/wp-json\/wp\/v2\/users\/1"}],"replies":[{"embeddable":true,"href":"https:\/\/www.topohvar.at\/topo\/wp-json\/wp\/v2\/comments?post=35454"}],"version-history":[{"count":18,"href":"https:\/\/www.topohvar.at\/topo\/wp-json\/wp\/v2\/pages\/35454\/revisions"}],"predecessor-version":[{"id":65346,"href":"https:\/\/www.topohvar.at\/topo\/wp-json\/wp\/v2\/pages\/35454\/revisions\/65346"}],"up":[{"embeddable":true,"href":"https:\/\/www.topohvar.at\/topo\/wp-json\/wp\/v2\/pages\/87"}],"wp:attachment":[{"href":"https:\/\/www.topohvar.at\/topo\/wp-json\/wp\/v2\/media?parent=35454"}],"curies":[{"name":"wp","href":"https:\/\/api.w.org\/{rel}","templated":true}]}}