{"id":35485,"date":"2020-04-17T11:20:16","date_gmt":"2020-04-17T09:20:16","guid":{"rendered":"https:\/\/www.topohvar.at\/topo\/?page_id=35485"},"modified":"2021-12-03T14:33:47","modified_gmt":"2021-12-03T13:33:47","slug":"sn-au-10-1","status":"publish","type":"page","link":"https:\/\/www.topohvar.at\/topo\/orte\/sn\/sn-au-10-1\/","title":{"rendered":"SVETA NEDJELJA &#8211; Uvale \u00bbna ju\u017enoj strani otoka\u00ab"},"content":{"rendered":"<p><a name=\"seite_oben\"><\/a><br \/>\n<strong><img loading=\"lazy\" decoding=\"async\" class=\"alignnone wp-image-35494 size-full\" src=\"https:\/\/www.topohvar.at\/wp-content\/uploads\/2020\/04\/sn-au-10-2.jpg\" alt=\"\" width=\"1080\" height=\"530\" srcset=\"https:\/\/www.topohvar.at\/wp-content\/uploads\/2020\/04\/sn-au-10-2.jpg 1080w, https:\/\/www.topohvar.at\/wp-content\/uploads\/2020\/04\/sn-au-10-2-300x147.jpg 300w, https:\/\/www.topohvar.at\/wp-content\/uploads\/2020\/04\/sn-au-10-2-1024x503.jpg 1024w, https:\/\/www.topohvar.at\/wp-content\/uploads\/2020\/04\/sn-au-10-2-768x377.jpg 768w\" sizes=\"auto, (max-width: 1080px) 100vw, 1080px\" \/><\/strong><\/p>\n<p><strong>Ime \/ Name<br \/>\n<\/strong>Sveta Nedjelja &#8211; Uvale \u00bbna ju\u017enoj strani otoka\u00ab<\/p>\n<p><strong>Code: <\/strong>SN-AU-10\/13\u00a0 \u00a0 \u00a0 \u00a0 \u00a0 \u00a0 \u00a0 \u00a0 \u00a0 \u00a0 \u00a0 \u00a0 \u00a0 \u00a0 \u00a0 \u00a0 \u00a0 \u00a0 \u00a0 \u00a0 <a href=\"https:\/\/www.topohvar.at\/orte\/sn\/sn-aa-00-1\/\"><img loading=\"lazy\" decoding=\"async\" class=\"alignnone wp-image-12300 size-full\" src=\"https:\/\/www.topohvar.at\/wp-content\/uploads\/2018\/09\/push-vor-30.jpg\" alt=\"\" width=\"61\" height=\"30\" \/><\/a> <a href=\"https:\/\/www.topohvar.at\/orte\/sn\/\"><img loading=\"lazy\" decoding=\"async\" class=\"alignnone wp-image-535 size-full\" src=\"https:\/\/www.topohvar.at\/wp-content\/uploads\/2018\/07\/push-o-30.jpg\" alt=\"\" width=\"61\" height=\"30\" \/><\/a> <a href=\"https:\/\/www.topohvar.at\/orte\/sn\/sn-ar-10-1\/\"><img loading=\"lazy\" decoding=\"async\" class=\"alignnone wp-image-536 size-full\" src=\"https:\/\/www.topohvar.at\/wp-content\/uploads\/2018\/07\/push-r-30.jpg\" alt=\"\" width=\"61\" height=\"30\" \/><\/a><\/p>\n<p><strong>Uvale od zapada prema istoku: \/ Die Buchten von West nach Ost:<\/strong><br \/>\n<a href=\"#sn-10\"><span style=\"color: #3366ff;\">Uvala Crvene stijene<\/span><\/a><span style=\"color: #3366ff;\">\u00a0 \/\u00a0\u00a0<a style=\"color: #3366ff;\" href=\"#sn-11\">Uvala Lu\u010di\u0161\u0107e<\/a>\u00a0 \/\u00a0 <a style=\"color: #3366ff;\" href=\"#sn-15\">Uvala Lu\u010di\u0161ka (Skala)<\/a>\u00a0 \/\u00a0 <a style=\"color: #3366ff;\" href=\"#sn-12\">Uvala Donja Plasa<\/a>\u00a0 \/\u00a0 <a href=\"#sn-14\">Uvala \u0160uplja stina<\/a>\u00a0 \/\u00a0 <a style=\"color: #3366ff;\" href=\"#sn-13\">Uvala Jagodna<\/a><\/span><a name=\"sn-10\"><\/a><\/p>\n<hr \/>\n<div class='content-column one_half'><div style=\"padding-right:6px;\"><h3><span style=\"color: #00ccff;\"><strong>Uvala Crvene stijene<\/strong><\/span><\/h3>\n<p><strong>Code: <\/strong>SN-AU-10<\/p>\n<p><strong>Lokacija<\/strong><strong> \/ Position<\/strong><br \/>\n<a href=\"https:\/\/goo.gl\/maps\/Sfd1cx7dGoGEL7Er9\"><span style=\"color: #3366ff;\">Latitude: N 43,13935\u00b0\u00a0 \u00a0Longitude: E 16,54838\u00b0<\/span><\/a><\/p>\n<p><a href=\"https:\/\/goo.gl\/maps\/Sfd1cx7dGoGEL7Er9\"><img loading=\"lazy\" decoding=\"async\" class=\"alignleft wp-image-35490\" src=\"https:\/\/www.topohvar.at\/wp-content\/uploads\/2020\/04\/2480.jpg\" alt=\"\" width=\"134\" height=\"100\" \/><\/a><\/div><\/div><div class='content-column one_half last_column'><div style=\"padding-right:0px;padding-left:6px;\"><p><img loading=\"lazy\" decoding=\"async\" class=\"alignright wp-image-35498 size-medium\" src=\"https:\/\/www.topohvar.at\/wp-content\/uploads\/2020\/04\/sn-au-10-1-300x300.jpg\" alt=\"\" width=\"300\" height=\"300\" srcset=\"https:\/\/www.topohvar.at\/wp-content\/uploads\/2020\/04\/sn-au-10-1-300x300.jpg 300w, https:\/\/www.topohvar.at\/wp-content\/uploads\/2020\/04\/sn-au-10-1-150x150.jpg 150w, https:\/\/www.topohvar.at\/wp-content\/uploads\/2020\/04\/sn-au-10-1.jpg 457w\" sizes=\"auto, (max-width: 300px) 100vw, 300px\" \/><\/p><\/div><\/div><div class='clear_column'><\/div><a name=\"sn-11\"><\/a><\/p>\n<p style=\"text-align: right;\"><span style=\"color: #3366ff;\"><a style=\"color: #3366ff;\" href=\"#seite_oben\">natrag na vrh \/ Seitenanfang<\/a><\/span><\/p>\n<hr \/>\n<div class='content-column one_half'><div style=\"padding-right:6px;\"><h3><span style=\"color: #00ccff;\"><strong>Uvala Lu\u010di\u0161\u0107e<\/strong><\/span><\/h3>\n<p><strong>Code: <\/strong>SN-AU-11<\/p>\n<p><strong>Lokacija<\/strong><strong> \/ Position<\/strong><br \/>\n<a href=\"https:\/\/goo.gl\/maps\/zn2RWhWtNQvnujFz7\"><span style=\"color: #3366ff;\">Latitude: N 43,14179\u00b0\u00a0 \u00a0Longitude: E 16,56540\u00b0<\/span><\/a><\/p>\n<p><a href=\"https:\/\/goo.gl\/maps\/zn2RWhWtNQvnujFz7\"><img loading=\"lazy\" decoding=\"async\" class=\"alignleft wp-image-35491\" src=\"https:\/\/www.topohvar.at\/wp-content\/uploads\/2020\/04\/2481.jpg\" alt=\"\" width=\"134\" height=\"100\" \/><\/a><\/div><\/div><div class='content-column one_half last_column'><div style=\"padding-right:0px;padding-left:6px;\"><p><img loading=\"lazy\" decoding=\"async\" class=\"alignright wp-image-35499 size-medium\" src=\"https:\/\/www.topohvar.at\/wp-content\/uploads\/2020\/04\/sn-au-11-1-300x300.jpg\" alt=\"\" width=\"300\" height=\"300\" srcset=\"https:\/\/www.topohvar.at\/wp-content\/uploads\/2020\/04\/sn-au-11-1-300x300.jpg 300w, https:\/\/www.topohvar.at\/wp-content\/uploads\/2020\/04\/sn-au-11-1-150x150.jpg 150w, https:\/\/www.topohvar.at\/wp-content\/uploads\/2020\/04\/sn-au-11-1.jpg 457w\" sizes=\"auto, (max-width: 300px) 100vw, 300px\" \/><\/p><\/div><\/div><div class='clear_column'><\/div><\/p>\n<div class='content-column one_half'><div style=\"padding-right:6px;\"><p>Uvala Velo Lu\u010di\u0161\u0107e jedna je od najljep\u0161ih na ju\u017enoj strani otoka Hvara. Ima \u0161ljun\u010danu pla\u017eu i mo\u0107nu planinu u pozadini. Uvala je na pje\u0161a\u010dkoj udaljenosti.<\/p><\/div><\/div><div class='content-column one_half last_column'><div style=\"padding-right:0px;padding-left:6px;\"><p>Die Bucht von Velo Lu\u010di\u0161\u0107e ist eine der sch\u00f6nsten an der S\u00fcdseite der Insel Hvar. Sie hat einen Kieselstrand und einen m\u00e4chtigen Berg im Hintergrund. Die Bucht ist zu Fu\u00df erreichbar.<\/p><\/div><\/div><div class='clear_column'><\/div><\/p>\n<div id=\"attachment_42426\" style=\"width: 650px\" class=\"wp-caption alignnone\"><img loading=\"lazy\" decoding=\"async\" aria-describedby=\"caption-attachment-42426\" class=\"wp-image-42426 size-full\" src=\"https:\/\/www.topohvar.at\/wp-content\/uploads\/2020\/10\/sn-au-11-2.jpeg\" alt=\"\" width=\"640\" height=\"360\" srcset=\"https:\/\/www.topohvar.at\/wp-content\/uploads\/2020\/10\/sn-au-11-2.jpeg 640w, https:\/\/www.topohvar.at\/wp-content\/uploads\/2020\/10\/sn-au-11-2-300x169.jpeg 300w\" sizes=\"auto, (max-width: 640px) 100vw, 640px\" \/><p id=\"caption-attachment-42426\" class=\"wp-caption-text\">Foto: https:\/\/andadventure.com\/<\/p><\/div>\n<p><a name=\"sn-15\"><\/a><\/p>\n<p style=\"text-align: right;\"><span style=\"color: #3366ff;\"><a style=\"color: #3366ff;\" href=\"#seite_oben\">natrag na vrh \/ Seitenanfang<\/a><\/span><\/p>\n<hr \/>\n<div class='content-column one_half'><div style=\"padding-right:6px;\"><h3><span style=\"color: #00ccff;\"><strong>Uvala Lu\u010di\u0161ka (Skala)<\/strong><\/span><\/h3>\n<p><strong>Code: <\/strong>SN-AU-15<\/p>\n<p><strong>Lokacija<\/strong><strong> \/ Position<\/strong><br \/>\n<span style=\"color: #3366ff;\"><a style=\"color: #3366ff;\" href=\"https:\/\/goo.gl\/maps\/wSVnLAqCS9aJ2Hie7\">Latitude: N 43,13458\u00b0\u00a0 \u00a0Longitude: E 16,59136\u00b0<\/a><\/span><\/p>\n<p><a href=\"https:\/\/goo.gl\/maps\/wSVnLAqCS9aJ2Hie7\"><img loading=\"lazy\" decoding=\"async\" class=\"alignleft wp-image-42428\" src=\"https:\/\/www.topohvar.at\/wp-content\/uploads\/2020\/10\/2908.jpg\" alt=\"\" width=\"134\" height=\"100\" \/><\/a><\/div><\/div><div class='content-column one_half last_column'><div style=\"padding-right:0px;padding-left:6px;\"><p><img loading=\"lazy\" decoding=\"async\" class=\"alignright wp-image-42425 size-medium\" src=\"https:\/\/www.topohvar.at\/wp-content\/uploads\/2020\/10\/sn-au-15-1-300x300.jpg\" alt=\"\" width=\"300\" height=\"300\" srcset=\"https:\/\/www.topohvar.at\/wp-content\/uploads\/2020\/10\/sn-au-15-1-300x300.jpg 300w, https:\/\/www.topohvar.at\/wp-content\/uploads\/2020\/10\/sn-au-15-1-150x150.jpg 150w, https:\/\/www.topohvar.at\/wp-content\/uploads\/2020\/10\/sn-au-15-1.jpg 450w\" sizes=\"auto, (max-width: 300px) 100vw, 300px\" \/><\/p><\/div><\/div><div class='clear_column'><\/div><\/p>\n<div class='content-column one_half'><div style=\"padding-right:6px;\"><p>Lu\u010di\u0161ka je slikovita uvala sa \u0161ljun\u010danom pla\u017eom zvanom Skala koja je u sredini podijeljena velikom stijenom. Ova pla\u017ea na rubu Svete Nedjelje privukla je mnoge. Danas je na\u017ealost ugro\u017eena bespravnom gradnjom svih vrsta zidova i terasa koje dijele pla\u017eu.<\/p><\/div><\/div><div class='content-column one_half last_column'><div style=\"padding-right:0px;padding-left:6px;\"><p>Lu\u010di\u0161ka ist eine malerische Bucht mit einem Kieselstrand namens Skala, der durch einen gro\u00dfen Felsen in der Mitte geteilt ist. Dieser Strand am Ortsrand von Sveta Nedjelja zog viele an. Heute ist er leider durch den illegalen Bau aller Art von Mauern und Terrassen, die den Strand teilen, beeintr\u00e4chtigt.<\/p><\/div><\/div><div class='clear_column'><\/div><\/p>\n<div id=\"attachment_42424\" style=\"width: 650px\" class=\"wp-caption alignnone\"><img loading=\"lazy\" decoding=\"async\" aria-describedby=\"caption-attachment-42424\" class=\"wp-image-42424 size-full\" src=\"https:\/\/www.topohvar.at\/wp-content\/uploads\/2020\/10\/sn-au-15-2.jpg\" alt=\"\" width=\"640\" height=\"290\" srcset=\"https:\/\/www.topohvar.at\/wp-content\/uploads\/2020\/10\/sn-au-15-2.jpg 640w, https:\/\/www.topohvar.at\/wp-content\/uploads\/2020\/10\/sn-au-15-2-300x136.jpg 300w\" sizes=\"auto, (max-width: 640px) 100vw, 640px\" \/><p id=\"caption-attachment-42424\" class=\"wp-caption-text\">Foto: https:\/\/andadventure.com\/<\/p><\/div>\n<p><a name=\"sn-12\"><\/a><\/p>\n<p style=\"text-align: right;\"><span style=\"color: #3366ff;\"><a style=\"color: #3366ff;\" href=\"#seite_oben\">natrag na vrh \/ Seitenanfang<\/a><\/span><\/p>\n<hr \/>\n<div class='content-column one_half'><div style=\"padding-right:6px;\"><h3><span style=\"color: #00ccff;\"><strong>Uvala Donja Plasa<\/strong><\/span><\/h3>\n<p><strong>Code: <\/strong>SN-AU-12<\/p>\n<p><strong>Lokacija<\/strong><strong> \/ Position<\/strong><br \/>\n<a href=\"https:\/\/goo.gl\/maps\/hEiMDiomugPXU9RD7\"><span style=\"color: #3366ff;\">Latitude: N 43,13400\u00b0\u00a0 \u00a0Longitude: E 16,59733\u00b0<\/span><\/a><\/p>\n<p><a href=\"https:\/\/goo.gl\/maps\/hEiMDiomugPXU9RD7\"><img loading=\"lazy\" decoding=\"async\" class=\"alignleft wp-image-35492\" style=\"font-size: 16px;\" src=\"https:\/\/www.topohvar.at\/wp-content\/uploads\/2020\/04\/2482.jpg\" alt=\"\" width=\"134\" height=\"100\" \/><\/a><\/div><\/div><div class='content-column one_half last_column'><div style=\"padding-right:0px;padding-left:6px;\"><p><img loading=\"lazy\" decoding=\"async\" class=\"alignright wp-image-35500 size-medium\" src=\"https:\/\/www.topohvar.at\/wp-content\/uploads\/2020\/04\/sn-au-12-1-300x300.jpg\" alt=\"\" width=\"300\" height=\"300\" srcset=\"https:\/\/www.topohvar.at\/wp-content\/uploads\/2020\/04\/sn-au-12-1-300x300.jpg 300w, https:\/\/www.topohvar.at\/wp-content\/uploads\/2020\/04\/sn-au-12-1-150x150.jpg 150w, https:\/\/www.topohvar.at\/wp-content\/uploads\/2020\/04\/sn-au-12-1.jpg 457w\" sizes=\"auto, (max-width: 300px) 100vw, 300px\" \/><\/p><\/div><\/div><div class='clear_column'><\/div><a name=\"sn-14\"><\/a><\/p>\n<p style=\"text-align: right;\"><span style=\"color: #3366ff;\"><a style=\"color: #3366ff;\" href=\"#seite_oben\">natrag na vrh \/ Seitenanfang<\/a><\/span><\/p>\n<hr \/>\n<div class='content-column one_half'><div style=\"padding-right:6px;\"><h3><span style=\"color: #00ccff;\"><strong>Uvala \u0160uplja stina<\/strong><\/span><\/h3>\n<p><strong>Code: <\/strong>SN-AU-14<\/p>\n<p><strong>Lokacija<\/strong><strong> \/ Position<\/strong><br \/>\n<span style=\"color: #3366ff;\"><a style=\"color: #3366ff;\" href=\"https:\/\/goo.gl\/maps\/gs4XfDeGp3n56DuU7\">Latitude: N 43,13449\u00b0\u00a0 \u00a0Longitude: E 16,59626\u00b0<\/a><\/span><\/p>\n<p><a href=\"https:\/\/goo.gl\/maps\/gs4XfDeGp3n56DuU7\"><img loading=\"lazy\" decoding=\"async\" class=\"alignleft wp-image-35492\" style=\"font-size: 16px;\" src=\"https:\/\/www.topohvar.at\/wp-content\/uploads\/2020\/04\/2482.jpg\" alt=\"\" width=\"134\" height=\"100\" \/><\/a><\/div><\/div><div class='content-column one_half last_column'><div style=\"padding-right:0px;padding-left:6px;\"><p><img loading=\"lazy\" decoding=\"async\" class=\"alignright wp-image-42422 size-medium\" src=\"https:\/\/www.topohvar.at\/wp-content\/uploads\/2020\/10\/sn-au-14-2-300x300.jpg\" alt=\"\" width=\"300\" height=\"300\" srcset=\"https:\/\/www.topohvar.at\/wp-content\/uploads\/2020\/10\/sn-au-14-2-300x300.jpg 300w, https:\/\/www.topohvar.at\/wp-content\/uploads\/2020\/10\/sn-au-14-2-150x150.jpg 150w, https:\/\/www.topohvar.at\/wp-content\/uploads\/2020\/10\/sn-au-14-2.jpg 450w\" sizes=\"auto, (max-width: 300px) 100vw, 300px\" \/><\/p><\/div><\/div><div class='clear_column'><\/div><\/p>\n<div class='content-column one_half'><div style=\"padding-right:6px;\"><p>\u0160uplja stina ili \u0161uplja stijena vrlo je zanimljiva uvala. To je poznati raj za penjanje nazvan Cliffbase. Uz brojne epske staze za penjanje, tu je i lijepa mala za\u0161ti\u0107ena luka, mali mol i mala pla\u017ea.<\/p><\/div><\/div><div class='content-column one_half last_column'><div style=\"padding-right:0px;padding-left:6px;\"><p>\u0160uplja stina oder der \u201ehohle Felsen\u201c ist eine sehr interessante Bucht. Es ist ein bekanntes Kletterparadies namens Cliffbase. Neben zahlreichen epischen Kletterrouten gibt es einen sch\u00f6nen kleinen gesch\u00fctzten Hafen, einen kleinen Pier und einen kleinen Strand.-<\/p><\/div><\/div><div class='clear_column'><\/div><\/p>\n<p style=\"text-align: center;\">(Izvor\/ Quelle: https:\/\/andadventure.com\/)<a name=\"sn-13\"><\/a><\/p>\n<p style=\"text-align: right;\"><span style=\"color: #3366ff;\"><a style=\"color: #3366ff;\" href=\"#seite_oben\">natrag na vrh \/ Seitenanfang<\/a><\/span><\/p>\n<hr \/>\n<div class='content-column one_half'><div style=\"padding-right:6px;\"><h3><span style=\"color: #00ccff;\"><strong>Uvala Jagodna<\/strong><\/span><\/h3>\n<p><strong>Code: <\/strong>SN-AU-13<\/p>\n<p><strong>Lokacija<\/strong><strong> \/ Position<\/strong><br \/>\n<a href=\"https:\/\/goo.gl\/maps\/3GKLHd5rLyTVwU327\"><span style=\"color: #3366ff;\">Latitude: N 43,13090\u00b0\u00a0 \u00a0Longitude: E 16,61077\u00b0<\/span><\/a><\/p>\n<p><a href=\"https:\/\/goo.gl\/maps\/3GKLHd5rLyTVwU327\"><img loading=\"lazy\" decoding=\"async\" class=\"alignleft wp-image-35496\" style=\"font-size: 16px;\" src=\"https:\/\/www.topohvar.at\/wp-content\/uploads\/2020\/04\/2483.jpg\" alt=\"\" width=\"134\" height=\"100\" \/><\/a><\/div><\/div><div class='content-column one_half last_column'><div style=\"padding-right:0px;padding-left:6px;\"><p><img loading=\"lazy\" decoding=\"async\" class=\"alignright wp-image-35501 size-medium\" src=\"https:\/\/www.topohvar.at\/wp-content\/uploads\/2020\/04\/sn-au-13-1-300x300.jpg\" alt=\"\" width=\"300\" height=\"300\" srcset=\"https:\/\/www.topohvar.at\/wp-content\/uploads\/2020\/04\/sn-au-13-1-300x300.jpg 300w, https:\/\/www.topohvar.at\/wp-content\/uploads\/2020\/04\/sn-au-13-1-150x150.jpg 150w, https:\/\/www.topohvar.at\/wp-content\/uploads\/2020\/04\/sn-au-13-1.jpg 457w\" sizes=\"auto, (max-width: 300px) 100vw, 300px\" \/><\/p><\/div><\/div><div class='clear_column'><\/div><\/p>\n<p style=\"text-align: right;\"><span style=\"color: #3366ff;\"><a style=\"color: #3366ff;\" href=\"#seite_oben\">natrag na vrh \/ Seitenanfang<\/a><\/span><\/p>\n<hr \/>\n<p><strong>Linkovi \/ Links<\/strong><\/p>\n<p>&#8211;<\/p>\n","protected":false},"excerpt":{"rendered":"<p>Ime \/ Name Sveta Nedjelja &#8211; Uvale \u00bbna ju\u017enoj strani otoka\u00ab Code: SN-AU-10\/13\u00a0 \u00a0 \u00a0 \u00a0 \u00a0 \u00a0 \u00a0 \u00a0 \u00a0 \u00a0 \u00a0 \u00a0 \u00a0 \u00a0 \u00a0 \u00a0 \u00a0 \u00a0 \u00a0 \u00a0 Uvale od zapada prema istoku: \/ Die Buchten &hellip; <a href=\"https:\/\/www.topohvar.at\/topo\/orte\/sn\/sn-au-10-1\/\">Weiterlesen <span class=\"meta-nav\">&rarr;<\/span><\/a><\/p>\n","protected":false},"author":1,"featured_media":0,"parent":101,"menu_order":0,"comment_status":"closed","ping_status":"closed","template":"","meta":{"footnotes":""},"class_list":["post-35485","page","type-page","status-publish","hentry"],"_links":{"self":[{"href":"https:\/\/www.topohvar.at\/topo\/wp-json\/wp\/v2\/pages\/35485","targetHints":{"allow":["GET"]}}],"collection":[{"href":"https:\/\/www.topohvar.at\/topo\/wp-json\/wp\/v2\/pages"}],"about":[{"href":"https:\/\/www.topohvar.at\/topo\/wp-json\/wp\/v2\/types\/page"}],"author":[{"embeddable":true,"href":"https:\/\/www.topohvar.at\/topo\/wp-json\/wp\/v2\/users\/1"}],"replies":[{"embeddable":true,"href":"https:\/\/www.topohvar.at\/topo\/wp-json\/wp\/v2\/comments?post=35485"}],"version-history":[{"count":22,"href":"https:\/\/www.topohvar.at\/topo\/wp-json\/wp\/v2\/pages\/35485\/revisions"}],"predecessor-version":[{"id":54510,"href":"https:\/\/www.topohvar.at\/topo\/wp-json\/wp\/v2\/pages\/35485\/revisions\/54510"}],"up":[{"embeddable":true,"href":"https:\/\/www.topohvar.at\/topo\/wp-json\/wp\/v2\/pages\/101"}],"wp:attachment":[{"href":"https:\/\/www.topohvar.at\/topo\/wp-json\/wp\/v2\/media?parent=35485"}],"curies":[{"name":"wp","href":"https:\/\/api.w.org\/{rel}","templated":true}]}}