{"id":35524,"date":"2020-04-17T18:02:27","date_gmt":"2020-04-17T16:02:27","guid":{"rendered":"https:\/\/www.topohvar.at\/topo\/?page_id=35524"},"modified":"2023-01-10T10:41:29","modified_gmt":"2023-01-10T09:41:29","slug":"zv-au-10-1","status":"publish","type":"page","link":"https:\/\/www.topohvar.at\/topo\/orte\/zv\/zv-au-10-1\/","title":{"rendered":"ZAVALA &#8211; Uvale \u00bbna ju\u017enoj strani otoka\u00ab"},"content":{"rendered":"<p><a name=\"seite_oben\"><\/a><br \/>\n<strong><img loading=\"lazy\" decoding=\"async\" class=\"alignnone wp-image-35527 size-full\" src=\"https:\/\/www.topohvar.at\/wp-content\/uploads\/2020\/04\/zv-au-10.jpg\" alt=\"\" width=\"1080\" height=\"530\" srcset=\"https:\/\/www.topohvar.at\/wp-content\/uploads\/2020\/04\/zv-au-10.jpg 1080w, https:\/\/www.topohvar.at\/wp-content\/uploads\/2020\/04\/zv-au-10-300x147.jpg 300w, https:\/\/www.topohvar.at\/wp-content\/uploads\/2020\/04\/zv-au-10-1024x503.jpg 1024w, https:\/\/www.topohvar.at\/wp-content\/uploads\/2020\/04\/zv-au-10-768x377.jpg 768w\" sizes=\"auto, (max-width: 1080px) 100vw, 1080px\" \/><\/strong><\/p>\n<p><strong>Ime \/ Name<br \/>\n<\/strong>Zavala &#8211; Uvale \u00bbna ju\u017enoj strani otoka\u00ab<\/p>\n<p><strong>Code: <\/strong>ZV-AU-10\/13\u00a0 \u00a0 \u00a0 \u00a0 \u00a0 \u00a0 \u00a0 \u00a0 \u00a0 \u00a0 \u00a0 \u00a0 \u00a0 \u00a0 \u00a0 \u00a0 \u00a0 \u00a0 \u00a0 \u00a0 <a href=\"https:\/\/www.topohvar.at\/orte\/zv\/zv-aa-01-1\/\"><img loading=\"lazy\" decoding=\"async\" class=\"alignnone wp-image-12300 size-full\" src=\"https:\/\/www.topohvar.at\/wp-content\/uploads\/2018\/09\/push-vor-30.jpg\" alt=\"\" width=\"61\" height=\"30\" \/><\/a> <a href=\"https:\/\/www.topohvar.at\/orte\/zv\/\"><img loading=\"lazy\" decoding=\"async\" class=\"alignnone wp-image-535 size-full\" src=\"https:\/\/www.topohvar.at\/wp-content\/uploads\/2018\/07\/push-o-30.jpg\" alt=\"\" width=\"61\" height=\"30\" \/><\/a> <a href=\"https:\/\/www.topohvar.at\/orte\/zv\/zv-ar-10-1\/\"><img loading=\"lazy\" decoding=\"async\" class=\"alignnone wp-image-536 size-full\" src=\"https:\/\/www.topohvar.at\/wp-content\/uploads\/2018\/07\/push-r-30.jpg\" alt=\"\" width=\"61\" height=\"30\" \/><\/a><\/p>\n<p><strong>Uvale od zapada prema istoku: \/ Die Buchten von West nach Ost:<\/strong><br \/>\n<a href=\"#zv-10\"><span style=\"color: #3366ff;\">Uvala Zagon<\/span><\/a><span style=\"color: #3366ff;\">\u00a0 \/\u00a0 <a style=\"color: #3366ff;\" href=\"#zv-11\">Uvala Petar\u010dica<\/a>\u00a0 \/\u00a0\u00a0<a style=\"color: #3366ff;\" href=\"#zv-12\">Uvala Zavala<\/a>\u00a0 \/\u00a0\u00a0<a style=\"color: #3366ff;\" href=\"#zv-13\">Uvala \u017dutica<\/a><\/span><a name=\"zv-10\"><\/a><\/p>\n<hr \/>\n<div class='content-column one_half'><div style=\"padding-right:6px;\"><h3><span style=\"color: #00ccff;\"><strong>Uvala Zagon<\/strong><\/span><\/h3>\n<p><strong>Code: <\/strong>ZV-AU-10<\/p>\n<p><strong>Lokalna polo\u017eaj \/ Position<\/strong><br \/>\n<a href=\"https:\/\/goo.gl\/maps\/fQD7ZYHnCkKAtDgX9\"><span style=\"color: #3366ff;\">Latitude: N 43,12199\u00b0\u00a0 \u00a0Longitude: E 16,66036\u00b0<\/span><\/a><\/p>\n<p><a href=\"https:\/\/goo.gl\/maps\/fQD7ZYHnCkKAtDgX9\"><img loading=\"lazy\" decoding=\"async\" class=\"alignleft wp-image-35529\" src=\"https:\/\/www.topohvar.at\/wp-content\/uploads\/2020\/04\/zv-au-10-1-300x225.jpg\" alt=\"\" width=\"133\" height=\"100\" srcset=\"https:\/\/www.topohvar.at\/wp-content\/uploads\/2020\/04\/zv-au-10-1-300x225.jpg 300w, https:\/\/www.topohvar.at\/wp-content\/uploads\/2020\/04\/zv-au-10-1-1024x768.jpg 1024w, https:\/\/www.topohvar.at\/wp-content\/uploads\/2020\/04\/zv-au-10-1-768x576.jpg 768w, https:\/\/www.topohvar.at\/wp-content\/uploads\/2020\/04\/zv-au-10-1-1536x1152.jpg 1536w, https:\/\/www.topohvar.at\/wp-content\/uploads\/2020\/04\/zv-au-10-1.jpg 1820w\" sizes=\"auto, (max-width: 133px) 100vw, 133px\" \/><\/a><\/div><\/div><div class='content-column one_half last_column'><div style=\"padding-right:0px;padding-left:6px;\"><p><img loading=\"lazy\" decoding=\"async\" class=\"alignright size-medium wp-image-37616\" src=\"https:\/\/www.topohvar.at\/wp-content\/uploads\/2020\/05\/zv-au-10-3-300x300.jpg\" alt=\"\" width=\"300\" height=\"300\" srcset=\"https:\/\/www.topohvar.at\/wp-content\/uploads\/2020\/05\/zv-au-10-3-300x300.jpg 300w, https:\/\/www.topohvar.at\/wp-content\/uploads\/2020\/05\/zv-au-10-3-150x150.jpg 150w, https:\/\/www.topohvar.at\/wp-content\/uploads\/2020\/05\/zv-au-10-3.jpg 450w\" sizes=\"auto, (max-width: 300px) 100vw, 300px\" \/><\/p><\/div><\/div><div class='clear_column'><\/div><\/p>\n<div class='content-column one_half'><div style=\"padding-right:6px;\"><p>Uvala Zagon udaljen je od sela, a ipak je nadomak. Pla\u017ea u Zagonu zove se Eva i dragulj je.<\/p><\/div><\/div><div class='content-column one_half last_column'><div style=\"padding-right:0px;padding-left:6px;\"><p>Die Bucht Zagon ist weit weg von den D\u00f6rfern und dennoch zu Fu\u00df erreichbar. Der Strand von Zagon hei\u00dft Eva und ist ein Juwel.<\/p><\/div><\/div><div class='clear_column'><\/div><\/p>\n<div id=\"attachment_42420\" style=\"width: 650px\" class=\"wp-caption alignnone\"><img loading=\"lazy\" decoding=\"async\" aria-describedby=\"caption-attachment-42420\" class=\"wp-image-42420 size-full\" src=\"https:\/\/www.topohvar.at\/wp-content\/uploads\/2020\/10\/zv-au-10-2.jpg\" alt=\"\" width=\"640\" height=\"323\" srcset=\"https:\/\/www.topohvar.at\/wp-content\/uploads\/2020\/10\/zv-au-10-2.jpg 640w, https:\/\/www.topohvar.at\/wp-content\/uploads\/2020\/10\/zv-au-10-2-300x151.jpg 300w\" sizes=\"auto, (max-width: 640px) 100vw, 640px\" \/><p id=\"caption-attachment-42420\" class=\"wp-caption-text\">Foto: https:\/\/andadventure.com\/<\/p><\/div>\n<p><a name=\"zv-11\"><\/a><\/p>\n<p style=\"text-align: right;\"><span style=\"color: #3366ff;\"><a style=\"color: #3366ff;\" href=\"#seite_oben\">natrag na vrh \/ Seitenanfang<\/a><\/span><\/p>\n<hr \/>\n<div class='content-column one_half'><div style=\"padding-right:6px;\"><h3><span style=\"color: #00ccff;\"><strong>Uvala Petar\u010dica<\/strong><\/span><\/h3>\n<p><strong>Code: <\/strong>ZV-AU-11<\/p>\n<p><strong>Lokalna polo\u017eaj \/ Position<\/strong><br \/>\n<a href=\"https:\/\/goo.gl\/maps\/2MMMqQkSyvBro5Kj9\"><span style=\"color: #3366ff;\">Latitude: N 43,12172\u00b0\u00a0 \u00a0Longitude: E 16,68000\u00b0<\/span><\/a><\/p>\n<p><a href=\"https:\/\/goo.gl\/maps\/2MMMqQkSyvBro5Kj9\"><img loading=\"lazy\" decoding=\"async\" class=\"alignleft wp-image-35530\" src=\"https:\/\/www.topohvar.at\/wp-content\/uploads\/2020\/04\/zv-au-11-1-300x225.jpg\" alt=\"\" width=\"133\" height=\"100\" srcset=\"https:\/\/www.topohvar.at\/wp-content\/uploads\/2020\/04\/zv-au-11-1-300x225.jpg 300w, https:\/\/www.topohvar.at\/wp-content\/uploads\/2020\/04\/zv-au-11-1-1024x768.jpg 1024w, https:\/\/www.topohvar.at\/wp-content\/uploads\/2020\/04\/zv-au-11-1-768x576.jpg 768w, https:\/\/www.topohvar.at\/wp-content\/uploads\/2020\/04\/zv-au-11-1-1536x1152.jpg 1536w, https:\/\/www.topohvar.at\/wp-content\/uploads\/2020\/04\/zv-au-11-1.jpg 1821w\" sizes=\"auto, (max-width: 133px) 100vw, 133px\" \/><\/a><\/div><\/div><div class='content-column one_half last_column'><div style=\"padding-right:0px;padding-left:6px;\"><p><img loading=\"lazy\" decoding=\"async\" class=\"alignright wp-image-35536 size-medium\" src=\"https:\/\/www.topohvar.at\/wp-content\/uploads\/2020\/04\/zv-au-11-1-1-300x300.jpg\" alt=\"\" width=\"300\" height=\"300\" srcset=\"https:\/\/www.topohvar.at\/wp-content\/uploads\/2020\/04\/zv-au-11-1-1-300x300.jpg 300w, https:\/\/www.topohvar.at\/wp-content\/uploads\/2020\/04\/zv-au-11-1-1-150x150.jpg 150w, https:\/\/www.topohvar.at\/wp-content\/uploads\/2020\/04\/zv-au-11-1-1.jpg 450w\" sizes=\"auto, (max-width: 300px) 100vw, 300px\" \/><\/p><\/div><\/div><div class='clear_column'><\/div><\/p>\n<div class='content-column one_half'><div style=\"padding-right:6px;\"><p>Petar\u010dica je uvala na kraju sela Zavala. Ljetnikovci i <span style=\"color: #3366ff;\"><a style=\"color: #3366ff;\" href=\"https:\/\/www.topohvar.at\/topo\/orte\/zv\/zv-ok-01-1\/\">kamp<\/a><\/span> razvili su se oko dvije \u0161ljun\u010dane pla\u017ee.<\/p><\/div><\/div><div class='content-column one_half last_column'><div style=\"padding-right:0px;padding-left:6px;\"><p>Petar\u010dica ist eine Bucht am Rande der Ortschaft Zavala. Sommerh\u00e4user und ein <span style=\"color: #3366ff;\"><a style=\"color: #3366ff;\" href=\"https:\/\/www.topohvar.at\/topo\/orte\/zv\/zv-ok-01-1\/\">Campingplatz<\/a><\/span> haben sich hier um\u00a0zwei Kiesstr\u00e4nde entwickelt.<\/p><\/div><\/div><div class='clear_column'><\/div><a name=\"zv-12\"><\/a><\/p>\n<p style=\"text-align: right;\"><span style=\"color: #3366ff;\"><a style=\"color: #3366ff;\" href=\"#seite_oben\">natrag na vrh \/ Seitenanfang<\/a><\/span><\/p>\n<hr \/>\n<div class='content-column one_half'><div style=\"padding-right:6px;\"><h3><span style=\"color: #00ccff;\"><strong>Uvala Zavala<\/strong><\/span><\/h3>\n<p><strong>Code: <\/strong>ZV-AU-12<\/p>\n<p><strong>Lokalna polo\u017eaj \/ Position<\/strong><br \/>\n<a href=\"https:\/\/goo.gl\/maps\/853cJodcRLm45LSn8\"><span style=\"color: #3366ff;\">Latitude: N 43,12287\u00b0\u00a0 \u00a0Longitude: E 16,69761\u00b0<\/span><\/a><\/p>\n<p><a href=\"https:\/\/goo.gl\/maps\/853cJodcRLm45LSn8\"><img loading=\"lazy\" decoding=\"async\" class=\"alignleft wp-image-35531\" style=\"font-size: 16px;\" src=\"https:\/\/www.topohvar.at\/wp-content\/uploads\/2020\/04\/zv-au-12-1-300x225.jpg\" alt=\"\" width=\"133\" height=\"100\" srcset=\"https:\/\/www.topohvar.at\/wp-content\/uploads\/2020\/04\/zv-au-12-1-300x225.jpg 300w, https:\/\/www.topohvar.at\/wp-content\/uploads\/2020\/04\/zv-au-12-1-1024x768.jpg 1024w, https:\/\/www.topohvar.at\/wp-content\/uploads\/2020\/04\/zv-au-12-1-768x576.jpg 768w, https:\/\/www.topohvar.at\/wp-content\/uploads\/2020\/04\/zv-au-12-1-1536x1152.jpg 1536w, https:\/\/www.topohvar.at\/wp-content\/uploads\/2020\/04\/zv-au-12-1.jpg 1825w\" sizes=\"auto, (max-width: 133px) 100vw, 133px\" \/><\/a><\/div><\/div><div class='content-column one_half last_column'><div style=\"padding-right:0px;padding-left:6px;\"><p><img loading=\"lazy\" decoding=\"async\" class=\"alignright wp-image-35537 size-medium\" src=\"https:\/\/www.topohvar.at\/wp-content\/uploads\/2020\/04\/zv-au-12-1-1-300x300.jpg\" alt=\"\" width=\"300\" height=\"300\" srcset=\"https:\/\/www.topohvar.at\/wp-content\/uploads\/2020\/04\/zv-au-12-1-1-300x300.jpg 300w, https:\/\/www.topohvar.at\/wp-content\/uploads\/2020\/04\/zv-au-12-1-1-150x150.jpg 150w, https:\/\/www.topohvar.at\/wp-content\/uploads\/2020\/04\/zv-au-12-1-1.jpg 450w\" sizes=\"auto, (max-width: 300px) 100vw, 300px\" \/><\/p><\/div><\/div><div class='clear_column'><\/div><\/p>\n<div class='content-column one_half'><div style=\"padding-right:6px;\"><p>Selo Zavala jedno je od najpoznatijih sela na ju\u017enoj strani otoka Hvara. Na raspolaganju su restorani i barovi, tr\u017enice, mnogi apartmani, mala luka i nekoliko \u0161ljun\u010danih pla\u017ea.<\/p><\/div><\/div><div class='content-column one_half last_column'><div style=\"padding-right:0px;padding-left:6px;\"><p>Das Dorf Zavala ist eines der bekanntesten D\u00f6rfer an der S\u00fcdseite der Insel Hvar. Hier gibt es Restaurants und Bars, M\u00e4rkte, viele Apartments, einen kleinen Hafen und ein paar Kiesstr\u00e4nde zur Auswahl.<\/p><\/div><\/div><div class='clear_column'><\/div><a name=\"zv-13\"><\/a><\/p>\n<p style=\"text-align: right;\"><span style=\"color: #3366ff;\"><a style=\"color: #3366ff;\" href=\"#seite_oben\">natrag na vrh \/ Seitenanfang<\/a><\/span><\/p>\n<hr \/>\n<div class='content-column one_half'><div style=\"padding-right:6px;\"><h3><span style=\"color: #00ccff;\"><strong>Uvala \u017dutica<\/strong><\/span><\/h3>\n<p><strong>Code: <\/strong>ZV-AU-13<\/p>\n<p><strong>Lokalna polo\u017eaj \/ Position<\/strong><br \/>\n<a href=\"https:\/\/goo.gl\/maps\/8rZBa81e2KVgcpcd8\"><span style=\"color: #3366ff;\">Latitude: N 43,12466\u00b0\u00a0 \u00a0Longitude: E 16,71074\u00b0<\/span><\/a><\/p>\n<p><a href=\"https:\/\/goo.gl\/maps\/8rZBa81e2KVgcpcd8\"><img loading=\"lazy\" decoding=\"async\" class=\"alignleft wp-image-35532\" style=\"font-size: 16px;\" src=\"https:\/\/www.topohvar.at\/wp-content\/uploads\/2020\/04\/zv-au-13-1-300x225.jpg\" alt=\"\" width=\"133\" height=\"100\" srcset=\"https:\/\/www.topohvar.at\/wp-content\/uploads\/2020\/04\/zv-au-13-1-300x225.jpg 300w, https:\/\/www.topohvar.at\/wp-content\/uploads\/2020\/04\/zv-au-13-1-1024x768.jpg 1024w, https:\/\/www.topohvar.at\/wp-content\/uploads\/2020\/04\/zv-au-13-1-768x576.jpg 768w, https:\/\/www.topohvar.at\/wp-content\/uploads\/2020\/04\/zv-au-13-1-1536x1152.jpg 1536w, https:\/\/www.topohvar.at\/wp-content\/uploads\/2020\/04\/zv-au-13-1.jpg 1833w\" sizes=\"auto, (max-width: 133px) 100vw, 133px\" \/><\/a><\/div><\/div><div class='content-column one_half last_column'><div style=\"padding-right:0px;padding-left:6px;\"><p><img loading=\"lazy\" decoding=\"async\" class=\"alignright wp-image-35538 size-medium\" src=\"https:\/\/www.topohvar.at\/wp-content\/uploads\/2020\/04\/zv-au-13-1-1-300x300.jpg\" alt=\"\" width=\"300\" height=\"300\" srcset=\"https:\/\/www.topohvar.at\/wp-content\/uploads\/2020\/04\/zv-au-13-1-1-300x300.jpg 300w, https:\/\/www.topohvar.at\/wp-content\/uploads\/2020\/04\/zv-au-13-1-1-150x150.jpg 150w, https:\/\/www.topohvar.at\/wp-content\/uploads\/2020\/04\/zv-au-13-1-1.jpg 450w\" sizes=\"auto, (max-width: 300px) 100vw, 300px\" \/><\/p><\/div><\/div><div class='clear_column'><\/div><\/p>\n<p style=\"text-align: right;\"><span style=\"color: #3366ff;\"><a style=\"color: #3366ff;\" href=\"#seite_oben\">natrag na vrh \/ Seitenanfang<\/a><\/span><\/p>\n<hr \/>\n<p><strong>Linkovi \/ Links<\/strong><\/p>\n<p>&#8211;<\/p>\n","protected":false},"excerpt":{"rendered":"<p>Ime \/ Name Zavala &#8211; Uvale \u00bbna ju\u017enoj strani otoka\u00ab Code: ZV-AU-10\/13\u00a0 \u00a0 \u00a0 \u00a0 \u00a0 \u00a0 \u00a0 \u00a0 \u00a0 \u00a0 \u00a0 \u00a0 \u00a0 \u00a0 \u00a0 \u00a0 \u00a0 \u00a0 \u00a0 \u00a0 Uvale od zapada prema istoku: \/ Die Buchten von &hellip; <a href=\"https:\/\/www.topohvar.at\/topo\/orte\/zv\/zv-au-10-1\/\">Weiterlesen <span class=\"meta-nav\">&rarr;<\/span><\/a><\/p>\n","protected":false},"author":1,"featured_media":0,"parent":119,"menu_order":0,"comment_status":"closed","ping_status":"closed","template":"","meta":{"footnotes":""},"class_list":["post-35524","page","type-page","status-publish","hentry"],"_links":{"self":[{"href":"https:\/\/www.topohvar.at\/topo\/wp-json\/wp\/v2\/pages\/35524","targetHints":{"allow":["GET"]}}],"collection":[{"href":"https:\/\/www.topohvar.at\/topo\/wp-json\/wp\/v2\/pages"}],"about":[{"href":"https:\/\/www.topohvar.at\/topo\/wp-json\/wp\/v2\/types\/page"}],"author":[{"embeddable":true,"href":"https:\/\/www.topohvar.at\/topo\/wp-json\/wp\/v2\/users\/1"}],"replies":[{"embeddable":true,"href":"https:\/\/www.topohvar.at\/topo\/wp-json\/wp\/v2\/comments?post=35524"}],"version-history":[{"count":12,"href":"https:\/\/www.topohvar.at\/topo\/wp-json\/wp\/v2\/pages\/35524\/revisions"}],"predecessor-version":[{"id":62400,"href":"https:\/\/www.topohvar.at\/topo\/wp-json\/wp\/v2\/pages\/35524\/revisions\/62400"}],"up":[{"embeddable":true,"href":"https:\/\/www.topohvar.at\/topo\/wp-json\/wp\/v2\/pages\/119"}],"wp:attachment":[{"href":"https:\/\/www.topohvar.at\/topo\/wp-json\/wp\/v2\/media?parent=35524"}],"curies":[{"name":"wp","href":"https:\/\/api.w.org\/{rel}","templated":true}]}}