{"id":35549,"date":"2020-04-18T06:48:27","date_gmt":"2020-04-18T04:48:27","guid":{"rendered":"https:\/\/www.topohvar.at\/topo\/?page_id=35549"},"modified":"2021-11-30T16:30:25","modified_gmt":"2021-11-30T15:30:25","slug":"gd-au-10-1","status":"publish","type":"page","link":"https:\/\/www.topohvar.at\/topo\/orte\/gd\/gd-au-10-1\/","title":{"rendered":"GROMIN DOLAC &#8211; Uvale \u00bbna ju\u017enoj strani otoka\u00ab"},"content":{"rendered":"<p><a name=\"seite_oben\"><\/a><br \/>\n<strong><img loading=\"lazy\" decoding=\"async\" class=\"alignnone wp-image-35550 size-full\" src=\"https:\/\/www.topohvar.at\/wp-content\/uploads\/2020\/04\/gd-au-10.jpg\" alt=\"\" width=\"1080\" height=\"530\" srcset=\"https:\/\/www.topohvar.at\/wp-content\/uploads\/2020\/04\/gd-au-10.jpg 1080w, https:\/\/www.topohvar.at\/wp-content\/uploads\/2020\/04\/gd-au-10-300x147.jpg 300w, https:\/\/www.topohvar.at\/wp-content\/uploads\/2020\/04\/gd-au-10-1024x503.jpg 1024w, https:\/\/www.topohvar.at\/wp-content\/uploads\/2020\/04\/gd-au-10-768x377.jpg 768w\" sizes=\"auto, (max-width: 1080px) 100vw, 1080px\" \/><\/strong><\/p>\n<p><strong>Ime \/ Name<br \/>\n<\/strong>Gromin dolac &#8211; Uvale \u00bbna ju\u017enoj strani otoka\u00ab<\/p>\n<p><strong>Code: <\/strong>GD-AU-10\/11\u00a0 \u00a0 \u00a0 \u00a0 \u00a0 \u00a0 \u00a0 \u00a0 \u00a0 \u00a0 \u00a0 \u00a0 \u00a0 \u00a0 \u00a0 \u00a0 \u00a0 \u00a0 \u00a0 \u00a0 <a href=\"https:\/\/www.topohvar.at\/orte\/gd\/gd-aa-01-2\/\"><img loading=\"lazy\" decoding=\"async\" class=\"alignnone wp-image-12300 size-full\" src=\"https:\/\/www.topohvar.at\/wp-content\/uploads\/2018\/09\/push-vor-30.jpg\" alt=\"\" width=\"61\" height=\"30\" \/><\/a> <a href=\"https:\/\/www.topohvar.at\/orte\/gd\/\"><img loading=\"lazy\" decoding=\"async\" class=\"alignnone wp-image-535 size-full\" src=\"https:\/\/www.topohvar.at\/wp-content\/uploads\/2018\/07\/push-o-30.jpg\" alt=\"\" width=\"61\" height=\"30\" \/><\/a><\/p>\n<p><strong>Uvale od zapada prema istoku: \/ Die Buchten von West nach Ost:<\/strong><br \/>\n<a href=\"#gd-10\"><span style=\"color: #3366ff;\">Gnjila uvala<\/span><\/a><span style=\"color: #3366ff;\">\u00a0 \/\u00a0\u00a0<a style=\"color: #3366ff;\" href=\"#gd-11\">Uvala Gromin dolac<\/a><\/span><a name=\"gd-10\"><\/a><\/p>\n<hr \/>\n<div class='content-column one_half'><div style=\"padding-right:6px;\"><h3><span style=\"color: #00ccff;\"><strong>Gnjila uvala<\/strong><\/span><\/h3>\n<p><strong>Code: <\/strong>GD-AU-10<\/p>\n<p><strong>Lokacija \/ Position<\/strong><br \/>\n<a href=\"https:\/\/goo.gl\/maps\/DCXdfBpWMMt9FJYb9\"><span style=\"color: #3366ff;\">Latitude: N 43,12539\u00b0\u00a0 \u00a0Longitude: E 16,71944\u00b0<\/span><\/a><\/p>\n<p><a href=\"https:\/\/goo.gl\/maps\/DCXdfBpWMMt9FJYb9\"><img loading=\"lazy\" decoding=\"async\" class=\"alignleft wp-image-35553\" src=\"https:\/\/www.topohvar.at\/wp-content\/uploads\/2020\/04\/2495.jpg\" alt=\"\" width=\"134\" height=\"100\" \/><\/a><\/div><\/div><div class='content-column one_half last_column'><div style=\"padding-right:0px;padding-left:6px;\"><p><img loading=\"lazy\" decoding=\"async\" class=\"alignright wp-image-35556 size-medium\" src=\"https:\/\/www.topohvar.at\/wp-content\/uploads\/2020\/04\/gd-au-10-1-300x300.jpg\" alt=\"\" width=\"300\" height=\"300\" srcset=\"https:\/\/www.topohvar.at\/wp-content\/uploads\/2020\/04\/gd-au-10-1-300x300.jpg 300w, https:\/\/www.topohvar.at\/wp-content\/uploads\/2020\/04\/gd-au-10-1-150x150.jpg 150w, https:\/\/www.topohvar.at\/wp-content\/uploads\/2020\/04\/gd-au-10-1.jpg 450w\" sizes=\"auto, (max-width: 300px) 100vw, 300px\" \/><\/p><\/div><\/div><div class='clear_column'><\/div><\/p>\n<div class='content-column one_half'><div style=\"padding-right:6px;\"><p>Uvala Gnjila ima prekrasnu, veliku pla\u017eu i zanimljivu geologiju s kamenim lukovima i \u0161piljama.<\/p><\/div><\/div><div class='content-column one_half last_column'><div style=\"padding-right:0px;padding-left:6px;\"><p>Die Bucht von Gnjila hat einen sch\u00f6nen, gro\u00dfen Strand und eine interessante Geologie mit Felsb\u00f6gen und H\u00f6hlen.<\/p><\/div><\/div><div class='clear_column'><\/div><a name=\"gd-11\"><\/a><\/p>\n<p style=\"text-align: right;\"><span style=\"color: #3366ff;\"><a style=\"color: #3366ff;\" href=\"#seite_oben\">natrag na vrh \/ Seitenanfang<\/a><\/span><\/p>\n<hr \/>\n<div class='content-column one_half'><div style=\"padding-right:6px;\"><h3><span style=\"color: #00ccff;\"><strong>Uvala Gromin dolac<\/strong><\/span><\/h3>\n<p><strong>Code: <\/strong>GD-AU-11<\/p>\n<p><strong>Lokacija \/ Position<\/strong><br \/>\n<a href=\"https:\/\/goo.gl\/maps\/pgS3TgWGaBniVv1M9\"><span style=\"color: #3366ff;\">Latitude: N 43,12673\u00b0\u00a0 \u00a0Longitude: E 16,73270\u00b0<\/span><\/a><\/p>\n<p><a href=\"https:\/\/goo.gl\/maps\/pgS3TgWGaBniVv1M9\"><img loading=\"lazy\" decoding=\"async\" class=\"alignleft wp-image-35554\" style=\"font-size: 16px;\" src=\"https:\/\/www.topohvar.at\/wp-content\/uploads\/2020\/04\/2496.jpg\" alt=\"\" width=\"134\" height=\"100\" \/><\/a><\/div><\/div><div class='content-column one_half last_column'><div style=\"padding-right:0px;padding-left:6px;\"><p><img loading=\"lazy\" decoding=\"async\" class=\"alignright wp-image-35557 size-medium\" src=\"https:\/\/www.topohvar.at\/wp-content\/uploads\/2020\/04\/gd-au-11-1-300x300.jpg\" alt=\"\" width=\"300\" height=\"300\" srcset=\"https:\/\/www.topohvar.at\/wp-content\/uploads\/2020\/04\/gd-au-11-1.jpg 300w, https:\/\/www.topohvar.at\/wp-content\/uploads\/2020\/04\/gd-au-11-1-150x150.jpg 150w\" sizes=\"auto, (max-width: 300px) 100vw, 300px\" \/><\/p><\/div><\/div><div class='clear_column'><\/div><\/p>\n<div class='content-column one_half'><div style=\"padding-right:6px;\"><p>Uvala Gromin Dolac ima veliku pla\u017eu s lukom nalik \u0161pilji koji se uzdi\u017ee iznad nje. Do njega je lako do\u0107i automobilom, jer postoji asfaltirana cesta do Zavale i makadam put do Gromin Dolca. Daleko iznad zaljeva nalazi se &#8222;Grap\u010deva \u0161pilja&#8220;, u kojoj su prona\u0111eni najva\u017eniji dokazi pretpovijesne kulture na Jadranu.<\/p><\/div><\/div><div class='content-column one_half last_column'><div style=\"padding-right:0px;padding-left:6px;\"><p>Die Bucht von Gromin Dolac hat einen gro\u00dfen Strand mit einem h\u00f6hlenartigen Bogen, der sich \u00fcber ihm erhebt. Sie ist gut\u00a0 mit dem Auto zu erreichen, da es eine asphaltierte Stra\u00dfe nach Zavala und eine unbefestigte Strecke nach Gromin Dolac gibt. Weit \u00fcber der Bucht befindet sich die H\u00f6hle &#8222;Grap\u010deva \u0161pilja&#8220;, in der die wichtigsten Zeugnisse der pr\u00e4historischen Kultur an der Adria gefunden wurden.<\/p><\/div><\/div><div class='clear_column'><\/div><\/p>\n<div id=\"attachment_42417\" style=\"width: 650px\" class=\"wp-caption alignnone\"><img loading=\"lazy\" decoding=\"async\" aria-describedby=\"caption-attachment-42417\" class=\"wp-image-42417 size-full\" src=\"https:\/\/www.topohvar.at\/wp-content\/uploads\/2020\/10\/gd-au-11-2.jpg\" alt=\"\" width=\"640\" height=\"273\" srcset=\"https:\/\/www.topohvar.at\/wp-content\/uploads\/2020\/10\/gd-au-11-2.jpg 640w, https:\/\/www.topohvar.at\/wp-content\/uploads\/2020\/10\/gd-au-11-2-300x128.jpg 300w\" sizes=\"auto, (max-width: 640px) 100vw, 640px\" \/><p id=\"caption-attachment-42417\" class=\"wp-caption-text\">Foto: https:\/\/andadventure.com\/<\/p><\/div>\n<p style=\"text-align: right;\"><span style=\"color: #3366ff;\"><a style=\"color: #3366ff;\" href=\"#seite_oben\">natrag na vrh \/ Seitenanfang<\/a><\/span><\/p>\n<hr \/>\n<p><strong>Linkovi \/ Links<\/strong><\/p>\n<p>&#8211;<\/p>\n","protected":false},"excerpt":{"rendered":"<p>Ime \/ Name Gromin dolac &#8211; Uvale \u00bbna ju\u017enoj strani otoka\u00ab Code: GD-AU-10\/11\u00a0 \u00a0 \u00a0 \u00a0 \u00a0 \u00a0 \u00a0 \u00a0 \u00a0 \u00a0 \u00a0 \u00a0 \u00a0 \u00a0 \u00a0 \u00a0 \u00a0 \u00a0 \u00a0 \u00a0 Uvale od zapada prema istoku: \/ Die Buchten &hellip; <a href=\"https:\/\/www.topohvar.at\/topo\/orte\/gd\/gd-au-10-1\/\">Weiterlesen <span class=\"meta-nav\">&rarr;<\/span><\/a><\/p>\n","protected":false},"author":1,"featured_media":0,"parent":70,"menu_order":0,"comment_status":"closed","ping_status":"closed","template":"","meta":{"footnotes":""},"class_list":["post-35549","page","type-page","status-publish","hentry"],"_links":{"self":[{"href":"https:\/\/www.topohvar.at\/topo\/wp-json\/wp\/v2\/pages\/35549","targetHints":{"allow":["GET"]}}],"collection":[{"href":"https:\/\/www.topohvar.at\/topo\/wp-json\/wp\/v2\/pages"}],"about":[{"href":"https:\/\/www.topohvar.at\/topo\/wp-json\/wp\/v2\/types\/page"}],"author":[{"embeddable":true,"href":"https:\/\/www.topohvar.at\/topo\/wp-json\/wp\/v2\/users\/1"}],"replies":[{"embeddable":true,"href":"https:\/\/www.topohvar.at\/topo\/wp-json\/wp\/v2\/comments?post=35549"}],"version-history":[{"count":15,"href":"https:\/\/www.topohvar.at\/topo\/wp-json\/wp\/v2\/pages\/35549\/revisions"}],"predecessor-version":[{"id":53834,"href":"https:\/\/www.topohvar.at\/topo\/wp-json\/wp\/v2\/pages\/35549\/revisions\/53834"}],"up":[{"embeddable":true,"href":"https:\/\/www.topohvar.at\/topo\/wp-json\/wp\/v2\/pages\/70"}],"wp:attachment":[{"href":"https:\/\/www.topohvar.at\/topo\/wp-json\/wp\/v2\/media?parent=35549"}],"curies":[{"name":"wp","href":"https:\/\/api.w.org\/{rel}","templated":true}]}}