{"id":35779,"date":"2020-04-20T15:42:01","date_gmt":"2020-04-20T13:42:01","guid":{"rendered":"https:\/\/www.topohvar.at\/topo\/?page_id=35779"},"modified":"2021-12-01T13:51:57","modified_gmt":"2021-12-01T12:51:57","slug":"ol-os-01-1","status":"publish","type":"page","link":"https:\/\/www.topohvar.at\/topo\/orte\/ol\/ol-os-01-1\/","title":{"rendered":"OTO\u010cI\u0106A (HRIDI) LUKAVCI &#8211; Objekt \u00bbSvjetionik Hridi Lukavci\u00ab"},"content":{"rendered":"<p><a name=\"seite_oben\"><\/a><br \/>\n<strong><img loading=\"lazy\" decoding=\"async\" class=\"alignnone wp-image-36002 size-full\" src=\"https:\/\/www.topohvar.at\/wp-content\/uploads\/2020\/04\/ol-os-01-1-1.jpg\" alt=\"\" width=\"640\" height=\"314\" srcset=\"https:\/\/www.topohvar.at\/wp-content\/uploads\/2020\/04\/ol-os-01-1-1.jpg 640w, https:\/\/www.topohvar.at\/wp-content\/uploads\/2020\/04\/ol-os-01-1-1-300x147.jpg 300w\" sizes=\"auto, (max-width: 640px) 100vw, 640px\" \/><\/strong><\/p>\n<p><strong>Ime \/ Name<br \/>\n<\/strong>Objekt \u00bbSvjetionik Hridi Lukavci\u00ab<\/p>\n<p><strong>Code: <\/strong>OL-OS-01\u00a0 \u00a0 \u00a0 \u00a0 \u00a0 \u00a0 \u00a0 \u00a0 \u00a0 \u00a0 \u00a0 \u00a0 \u00a0 \u00a0 \u00a0 \u00a0 \u00a0 \u00a0<strong>\u00a0\u00a0 <a href=\"https:\/\/www.topohvar.at\/orte\/ol\/\"><img loading=\"lazy\" decoding=\"async\" class=\"alignnone wp-image-535 size-full\" src=\"https:\/\/www.topohvar.at\/wp-content\/uploads\/2018\/07\/push-o-30.jpg\" alt=\"\" width=\"61\" height=\"30\" \/><\/a> \u00a0<\/strong><\/p>\n<hr \/>\n<p><strong>Adresa \/ Adresse<br \/>\n<\/strong>Isto\u010dni otok oto\u010di\u0107a Lukavci<\/p>\n<p><strong>Lokacija<\/strong><strong> \/ Position<a href=\"https:\/\/goo.gl\/maps\/axv1V5wdp3Hpiirx9\"><img loading=\"lazy\" decoding=\"async\" class=\"wp-image-35743 alignright\" src=\"https:\/\/www.topohvar.at\/wp-content\/uploads\/2020\/04\/2523.jpg\" alt=\"\" width=\"134\" height=\"100\" \/><\/a><br \/>\n<\/strong><a href=\"https:\/\/goo.gl\/maps\/axv1V5wdp3Hpiirx9\"><span style=\"color: #3366ff;\">Latitude: N 43,08277\u00b0\u00a0 \u00a0Longitude: E 16,58153\u00b0<\/span><\/a><strong><br \/>\n<\/strong>Visina \/ H\u00f6he: 5 m<\/p>\n<p><strong>Katastarska \u010destica <\/strong><strong>\/ Grundst\u00fccke<br \/>\n<\/strong>4362 (DKP Svir\u010de) <div class='content-column one_half'><div style=\"padding-right:6px;\"><p><strong>Datum snimanja \/ Erfassungsdatum<br \/>\n<\/strong>01.01.2000 00:00:00<\/p>\n<hr \/>\n<p><strong>Informacije<\/strong><\/p>\n<p><strong>Svjetionik &#8222;Hridi Lukavci&#8220;<\/strong><\/p>\n<p>Hridi Lukavci sastoje se od dva mala stjenovita otoka koja se nalaze zapadno od otoka \u0160\u0107edro. U slu\u010daju isto\u010dnih vjetrova, struje su sna\u017eno postavljene u ovom okru\u017eenju. Svjetionik prikazuje 8 m visoka cilindri\u010dna kamena kula koja stoji na isto\u010dnom oto\u010di\u0107u. Me\u0111unarodni code: E3445<\/p><\/div><\/div><div class='content-column one_half last_column'><div style=\"padding-right:0px;padding-left:6px;\"><p><strong>Stupanj za\u0161tite<\/strong><strong> \/ Schutzstellung<br \/>\n<\/strong>&#8211;<\/p>\n<hr \/>\n<p><strong>Info<\/strong><\/p>\n<p><strong>Leuchtturm &#8222;Klippen Lukavci&#8220;<\/strong><\/p>\n<p>Die Klippen Lukavci bestehen aus zwei kleinen Felsinseln, die westlich der Insel \u0160\u0107edro liegen. Bei Ost-Winden setzt in deren Umgebung starke Str\u00f6mung ein. Ein Leuchtfeuer wird von einem 8 m hohen zylindrischen Steinturm gezeigt, der auf dem \u00f6stlichen Inselchen steht. Internationaler Code: E3445<\/p><\/div><\/div><div class='clear_column'><\/div><div class='content-column one_half'><div style=\"padding-right:6px;\"><p>Grebeni su u franjeva\u010dkom katastru od 1834. dobili naziv &#8222;Bacili&#8220;.<\/p><\/div><\/div><div class='content-column one_half last_column'><div style=\"padding-right:0px;padding-left:6px;\"><p>Die Riffe hatten im Franzisceischen Kataster aus dem Jahr 1834 die Bezeinung &#8222;Bacili&#8220;.<\/p><\/div><\/div><div class='clear_column'><\/div><\/p>\n<p style=\"text-align: right;\"><span style=\"color: #3366ff;\"><a style=\"color: #3366ff;\" href=\"#seite_oben\">natrag na vrh \/ Seitenanfang<\/a><\/span><\/p>\n<hr \/>\n<p><strong>Linkovi \/ Links<\/strong><\/p>\n<p>&#8211;<\/p>\n","protected":false},"excerpt":{"rendered":"<p>Ime \/ Name Objekt \u00bbSvjetionik Hridi Lukavci\u00ab Code: OL-OS-01\u00a0 \u00a0 \u00a0 \u00a0 \u00a0 \u00a0 \u00a0 \u00a0 \u00a0 \u00a0 \u00a0 \u00a0 \u00a0 \u00a0 \u00a0 \u00a0 \u00a0 \u00a0\u00a0\u00a0 \u00a0 Adresa \/ Adresse Isto\u010dni otok oto\u010di\u0107a Lukavci Lokacija \/ Position Latitude: N 43,08277\u00b0\u00a0 &hellip; <a href=\"https:\/\/www.topohvar.at\/topo\/orte\/ol\/ol-os-01-1\/\">Weiterlesen <span class=\"meta-nav\">&rarr;<\/span><\/a><\/p>\n","protected":false},"author":1,"featured_media":0,"parent":125,"menu_order":0,"comment_status":"closed","ping_status":"closed","template":"","meta":{"footnotes":""},"class_list":["post-35779","page","type-page","status-publish","hentry"],"_links":{"self":[{"href":"https:\/\/www.topohvar.at\/topo\/wp-json\/wp\/v2\/pages\/35779","targetHints":{"allow":["GET"]}}],"collection":[{"href":"https:\/\/www.topohvar.at\/topo\/wp-json\/wp\/v2\/pages"}],"about":[{"href":"https:\/\/www.topohvar.at\/topo\/wp-json\/wp\/v2\/types\/page"}],"author":[{"embeddable":true,"href":"https:\/\/www.topohvar.at\/topo\/wp-json\/wp\/v2\/users\/1"}],"replies":[{"embeddable":true,"href":"https:\/\/www.topohvar.at\/topo\/wp-json\/wp\/v2\/comments?post=35779"}],"version-history":[{"count":8,"href":"https:\/\/www.topohvar.at\/topo\/wp-json\/wp\/v2\/pages\/35779\/revisions"}],"predecessor-version":[{"id":54117,"href":"https:\/\/www.topohvar.at\/topo\/wp-json\/wp\/v2\/pages\/35779\/revisions\/54117"}],"up":[{"embeddable":true,"href":"https:\/\/www.topohvar.at\/topo\/wp-json\/wp\/v2\/pages\/125"}],"wp:attachment":[{"href":"https:\/\/www.topohvar.at\/topo\/wp-json\/wp\/v2\/media?parent=35779"}],"curies":[{"name":"wp","href":"https:\/\/api.w.org\/{rel}","templated":true}]}}