{"id":3581,"date":"2018-08-07T06:50:01","date_gmt":"2018-08-07T04:50:01","guid":{"rendered":"https:\/\/www.topohvar.at\/?page_id=3581"},"modified":"2021-04-19T10:21:36","modified_gmt":"2021-04-19T08:21:36","slug":"sg-mo-04-2","status":"publish","type":"page","link":"https:\/\/www.topohvar.at\/topo\/orte\/sg\/sg-mo-04-2\/","title":{"rendered":"STARI GRAD &#8211; Bista \u00bbPetra Hektorovi\u0107a (1)\u00ab"},"content":{"rendered":"<p><a name=\"seite_oben\"><\/a><br \/>\n<img loading=\"lazy\" decoding=\"async\" class=\"alignnone wp-image-3561 size-large\" src=\"https:\/\/www.topohvar.at\/wp-content\/uploads\/2018\/08\/SG-MO-04-1-1024x503.jpg\" alt=\"\" width=\"640\" height=\"314\" srcset=\"https:\/\/www.topohvar.at\/wp-content\/uploads\/2018\/08\/SG-MO-04-1-1024x503.jpg 1024w, https:\/\/www.topohvar.at\/wp-content\/uploads\/2018\/08\/SG-MO-04-1-300x147.jpg 300w, https:\/\/www.topohvar.at\/wp-content\/uploads\/2018\/08\/SG-MO-04-1-768x377.jpg 768w\" sizes=\"auto, (max-width: 640px) 100vw, 640px\" \/><\/p>\n<p><strong>Ime \/ Name<br \/>\n<\/strong>Bista \u00bbPetra Hektorovi\u0107a (1)\u00ab \/ B\u00fcste (1) des Peter Hektorovi\u0107<\/p>\n<p><strong>Code: <\/strong>SG-MO-04\u00a0 \u00a0 \u00a0 \u00a0 \u00a0 \u00a0 \u00a0 \u00a0 \u00a0 \u00a0 \u00a0 \u00a0 \u00a0 \u00a0 \u00a0 \u00a0 \u00a0 \u00a0\u00a0<strong><a href=\"https:\/\/www.topohvar.at\/orte\/sg\/sg-mo-11-2\/\"><img loading=\"lazy\" decoding=\"async\" class=\"alignnone wp-image-533 size-full\" src=\"https:\/\/www.topohvar.at\/wp-content\/uploads\/2018\/07\/push-l-30.jpg\" alt=\"\" width=\"61\" height=\"30\" \/><\/a> <a href=\"https:\/\/www.topohvar.at\/orte\/sg\/\"><img loading=\"lazy\" decoding=\"async\" class=\"alignnone wp-image-535 size-full\" src=\"https:\/\/www.topohvar.at\/wp-content\/uploads\/2018\/07\/push-o-30.jpg\" alt=\"\" width=\"61\" height=\"30\" \/><\/a> <a href=\"https:\/\/www.topohvar.at\/orte\/sg\/sg-mo-05-2\/\"><img loading=\"lazy\" decoding=\"async\" class=\"alignnone wp-image-536 size-full\" src=\"https:\/\/www.topohvar.at\/wp-content\/uploads\/2018\/07\/push-r-30.jpg\" alt=\"\" width=\"61\" height=\"30\" \/><\/a><\/strong><\/p>\n<hr \/>\n<p><strong>Adresa \/ Adresse<br \/>\n<\/strong>Stari Grad, Trg Trvdalja Petra Hektorovi\u0107a<\/p>\n<p><strong>Lokacija \/ Position<a href=\"https:\/\/goo.gl\/maps\/rbD1QPfxHn5Chzeh6\"><img loading=\"lazy\" decoding=\"async\" class=\"alignright wp-image-3642\" src=\"https:\/\/www.topohvar.at\/wp-content\/uploads\/2018\/08\/0599.jpg\" alt=\"\" width=\"133\" height=\"100\" \/><\/a><br \/>\n<\/strong><span style=\"color: #3366ff;\"><a style=\"color: #3366ff;\" href=\"https:\/\/goo.gl\/maps\/rbD1QPfxHn5Chzeh6\">Latitude: N 43,18314\u00b0\u00a0 \u00a0Longitude: E 16,59571\u00b0<\/a> <\/span><strong><br \/>\n<\/strong>Visina \/ H\u00f6he: 1 m<\/p>\n<p><strong>Katastarska \u010destica \/ Grundst\u00fccke<br \/>\n<\/strong>10530\/2<div class='content-column one_half'><div style=\"padding-right:6px;\"><p><strong>Datum snimanja \/ Erfassungsdatum<br \/>\n<\/strong>06.10.2013 16:07:54<\/p>\n<hr \/>\n<p><strong>Informacije<\/strong><\/p>\n<p>Bron\u010dana bista hrvatskog renesansnog pjesnika Starogra\u0111anina Petra Hektorovi\u0107a, danas je, radi teku\u0107ih radova na rekonstrukciji sustava odvodnje i skora\u0161njih radova na ure\u0111enju (poplo\u010davanju) istoimenog trga, ukljonjena sa mjesta na kojem je stajala posljednjih dvadesetak godina. Postament (kameni blok) spomenika privremeno je smje\u0161ten uz isto\u010dni dio ju\u017ene fasade trga nedaleko od lokacije na kojoj se nalazio, dok je bista, rad kipara Igora Mirkovi\u0107a iz 1965.g., pohranjena u prostorijama obli\u017enjeg Muzeja Staroga Grada.<\/p><\/div><\/div><div class='content-column one_half last_column'><div style=\"padding-right:0px;padding-left:6px;\"><p><strong>Stupanj za\u0161tite \/ Schutzstellung<br \/>\n<\/strong>&#8211;<\/p>\n<hr \/>\n<p><strong>Info<\/strong><\/p>\n<p>Die Bronzeb\u00fcste des kroatischen Renaissance Dichter und Staro-Grader Peter Hektorovi\u0107, wurde im Mai 2016 im Zuge der Arbeiten an der Erneuerung des Abwassersystems und Pflasterung des gleichnamigen Platzes, von der Stelle, wo er seit zwanzig Jahren stand, hierher versetzt. W\u00e4hrend der Arbeiten wurde der Sockel des Denkmals vor\u00fcbergehend am \u00f6stlichen Platzende, nicht weit von der bisherigen Stelle gelagert, w\u00e4hrend die B\u00fcste, eine Arbeit des Bildhauers Igor Mirkovic aus dem Jahr 1965, in den R\u00e4umen des nahe gelegenen Stadtmuseum deponiert wurde.<\/p><\/div><\/div><div class='clear_column'><\/div><\/p>\n<p style=\"text-align: center;\">Natpis na sjevernoj strani: \/ inschrift an der Nordseite<\/p>\n<p style=\"text-align: center;\">PETAR HEKTOROVI\u0106<br \/>\n1487 \u2013 1572<\/p>\n<div class='content-column one_half'><div style=\"padding-right:6px;\"><p>Natpis na isto\u010dnoj strani:<\/p>\n<p style=\"text-align: center;\">PODIGNUTO<br \/>\nNA 400<br \/>\nGODI\u0160NJICU<br \/>\nRIBANJA<br \/>\n1956<\/p><\/div><\/div><div class='content-column one_half last_column'><div style=\"padding-right:0px;padding-left:6px;\"><p>Inschrift an der Ostseite:<\/p>\n<p style=\"text-align: center;\">Errichtet<br \/>\nzum 400.<br \/>\nJahrestag<br \/>\nder \u201eRibanja\u201c<br \/>\n1956<\/p><\/div><\/div><div class='clear_column'><\/div><div class='content-column one_half'><div style=\"padding-right:6px;\"><p>Natpis na zapadnoj strani:<\/p>\n<p style=\"text-align: center;\">NA TVARDALJU MOMU<br \/>\nKOJI ME POSVOJI<br \/>\n\u201eRIBANJE\u201c<\/p><\/div><\/div><div class='content-column one_half last_column'><div style=\"padding-right:0px;padding-left:6px;\"><p>Inschrift an der Westseite:<\/p>\n<p style=\"text-align: center;\">Oh mein Tvrdal,<br \/>\nder mich aufnahm<br \/>\n\u201eRibanja\u201c<\/p><\/div><\/div><div class='clear_column'><\/div><\/p>\n<p style=\"text-align: right;\"><a href=\"#seite_oben\">natrag na vrh \/ Seitenanfang<\/a><\/p>\n<hr \/>\n<div class='content-column one_half'><div style=\"padding-right:6px;\"><p>Pjesnik <strong>Petar Hektorovi\u0107<\/strong> (1487\u20131572) Jedan od najve\u0107ih li\u010dnosti hrvatske kulture. Renesansni pjesnik i mislilac, svojim je najpoznatijim djelom, spjevom \u201eRibarne i ribarsko prigovaranje&#8220;, ostao trajnom vrijedno\u0161\u0107u na\u0161e knji\u017eevene ba\u0161tine. U \u201eRibanju\u201c je realisti\u010dki, sa put\u010dkim motivima, opisao tri dana ribanja i plovidbe od Starog Grada do Bra\u0107a i \u0160olte u dru\u0161tvu s hvarskim ribarima Paskojem i Nikolom.<\/p><\/div><\/div><div class='content-column one_half last_column'><div style=\"padding-right:0px;padding-left:6px;\"><p>Der Dichter <strong>Petar Hektorovi\u0107<\/strong> (1487-1572) war eine der gr\u00f6\u00dften Pers\u00f6nlichkeiten der kroatischen Kultur. Das bekannteste Werk des Renaissance-Dichters und Denkers ist sein Gedicht &#8222;Fischer und Fischerei&#8220; als bleibender Wert unseres literarischen Erbes. In \u201eRibanju\u201c (&#8222;Die Fischerei&#8220;), beschrieb er, realistisch und mit volkst\u00fcmlichen Motiven versehen, eine drei Tage lange Schifffahrt mit Fischfang von Stari Grad zu den Inseln Bra\u0107 und \u0160olta in Gesellschaft der Hvarer Fischer Pasko und Nikolo.<\/p><\/div><\/div><div class='clear_column'><\/div><div class='content-column one_half'><div style=\"padding-right:6px;\"><p>U tom su djelu put zapisane i neke na\u0161e narodne pjesme. Osim nekoliko sa\u010duvanih poslanica Hektorovi\u0107 je ve\u0107 u svoje vrijeme bio posnat i kao prevodilac. Njegov prijevod Ovidija je tre\u0107i u svijetu \u0161to pokazuje veliku naobrazbu i zadojenost klasi\u010dnom kulturom na\u0161eg pjesnika.<\/p><\/div><\/div><div class='content-column one_half last_column'><div style=\"padding-right:0px;padding-left:6px;\"><p>Auf die Art und Weise wie die Arbeit geschrieben war fu\u00dfen einige unserer Volkslieder. Abgesehen von einigen wenigen erhaltenen Briefen war Hektorovi\u0107 bereits in seiner Zeit als Dolmetscher und \u00dcbersetzer bekannt. Seine \u00dcbersetzung Ovids war die dritte in der Welt. Es zeigt die gro\u00dfe Bildung unseres Dichters in klassischer und weltlicher Kultur.<\/p><\/div><\/div><div class='clear_column'><\/div><\/p>\n<p style=\"text-align: right;\"><a href=\"#seite_oben\">natrag na vrh \/ Seitenanfang<\/a><\/p>\n<hr \/>\n<p><strong>Linkovi \/ Links<\/strong><\/p>\n<p><span style=\"color: #3366ff;\"><a style=\"color: #3366ff;\" href=\"https:\/\/www.topohvar.at\/topo\/orte\/sg\/sg-td-01-1\/\">Biv\u0161a tvr\u0111ava \u00bbTvrdalj Petra Hektorovi\u0107a\u00ab \/ ehemalige Residenz des Peter\u00a0Hektorovi\u0107<\/a><\/span><\/p>\n","protected":false},"excerpt":{"rendered":"<p>Ime \/ Name Bista \u00bbPetra Hektorovi\u0107a (1)\u00ab \/ B\u00fcste (1) des Peter Hektorovi\u0107 Code: SG-MO-04\u00a0 \u00a0 \u00a0 \u00a0 \u00a0 \u00a0 \u00a0 \u00a0 \u00a0 \u00a0 \u00a0 \u00a0 \u00a0 \u00a0 \u00a0 \u00a0 \u00a0 \u00a0\u00a0 Adresa \/ Adresse Stari Grad, Trg Trvdalja Petra &hellip; <a href=\"https:\/\/www.topohvar.at\/topo\/orte\/sg\/sg-mo-04-2\/\">Weiterlesen <span class=\"meta-nav\">&rarr;<\/span><\/a><\/p>\n","protected":false},"author":1,"featured_media":0,"parent":99,"menu_order":0,"comment_status":"closed","ping_status":"closed","template":"","meta":{"footnotes":""},"class_list":["post-3581","page","type-page","status-publish","hentry"],"_links":{"self":[{"href":"https:\/\/www.topohvar.at\/topo\/wp-json\/wp\/v2\/pages\/3581","targetHints":{"allow":["GET"]}}],"collection":[{"href":"https:\/\/www.topohvar.at\/topo\/wp-json\/wp\/v2\/pages"}],"about":[{"href":"https:\/\/www.topohvar.at\/topo\/wp-json\/wp\/v2\/types\/page"}],"author":[{"embeddable":true,"href":"https:\/\/www.topohvar.at\/topo\/wp-json\/wp\/v2\/users\/1"}],"replies":[{"embeddable":true,"href":"https:\/\/www.topohvar.at\/topo\/wp-json\/wp\/v2\/comments?post=3581"}],"version-history":[{"count":11,"href":"https:\/\/www.topohvar.at\/topo\/wp-json\/wp\/v2\/pages\/3581\/revisions"}],"predecessor-version":[{"id":48158,"href":"https:\/\/www.topohvar.at\/topo\/wp-json\/wp\/v2\/pages\/3581\/revisions\/48158"}],"up":[{"embeddable":true,"href":"https:\/\/www.topohvar.at\/topo\/wp-json\/wp\/v2\/pages\/99"}],"wp:attachment":[{"href":"https:\/\/www.topohvar.at\/topo\/wp-json\/wp\/v2\/media?parent=3581"}],"curies":[{"name":"wp","href":"https:\/\/api.w.org\/{rel}","templated":true}]}}