{"id":35887,"date":"2020-04-22T07:57:26","date_gmt":"2020-04-22T05:57:26","guid":{"rendered":"https:\/\/www.topohvar.at\/topo\/?page_id=35887"},"modified":"2023-12-19T17:06:06","modified_gmt":"2023-12-19T16:06:06","slug":"oz-ip-01-1","status":"publish","type":"page","link":"https:\/\/www.topohvar.at\/topo\/orte\/oz\/oz-ip-01-1\/","title":{"rendered":"OTOK ZE\u010cEVO VRBOSKE &#8211; Informativna plo\u010da \u00bbZna\u010dajni krajobraz Ze\u010devo\u00ab"},"content":{"rendered":"<p><a name=\"seite_oben\"><\/a><br \/>\n<img loading=\"lazy\" decoding=\"async\" class=\"alignnone wp-image-35890 size-full\" src=\"https:\/\/www.topohvar.at\/wp-content\/uploads\/2020\/04\/oz-ip-01-1.jpg\" alt=\"\" width=\"1080\" height=\"530\" srcset=\"https:\/\/www.topohvar.at\/wp-content\/uploads\/2020\/04\/oz-ip-01-1.jpg 1080w, https:\/\/www.topohvar.at\/wp-content\/uploads\/2020\/04\/oz-ip-01-1-300x147.jpg 300w, https:\/\/www.topohvar.at\/wp-content\/uploads\/2020\/04\/oz-ip-01-1-1024x503.jpg 1024w, https:\/\/www.topohvar.at\/wp-content\/uploads\/2020\/04\/oz-ip-01-1-768x377.jpg 768w\" sizes=\"auto, (max-width: 1080px) 100vw, 1080px\" \/><\/p>\n<p><strong>Ime \/ Name<br \/>\n<\/strong>Informativna plo\u010da \u00bbZna\u010dajni krajobraz Ze\u010devo\u00ab \/ Infotafel \u00bbbedeutende Landschaft Ze\u010devo\u00ab<\/p>\n<p><strong>Code: <\/strong>OZ-IP-01\u00a0 \u00a0 \u00a0 \u00a0 \u00a0 \u00a0 \u00a0 \u00a0 \u00a0 \u00a0 \u00a0 \u00a0 <strong>\u00a0 \u00a0 \u00a0 \u00a0 \u00a0\u00a0<a href=\"https:\/\/www.topohvar.at\/orte\/oz\/\"><img loading=\"lazy\" decoding=\"async\" class=\"alignnone wp-image-535 size-full\" src=\"https:\/\/www.topohvar.at\/wp-content\/uploads\/2018\/07\/push-o-30.jpg\" alt=\"\" width=\"61\" height=\"30\" \/><\/a>\u00a0\u00a0<\/strong><\/p>\n<hr \/>\n<p><strong>Adresa \/ Adresse<br \/>\n<\/strong>Otok Ze\u010devo \/ Insel Ze\u010devo<\/p>\n<p><strong>Lokacija \/ Position<a href=\"https:\/\/goo.gl\/maps\/zK257nJYnfMcbFUF9\"><img loading=\"lazy\" decoding=\"async\" class=\"alignright wp-image-35895\" src=\"https:\/\/www.topohvar.at\/wp-content\/uploads\/2020\/04\/2564.jpg\" alt=\"\" width=\"134\" height=\"100\" \/><\/a><br \/>\n<\/strong><a href=\"https:\/\/goo.gl\/maps\/zK257nJYnfMcbFUF9\"><span style=\"color: #3366ff;\">Latitude: N 43,19018\u00b0\u00a0 \u00a0 Longitude: E 16,69272\u00b0\u00a0<\/span><\/a><strong><br \/>\n<\/strong>Visina \/ H\u00f6he: 5 m<\/p>\n<p><strong>Katastarska \u010destica <\/strong><strong>\/ Grundst\u00fccke<\/strong><\/p>\n<p>2638\/2<div class='content-column one_half'><div style=\"padding-right:6px;\"><p><strong>Datum snimanja \/ Erfassungsdatum<br \/>\n<\/strong>01.01.2000 00:00:00<\/p>\n<hr \/>\n<p><strong>Informacije<\/strong><\/p>\n<p>Tekst na plo\u010di pokraj nekih slika glasi:<\/p><\/div><\/div><div class='content-column one_half last_column'><div style=\"padding-right:0px;padding-left:6px;\"><p><strong>Stupanj za\u0161tite<\/strong><strong> \/ Schutzstellung<br \/>\n<\/strong>&#8211;<\/p>\n<hr \/>\n<p><strong>Info<\/strong><\/p>\n<p>Der Tafeltext neben einigen Bildern lautet:<\/p><\/div><\/div><div class='clear_column'><\/div><div class='content-column one_third'><div style=\"padding-right:6px;\"><p>Zna\u010dajni krajobraz<\/p>\n<p>\u201eZE\u010cEVO\u201c<\/p>\n<p>Otok Ze\u010devo za\u0161ti\u0107en je 1972. Godine u kategoriji krajobraz. Vladinom Uredbom o progla\u0161enju ekolo\u0161ke mre\u017ee podru\u010dje otoka Ze\u010deva utvr\u0111eno je kao podru\u010de ekolo\u0161ke mre\u017ee u svrhu o\u010duvanja endemi\u010dnih svojti i morskih ptica. Otok Ze\u010devo \u2013 podmorje jest podru\u010dje ekolo\u0161ke mre\u017ee s ciljem o\u010duvanja grebena i naselja posidonje.<\/p><\/div><\/div><div class='content-column one_third'><div style=\"padding-right:6px;\"><p>Significant landscape<\/p>\n<p>\u201eZE\u010cEVO\u201c<\/p><\/div><\/div><div class='content-column one_third last_column'><div style=\"padding-right:0px;padding-left:6px;\"><p>Bedeutende Landschaft<\/p>\n<p>\u201eZE\u010cEVO\u201c<\/p>\n<p>Die Insel Ze\u010devo wurde 1972 in der Kategorie Landschaft gesch\u00fctzt. In der Regierungsverordnung \u00fcber die Ausweisung eines \u00f6kologischen Netzwerks wurde die Insel als \u00f6kologisches Netzwerkgebiet zur Erhaltung endemischer Flora und Seev\u00f6gel ausgewiesen. Die Insel Ze\u010devo \u2013 das Unterseegebiet, ein \u00f6kologischen Netzwerk mit dem Ziel, Riffe und Seegr\u00e4ser zu erhalten.<\/p><\/div><\/div><div class='clear_column'><\/div><div class='content-column one_third'><div style=\"padding-right:6px;\"><p>Ze\u010devo je oto\u010di\u0107 u Jadranskome moru, u Hvarskom kanalu, smje\u0161ten 2 km sjeveroisto\u010dno od mjesta Vrboske na otoku Hvaru te spada u srednje dalmatinsku skupinu otoka. Smjer pru\u017eanja otoka je istok-zapad, tzv. \u201ehvarski smjer\u201c.<\/p><\/div><\/div><div class='content-column one_third'><div style=\"padding-right:6px;\"><p>Island Ze\u010devo is a small island in the Adriatic Sea, in the Hvar Channel, situated 2 kilometres to the northeast of village Vrboska on the island of Hvar and belongs to the mid-Dalmatian group of islands. The direktion oft the island is east-west, i.e. the \u201eHvar direction\u201c.<\/p><\/div><\/div><div class='content-column one_third last_column'><div style=\"padding-right:0px;padding-left:6px;\"><p>Die Insel Ze\u010devo ist eine kleine Insel in der Adria im Hvar-Kanal, die 2 Kilometer nord\u00f6stlich von Vrboska auf der Insel Hvar liegt und zur mitteldalmatinischen Inselgruppe geh\u00f6rt. Die Richtung der Insel ist Ost-West, d.h. die \u201eHvar-Richtung\u201c.<\/p><\/div><\/div><div class='clear_column'><\/div><div class='content-column one_third'><div style=\"padding-right:6px;\"><p>Klima je tipi\u010dna sredozemna pa je vegetacijski gledano otok smje\u0161ten unutar mediteranskoga klimata. Otok Hvar ima u prosjeku 2722 sun\u010danih sati godi\u0161nje. Prema podacima za otok Hvar, srednja godi\u0161nja temperatura mjerena u razdoblju od 60 godina iznosi 16,2\u00b0C, a ukupna godi\u0161nja koli\u0107na oborina iznosi 772 mm. Du\u017eina obale otoka Ze\u010deva je 1539 m te zauzima povr\u0161ina od 113.288 m\u00b2. Ze\u010devo je nenaseljeno, \u0161to isklu\u010duje ve\u0107i antropogeni utjecaj na sastav flore i dinamiku vegetacije ovog otoka.<\/p><\/div><\/div><div class='content-column one_third'><div style=\"padding-right:6px;\"><p>The climate is typically Mediterranean, so in terms of vegetation, the island is located within the Mediterranean climate conditions. Island Hvar in average has about 2722 annual sunny hours. According to the data for island Hvar, the medium annual temperature measured over a period of 60 years is 16,2\u00b0C and the total annual quantity of precipitation amounts to 772 mm. The length oft he coastline of island Ze\u010devo is 1539 metres and covers an area of 113.288 m\u00b2. Ze\u010devo is uninhabited, so a greater anthropogenic influence on the composition of the flora and the dynamics of the vegetation of this island is excluded.<\/p><\/div><\/div><div class='content-column one_third last_column'><div style=\"padding-right:0px;padding-left:6px;\"><p>Das Klima ist typisch mediterran, daher befindet sich die Insel in Bezug auf die Vegetation innerhalb der mediterranen Klimabedingungen. Die Insel Hvar hat im Durchschnitt 2722 Sonnenstunden pro Jahr. Nach Angaben der Insel Hvar betr\u00e4gt die \u00fcber einen Zeitraum von 60 Jahren gemessene mittlere Jahrestemperatur 16,2\u00b0C und die j\u00e4hrliche Gesamtniederschlag 772 mm.\u00a0Die K\u00fcstenlinie hat eine L\u00e4nge von 1539 m. Die Insel umfasst eine Fl\u00e4che von 113,288 m\u00b2. Ze\u010devo ist unbewohnt, so dass ein gr\u00f6\u00dferer anthropogener Einfluss auf die Zusammensetzung der Flora und die Dynamik der Vegetation dieser Insel ausgeschlossen ist.<\/p><\/div><\/div><div class='clear_column'><\/div><div class='content-column one_third'><div style=\"padding-right:6px;\"><p>Otok je pokriven karakteristi\u0107nom sredozemnom vegetacijom makije i alepskog bora. Polegnetost vegetacije na sjevernom dijelu otoka upu\u010duje na dominantan i sna\u017eanutjecaj jakog sjeveroisto\u010dnog vjetra \u2013 bure. Na Ze\u010devu je dosad zabilje\u017eeno 217 biljnih vrsta, od kojih su njih pet endemi. Prema Crvenoj knjizi vakularne flore Hrvatske Bertolonljeva kokica (Ophrys bertolonii Moretti), kokica pau\u010dica (Ophrys sphegodes Mill.) i slanica (Salsola kali L) spadaju u osjetljive (VU) vrste, dok su primorska makovica (Glaucium flavum Crantz) i obalni \u0161a\u0161 (Carex extensa Gooden) ugro\u017eene (EN) vrste. U Ze\u010devo nalazimo i tri biljne vrste koje su vrlo rijetke u Hrvatskoj: Liburnska kokica (Ophrys liburnica Devillers et Devillers-Tersch), kretski kopra\u010d (Scaligeria cretica (Mill.) Boiss.) i kasni sunovrat (Narcissus serotinus L.). Neko\u0107 je populacija ze\u010deva na otoku bila vrlo brojna pa je po Njoj otok i dobio ime.<\/p><\/div><\/div><div class='content-column one_third'><div style=\"padding-right:6px;\"><p>The island is covered by the characteristic Mediterranean vegetation \u2013 macchia and the Aleppo Pine. The low vegetation in the northern part of the island suggests a dominant and powerful influence of the strong north-eastern wind \u2013 bura. Until now, 217 vegetative species have been recorded, of which five are endemic species. According tot he Red Book of Vascular Flora of Croatia, the Bertoloni\u00b4s Bee Orchid (Ophrys bertoloni Moretti). Early spider Orchid (Ophrys sphegodes Mill.) and Prickly Saltwort (Salsola kali L.) belong tot he vulnerable species (VU), while the Yellow Horned Poppy (Glaucium flavum Crantz) and the Long-bractet Sedge (Carex extensa Gooden) are endangered species (EN). The flora of Ze\u010devo also contains three vegetation species that are extremely rare in Croatia: Liburnian Orchid (Ophrys liburnica Devillers et Devillers-Tersch), Cretan Scaligaria (Scaligeria cretica (Mill.) Boiss.) and the Late Narcissus (Narcissus serotinus L.). Once, the population of rabbits was very numerous, hence the name of the island.<\/p><\/div><\/div><div class='content-column one_third last_column'><div style=\"padding-right:0px;padding-left:6px;\"><p>Die Insel hat charakteristische mediterrane Vegetation &#8211; Macchia und Aleppokiefer. Die niedrige Vegetation im n\u00f6rdlichen Teil der Insel l\u00e4sst auf den dominanten und starken Einfluss der Bora aus Nordosten schlie\u00dfen. Bisher wurden 217 Pflanzenarten erfasst, von denen f\u00fcnf endemische Arten sind. Laut dem Roten Buch der gef\u00e4hrdeten Flora Kroatiens, geh\u00f6ren die Bertoloni-Bienenorchidee (Ophrys bertoloni Moretti), die Fr\u00fche Spinnenorchidee (Ophrys sphegodes Mill.) und das Stachelige Salzkraut (Salsola kali L.) zu den gef\u00e4hrdeten Arten (VU), w\u00e4hrend die K\u00fcstenmohnblume (Glaucium flavum Crantz) und die Langbl\u00e4ttrige Segge (Carex extensa Gooden) gef\u00e4hrdete Arten (EN) sind. Die Flora von Ze\u010devo enth\u00e4lt auch drei in Kroatien \u00e4u\u00dferst seltene Vegetationsarten: Die Liburnische Orchidee (Ophrys liburnica Devillers und Devillers-Tersch), den Kreidefenchel (Scaligeria cretica (Mill.) Boiss.) und die Sp\u00e4te Narzisse (Narcissus serotinus L.). Fr\u00fcher war die Population der Kaninchen sehr zahlreich, daher stammt der Name der Insel.<\/p><\/div><\/div><div class='clear_column'><\/div><div class='content-column one_third'><div style=\"padding-right:6px;\"><p>Zna\u010dajnim krajobrazom \u201eZe\u010devo\u201c upravlja u skladu sa Zakonom o za\u0161titi prirode. Javna ustanova za upravljanje za\u0161ti\u0107enim dijelovima prirode na podru\u010dju Splitsko-dalmatinske \u017eupanije.<\/p><\/div><\/div><div class='content-column one_third'><div style=\"padding-right:6px;\"><p>The significant landscape \u201eZe\u010devo\u201c is managed by Public institution fort he Management of Protected Areas in the County of Split and Dalmatia in compliance to the Nature Protection Law.<\/p><\/div><\/div><div class='content-column one_third last_column'><div style=\"padding-right:0px;padding-left:6px;\"><p>Die bedeutende Landschaft \u201eZe\u010devo\u201c wird von einer \u00f6ffentlichen Einrichtung f\u00fcr die Verwaltung von Schutzgebieten im Landkreis Split\/Dalmatien gem\u00e4\u00df dem Naturschutzgesetz verwaltet.<\/p><\/div><\/div><div class='clear_column'><\/div><\/p>\n<hr \/>\n<div class='content-column one_third'><div style=\"padding-right:6px;\"><p><span style=\"color: #339966;\">Za sve radnje i aktivnosti u za\u0161ti\u0107enom podru\u010dju potrebno je ishoditi dopu\u0161tenje koje sadr\u017ei uvjete za\u0161tite prirode. Sve aktivnosti i radnje u zna\u010dajnom krajobrazu \u201eZe\u010devo\u201c odvijaju se na vlastitu odgovornost.<\/span><\/p><\/div><\/div><div class='content-column one_third'><div style=\"padding-right:6px;\"><p><span style=\"color: #339966;\">For all actions and activities in the protected area it is necessary to obtain a permission that includes the conditions of nature protection. All activities and actions in the significant landscape \u201eZe\u010devo\u201c are performed at your own risk.<\/span><\/p><\/div><\/div><div class='content-column one_third last_column'><div style=\"padding-right:0px;padding-left:6px;\"><p><span style=\"color: #339966;\">F\u00fcr alle Aktionen und Aktivit\u00e4ten im Schutzgebiet ist eine Genehmigung erforderlich, die die Bedingungen des Naturschutzes beinhaltet. Alle Aktivit\u00e4ten und Aktionen in der bedeutenden Landschaft \u201eZe\u010devo\u201c erfolgen auf eigenes Risiko.<\/span><\/p><\/div><\/div><div class='clear_column'><\/div><\/p>\n<p style=\"text-align: right;\"><span style=\"color: #3366ff;\"><a style=\"color: #3366ff;\" href=\"#seite_oben\">natrag na vrh \/ Seitenanfang<\/a><\/span><\/p>\n<hr \/>\n<p><strong>Linkovi \/ Links<\/strong><br \/>\n&#8211;<\/p>\n","protected":false},"excerpt":{"rendered":"<p>Ime \/ Name Informativna plo\u010da \u00bbZna\u010dajni krajobraz Ze\u010devo\u00ab \/ Infotafel \u00bbbedeutende Landschaft Ze\u010devo\u00ab Code: OZ-IP-01\u00a0 \u00a0 \u00a0 \u00a0 \u00a0 \u00a0 \u00a0 \u00a0 \u00a0 \u00a0 \u00a0 \u00a0 \u00a0 \u00a0 \u00a0 \u00a0 \u00a0\u00a0\u00a0\u00a0 Adresa \/ Adresse Otok Ze\u010devo \/ Insel Ze\u010devo Lokacija &hellip; <a href=\"https:\/\/www.topohvar.at\/topo\/orte\/oz\/oz-ip-01-1\/\">Weiterlesen <span class=\"meta-nav\">&rarr;<\/span><\/a><\/p>\n","protected":false},"author":1,"featured_media":0,"parent":133,"menu_order":0,"comment_status":"closed","ping_status":"closed","template":"","meta":{"footnotes":""},"class_list":["post-35887","page","type-page","status-publish","hentry"],"_links":{"self":[{"href":"https:\/\/www.topohvar.at\/topo\/wp-json\/wp\/v2\/pages\/35887","targetHints":{"allow":["GET"]}}],"collection":[{"href":"https:\/\/www.topohvar.at\/topo\/wp-json\/wp\/v2\/pages"}],"about":[{"href":"https:\/\/www.topohvar.at\/topo\/wp-json\/wp\/v2\/types\/page"}],"author":[{"embeddable":true,"href":"https:\/\/www.topohvar.at\/topo\/wp-json\/wp\/v2\/users\/1"}],"replies":[{"embeddable":true,"href":"https:\/\/www.topohvar.at\/topo\/wp-json\/wp\/v2\/comments?post=35887"}],"version-history":[{"count":15,"href":"https:\/\/www.topohvar.at\/topo\/wp-json\/wp\/v2\/pages\/35887\/revisions"}],"predecessor-version":[{"id":65367,"href":"https:\/\/www.topohvar.at\/topo\/wp-json\/wp\/v2\/pages\/35887\/revisions\/65367"}],"up":[{"embeddable":true,"href":"https:\/\/www.topohvar.at\/topo\/wp-json\/wp\/v2\/pages\/133"}],"wp:attachment":[{"href":"https:\/\/www.topohvar.at\/topo\/wp-json\/wp\/v2\/media?parent=35887"}],"curies":[{"name":"wp","href":"https:\/\/api.w.org\/{rel}","templated":true}]}}