{"id":3591,"date":"2018-08-07T06:52:48","date_gmt":"2018-08-07T04:52:48","guid":{"rendered":"https:\/\/www.topohvar.at\/?page_id=3591"},"modified":"2023-12-20T17:50:37","modified_gmt":"2023-12-20T16:50:37","slug":"sg-mo-09-2","status":"publish","type":"page","link":"https:\/\/www.topohvar.at\/topo\/orte\/sg\/sg-mo-09-2\/","title":{"rendered":"STARI GRAD &#8211; Skulptura \u00bbDrvena skulptura na glavnoj cesti\u00ab"},"content":{"rendered":"<p><a name=\"seite_oben\"><\/a><br \/>\n<img loading=\"lazy\" decoding=\"async\" class=\"alignnone wp-image-3566 size-large\" src=\"https:\/\/www.topohvar.at\/wp-content\/uploads\/2018\/08\/SG-MO-09-1-1024x503.jpg\" alt=\"\" width=\"640\" height=\"314\" srcset=\"https:\/\/www.topohvar.at\/wp-content\/uploads\/2018\/08\/SG-MO-09-1-1024x503.jpg 1024w, https:\/\/www.topohvar.at\/wp-content\/uploads\/2018\/08\/SG-MO-09-1-300x147.jpg 300w, https:\/\/www.topohvar.at\/wp-content\/uploads\/2018\/08\/SG-MO-09-1-768x377.jpg 768w\" sizes=\"auto, (max-width: 640px) 100vw, 640px\" \/><\/p>\n<p><strong>Ime \/ Name<br \/>\n<\/strong>Skulptura \u00bbDrvena skulptura na glavnoj cesti\u00ab \/ Holzskulptur an der Hauptstra\u00dfe<\/p>\n<p><strong>Code: <\/strong>SG-MO-09\u00a0 \u00a0 \u00a0 \u00a0 \u00a0 \u00a0 \u00a0 \u00a0 \u00a0 \u00a0 \u00a0 \u00a0 \u00a0 \u00a0 \u00a0 \u00a0 \u00a0 \u00a0\u00a0<strong><a href=\"https:\/\/www.topohvar.at\/orte\/sg\/sg-mo-14-2\/\"><img loading=\"lazy\" decoding=\"async\" class=\"alignnone wp-image-533 size-full\" src=\"https:\/\/www.topohvar.at\/wp-content\/uploads\/2018\/07\/push-l-30.jpg\" alt=\"\" width=\"61\" height=\"30\" \/><\/a> <a href=\"https:\/\/www.topohvar.at\/orte\/sg\/\"><img loading=\"lazy\" decoding=\"async\" class=\"alignnone wp-image-535 size-full\" src=\"https:\/\/www.topohvar.at\/wp-content\/uploads\/2018\/07\/push-o-30.jpg\" alt=\"\" width=\"61\" height=\"30\" \/><\/a> <a href=\"https:\/\/www.topohvar.at\/orte\/sg\/sg-mo-18-1\/\"><img loading=\"lazy\" decoding=\"async\" class=\"alignnone wp-image-536 size-full\" src=\"https:\/\/www.topohvar.at\/wp-content\/uploads\/2018\/07\/push-r-30.jpg\" alt=\"\" width=\"61\" height=\"30\" \/><\/a><\/strong><\/p>\n<hr \/>\n<p><strong>Adresa \/ Adresse<br \/>\n<\/strong>Stari Grad, Cesta DC-116<\/p>\n<p><strong>Lokacija \/ Position<a href=\"https:\/\/goo.gl\/maps\/X2nX1BoaMz8ufqCcA\"><img loading=\"lazy\" decoding=\"async\" class=\"alignright wp-image-3659\" src=\"https:\/\/www.topohvar.at\/wp-content\/uploads\/2018\/08\/0603.jpg\" alt=\"\" width=\"134\" height=\"100\" \/><\/a><br \/>\n<\/strong><span style=\"color: #3366ff;\"><a style=\"color: #3366ff;\" href=\"https:\/\/goo.gl\/maps\/X2nX1BoaMz8ufqCcA\">Latitude: N 43,17801\u00b0\u00a0 \u00a0Longitude: E 16,61517\u00b0<\/a> <\/span><strong><br \/>\n<\/strong>Visina \/ H\u00f6he: 46 m<\/p>\n<p><strong>Katastarska \u010destica \/ Grundst\u00fccke<br \/>\n<\/strong>4670\/7<div class='content-column one_half'><div style=\"padding-right:6px;\"><p><strong>Datum snimanja \/ Erfassungsdatum<br \/>\n<\/strong>14.05.2015 09:22:34<\/p>\n<hr \/>\n<p><strong>Informacije<\/strong><\/p>\n<p>Akademski kipar Slavomir Drinkovi\u0107 stvorio je nekoliko skulptura na otoku Hvaru. Djela su nastala tijekom ljetnih akademija sa svojim studentima.<\/p><\/div><\/div><div class='content-column one_half last_column'><div style=\"padding-right:0px;padding-left:6px;\"><p><strong>Stupanj za\u0161tite \/ Schutzstellung<br \/>\n<\/strong>&#8211;<\/p>\n<hr \/>\n<p><strong>Info<\/strong><\/p>\n<p>Der akademische Bildhauer Slavomir Drinkovi\u0107 hat auf der Insel Hvar mehrere Skulpturen erstellt. Die Werke wurden im Zuge von Sommerakademien mit seinen Studenten geschaffen.<\/p><\/div><\/div><div class='clear_column'><\/div><div class='content-column one_half'><div style=\"padding-right:6px;\"><p>Ukupno je postavljeno sedam skulptura u selima Jelsa, Vrboska, Stari Grad i na otoku Ze\u010devo.<\/p><\/div><\/div><div class='content-column one_half last_column'><div style=\"padding-right:0px;padding-left:6px;\"><p>In den Ortschaften Jelsa, Vrboska, Stari Grad und auf der Insel <span style=\"color: #000000;\">Ze\u010devo<\/span> wurden insgesamt sieben Skulpturen errichtet.<\/p><\/div><\/div><div class='clear_column'><\/div><\/p>\n<hr \/>\n<div class='content-column one_half'><div style=\"padding-right:6px;\"><p><strong>Ta skulptura u Starom Gradu 2020. godine vi\u0161e nije bila dostupna.<\/strong><\/p><\/div><\/div><div class='content-column one_half last_column'><div style=\"padding-right:0px;padding-left:6px;\"><p><strong>Diese Skulptur in Stari Grad war im Jahr 2020 nicht mehr vorhanden.<\/strong><\/p><\/div><\/div><div class='clear_column'><\/div><\/p>\n<p style=\"text-align: right;\"><a href=\"#seite_oben\">natrag na vrh \/ Seitenanfang<\/a><\/p>\n<hr \/>\n<div class='content-column one_half'><div style=\"padding-right:6px;\"><p><strong>Slavomir Drinkovi\u0107<\/strong> ro\u0111en je 1951. godine u Jelsi na Hvaru. Diplomirao je kiparstvo na Akademiji likovnih umjetnosti u Zagrebu u klasi Valerija Michielija 1977. godine, nakon \u010dega se specijalizirao za monumentalnu plastiku u Majstorskoj radionici Antuna Augustin\u010di\u0107a, a od 1979. kod Ivana Saboli\u0107a.<\/p><\/div><\/div><div class='content-column one_half last_column'><div style=\"padding-right:0px;padding-left:6px;\"><p><strong>Slavomir Drinkovi\u0107<\/strong> wurde 1951 in Jelsa auf Hvar geboren. 1977 schloss er sein Studium der Bildhauerei an der Akademie der bildenden K\u00fcnste in Zagreb in der Klasse von Valerij Michieli ab. Danach spezialisierte er sich auf monumentale Bildhauerei in der Meisterwerkstatt von Antun Augustin\u010di\u0107 und seit 1979 bei Ivan Saboli\u0107.<\/p><\/div><\/div><div class='clear_column'><\/div><div class='content-column one_half'><div style=\"padding-right:6px;\"><p>Godine 1995. zaposlio se na Akademiji likovnih umjetnosti u Zagrebu kao asistent na Kiparskom odsjeku, gdje je 1997. izabran je u umjetni\u010dko\u2013nastavno zvanje docenta, a 2001. u izvanrednog profesora. Od 1999. do 2003. bio je pro\u010delnik, a 2006. prvi je put izabran za dekana te je na toj poziciji odslu\u017eio dva uzastopna dvogodi\u0161nja mandata. Godine 2007. izabran je i u umjetni\u010dko-nastavno zvanje redovitog profesora, a 2012. u trajno umjetni\u010dko-nastavno zvanje redovnog profesora te predstojnika Katedre za kiparstvo ALU.<\/p><\/div><\/div><div class='content-column one_half last_column'><div style=\"padding-right:0px;padding-left:6px;\"><p>1995 wechselte er als Assistent an die Akademie der bildenden K\u00fcnste in Zagreb, wo er 1997 zum Assistenzprofessor und 2001 zum au\u00dferordentlichen Professor gew\u00e4hlt wurde. Von 1999 bis 2003 war er der Leiter, und 2006 wurde er zum ersten Mal zum Dekan gew\u00e4hlt, der zwei aufeinanderfolgende zweij\u00e4hrige Amtszeiten innehatte. 2007 wurde er in den Titel eines ordentlichen Professors f\u00fcr k\u00fcnstlerische Lehre und 2012 in den Titel eines ordentlichen Professors und Leiters der Abteilung f\u00fcr Bildhauerei an der Akademie der bildenden K\u00fcnste gew\u00e4hlt.<\/p><\/div><\/div><div class='clear_column'><\/div><div class='content-column one_half'><div style=\"padding-right:6px;\"><p>Tijekom dugogodi\u0161njeg umjetni\u010dkog rada ostvario je 15 samostalnih izlo\u017ebi i sudjelovao na preko 150 kolektivnih izlo\u017eaba u Hrvatskoj i svijetu. Postavio je 88 skulpture u javnim prostorima. Njegovo je stvarala\u0161tvo prepoznato kroz dodijeljene 23 zna\u010dajne nagrade, me\u0111u kojima je i likovna nagrada Hrvatskog dru\u0161tva likovnih umjetnika za najbolju izlo\u017ebu u 2016. godini.<\/p><\/div><\/div><div class='content-column one_half last_column'><div style=\"padding-right:0px;padding-left:6px;\"><p>W\u00e4hrend seiner langj\u00e4hrigen k\u00fcnstlerischen Arbeit hatte er 15 Einzelausstellungen und nahm an \u00fcber 150 Gemeinschaftsausstellungen in Kroatien und auf der ganzen Welt teil. Er platzierte 88 Skulpturen im \u00f6ffentlichen Raum. Seine Arbeit wurde mit 23 bedeutenden Preisen ausgezeichnet, darunter dem Kunstpreis der Kroatischen Gesellschaft der bildenden K\u00fcnstler f\u00fcr die beste Ausstellung im Jahr 2016.<\/p><\/div><\/div><div class='clear_column'><\/div><\/p>\n<p style=\"text-align: right;\"><img loading=\"lazy\" decoding=\"async\" class=\"aligncenter size-medium wp-image-39273\" src=\"https:\/\/www.topohvar.at\/wp-content\/uploads\/2020\/07\/drinkovi\u0107-slavomir-300x163.jpg\" alt=\"\" width=\"300\" height=\"163\" srcset=\"https:\/\/www.topohvar.at\/wp-content\/uploads\/2020\/07\/drinkovi\u0107-slavomir-300x163.jpg 300w, https:\/\/www.topohvar.at\/wp-content\/uploads\/2020\/07\/drinkovi\u0107-slavomir.jpg 735w\" sizes=\"auto, (max-width: 300px) 100vw, 300px\" \/><a href=\"#seite_oben\">natrag na vrh \/ Seitenanfang<\/a><\/p>\n<hr \/>\n<p><strong>Linkovi \/ Links<\/strong><\/p>\n<p>Sedam lokacija \/ Die sieben Standorte:<\/p>\n<p><span style=\"color: #3366ff;\"><a style=\"color: #3366ff;\" href=\"https:\/\/www.topohvar.at\/topo\/orte\/je\/je-mo-04-1\/\">Jelsa &#8211; Drvena skuptura (1) na obali \/ Holzskulptur (1) an der K\u00fcste<\/a><br \/>\n<a style=\"color: #3366ff;\" href=\"https:\/\/www.topohvar.at\/topo\/orte\/je\/je-mo-10-1\/\">Jelsa &#8211; Drvena skuptura (2) na obali \/ Holzskulptur (2) an der K\u00fcste<\/a><br \/>\n<a style=\"color: #3366ff;\" href=\"https:\/\/www.topohvar.at\/topo\/orte\/oz\/oz-mo-01-1\/\">Otok Ze\u010devo Vrboske &#8211; Drvena skuptura (3) na obali \/ Holzskulptur (3) an der K\u00fcste<\/a><br \/>\n<a style=\"color: #3366ff;\" href=\"https:\/\/www.topohvar.at\/topo\/orte\/va\/va-mo-05-1\/\">Vrboska &#8211; Drvena skulptura (4) na obali \/ Holzskulptur (4) an der K\u00fcste<\/a><br \/>\n<a style=\"color: #3366ff;\" href=\"https:\/\/www.topohvar.at\/topo\/orte\/va\/va-mo-06-1\/\">Vrboska &#8211; Drvena skulptura (5) na DC-116 \/ Holzskulptur (5) an der DC-116<\/a><br \/>\n<a style=\"color: #3366ff;\" href=\"https:\/\/www.topohvar.at\/topo\/orte\/va\/va-mo-03-1\/\">Vrboska &#8211; Drvena skulptura (6) na DC-116 \/ Holzskulptur (6) an der DC-116<\/a><br \/>\n<\/span><\/p>\n","protected":false},"excerpt":{"rendered":"<p>Ime \/ Name Skulptura \u00bbDrvena skulptura na glavnoj cesti\u00ab \/ Holzskulptur an der Hauptstra\u00dfe Code: SG-MO-09\u00a0 \u00a0 \u00a0 \u00a0 \u00a0 \u00a0 \u00a0 \u00a0 \u00a0 \u00a0 \u00a0 \u00a0 \u00a0 \u00a0 \u00a0 \u00a0 \u00a0 \u00a0\u00a0 Adresa \/ Adresse Stari Grad, Cesta DC-116 &hellip; <a href=\"https:\/\/www.topohvar.at\/topo\/orte\/sg\/sg-mo-09-2\/\">Weiterlesen <span class=\"meta-nav\">&rarr;<\/span><\/a><\/p>\n","protected":false},"author":1,"featured_media":0,"parent":99,"menu_order":0,"comment_status":"closed","ping_status":"closed","template":"","meta":{"footnotes":""},"class_list":["post-3591","page","type-page","status-publish","hentry"],"_links":{"self":[{"href":"https:\/\/www.topohvar.at\/topo\/wp-json\/wp\/v2\/pages\/3591","targetHints":{"allow":["GET"]}}],"collection":[{"href":"https:\/\/www.topohvar.at\/topo\/wp-json\/wp\/v2\/pages"}],"about":[{"href":"https:\/\/www.topohvar.at\/topo\/wp-json\/wp\/v2\/types\/page"}],"author":[{"embeddable":true,"href":"https:\/\/www.topohvar.at\/topo\/wp-json\/wp\/v2\/users\/1"}],"replies":[{"embeddable":true,"href":"https:\/\/www.topohvar.at\/topo\/wp-json\/wp\/v2\/comments?post=3591"}],"version-history":[{"count":14,"href":"https:\/\/www.topohvar.at\/topo\/wp-json\/wp\/v2\/pages\/3591\/revisions"}],"predecessor-version":[{"id":65374,"href":"https:\/\/www.topohvar.at\/topo\/wp-json\/wp\/v2\/pages\/3591\/revisions\/65374"}],"up":[{"embeddable":true,"href":"https:\/\/www.topohvar.at\/topo\/wp-json\/wp\/v2\/pages\/99"}],"wp:attachment":[{"href":"https:\/\/www.topohvar.at\/topo\/wp-json\/wp\/v2\/media?parent=3591"}],"curies":[{"name":"wp","href":"https:\/\/api.w.org\/{rel}","templated":true}]}}