{"id":36015,"date":"2020-04-24T07:40:59","date_gmt":"2020-04-24T05:40:59","guid":{"rendered":"https:\/\/www.topohvar.at\/topo\/?page_id=36015"},"modified":"2025-02-07T18:45:54","modified_gmt":"2025-02-07T17:45:54","slug":"su-ck-03-1","status":"publish","type":"page","link":"https:\/\/www.topohvar.at\/topo\/orte\/su\/su-ck-03-1\/","title":{"rendered":"SU\u010cURAJ &#8211; Nekada\u0161nja crkvica \u00bbSv. Ante\u00ab"},"content":{"rendered":"<p><a name=\"seite_oben\"><\/a><br \/>\n<strong><img loading=\"lazy\" decoding=\"async\" class=\"alignnone wp-image-36018 size-full\" src=\"https:\/\/www.topohvar.at\/wp-content\/uploads\/2020\/04\/su-cp-03-1.jpg\" alt=\"\" width=\"1080\" height=\"530\" srcset=\"https:\/\/www.topohvar.at\/wp-content\/uploads\/2020\/04\/su-cp-03-1.jpg 1080w, https:\/\/www.topohvar.at\/wp-content\/uploads\/2020\/04\/su-cp-03-1-300x147.jpg 300w, https:\/\/www.topohvar.at\/wp-content\/uploads\/2020\/04\/su-cp-03-1-1024x503.jpg 1024w, https:\/\/www.topohvar.at\/wp-content\/uploads\/2020\/04\/su-cp-03-1-768x377.jpg 768w\" sizes=\"auto, (max-width: 1080px) 100vw, 1080px\" \/><\/strong><\/p>\n<p><strong>Ime \/ Name<br \/>\n<\/strong>Nekada\u0161nja crkvica \u00bbSv. Ante\u00ab \/ ehemalige kleine Kirche des hl. Antonius<\/p>\n<p><strong>Code: <\/strong>SU-CK-03\u00a0 \u00a0 \u00a0 \u00a0 \u00a0 \u00a0 \u00a0 \u00a0 \u00a0 \u00a0 \u00a0 \u00a0 \u00a0 \u00a0 \u00a0 \u00a0<strong><a href=\"https:\/\/www.topohvar.at\/orte\/su\/su-ca-01-1\/\"><img loading=\"lazy\" decoding=\"async\" class=\"alignnone wp-image-12300 size-full\" src=\"https:\/\/www.topohvar.at\/wp-content\/uploads\/2018\/09\/push-vor-30.jpg\" alt=\"\" width=\"61\" height=\"30\" \/><\/a> <a href=\"https:\/\/www.topohvar.at\/orte\/su\/su-ck-02-1\/\"><img loading=\"lazy\" decoding=\"async\" class=\"alignnone wp-image-533\" src=\"https:\/\/www.topohvar.at\/wp-content\/uploads\/2018\/07\/push-l-30.jpg\" alt=\"\" width=\"61\" height=\"30\" \/><\/a> <a href=\"https:\/\/www.topohvar.at\/orte\/su\/\"><img loading=\"lazy\" decoding=\"async\" class=\"alignnone wp-image-535 size-full\" src=\"https:\/\/www.topohvar.at\/wp-content\/uploads\/2018\/07\/push-o-30.jpg\" alt=\"\" width=\"61\" height=\"30\" \/><\/a> <a href=\"https:\/\/www.topohvar.at\/orte\/su\/su-ck-04-1\/\"><img loading=\"lazy\" decoding=\"async\" class=\"alignnone wp-image-536 size-full\" src=\"https:\/\/www.topohvar.at\/wp-content\/uploads\/2018\/07\/push-r-30.jpg\" alt=\"\" width=\"61\" height=\"30\" \/><\/a>\u00a0<\/strong><\/p>\n<hr \/>\n<p><strong>Adresa \/ Adresse<br \/>\n<\/strong>Su\u0107uraj, \u00a0Put Lu\u010dice<\/p>\n<p><strong>Lokacija \/ Position<a href=\"https:\/\/goo.gl\/maps\/baUTS8Y7a6UrAmTF9\"><img loading=\"lazy\" decoding=\"async\" class=\"alignright wp-image-11809\" src=\"https:\/\/www.topohvar.at\/wp-content\/uploads\/2018\/09\/0785.jpg\" alt=\"\" width=\"134\" height=\"100\" \/><\/a><br \/>\n<\/strong><span style=\"color: #3366ff;\"><a style=\"color: #3366ff;\" href=\"https:\/\/goo.gl\/maps\/baUTS8Y7a6UrAmTF9\">Latitude: N 43,12474\u00b0\u00a0 \u00a0Longitude: E 17,19627\u00b0<\/a> <\/span><strong><br \/>\n<\/strong>Visina \/ H\u00f6he: 6 m<\/p>\n<p><strong>Katastarska \u010destica<\/strong><strong> \/ Grundst\u00fccke<br \/>\n<\/strong>*228<div class='content-column one_half'><div style=\"padding-right:6px;\"><p><strong>Datum snimanja \/ Erfassungsdatum<br \/>\n<\/strong>27.05.2012 12:03:00<\/p>\n<hr \/>\n<p><strong>Informacije<\/strong><\/p>\n<p>Crkvica sv. Ante je stajao kraj starog svjetionika, malo ju\u017enije od novog svjetionika. Stari svjetionik i kapela sru\u0161eni su u njema\u010dkom bombardiranju 1943. godine. 1906.-1908. godine sagra\u0111en novi svjetionik.<\/p><\/div><\/div><div class='content-column one_half last_column'><div style=\"padding-right:0px;padding-left:6px;\"><p><strong>Stupanj za\u0161tite<\/strong><strong> \/ Schutzstellung<br \/>\n<\/strong>Z-4946<\/p>\n<hr \/>\n<p><strong>Info<\/strong><\/p>\n<p>Die kleine Kirche des hl. Antonius stand fr\u00fcher beim alten Leuchtturm, knapp s\u00fcdlich des neuen Leuchtturmes. Der alte Leuchtturm\u00a0 und die Kapelle wurden durch deutschen Bomben im Jahr 1943 zerst\u00f6rt. Der neue Leuchtturm wurde in den Jahren 1906 bis 1908 gebaut.<\/p><\/div><\/div><div class='clear_column'><\/div><div class='content-column one_half'><div style=\"padding-right:6px;\"><p>Crkva se mo\u017ee vidjeti u francuskom katastru iz prve polovice 19. stolje\u0107a (St. Antonio).<\/p><\/div><\/div><div class='content-column one_half last_column'><div style=\"padding-right:0px;padding-left:6px;\"><p>Im franziszeischen Kataster aus der ersten H\u00e4lfte des 19. Jahrhunderts ist die Kirche ersichtlich (St. Antonio).<\/p><\/div><\/div><div class='clear_column'><\/div><\/p>\n<hr \/>\n<div class='content-column one_half'><div style=\"padding-right:6px;\"><p>Nik\u0161a Vujanovi\u0107 javlja na Facebooku:<\/p>\n<p>Prvi svjetionik je na slici lijevo, a njegov toranj je dodan na kapelicu Svetoga Ante, koja je na tom mjestu izgra\u0111ena, najvjerojatnije, u 18. stolje\u0107u. Kapelica je ucrtana na katastarskoj karti iz 1834. godine.<\/p><\/div><\/div><div class='content-column one_half last_column'><div style=\"padding-right:0px;padding-left:6px;\"><p>Niksa Vujnovic berichtet auf Faceboopk:<\/p>\n<p>Der erste Leuchtturm ist im Bild links zu sehen und sein Turm wurde der Kapelle des Heiligen Antonius hinzugef\u00fcgt, die h\u00f6chstwahrscheinlich im 18. Jahrhundert an dieser Stelle errichtet wurde.<\/p><\/div><\/div><div class='clear_column'><\/div><\/p>\n<p><img loading=\"lazy\" decoding=\"async\" class=\"aligncenter size-full wp-image-71084\" src=\"https:\/\/www.topohvar.at\/wp-content\/uploads\/2025\/02\/su-os-01-9.jpg\" alt=\"\" width=\"1080\" height=\"530\" srcset=\"https:\/\/www.topohvar.at\/wp-content\/uploads\/2025\/02\/su-os-01-9.jpg 1080w, https:\/\/www.topohvar.at\/wp-content\/uploads\/2025\/02\/su-os-01-9-300x147.jpg 300w, https:\/\/www.topohvar.at\/wp-content\/uploads\/2025\/02\/su-os-01-9-1024x503.jpg 1024w, https:\/\/www.topohvar.at\/wp-content\/uploads\/2025\/02\/su-os-01-9-768x377.jpg 768w\" sizes=\"auto, (max-width: 1080px) 100vw, 1080px\" \/><\/p>\n<p style=\"text-align: right;\"><span style=\"color: #3366ff;\"><a style=\"color: #3366ff;\" href=\"#seite_oben\">natrag na vrh \/ Seitenanfang<\/a><\/span><\/p>\n<hr \/>\n<p><strong>Linkovi \/ Links<\/strong><\/p>\n<p><span style=\"color: #3366ff;\"><a style=\"color: #3366ff;\" href=\"https:\/\/www.topohvar.at\/topo\/su-os-01-1\/\">Svjetionik\/Leuchtturm Su\u0107uraj<\/a><\/span><\/p>\n","protected":false},"excerpt":{"rendered":"<p>Ime \/ Name Nekada\u0161nja crkvica \u00bbSv. Ante\u00ab \/ ehemalige kleine Kirche des hl. Antonius Code: SU-CK-03\u00a0 \u00a0 \u00a0 \u00a0 \u00a0 \u00a0 \u00a0 \u00a0 \u00a0 \u00a0 \u00a0 \u00a0 \u00a0 \u00a0 \u00a0 \u00a0 \u00a0 Adresa \/ Adresse Su\u0107uraj, \u00a0Put Lu\u010dice Lokacija \/ &hellip; <a href=\"https:\/\/www.topohvar.at\/topo\/orte\/su\/su-ck-03-1\/\">Weiterlesen <span class=\"meta-nav\">&rarr;<\/span><\/a><\/p>\n","protected":false},"author":1,"featured_media":0,"parent":103,"menu_order":0,"comment_status":"closed","ping_status":"closed","template":"","meta":{"footnotes":""},"class_list":["post-36015","page","type-page","status-publish","hentry"],"_links":{"self":[{"href":"https:\/\/www.topohvar.at\/topo\/wp-json\/wp\/v2\/pages\/36015","targetHints":{"allow":["GET"]}}],"collection":[{"href":"https:\/\/www.topohvar.at\/topo\/wp-json\/wp\/v2\/pages"}],"about":[{"href":"https:\/\/www.topohvar.at\/topo\/wp-json\/wp\/v2\/types\/page"}],"author":[{"embeddable":true,"href":"https:\/\/www.topohvar.at\/topo\/wp-json\/wp\/v2\/users\/1"}],"replies":[{"embeddable":true,"href":"https:\/\/www.topohvar.at\/topo\/wp-json\/wp\/v2\/comments?post=36015"}],"version-history":[{"count":8,"href":"https:\/\/www.topohvar.at\/topo\/wp-json\/wp\/v2\/pages\/36015\/revisions"}],"predecessor-version":[{"id":71086,"href":"https:\/\/www.topohvar.at\/topo\/wp-json\/wp\/v2\/pages\/36015\/revisions\/71086"}],"up":[{"embeddable":true,"href":"https:\/\/www.topohvar.at\/topo\/wp-json\/wp\/v2\/pages\/103"}],"wp:attachment":[{"href":"https:\/\/www.topohvar.at\/topo\/wp-json\/wp\/v2\/media?parent=36015"}],"curies":[{"name":"wp","href":"https:\/\/api.w.org\/{rel}","templated":true}]}}