{"id":3603,"date":"2018-08-07T06:55:56","date_gmt":"2018-08-07T04:55:56","guid":{"rendered":"https:\/\/www.topohvar.at\/?page_id=3603"},"modified":"2026-04-25T10:30:47","modified_gmt":"2026-04-25T08:30:47","slug":"sg-mo-15-2","status":"publish","type":"page","link":"https:\/\/www.topohvar.at\/topo\/orte\/sg\/sg-mo-15-2\/","title":{"rendered":"STARI GRAD &#8211; Spomenik \u00bbAerodrom\u00ab"},"content":{"rendered":"<p><a name=\"seite_oben\"><\/a><br \/>\n<img loading=\"lazy\" decoding=\"async\" class=\"alignnone wp-image-3572 size-large\" src=\"https:\/\/www.topohvar.at\/wp-content\/uploads\/2018\/08\/sg-mo-15-1-1024x503.jpg\" alt=\"\" width=\"640\" height=\"314\" srcset=\"https:\/\/www.topohvar.at\/wp-content\/uploads\/2018\/08\/sg-mo-15-1-1024x503.jpg 1024w, https:\/\/www.topohvar.at\/wp-content\/uploads\/2018\/08\/sg-mo-15-1-300x147.jpg 300w, https:\/\/www.topohvar.at\/wp-content\/uploads\/2018\/08\/sg-mo-15-1-768x377.jpg 768w\" sizes=\"auto, (max-width: 640px) 100vw, 640px\" \/><\/p>\n<p><strong>Ime \/ Name<br \/>\n<\/strong>Spomenik \u00bbAerodrom\u00ab \/ Denkmal am Flugplatz<\/p>\n<p><strong>Code: <\/strong>SG-MO-15\u00a0 \u00a0 \u00a0 \u00a0 \u00a0 \u00a0 \u00a0 \u00a0 \u00a0 \u00a0 \u00a0 \u00a0 \u00a0 \u00a0 \u00a0 \u00a0 \u00a0 \u00a0\u00a0<strong><a href=\"https:\/\/www.topohvar.at\/orte\/sg\/sg-mo-19-1\/\"><img loading=\"lazy\" decoding=\"async\" class=\"alignnone wp-image-533 size-full\" src=\"https:\/\/www.topohvar.at\/wp-content\/uploads\/2018\/07\/push-l-30.jpg\" alt=\"\" width=\"61\" height=\"30\" \/><\/a> <a href=\"https:\/\/www.topohvar.at\/orte\/sg\/\"><img loading=\"lazy\" decoding=\"async\" class=\"alignnone wp-image-535 size-full\" src=\"https:\/\/www.topohvar.at\/wp-content\/uploads\/2018\/07\/push-o-30.jpg\" alt=\"\" width=\"61\" height=\"30\" \/><\/a> <a href=\"https:\/\/www.topohvar.at\/orte\/sg\/sg-mo-11-2\/\"><img loading=\"lazy\" decoding=\"async\" class=\"alignnone wp-image-536 size-full\" src=\"https:\/\/www.topohvar.at\/wp-content\/uploads\/2018\/07\/push-r-30.jpg\" alt=\"\" width=\"61\" height=\"30\" \/><\/a><\/strong><\/p>\n<hr \/>\n<p><strong>Adresa \/ Adresse<br \/>\n<\/strong>Stari Grad, aerodrom<\/p>\n<p><strong>Lokacija \/ Position<a href=\"https:\/\/goo.gl\/maps\/7NkBJxC7zXa5ujKh6\"><img loading=\"lazy\" decoding=\"async\" class=\"alignright wp-image-3638\" src=\"https:\/\/www.topohvar.at\/wp-content\/uploads\/2018\/08\/1470.jpg\" alt=\"\" width=\"134\" height=\"100\" \/><\/a><br \/>\n<\/strong><span style=\"color: #3366ff;\"><a style=\"color: #3366ff;\" href=\"https:\/\/goo.gl\/maps\/7NkBJxC7zXa5ujKh6\">Latitude: N 43,18114\u00b0\u00a0 \u00a0Longitude: E 16,63798\u00b0<\/a> <\/span><strong><br \/>\n<\/strong>Visina \/ H\u00f6he: 21 m<\/p>\n<p><strong>Katastarska \u010destica \/ Grundst\u00fccke<br \/>\n<\/strong>5255\/1<div class='content-column one_half'><div style=\"padding-right:6px;\"><p><strong>Datum snimanja \/ Erfassungsdatum<br \/>\n<\/strong>13.05.2017 13:36:00<\/p>\n<hr \/>\n<p><strong>Informacije<\/strong><\/p>\n<p>Spomen obilje\u017eje podignuto je na sjeveroisto\u010dnom uglu zra\u010dne luke 2016. godine. Crna granitna plo\u010da pri\u010dvr\u0161\u0107ena je na prirodni kamen i sa sljede\u0107im natpisom:<\/p><\/div><\/div><div class='content-column one_half last_column'><div style=\"padding-right:0px;padding-left:6px;\"><p><strong>Stupanj za\u0161tite \/ Schutzstellung<br \/>\n<\/strong>&#8211;<\/p>\n<hr \/>\n<p><strong>Info<\/strong><\/p>\n<p>Das Denkmal wurde an der Nordostecke des Flugfeldes im Jahr 2016 errichtet. Auf einem Naturstein ist eine schwarze Granitpatte befestigt mit folgender Inschrift:<\/p><\/div><\/div><div class='clear_column'><\/div><div class='content-column one_half'><div style=\"padding-right:6px;\"><p style=\"text-align: center;\">NA OVUM JE LETJELI\u0160TU DJELOVAO DOBROVOLJA\u010cKI<br \/>\nVOD ZBORA NARODNE GARDE OD SRPNJA DO<br \/>\nRUJNA 1991. GODINE. KADA JE IZVR\u0160ENO RAKETIRANJE<br \/>\nOD STRANE SRBO\u010cETNI\u010cKE JNA<br \/>\n( Jugoslovenska narodna armija).<br \/>\nU SPOMEN HVARSKIM DRAGOVOLJCIMA KOJI SU<br \/>\nHRABRO BRANILI SVOJU DOMOVINU HRVATSKU.<br \/>\nPOVODOM 25. OBLJETNICE<br \/>\nPOSTAVLJAJU HVARSKI DRAGOVOLJCI<br \/>\nUHBDDR \u2013 OGRANAK JELSA<br \/>\n2016 G.<\/p><\/div><\/div><div class='content-column one_half last_column'><div style=\"padding-right:0px;padding-left:6px;\"><p style=\"text-align: center;\">Dieser Flugplatz wurde von einem Freiwilligenzug<br \/>\nder Nationalgarde von Juli bis September 1991<br \/>\nbetrieben wo sie unter Raketenbeschuss<br \/>\nseitens serbischer \u010cetniks der jugoslawischen<br \/>\nVolksarmee gelangten.<br \/>\nIn Erinnerung an die Hvarer Freiwilligen,<br \/>\ndie tapfer ihre Heimat Kroatien verteidigten.<br \/>\nAnl\u00e4sslich des 25. Jahrestages<br \/>\nvon den Hvarer Freiwilligen UHBDDR \u2013<br \/>\nOrganisation Jelsa im Jahre<br \/>\n2016 errichtet.<\/p><\/div><\/div><div class='clear_column'><\/div><div class='content-column one_half'><div style=\"padding-right:6px;\"><p>2023. godine spomenik je premje\u0161ten oko 150 m prema Starom Gadu, na mjesto sjeverno od ceste.<\/p><\/div><\/div><div class='content-column one_half last_column'><div style=\"padding-right:0px;padding-left:6px;\"><p>Im Jahre 2023 wurde das Denkmal etwa 150 m Richtung Stari Gad, an einen Standort n\u00f6rdlich der Stra\u00dfe, versetzt.<\/p><\/div><\/div><div class='clear_column'><\/div><\/p>\n<p><strong>Lokacija \/ Position<a href=\"https:\/\/maps.app.goo.gl\/FPRuJMXGpHRZTUCi9\"><img loading=\"lazy\" decoding=\"async\" class=\"alignright wp-image-69727\" src=\"https:\/\/www.topohvar.at\/wp-content\/uploads\/2024\/10\/4197.jpg\" alt=\"\" width=\"134\" height=\"100\" \/><\/a><br \/>\n<\/strong><a href=\"https:\/\/maps.app.goo.gl\/FPRuJMXGpHRZTUCi9\"><span style=\"color: #3366ff;\">Latitude: N 43,18151\u00b0\u00a0 \u00a0Longitude: E 16,63634\u00b0 <\/span><\/a><strong><br \/>\n<\/strong>Visina \/ H\u00f6he: 21 m<\/p>\n<p><strong>Katastarska \u010destica \/ Grundst\u00fccke<br \/>\n<\/strong>5267<div class='content-column one_half'><div style=\"padding-right:6px;\"><\/div><\/div><\/p>\n<p><img loading=\"lazy\" decoding=\"async\" class=\"alignright size-large wp-image-69729\" src=\"https:\/\/www.topohvar.at\/wp-content\/uploads\/2024\/10\/sg-om-15-20-1024x492.jpg\" alt=\"\" width=\"640\" height=\"308\" srcset=\"https:\/\/www.topohvar.at\/wp-content\/uploads\/2024\/10\/sg-om-15-20-1024x492.jpg 1024w, https:\/\/www.topohvar.at\/wp-content\/uploads\/2024\/10\/sg-om-15-20-300x144.jpg 300w, https:\/\/www.topohvar.at\/wp-content\/uploads\/2024\/10\/sg-om-15-20-768x369.jpg 768w, https:\/\/www.topohvar.at\/wp-content\/uploads\/2024\/10\/sg-om-15-20.jpg 1080w\" sizes=\"auto, (max-width: 640px) 100vw, 640px\" \/><\/p>\n<p style=\"text-align: right;\"><a href=\"#seite_oben\">natrag na vrh \/ Seitenanfang<\/a><\/p>\n<hr \/>\n<p><strong>Linkovi \/ Links<\/strong><\/p>\n<p><span style=\"color: #3366ff;\"><a style=\"color: #3366ff;\" href=\"https:\/\/www.topohvar.at\/topo\/orte\/sg\/sg-pu-11-1\/\">Hvar Airport<\/a><\/span><\/p>\n","protected":false},"excerpt":{"rendered":"<p>Ime \/ Name Spomenik \u00bbAerodrom\u00ab \/ Denkmal am Flugplatz Code: SG-MO-15\u00a0 \u00a0 \u00a0 \u00a0 \u00a0 \u00a0 \u00a0 \u00a0 \u00a0 \u00a0 \u00a0 \u00a0 \u00a0 \u00a0 \u00a0 \u00a0 \u00a0 \u00a0\u00a0 Adresa \/ Adresse Stari Grad, aerodrom Lokacija \/ Position Latitude: N 43,18114\u00b0\u00a0 &hellip; <a href=\"https:\/\/www.topohvar.at\/topo\/orte\/sg\/sg-mo-15-2\/\">Weiterlesen <span class=\"meta-nav\">&rarr;<\/span><\/a><\/p>\n","protected":false},"author":1,"featured_media":0,"parent":99,"menu_order":0,"comment_status":"closed","ping_status":"closed","template":"","meta":{"footnotes":""},"class_list":["post-3603","page","type-page","status-publish","hentry"],"_links":{"self":[{"href":"https:\/\/www.topohvar.at\/topo\/wp-json\/wp\/v2\/pages\/3603","targetHints":{"allow":["GET"]}}],"collection":[{"href":"https:\/\/www.topohvar.at\/topo\/wp-json\/wp\/v2\/pages"}],"about":[{"href":"https:\/\/www.topohvar.at\/topo\/wp-json\/wp\/v2\/types\/page"}],"author":[{"embeddable":true,"href":"https:\/\/www.topohvar.at\/topo\/wp-json\/wp\/v2\/users\/1"}],"replies":[{"embeddable":true,"href":"https:\/\/www.topohvar.at\/topo\/wp-json\/wp\/v2\/comments?post=3603"}],"version-history":[{"count":16,"href":"https:\/\/www.topohvar.at\/topo\/wp-json\/wp\/v2\/pages\/3603\/revisions"}],"predecessor-version":[{"id":74577,"href":"https:\/\/www.topohvar.at\/topo\/wp-json\/wp\/v2\/pages\/3603\/revisions\/74577"}],"up":[{"embeddable":true,"href":"https:\/\/www.topohvar.at\/topo\/wp-json\/wp\/v2\/pages\/99"}],"wp:attachment":[{"href":"https:\/\/www.topohvar.at\/topo\/wp-json\/wp\/v2\/media?parent=3603"}],"curies":[{"name":"wp","href":"https:\/\/api.w.org\/{rel}","templated":true}]}}