{"id":36258,"date":"2020-04-27T09:43:30","date_gmt":"2020-04-27T07:43:30","guid":{"rendered":"https:\/\/www.topohvar.at\/topo\/?page_id=36258"},"modified":"2021-12-12T08:35:46","modified_gmt":"2021-12-12T07:35:46","slug":"je-pu-06-1","status":"publish","type":"page","link":"https:\/\/www.topohvar.at\/topo\/orte\/je\/je-pu-06-1\/","title":{"rendered":"JELSA &#8211; Objekt \u00bbRiva\u00ab"},"content":{"rendered":"<p><a name=\"seite_oben\"><\/a><\/p>\n<div id=\"attachment_36262\" style=\"width: 1090px\" class=\"wp-caption alignnone\"><img loading=\"lazy\" decoding=\"async\" aria-describedby=\"caption-attachment-36262\" class=\"wp-image-36262 size-full\" src=\"https:\/\/www.topohvar.at\/wp-content\/uploads\/2020\/04\/je-pu-06-0.jpg\" alt=\"\" width=\"1080\" height=\"530\" srcset=\"https:\/\/www.topohvar.at\/wp-content\/uploads\/2020\/04\/je-pu-06-0.jpg 1080w, https:\/\/www.topohvar.at\/wp-content\/uploads\/2020\/04\/je-pu-06-0-300x147.jpg 300w, https:\/\/www.topohvar.at\/wp-content\/uploads\/2020\/04\/je-pu-06-0-1024x503.jpg 1024w, https:\/\/www.topohvar.at\/wp-content\/uploads\/2020\/04\/je-pu-06-0-768x377.jpg 768w\" sizes=\"auto, (max-width: 1080px) 100vw, 1080px\" \/><p id=\"caption-attachment-36262\" class=\"wp-caption-text\">Live Webcam \/ enjoyjelsa.com (27.04.2020 09:53:00)<\/p><\/div>\n<p><strong>Ime \/ Name<br \/>\n<\/strong>Objekt \u00bbRiva\u00ab \/ Uferstra\u00dfe Riva<\/p>\n<p><strong>Code: <\/strong>JE-PU-06\u00a0 \u00a0 \u00a0 \u00a0 \u00a0 \u00a0 \u00a0 \u00a0 \u00a0 \u00a0 \u00a0 \u00a0 \u00a0 \u00a0 \u00a0 \u00a0 \u00a0 \u00a0 \u00a0 \u00a0 <a href=\"https:\/\/www.topohvar.at\/orte\/je\/je-os-01-1\/\"><img loading=\"lazy\" decoding=\"async\" class=\"alignnone wp-image-12300 size-full\" src=\"https:\/\/www.topohvar.at\/wp-content\/uploads\/2018\/09\/push-vor-30.jpg\" alt=\"\" width=\"61\" height=\"30\" \/><\/a>\u00a0<strong><a href=\"https:\/\/www.topohvar.at\/orte\/je\/je-pu-07-1\/\"><img loading=\"lazy\" decoding=\"async\" class=\"alignnone wp-image-533 size-full\" src=\"https:\/\/www.topohvar.at\/wp-content\/uploads\/2018\/07\/push-l-30.jpg\" alt=\"\" width=\"61\" height=\"30\" \/><\/a> <a href=\"https:\/\/www.topohvar.at\/orte\/je\/\"><img loading=\"lazy\" decoding=\"async\" class=\"alignnone wp-image-535 size-full\" src=\"https:\/\/www.topohvar.at\/wp-content\/uploads\/2018\/07\/push-o-30.jpg\" alt=\"\" width=\"61\" height=\"30\" \/><\/a> <a href=\"https:\/\/www.topohvar.at\/orte\/je\/je-pu-02-1\/\"><img loading=\"lazy\" decoding=\"async\" class=\"alignnone wp-image-536 size-full\" src=\"https:\/\/www.topohvar.at\/wp-content\/uploads\/2018\/07\/push-r-30.jpg\" alt=\"\" width=\"61\" height=\"30\" \/><\/a>\u00a0<a href=\"https:\/\/www.topohvar.at\/orte\/je\/je-ov-01-1\/\"><img loading=\"lazy\" decoding=\"async\" class=\"alignnone wp-image-12299 size-full\" src=\"https:\/\/www.topohvar.at\/wp-content\/uploads\/2018\/09\/push-next-30.jpg\" alt=\"\" width=\"61\" height=\"30\" \/><\/a><\/strong><\/p>\n<hr \/>\n<p><strong>Adresa \/ Adresse<br \/>\n<\/strong>Jelsa, Riva<\/p>\n<p><strong>Lokacija \/ Position<a href=\"https:\/\/goo.gl\/maps\/dTvKUS2VHt9hbPpe6\"><img loading=\"lazy\" decoding=\"async\" class=\"alignright wp-image-24077\" src=\"https:\/\/www.topohvar.at\/wp-content\/uploads\/2019\/08\/2074.jpg\" alt=\"\" width=\"134\" height=\"100\" \/><\/a><br \/>\n<\/strong><span style=\"color: #3366ff;\"><a style=\"color: #3366ff;\" href=\"https:\/\/goo.gl\/maps\/dTvKUS2VHt9hbPpe6\">Latitude: N 43,16158\u00b0\u00a0 \u00a0Longitude: E 16,69413\u00b0<\/a><br \/>\n<\/span>Visina \/ H\u00f6he: 1 m<\/p>\n<p><strong>Katastarska \u010destica \/ Grundst\u00fccke<br \/>\n<\/strong>5663\/2 <div class='content-column one_half'><div style=\"padding-right:6px;\"><p><strong>Datum snimanja \/ Erfassungsdatum<br \/>\n<\/strong>17.10.2018 11:00:00<\/p>\n<hr \/>\n<p><strong>Informacije<\/strong><\/p>\n<p>\u0160etali\u0161te na ju\u017enoj i zapadnoj strani luke Jelsa. Ju\u017ena strana luke Jelsa obnovljena je i pro\u0161irena u 2016. &#8211; 2017. Ovdje nalaze se pristani\u0161ta za brojne izletni\u010dke brodove koji posje\u0107uju Jelsu.<\/p><\/div><\/div><div class='content-column one_half last_column'><div style=\"padding-right:0px;padding-left:6px;\"><p><strong>Stupanj za\u0161tite \/ Schutzstellung<br \/>\n<\/strong>&#8211;<\/p>\n<hr \/>\n<p><strong>Info<\/strong><\/p>\n<p>Promenade an der S\u00fcd- und Westseite des Hafens von Jelsa. Die S\u00fcdseite des Hafens von Jelsa wurde in den Jahren 2016 &#8211; 2017 renoviert und erweitert.\u00a0 Hier befinden sich die Anlegestellen f\u00fcr die vielen Ausflugsboote die Jelsa besuchen.<\/p><\/div><\/div><div class='clear_column'><\/div><\/p>\n<div id=\"attachment_36261\" style=\"width: 1090px\" class=\"wp-caption alignnone\"><img loading=\"lazy\" decoding=\"async\" aria-describedby=\"caption-attachment-36261\" class=\"wp-image-36261 size-full\" src=\"https:\/\/www.topohvar.at\/wp-content\/uploads\/2020\/04\/je-pu-06-1.jpg\" alt=\"\" width=\"1080\" height=\"530\" srcset=\"https:\/\/www.topohvar.at\/wp-content\/uploads\/2020\/04\/je-pu-06-1.jpg 1080w, https:\/\/www.topohvar.at\/wp-content\/uploads\/2020\/04\/je-pu-06-1-300x147.jpg 300w, https:\/\/www.topohvar.at\/wp-content\/uploads\/2020\/04\/je-pu-06-1-1024x503.jpg 1024w, https:\/\/www.topohvar.at\/wp-content\/uploads\/2020\/04\/je-pu-06-1-768x377.jpg 768w\" sizes=\"auto, (max-width: 1080px) 100vw, 1080px\" \/><p id=\"caption-attachment-36261\" class=\"wp-caption-text\">Riva &#8211; isto\u010dni dio prije obnove 2016\/2017 \/ Riva &#8211; Ostteil vor Umbau 2016\/2017<\/p><\/div>\n<div id=\"attachment_49713\" style=\"width: 1090px\" class=\"wp-caption alignnone\"><img loading=\"lazy\" decoding=\"async\" aria-describedby=\"caption-attachment-49713\" class=\"wp-image-49713 size-full\" src=\"https:\/\/www.topohvar.at\/wp-content\/uploads\/2021\/06\/je-pu-06-10.jpg\" alt=\"\" width=\"1080\" height=\"530\" srcset=\"https:\/\/www.topohvar.at\/wp-content\/uploads\/2021\/06\/je-pu-06-10.jpg 1080w, https:\/\/www.topohvar.at\/wp-content\/uploads\/2021\/06\/je-pu-06-10-300x147.jpg 300w, https:\/\/www.topohvar.at\/wp-content\/uploads\/2021\/06\/je-pu-06-10-1024x503.jpg 1024w, https:\/\/www.topohvar.at\/wp-content\/uploads\/2021\/06\/je-pu-06-10-768x377.jpg 768w\" sizes=\"auto, (max-width: 1080px) 100vw, 1080px\" \/><p id=\"caption-attachment-49713\" class=\"wp-caption-text\">Riva &#8211; Ju\u017eni dio, obnova 2021.g. \/ Riva &#8211; S\u00fcdteil, Umbau 2021<\/p><\/div>\n<div id=\"attachment_53223\" style=\"width: 1090px\" class=\"wp-caption aligncenter\"><img loading=\"lazy\" decoding=\"async\" aria-describedby=\"caption-attachment-53223\" class=\"wp-image-53223 size-full\" src=\"https:\/\/www.topohvar.at\/wp-content\/uploads\/2021\/11\/je-pu-06-11.jpg\" alt=\"\" width=\"1080\" height=\"530\" srcset=\"https:\/\/www.topohvar.at\/wp-content\/uploads\/2021\/11\/je-pu-06-11.jpg 1080w, https:\/\/www.topohvar.at\/wp-content\/uploads\/2021\/11\/je-pu-06-11-300x147.jpg 300w, https:\/\/www.topohvar.at\/wp-content\/uploads\/2021\/11\/je-pu-06-11-1024x503.jpg 1024w, https:\/\/www.topohvar.at\/wp-content\/uploads\/2021\/11\/je-pu-06-11-768x377.jpg 768w\" sizes=\"auto, (max-width: 1080px) 100vw, 1080px\" \/><p id=\"caption-attachment-53223\" class=\"wp-caption-text\">Riva &#8211; nakon redizajna 2021 \/ Riva &#8211; nach der Neugestaltung 2021<\/p><\/div>\n<p style=\"text-align: right;\"><a href=\"#seite_oben\">natrag na vrh \/ Seitenanfang<\/a><\/p>\n<hr \/>\n<p><strong>Linkovi \/ Links<\/strong><\/p>\n<p><span style=\"color: #3366ff;\"><a style=\"color: #3366ff;\" href=\"http:\/\/www.enjoyjelsa.com\">Webcam Jelsa-Riva<\/a><br \/>\n<a style=\"color: #3366ff;\" href=\"https:\/\/www.topohvar.at\/topo\/orte\/je\/je-pu-04-1\/\">Objekt \u00bbJu\u017eni lukobran\u00ab \/ S\u00fcdmole<\/a><br \/>\n<a style=\"color: #3366ff;\" href=\"https:\/\/www.topohvar.at\/topo\/orte\/je\/je-os-03-1\/\">Objekt \u00bbSvjetionik Novi gat\u00ab \/ Objekt \u00bbLeuchtfeuer Novi gat\u00ab<\/a><br \/>\n<a style=\"color: #3366ff;\" href=\"https:\/\/www.topohvar.at\/topo\/orte\/je\/je-mo-09-1\/\">Skulptura \u00bbGaleb\u00ab \/ Skulptur\u00a0\u00bbM\u00f6ve\u00ab am Novi Gat<\/a><br \/>\n<a style=\"color: #3366ff;\" href=\"https:\/\/www.topohvar.at\/topo\/orte\/je\/je-ob-03-1\/\">Objekt \u00bbPismo J E L S A\u00ab\u00a0 \/ Schriftzug JELSA<\/a><br \/>\n<a style=\"color: #3366ff;\" href=\"https:\/\/www.topohvar.at\/topo\/orte\/je\/je-ob-04-1\/\">Objekt \u00bbDio stari zid pristani\u0161ta s stepenicom\u00ab \/ Teil der alten Hafenmauer<\/a><br \/>\n<a style=\"color: #3366ff;\" href=\"https:\/\/www.topohvar.at\/topo\/orte\/je\/je-mo-06-1\/\">Skulptura \u00bbNa\u0161 tovor\u00ab \/ Skulptur \u00bbUnser Esel\u00ab<\/a><br \/>\n<a style=\"color: #3366ff;\" href=\"https:\/\/www.topohvar.at\/topo\/orte\/je\/je-ob-05-1\/\">Objekt \u00bbOvalna baza\u00ab \/ ovale Basis<\/a><br \/>\n<a style=\"color: #3366ff;\" href=\"https:\/\/www.topohvar.at\/topo\/orte\/je\/je-ob-02-1\/\">Objekt \u00bbRu\u017ea vjetrova\u00ab \/ Windrose<\/a><\/span><\/p>\n<p>&nbsp;<\/p>\n","protected":false},"excerpt":{"rendered":"<p>Ime \/ Name Objekt \u00bbRiva\u00ab \/ Uferstra\u00dfe Riva Code: JE-PU-06\u00a0 \u00a0 \u00a0 \u00a0 \u00a0 \u00a0 \u00a0 \u00a0 \u00a0 \u00a0 \u00a0 \u00a0 \u00a0 \u00a0 \u00a0 \u00a0 \u00a0 \u00a0 \u00a0 \u00a0 \u00a0 \u00a0 Adresa \/ Adresse Jelsa, Riva Lokacija \/ Position Latitude: &hellip; <a href=\"https:\/\/www.topohvar.at\/topo\/orte\/je\/je-pu-06-1\/\">Weiterlesen <span class=\"meta-nav\">&rarr;<\/span><\/a><\/p>\n","protected":false},"author":1,"featured_media":0,"parent":85,"menu_order":0,"comment_status":"closed","ping_status":"closed","template":"","meta":{"footnotes":""},"class_list":["post-36258","page","type-page","status-publish","hentry"],"_links":{"self":[{"href":"https:\/\/www.topohvar.at\/topo\/wp-json\/wp\/v2\/pages\/36258","targetHints":{"allow":["GET"]}}],"collection":[{"href":"https:\/\/www.topohvar.at\/topo\/wp-json\/wp\/v2\/pages"}],"about":[{"href":"https:\/\/www.topohvar.at\/topo\/wp-json\/wp\/v2\/types\/page"}],"author":[{"embeddable":true,"href":"https:\/\/www.topohvar.at\/topo\/wp-json\/wp\/v2\/users\/1"}],"replies":[{"embeddable":true,"href":"https:\/\/www.topohvar.at\/topo\/wp-json\/wp\/v2\/comments?post=36258"}],"version-history":[{"count":12,"href":"https:\/\/www.topohvar.at\/topo\/wp-json\/wp\/v2\/pages\/36258\/revisions"}],"predecessor-version":[{"id":55016,"href":"https:\/\/www.topohvar.at\/topo\/wp-json\/wp\/v2\/pages\/36258\/revisions\/55016"}],"up":[{"embeddable":true,"href":"https:\/\/www.topohvar.at\/topo\/wp-json\/wp\/v2\/pages\/85"}],"wp:attachment":[{"href":"https:\/\/www.topohvar.at\/topo\/wp-json\/wp\/v2\/media?parent=36258"}],"curies":[{"name":"wp","href":"https:\/\/api.w.org\/{rel}","templated":true}]}}