{"id":36298,"date":"2020-04-27T14:51:32","date_gmt":"2020-04-27T12:51:32","guid":{"rendered":"https:\/\/www.topohvar.at\/topo\/?page_id=36298"},"modified":"2024-04-23T17:43:56","modified_gmt":"2024-04-23T15:43:56","slug":"za-aa-01-1","status":"publish","type":"page","link":"https:\/\/www.topohvar.at\/topo\/orte\/za\/za-aa-01-1\/","title":{"rendered":"ZASTRA\u017dI\u0160\u0106E &#8211; Selo \u00bbMola Bonda (Mala Banda)\u00ab"},"content":{"rendered":"<p><a name=\"seite_oben\"><\/a><strong><img loading=\"lazy\" decoding=\"async\" class=\"alignnone wp-image-36299 size-full\" src=\"https:\/\/www.topohvar.at\/wp-content\/uploads\/2020\/04\/za-aa-01-1.jpg\" alt=\"\" width=\"640\" height=\"314\" srcset=\"https:\/\/www.topohvar.at\/wp-content\/uploads\/2020\/04\/za-aa-01-1.jpg 640w, https:\/\/www.topohvar.at\/wp-content\/uploads\/2020\/04\/za-aa-01-1-300x147.jpg 300w\" sizes=\"auto, (max-width: 640px) 100vw, 640px\" \/><\/strong><\/p>\n<p><strong>Ime \/ Name<br \/>\n<\/strong>Selo \u00bbMola Bonda (Mala Banda)\u00ab<\/p>\n<p><strong>Code: <\/strong>ZA-AA-01\u00a0 \u00a0 \u00a0 \u00a0 \u00a0 \u00a0 \u00a0 \u00a0 \u00a0 \u00a0 \u00a0 \u00a0 \u00a0 \u00a0 \u00a0 \u00a0 \u00a0 \u00a0 \u00a0 \u00a0\u00a0<strong> <a href=\"https:\/\/www.topohvar.at\/topo\/orte\/za\/za-aa-00-1\/\"><img loading=\"lazy\" decoding=\"async\" class=\"alignnone wp-image-533 size-full\" src=\"https:\/\/www.topohvar.at\/wp-content\/uploads\/2018\/07\/push-l-30.jpg\" alt=\"\" width=\"61\" height=\"30\" \/><\/a> <a href=\"https:\/\/www.topohvar.at\/orte\/za\/\"><img loading=\"lazy\" decoding=\"async\" class=\"alignnone wp-image-535 size-full\" src=\"https:\/\/www.topohvar.at\/wp-content\/uploads\/2018\/07\/push-o-30.jpg\" alt=\"\" width=\"61\" height=\"30\" \/><\/a> <a href=\"https:\/\/www.topohvar.at\/topo\/orte\/za\/za-aa-02-1\/\"><img loading=\"lazy\" decoding=\"async\" class=\"alignnone wp-image-536 size-full\" src=\"https:\/\/www.topohvar.at\/wp-content\/uploads\/2018\/07\/push-r-30.jpg\" alt=\"\" width=\"61\" height=\"30\" \/><\/a> <a href=\"https:\/\/www.topohvar.at\/topo\/orte\/za\/za-au-10-1\/\"><img loading=\"lazy\" decoding=\"async\" class=\"alignnone wp-image-12299 size-full\" src=\"https:\/\/www.topohvar.at\/wp-content\/uploads\/2018\/09\/push-next-30.jpg\" alt=\"\" width=\"61\" height=\"30\" \/><\/a><\/strong><\/p>\n<hr \/>\n<p><strong>Adresa \/ Adresse<br \/>\n<\/strong>Zastra\u017ei\u0161\u0107e, Mola Bonda<\/p>\n<p><strong>Lokalna polo\u017eaj \/ Position<a href=\"https:\/\/goo.gl\/maps\/Nja23Uos77VedaRV7\"><img loading=\"lazy\" decoding=\"async\" class=\"alignright wp-image-36303\" src=\"https:\/\/www.topohvar.at\/wp-content\/uploads\/2020\/04\/2591.jpg\" alt=\"\" width=\"134\" height=\"100\" \/><\/a><br \/>\n<\/strong><a href=\"https:\/\/goo.gl\/maps\/Nja23Uos77VedaRV7\"><span style=\"color: #3366ff;\">Latitude: N 43,14684\u00b0\u00a0 \u00a0Longitude: E 16,83908\u00b0 <\/span><\/a><strong><br \/>\n<\/strong>Visina \/ H\u00f6he: 170 m<\/p>\n<p><strong>Zemlji\u0161te \/ Grundst\u00fccke<br \/>\n<\/strong>&#8211; <div class='content-column one_half'><div style=\"padding-right:6px;\"><p><strong>Datum snimanja \/ Erfassungsdatum<br \/>\n<\/strong>12.05.2018 09:00:00<\/p>\n<hr \/>\n<p><strong>Informacije<\/strong><\/p>\n<p>Selo se nalazi na isto\u010dnom dijelu otoka, na podru\u010dju koje se zove Plame i dio je sela Zastra\u017ei\u0161\u0107e.<\/p><\/div><\/div><div class='content-column one_half last_column'><div style=\"padding-right:0px;padding-left:6px;\"><p><strong>Za\u0161titni polo\u017eaj \/ Schutzstellung<br \/>\n<\/strong>&#8211;<\/p>\n<hr \/>\n<p><strong>Info<\/strong><\/p>\n<p>Das Dorf liegt im \u00f6stlichen Teil der Insel, in der Gegend namens Plame und ist Teil der Ortschaft Zastra\u017ei\u0161\u0107e.<\/p><\/div><\/div><div class='clear_column'><\/div><div class='content-column one_half'><div style=\"padding-right:6px;\"><p>Na slikovitom bre\u017euljku smjestila se \u017eupna crkva Sv. Nikole odakle se pru\u017ea pogled na planinu Biokovo i makarsko primorje. Novo groblje Zastra\u017ei\u0161\u0107e nalazi se u blizini crkve. Na putu prema uvali Milna nalazi se stara crkva svete Barbare.<\/p><\/div><\/div><div class='content-column one_half last_column'><div style=\"padding-right:0px;padding-left:6px;\"><p>Auf einem malerischen H\u00fcgel liegt die Pfarrkirche zum Heiligen Nikolaus, von der sich ein Ausblick auf das Biokovo-Gebirge und die Riviera von Makarska erstreckt. Bei der Kirche befindet sich auch der Friedhof von Zastra\u017ei\u0161\u0107e. Am Weg zur Bucht Milna befindet sich die alte Kirche der heiligen Barbara.<\/p><\/div><\/div><div class='clear_column'><\/div><div class='content-column one_half'><div style=\"padding-right:6px;\"><p>Sa svojim kamenim ku\u0107ama zaselak nudi lijep primjer ruralne arhitekture.<\/p><\/div><\/div><div class='content-column one_half last_column'><div style=\"padding-right:0px;padding-left:6px;\"><p>Der Weiler bietet mit seinen Steinh\u00e4usern, ein wundersch\u00f6nes Beispiel l\u00e4ndlicher Architektur.<\/p><\/div><\/div><div class='clear_column'><\/div><\/p>\n<p style=\"text-align: right;\"><a href=\"#seite_oben\">gore \/ Seitenanfang<\/a><\/p>\n<hr \/>\n<p><strong>Linkovi \/ Links<\/strong><\/p>\n<p><a href=\"https:\/\/www.topohvar.at\/topo\/orte\/za\/za-aa-00-1\/\"><span style=\"color: #3366ff;\">Selo Zastra\u017ei\u0161\u0107e<\/span><\/a><br \/>\n<span style=\"color: #3366ff;\"><a style=\"color: #3366ff;\" href=\"https:\/\/www.topohvar.at\/topo\/orte\/za\/za-ci-01-1\/\">\u017dupna crkva \/ Pfarrkirche \u00bbSv. Nikola<\/a><\/span><br \/>\n<span style=\"color: #3366ff;\"><a style=\"color: #3366ff;\" href=\"https:\/\/www.topohvar.at\/topo\/orte\/za\/za-ob-02-1\/\">Novo groblje \/ Neuer Friedhof<\/a><br \/>\n<a style=\"color: #3366ff;\" href=\"https:\/\/www.topohvar.at\/topo\/orte\/za\/za-ck-03-1\/\">Crkva sv. Barbara \/ Kifrche der hl. Barbara<\/a><br \/>\n<\/span><\/p>\n","protected":false},"excerpt":{"rendered":"<p>Ime \/ Name Selo \u00bbMola Bonda (Mala Banda)\u00ab Code: ZA-AA-01\u00a0 \u00a0 \u00a0 \u00a0 \u00a0 \u00a0 \u00a0 \u00a0 \u00a0 \u00a0 \u00a0 \u00a0 \u00a0 \u00a0 \u00a0 \u00a0 \u00a0 \u00a0 \u00a0 \u00a0\u00a0 Adresa \/ Adresse Zastra\u017ei\u0161\u0107e, Mola Bonda Lokalna polo\u017eaj \/ Position Latitude: &hellip; <a href=\"https:\/\/www.topohvar.at\/topo\/orte\/za\/za-aa-01-1\/\">Weiterlesen <span class=\"meta-nav\">&rarr;<\/span><\/a><\/p>\n","protected":false},"author":1,"featured_media":0,"parent":115,"menu_order":0,"comment_status":"closed","ping_status":"closed","template":"","meta":{"footnotes":""},"class_list":["post-36298","page","type-page","status-publish","hentry"],"_links":{"self":[{"href":"https:\/\/www.topohvar.at\/topo\/wp-json\/wp\/v2\/pages\/36298","targetHints":{"allow":["GET"]}}],"collection":[{"href":"https:\/\/www.topohvar.at\/topo\/wp-json\/wp\/v2\/pages"}],"about":[{"href":"https:\/\/www.topohvar.at\/topo\/wp-json\/wp\/v2\/types\/page"}],"author":[{"embeddable":true,"href":"https:\/\/www.topohvar.at\/topo\/wp-json\/wp\/v2\/users\/1"}],"replies":[{"embeddable":true,"href":"https:\/\/www.topohvar.at\/topo\/wp-json\/wp\/v2\/comments?post=36298"}],"version-history":[{"count":10,"href":"https:\/\/www.topohvar.at\/topo\/wp-json\/wp\/v2\/pages\/36298\/revisions"}],"predecessor-version":[{"id":66799,"href":"https:\/\/www.topohvar.at\/topo\/wp-json\/wp\/v2\/pages\/36298\/revisions\/66799"}],"up":[{"embeddable":true,"href":"https:\/\/www.topohvar.at\/topo\/wp-json\/wp\/v2\/pages\/115"}],"wp:attachment":[{"href":"https:\/\/www.topohvar.at\/topo\/wp-json\/wp\/v2\/media?parent=36298"}],"curies":[{"name":"wp","href":"https:\/\/api.w.org\/{rel}","templated":true}]}}