{"id":36309,"date":"2020-04-27T16:30:47","date_gmt":"2020-04-27T14:30:47","guid":{"rendered":"https:\/\/www.topohvar.at\/topo\/?page_id=36309"},"modified":"2024-04-23T17:44:40","modified_gmt":"2024-04-23T15:44:40","slug":"za-aa-02-1","status":"publish","type":"page","link":"https:\/\/www.topohvar.at\/topo\/orte\/za\/za-aa-02-1\/","title":{"rendered":"ZASTRA\u017dI\u0160\u0106E &#8211; Selo \u00bbDonje Polje (Jerkov Dvor, Kuzmi\u010di\u0107ev Dvor)\u00ab"},"content":{"rendered":"<p><a name=\"seite_oben\"><\/a><strong><img loading=\"lazy\" decoding=\"async\" class=\"alignnone wp-image-36312 size-full\" src=\"https:\/\/www.topohvar.at\/wp-content\/uploads\/2020\/04\/za-aa-02-1.jpg\" alt=\"\" width=\"1080\" height=\"530\" srcset=\"https:\/\/www.topohvar.at\/wp-content\/uploads\/2020\/04\/za-aa-02-1.jpg 1080w, https:\/\/www.topohvar.at\/wp-content\/uploads\/2020\/04\/za-aa-02-1-300x147.jpg 300w, https:\/\/www.topohvar.at\/wp-content\/uploads\/2020\/04\/za-aa-02-1-1024x503.jpg 1024w, https:\/\/www.topohvar.at\/wp-content\/uploads\/2020\/04\/za-aa-02-1-768x377.jpg 768w\" sizes=\"auto, (max-width: 1080px) 100vw, 1080px\" \/><\/strong><\/p>\n<p><strong>Ime \/ Name<br \/>\n<\/strong>Selo \u00bbDonje Polje (Jerkov Dvor, Kuzmi\u010di\u0107ev Dvor)\u00ab<\/p>\n<p><strong>Code: <\/strong>ZA-AA-02\u00a0 \u00a0 \u00a0 \u00a0 \u00a0 \u00a0 \u00a0 \u00a0 \u00a0 \u00a0 \u00a0 \u00a0 \u00a0 \u00a0 \u00a0 \u00a0 \u00a0 \u00a0 \u00a0 \u00a0\u00a0<strong> <a href=\"https:\/\/www.topohvar.at\/topo\/orte\/za\/za-aa-01-1\/\"><img loading=\"lazy\" decoding=\"async\" class=\"alignnone wp-image-533 size-full\" src=\"https:\/\/www.topohvar.at\/wp-content\/uploads\/2018\/07\/push-l-30.jpg\" alt=\"\" width=\"61\" height=\"30\" \/><\/a> <a href=\"https:\/\/www.topohvar.at\/orte\/za\/\"><img loading=\"lazy\" decoding=\"async\" class=\"alignnone wp-image-535 size-full\" src=\"https:\/\/www.topohvar.at\/wp-content\/uploads\/2018\/07\/push-o-30.jpg\" alt=\"\" width=\"61\" height=\"30\" \/><\/a> <a href=\"https:\/\/www.topohvar.at\/topo\/orte\/za\/za-aa-03-1\/\"><img loading=\"lazy\" decoding=\"async\" class=\"alignnone wp-image-536 size-full\" src=\"https:\/\/www.topohvar.at\/wp-content\/uploads\/2018\/07\/push-r-30.jpg\" alt=\"\" width=\"61\" height=\"30\" \/><\/a> <a href=\"https:\/\/www.topohvar.at\/topo\/orte\/za\/za-au-10-1\/\"><img loading=\"lazy\" decoding=\"async\" class=\"alignnone wp-image-12299 size-full\" src=\"https:\/\/www.topohvar.at\/wp-content\/uploads\/2018\/09\/push-next-30.jpg\" alt=\"\" width=\"61\" height=\"30\" \/><\/a><\/strong><\/p>\n<hr \/>\n<p><strong>Adresa \/ Adresse<br \/>\n<\/strong>Zastra\u017ei\u0161\u0107e, Donje Polje<\/p>\n<p><strong>Lokalna polo\u017eaj \/ Position<a href=\"https:\/\/goo.gl\/maps\/frJJ7NjqozM2voBbA\"><img loading=\"lazy\" decoding=\"async\" class=\"alignright wp-image-36304\" src=\"https:\/\/www.topohvar.at\/wp-content\/uploads\/2020\/04\/2592.jpg\" alt=\"\" width=\"134\" height=\"100\" \/><\/a><br \/>\n<\/strong><span style=\"color: #3366ff;\"><a style=\"color: #3366ff;\" href=\"https:\/\/goo.gl\/maps\/frJJ7NjqozM2voBbA\">Latitude: N 43,14497\u00b0\u00a0 \u00a0Longitude: E 16,83445\u00b0<\/a> <\/span><strong><br \/>\n<\/strong>Visina \/ H\u00f6he: 163 m<\/p>\n<p><strong>Zemlji\u0161te \/ Grundst\u00fccke<br \/>\n<\/strong>&#8211; <div class='content-column one_half'><div style=\"padding-right:6px;\"><p><strong>Datum snimanja \/ Erfassungsdatum<br \/>\n<\/strong>12.05.2018 09:10:00<\/p>\n<hr \/>\n<p><strong>Informacije<\/strong><\/p>\n<p>Selo se nalazi na isto\u010dnom dijelu otoka, na podru\u010dju koje se zove Plame i dio je sela Zastra\u017ei\u0161\u0107e. Pored Donjeg Polja tu su i lokalni dijelovi Jerkov Dvor i Kuzmi\u010di\u0107ev Dvor. Selo ima nekoliko udaljenih dijelova, a kamene ku\u0107e, dvori\u0161ta i uli\u010dice prelijepi su primjerci rusti\u010dne arhitekture.<\/p><\/div><\/div><div class='content-column one_half last_column'><div style=\"padding-right:0px;padding-left:6px;\"><p><strong>Za\u0161titni polo\u017eaj \/ Schutzstellung<br \/>\n<\/strong>&#8211;<\/p>\n<hr \/>\n<p><strong>Info<\/strong><\/p>\n<p>Das Dorf liegt im \u00f6stlichen Teil der Insel, in der Gegend namens Plame und ist die gr\u00f6\u00dfte Ortschaft von Zastra\u017ei\u0161\u0107e. Neben Donje Polje sind hier noch die Ortseile Jerkov Dvor und <span style=\"color: #000000;\">Kuzmi\u010di\u0107ev <\/span>Dvor. Das Dorf ist weit ausgestreckt, und bietet mit seinen Steinh\u00e4usern, H\u00f6fen und Gassen ein wundersch\u00f6nes Beispiel l\u00e4ndlicher Architektur.<\/p>\n<p style=\"text-align: left;\"><\/div><\/div><div class='clear_column'><\/div><div class='content-column one_half'><div style=\"padding-right:6px;\"><p>U Donjem Polju nalazi se mala crkva Marije Snje\u017ene i nekoliko malih kapela. Tu je i javna cisterna s velikim prostorom za sakupljanje vode i \u0161kolska \/ po\u0161tanska zgrada neposredno izvan sela.<\/p><\/div><\/div><div class='content-column one_half last_column'><div style=\"padding-right:0px;padding-left:6px;\"><p>In Donje Polje befinden sich die kleine Kirche Maria vom Schnee und mehrere kleine Kapellen. Hier befindet sich auch eine \u00f6ffentliche Zisterne mit gro\u00dfer Wasserauffangfl\u00e4che und etwas au\u00dferhalb des Ortes das Schul-\/Postgeb\u00e4ude.<\/div><\/div><div class='clear_column'><\/div><\/p>\n<p style=\"text-align: right;\"><a style=\"text-align: right;\" href=\"#seite_oben\">gore \/ Seitenanfang<\/a><\/p>\n<hr \/>\n<p><strong>Linkovi \/ Links<\/strong><\/p>\n<p><a href=\"https:\/\/www.topohvar.at\/topo\/orte\/za\/za-aa-00-1\/\"><span style=\"color: #3366ff;\">Selo Zastra\u017ei\u0161\u0107e<\/span><\/a><br \/>\n<a href=\"https:\/\/www.topohvar.at\/topo\/orte\/za\/za-ck-01-1\/\"><span style=\"color: #3366ff;\">Crkvica \u00bbGospa od Snjega\u00ab \/ Kirche Maria vom Schnee<\/span><\/a><br \/>\n<span style=\"color: #3366ff;\"><a style=\"color: #3366ff;\" href=\"https:\/\/www.topohvar.at\/topo\/orte\/za\/za-tg-05-1\/\">Zgrada javne \u00bb\u0160kola\/Po\u0161ta Zastra\u017ei\u0161\u0107e\u00ab \/ Schule\/Post<\/a><\/span><\/p>\n","protected":false},"excerpt":{"rendered":"<p>Ime \/ Name Selo \u00bbDonje Polje (Jerkov Dvor, Kuzmi\u010di\u0107ev Dvor)\u00ab Code: ZA-AA-02\u00a0 \u00a0 \u00a0 \u00a0 \u00a0 \u00a0 \u00a0 \u00a0 \u00a0 \u00a0 \u00a0 \u00a0 \u00a0 \u00a0 \u00a0 \u00a0 \u00a0 \u00a0 \u00a0 \u00a0\u00a0 Adresa \/ Adresse Zastra\u017ei\u0161\u0107e, Donje Polje Lokalna polo\u017eaj \/ &hellip; <a href=\"https:\/\/www.topohvar.at\/topo\/orte\/za\/za-aa-02-1\/\">Weiterlesen <span class=\"meta-nav\">&rarr;<\/span><\/a><\/p>\n","protected":false},"author":1,"featured_media":0,"parent":115,"menu_order":0,"comment_status":"closed","ping_status":"closed","template":"","meta":{"footnotes":""},"class_list":["post-36309","page","type-page","status-publish","hentry"],"_links":{"self":[{"href":"https:\/\/www.topohvar.at\/topo\/wp-json\/wp\/v2\/pages\/36309","targetHints":{"allow":["GET"]}}],"collection":[{"href":"https:\/\/www.topohvar.at\/topo\/wp-json\/wp\/v2\/pages"}],"about":[{"href":"https:\/\/www.topohvar.at\/topo\/wp-json\/wp\/v2\/types\/page"}],"author":[{"embeddable":true,"href":"https:\/\/www.topohvar.at\/topo\/wp-json\/wp\/v2\/users\/1"}],"replies":[{"embeddable":true,"href":"https:\/\/www.topohvar.at\/topo\/wp-json\/wp\/v2\/comments?post=36309"}],"version-history":[{"count":11,"href":"https:\/\/www.topohvar.at\/topo\/wp-json\/wp\/v2\/pages\/36309\/revisions"}],"predecessor-version":[{"id":66800,"href":"https:\/\/www.topohvar.at\/topo\/wp-json\/wp\/v2\/pages\/36309\/revisions\/66800"}],"up":[{"embeddable":true,"href":"https:\/\/www.topohvar.at\/topo\/wp-json\/wp\/v2\/pages\/115"}],"wp:attachment":[{"href":"https:\/\/www.topohvar.at\/topo\/wp-json\/wp\/v2\/media?parent=36309"}],"curies":[{"name":"wp","href":"https:\/\/api.w.org\/{rel}","templated":true}]}}