{"id":36317,"date":"2020-04-27T16:55:26","date_gmt":"2020-04-27T14:55:26","guid":{"rendered":"https:\/\/www.topohvar.at\/topo\/?page_id=36317"},"modified":"2024-04-23T17:45:30","modified_gmt":"2024-04-23T15:45:30","slug":"za-aa-03-1","status":"publish","type":"page","link":"https:\/\/www.topohvar.at\/topo\/orte\/za\/za-aa-03-1\/","title":{"rendered":"ZASTRA\u017dI\u0160\u0106E &#8211; Zaseok \u00bbPostranje (Podstrana)\u00ab"},"content":{"rendered":"<p><a name=\"seite_oben\"><\/a><strong><img loading=\"lazy\" decoding=\"async\" class=\"alignnone wp-image-36318 size-full\" src=\"https:\/\/www.topohvar.at\/wp-content\/uploads\/2020\/04\/za-aa-03-1.jpg\" alt=\"\" width=\"1080\" height=\"530\" srcset=\"https:\/\/www.topohvar.at\/wp-content\/uploads\/2020\/04\/za-aa-03-1.jpg 1080w, https:\/\/www.topohvar.at\/wp-content\/uploads\/2020\/04\/za-aa-03-1-300x147.jpg 300w, https:\/\/www.topohvar.at\/wp-content\/uploads\/2020\/04\/za-aa-03-1-1024x503.jpg 1024w, https:\/\/www.topohvar.at\/wp-content\/uploads\/2020\/04\/za-aa-03-1-768x377.jpg 768w\" sizes=\"auto, (max-width: 1080px) 100vw, 1080px\" \/><\/strong><\/p>\n<p><strong>Ime \/ Name<br \/>\n<\/strong>Zaseok \/ Weiler \u00bbPostranje (Podstrana)\u00ab<\/p>\n<p><strong>Code: <\/strong>ZA-AA-03\u00a0 \u00a0 \u00a0 \u00a0 \u00a0 \u00a0 \u00a0 \u00a0 \u00a0 \u00a0 \u00a0 \u00a0 \u00a0 \u00a0 \u00a0 \u00a0 \u00a0 \u00a0 \u00a0 \u00a0\u00a0<strong> <a href=\"https:\/\/www.topohvar.at\/topo\/orte\/za\/za-aa-02-1\/\"><img loading=\"lazy\" decoding=\"async\" class=\"alignnone wp-image-533 size-full\" src=\"https:\/\/www.topohvar.at\/wp-content\/uploads\/2018\/07\/push-l-30.jpg\" alt=\"\" width=\"61\" height=\"30\" \/><\/a> <a href=\"https:\/\/www.topohvar.at\/orte\/za\/\"><img loading=\"lazy\" decoding=\"async\" class=\"alignnone wp-image-535 size-full\" src=\"https:\/\/www.topohvar.at\/wp-content\/uploads\/2018\/07\/push-o-30.jpg\" alt=\"\" width=\"61\" height=\"30\" \/><\/a> <a href=\"https:\/\/www.topohvar.at\/topo\/orte\/za\/za-aa-04-1\/\"><img loading=\"lazy\" decoding=\"async\" class=\"alignnone wp-image-536 size-full\" src=\"https:\/\/www.topohvar.at\/wp-content\/uploads\/2018\/07\/push-r-30.jpg\" alt=\"\" width=\"61\" height=\"30\" \/><\/a> <a href=\"https:\/\/www.topohvar.at\/topo\/orte\/za\/za-au-10-1\/\"><img loading=\"lazy\" decoding=\"async\" class=\"alignnone wp-image-12299 size-full\" src=\"https:\/\/www.topohvar.at\/wp-content\/uploads\/2018\/09\/push-next-30.jpg\" alt=\"\" width=\"61\" height=\"30\" \/><\/a><\/strong><\/p>\n<hr \/>\n<p><strong>Adresa \/ Adresse<br \/>\n<\/strong>Zastra\u017ei\u0161\u0107e, Postranje<\/p>\n<p><strong>Lokalna polo\u017eaj \/ Position<a href=\"https:\/\/goo.gl\/maps\/TUx5o3swaPv4wGCe6\"><img loading=\"lazy\" decoding=\"async\" class=\"alignright wp-image-36305\" src=\"https:\/\/www.topohvar.at\/wp-content\/uploads\/2020\/04\/2593.jpg\" alt=\"\" width=\"134\" height=\"100\" \/><\/a><br \/>\n<\/strong><a href=\"https:\/\/goo.gl\/maps\/TUx5o3swaPv4wGCe6\"><span style=\"color: #3366ff;\">Latitude: N 43,14211\u00b0\u00a0 \u00a0Longitude: E 16,84560\u00b0 <\/span><\/a><strong><br \/>\n<\/strong>Visina \/ H\u00f6he: 166 m<\/p>\n<p><strong>Zemlji\u0161te \/ Grundst\u00fccke<br \/>\n<\/strong>&#8211; <div class='content-column one_half'><div style=\"padding-right:6px;\"><p><strong>Datum snimanja \/ Erfassungsdatum<br \/>\n<\/strong>12.05.2018 09:20:00<\/p>\n<hr \/>\n<p><strong>Informacije<\/strong><\/p>\n<p>Zaseok Postranje (ili Podstrana) nalazi se na padini planine ju\u017eno od glavne ceste DC-116. Sastoji se od oko tri desetine slikovitih kamenih ku\u0107a, ima seosku kapelu i nekoliko kapelica.<\/p><\/div><\/div><div class='content-column one_half last_column'><div style=\"padding-right:0px;padding-left:6px;\"><p><strong>Za\u0161titni polo\u017eaj \/ Schutzstellung<br \/>\n<\/strong>&#8211;<\/p>\n<hr \/>\n<p><strong>Info<\/strong><\/p>\n<p>Der Weiler Postranje (oder auch Podstrana) liegt am Berghang s\u00fcdlich der Hauptstra\u00dfe DC-116. Er besteht aus etwa drei Dutzend malerischer Steinh\u00e4user, hat eine Dorfkapelle und mehrere Bildst\u00f6cke.<\/p>\n<p style=\"text-align: left;\"><\/div><\/div><div class='clear_column'><\/div><\/p>\n<p style=\"text-align: right;\"><a style=\"text-align: right;\" href=\"#seite_oben\">gore \/ Seitenanfang<\/a><\/p>\n<hr \/>\n<p><strong>Linkovi \/ Links<\/strong><\/p>\n<p><a href=\"https:\/\/www.topohvar.at\/topo\/orte\/za\/za-aa-00-1\/\"><span style=\"color: #3366ff;\">Selo Zastra\u017ei\u0161\u0107e<\/span><\/a><br \/>\n<a href=\"https:\/\/www.topohvar.at\/topo\/orte\/za\/za-cp-03-1\/\"><span style=\"color: #3366ff;\">Kapela \/ Kapelle \u00bbSv. Nikole\u00ab<\/span><\/a><\/p>\n","protected":false},"excerpt":{"rendered":"<p>Ime \/ Name Zaseok \/ Weiler \u00bbPostranje (Podstrana)\u00ab Code: ZA-AA-03\u00a0 \u00a0 \u00a0 \u00a0 \u00a0 \u00a0 \u00a0 \u00a0 \u00a0 \u00a0 \u00a0 \u00a0 \u00a0 \u00a0 \u00a0 \u00a0 \u00a0 \u00a0 \u00a0 \u00a0\u00a0 Adresa \/ Adresse Zastra\u017ei\u0161\u0107e, Postranje Lokalna polo\u017eaj \/ Position Latitude: N &hellip; <a href=\"https:\/\/www.topohvar.at\/topo\/orte\/za\/za-aa-03-1\/\">Weiterlesen <span class=\"meta-nav\">&rarr;<\/span><\/a><\/p>\n","protected":false},"author":1,"featured_media":0,"parent":115,"menu_order":0,"comment_status":"closed","ping_status":"closed","template":"","meta":{"footnotes":""},"class_list":["post-36317","page","type-page","status-publish","hentry"],"_links":{"self":[{"href":"https:\/\/www.topohvar.at\/topo\/wp-json\/wp\/v2\/pages\/36317","targetHints":{"allow":["GET"]}}],"collection":[{"href":"https:\/\/www.topohvar.at\/topo\/wp-json\/wp\/v2\/pages"}],"about":[{"href":"https:\/\/www.topohvar.at\/topo\/wp-json\/wp\/v2\/types\/page"}],"author":[{"embeddable":true,"href":"https:\/\/www.topohvar.at\/topo\/wp-json\/wp\/v2\/users\/1"}],"replies":[{"embeddable":true,"href":"https:\/\/www.topohvar.at\/topo\/wp-json\/wp\/v2\/comments?post=36317"}],"version-history":[{"count":7,"href":"https:\/\/www.topohvar.at\/topo\/wp-json\/wp\/v2\/pages\/36317\/revisions"}],"predecessor-version":[{"id":66801,"href":"https:\/\/www.topohvar.at\/topo\/wp-json\/wp\/v2\/pages\/36317\/revisions\/66801"}],"up":[{"embeddable":true,"href":"https:\/\/www.topohvar.at\/topo\/wp-json\/wp\/v2\/pages\/115"}],"wp:attachment":[{"href":"https:\/\/www.topohvar.at\/topo\/wp-json\/wp\/v2\/media?parent=36317"}],"curies":[{"name":"wp","href":"https:\/\/api.w.org\/{rel}","templated":true}]}}