{"id":36357,"date":"2020-04-28T10:50:23","date_gmt":"2020-04-28T08:50:23","guid":{"rendered":"https:\/\/www.topohvar.at\/topo\/?page_id=36357"},"modified":"2021-11-09T15:29:38","modified_gmt":"2021-11-09T14:29:38","slug":"gj-aa-03-1","status":"publish","type":"page","link":"https:\/\/www.topohvar.at\/topo\/orte\/gj\/gj-aa-03-1\/","title":{"rendered":"GDINJ &#8211; Zaseok \u00bbNova Crkva\u00ab"},"content":{"rendered":"<p><a name=\"seite_oben\"><\/a><br \/>\n<strong><img loading=\"lazy\" decoding=\"async\" class=\"aligncenter wp-image-36400 size-full\" src=\"https:\/\/www.topohvar.at\/wp-content\/uploads\/2020\/04\/gj-aa-03-1.jpg\" alt=\"\" width=\"1080\" height=\"530\" srcset=\"https:\/\/www.topohvar.at\/wp-content\/uploads\/2020\/04\/gj-aa-03-1.jpg 1080w, https:\/\/www.topohvar.at\/wp-content\/uploads\/2020\/04\/gj-aa-03-1-300x147.jpg 300w, https:\/\/www.topohvar.at\/wp-content\/uploads\/2020\/04\/gj-aa-03-1-1024x503.jpg 1024w, https:\/\/www.topohvar.at\/wp-content\/uploads\/2020\/04\/gj-aa-03-1-768x377.jpg 768w\" sizes=\"auto, (max-width: 1080px) 100vw, 1080px\" \/><\/strong><\/p>\n<p><strong>Ime \/ Name<br \/>\n<\/strong>Zaseok \/ Weiler \u00bbNova Crkva\u00ab<\/p>\n<p><strong>Code: <\/strong>GJ-AA-03\u00a0 \u00a0 \u00a0 \u00a0 \u00a0 \u00a0 \u00a0 \u00a0 \u00a0 \u00a0 \u00a0 \u00a0 \u00a0 \u00a0 \u00a0 \u00a0<strong><a href=\"https:\/\/www.topohvar.at\/orte\/gj\/gj-aa-02-1\/\"><img loading=\"lazy\" decoding=\"async\" class=\"alignnone wp-image-533 size-full\" src=\"https:\/\/www.topohvar.at\/wp-content\/uploads\/2018\/07\/push-l-30.jpg\" alt=\"\" width=\"61\" height=\"30\" \/><\/a> <a href=\"https:\/\/www.topohvar.at\/orte\/gj\/\"><img loading=\"lazy\" decoding=\"async\" class=\"alignnone wp-image-535 size-full\" src=\"https:\/\/www.topohvar.at\/wp-content\/uploads\/2018\/07\/push-o-30.jpg\" alt=\"\" width=\"61\" height=\"30\" \/><\/a> <a href=\"https:\/\/www.topohvar.at\/orte\/gj\/gj-aa-04-1\/\"><img loading=\"lazy\" decoding=\"async\" class=\"alignnone wp-image-536 size-full\" src=\"https:\/\/www.topohvar.at\/wp-content\/uploads\/2018\/07\/push-r-30.jpg\" alt=\"\" width=\"61\" height=\"30\" \/><\/a> <a href=\"https:\/\/www.topohvar.at\/topo\/orte\/gj\/gj-au-10-1\/\"><img loading=\"lazy\" decoding=\"async\" class=\"alignnone wp-image-12299 size-full\" src=\"https:\/\/www.topohvar.at\/wp-content\/uploads\/2018\/09\/push-next-30.jpg\" alt=\"\" width=\"61\" height=\"30\" \/><\/a><\/strong><\/p>\n<hr \/>\n<p><strong>Adresa \/ Adresse<br \/>\n<\/strong>Gdinj, Nova Crkva<\/p>\n<p><strong>Lokacija \/ Position<a href=\"https:\/\/goo.gl\/maps\/wBgnmNNVURT1iAaY8\"><img loading=\"lazy\" decoding=\"async\" class=\"alignright wp-image-36369\" src=\"https:\/\/www.topohvar.at\/wp-content\/uploads\/2020\/04\/2603.jpg\" alt=\"\" width=\"134\" height=\"100\" \/><\/a><br \/>\n<\/strong><a href=\"https:\/\/goo.gl\/maps\/wBgnmNNVURT1iAaY8\"><span style=\"color: #3366ff;\">Latitude: N 43,13166\u00b0\u00a0 \u00a0Longitude: E 16,94246\u00b0 <\/span><\/a><strong><br \/>\n<\/strong>Visina \/ H\u00f6he: 350 m<\/p>\n<p><strong>Katastarska \u010destica \/ Grundst\u00fccke<br \/>\n<\/strong>&#8211;<div class='content-column one_half'><div style=\"padding-right:6px;\"><p><strong>Datum snimanja \/ Erfassungsdatum<br \/>\n<\/strong>01.01.2000 00:00:00<\/p>\n<hr \/>\n<p><strong>Informacije<\/strong><\/p>\n<p>Iako je zaselak prili\u010dno mali, ovdje se nalazi ve\u0107ina javnih objekata. Pored \u017eupne crkve sv. Jurja mu\u010denika stoji \u017eupni dvor, a nasuprot \u0161kolske zgrade. Nedaleko od sela, na podru\u010dju Vrvoli\u0107i, nalazi se mala crkva Svete Luzije. Javna cisterna i novo groblje nalazi se u glavnoj ulici DC-116, zapadno od sela.<\/p><\/div><\/div><div class='content-column one_half last_column'><div style=\"padding-right:0px;padding-left:6px;\"><p><strong>Stupanj za\u0161tite \/ Schutzstellung<br \/>\n<\/strong>RST-0072-1963<\/p>\n<hr \/>\n<p><strong>Info<\/strong><\/p>\n<p>Obwohl der Weiler recht klein ist, befinden sich hier die meisten \u00f6ffentlichen Einrichtungen. Neben der Pfarrkirche zum hl. M\u00e4rtyrer Georg steht das Pfarrhaus, gegen\u00fcber das Schulgeb\u00e4ude. Unweit des Ortes, in der Gegend Vrvoli\u0107i, befindet sich die kleine Kirche der heiligen Luzia. Die \u00f6ffentliche Zisterne und der neue Friedhof befinden sich an der Hauptrstra\u00dfe DC-116 westlich der Ortschaft.<\/p><\/div><\/div><div class='clear_column'><\/div><\/p>\n<p style=\"text-align: right;\"><span style=\"color: #3366ff;\"><a style=\"color: #3366ff;\" href=\"#seite_oben\">natrag na vrh \/ Seitenanfang<\/a><\/span><\/p>\n<hr \/>\n<p><strong>Linkovi \/ Links<\/strong><\/p>\n<p><span style=\"color: #3366ff;\"><a style=\"color: #3366ff;\" href=\"https:\/\/www.topohvar.at\/topo\/orte\/gj\/gj-aa-00-1\/\">Selo \/ Ortschaft Gdinj<\/a><\/span><br \/>\n<span style=\"color: #3366ff;\"><a style=\"color: #3366ff;\" href=\"https:\/\/www.topohvar.at\/topo\/orte\/gj\/gj-ci-01-1\/\">\u017dupna crkva \u00bbSv. Juraj mu\u010denik\u00ab \/ Pfarrkirche zum hl. Georg<\/a><br \/>\n<a style=\"color: #3366ff;\" href=\"https:\/\/www.topohvar.at\/topo\/orte\/gj\/gj-ck-02-1\/\">Crkvica \u00bbSv. Lucije\u00ab \/ Kirche der hl. Luzia<\/a><br \/>\n<\/span><\/p>\n","protected":false},"excerpt":{"rendered":"<p>Ime \/ Name Zaseok \/ Weiler \u00bbNova Crkva\u00ab Code: GJ-AA-03\u00a0 \u00a0 \u00a0 \u00a0 \u00a0 \u00a0 \u00a0 \u00a0 \u00a0 \u00a0 \u00a0 \u00a0 \u00a0 \u00a0 \u00a0 \u00a0 Adresa \/ Adresse Gdinj, Nova Crkva Lokacija \/ Position Latitude: N 43,13166\u00b0\u00a0 \u00a0Longitude: E 16,94246\u00b0 &hellip; <a href=\"https:\/\/www.topohvar.at\/topo\/orte\/gj\/gj-aa-03-1\/\">Weiterlesen <span class=\"meta-nav\">&rarr;<\/span><\/a><\/p>\n","protected":false},"author":1,"featured_media":0,"parent":72,"menu_order":0,"comment_status":"closed","ping_status":"closed","template":"","meta":{"footnotes":""},"class_list":["post-36357","page","type-page","status-publish","hentry"],"_links":{"self":[{"href":"https:\/\/www.topohvar.at\/topo\/wp-json\/wp\/v2\/pages\/36357","targetHints":{"allow":["GET"]}}],"collection":[{"href":"https:\/\/www.topohvar.at\/topo\/wp-json\/wp\/v2\/pages"}],"about":[{"href":"https:\/\/www.topohvar.at\/topo\/wp-json\/wp\/v2\/types\/page"}],"author":[{"embeddable":true,"href":"https:\/\/www.topohvar.at\/topo\/wp-json\/wp\/v2\/users\/1"}],"replies":[{"embeddable":true,"href":"https:\/\/www.topohvar.at\/topo\/wp-json\/wp\/v2\/comments?post=36357"}],"version-history":[{"count":7,"href":"https:\/\/www.topohvar.at\/topo\/wp-json\/wp\/v2\/pages\/36357\/revisions"}],"predecessor-version":[{"id":53283,"href":"https:\/\/www.topohvar.at\/topo\/wp-json\/wp\/v2\/pages\/36357\/revisions\/53283"}],"up":[{"embeddable":true,"href":"https:\/\/www.topohvar.at\/topo\/wp-json\/wp\/v2\/pages\/72"}],"wp:attachment":[{"href":"https:\/\/www.topohvar.at\/topo\/wp-json\/wp\/v2\/media?parent=36357"}],"curies":[{"name":"wp","href":"https:\/\/api.w.org\/{rel}","templated":true}]}}