{"id":36410,"date":"2020-04-29T07:33:42","date_gmt":"2020-04-29T05:33:42","guid":{"rendered":"https:\/\/www.topohvar.at\/topo\/?page_id=36410"},"modified":"2025-05-26T15:37:48","modified_gmt":"2025-05-26T13:37:48","slug":"gj-in-01-1","status":"publish","type":"page","link":"https:\/\/www.topohvar.at\/topo\/orte\/gj\/gj-in-01-1\/","title":{"rendered":"GDINJ &#8211; Natpis \u00bbStephanvs Milosevich na natprozorniku\u00ab"},"content":{"rendered":"<p><a name=\"seite_oben\"><\/a><br \/>\n<strong><img loading=\"lazy\" decoding=\"async\" class=\"aligncenter wp-image-36413 size-full\" src=\"https:\/\/www.topohvar.at\/wp-content\/uploads\/2020\/04\/gj-aa-01-1-1.jpg\" alt=\"\" width=\"1080\" height=\"530\" srcset=\"https:\/\/www.topohvar.at\/wp-content\/uploads\/2020\/04\/gj-aa-01-1-1.jpg 1080w, https:\/\/www.topohvar.at\/wp-content\/uploads\/2020\/04\/gj-aa-01-1-1-300x147.jpg 300w, https:\/\/www.topohvar.at\/wp-content\/uploads\/2020\/04\/gj-aa-01-1-1-1024x503.jpg 1024w, https:\/\/www.topohvar.at\/wp-content\/uploads\/2020\/04\/gj-aa-01-1-1-768x377.jpg 768w\" sizes=\"auto, (max-width: 1080px) 100vw, 1080px\" \/><\/strong><\/p>\n<p><strong>Ime \/ Name<br \/>\n<\/strong>Natpis \/ Inschrift \u00bbStephanvs Milosevich na natprozorniku\u00ab<\/p>\n<p><strong>Code: <\/strong>GJ-IN-01\u00a0 \u00a0 \u00a0 \u00a0 \u00a0 \u00a0 \u00a0 \u00a0 \u00a0 \u00a0 \u00a0 \u00a0 \u00a0 \u00a0 \u00a0 \u00a0 \u00a0 \u00a0 \u00a0 \u00a0 \u00a0<strong> <a href=\" https:\/\/www.topohvar.at\/topo\/orte\/gj\/gj-in-06-1\/\"><img loading=\"lazy\" decoding=\"async\" class=\"alignnone wp-image-533 size-full\" src=\"https:\/\/www.topohvar.at\/wp-content\/uploads\/2018\/07\/push-l-30.jpg\" alt=\"\" width=\"61\" height=\"30\" \/><\/a> <a href=\"https:\/\/www.topohvar.at\/orte\/gj\/\"><img loading=\"lazy\" decoding=\"async\" class=\"alignnone wp-image-535 size-full\" src=\"https:\/\/www.topohvar.at\/wp-content\/uploads\/2018\/07\/push-o-30.jpg\" alt=\"\" width=\"61\" height=\"30\" \/><\/a> <a href=\" https:\/\/www.topohvar.at\/topo\/orte\/gj\/gj-in-02-1\/\"><img loading=\"lazy\" decoding=\"async\" class=\"alignnone wp-image-536 size-full\" src=\"https:\/\/www.topohvar.at\/wp-content\/uploads\/2018\/07\/push-r-30.jpg\" alt=\"\" width=\"61\" height=\"30\" \/><\/a> <\/strong><\/p>\n<hr \/>\n<p><strong>Adresa \/ Adresse<br \/>\n<\/strong>Gdinj, Stara Crkva, Crkva \u00bbGospe od zdravlja\u00ab<\/p>\n<p><strong>Lokacija \/ Position<a href=\"https:\/\/goo.gl\/maps\/kbKNZcjpKtgvYAJk9\"><img loading=\"lazy\" decoding=\"async\" class=\"alignright wp-image-11295\" src=\"https:\/\/www.topohvar.at\/wp-content\/uploads\/2018\/09\/0111.jpg\" alt=\"\" width=\"134\" height=\"100\" \/><\/a><br \/>\n<\/strong><span style=\"color: #3366ff;\"><a style=\"color: #3366ff;\" href=\"https:\/\/goo.gl\/maps\/kbKNZcjpKtgvYAJk9\">Latitude: N 43,13317\u00b0\u00a0 \u00a0Longitude: E 16,95271\u00b0<\/a> <\/span><strong><br \/>\n<\/strong>Visina \/ H\u00f6he: 364 m<\/p>\n<p><strong>Katastarska \u010destica \/ Grundst\u00fccke<br \/>\n<\/strong>*42\u00a0<div class='content-column one_half'><div style=\"padding-right:6px;\"><p><strong>Datum snimanja \/ Erfassungsdatum<br \/>\n<\/strong>27.05.2014 11:50:00<\/p>\n<hr \/>\n<p><strong>Informacije<\/strong><\/p>\n<p>Na natprozormiku malog \u010detvrtastog prozora na podru\u010dju baze stare crkve nalazi se sljede\u0107i natpis:<\/p><\/div><\/div><div class='content-column one_half last_column'><div style=\"padding-right:0px;padding-left:6px;\"><p><strong>Stupanj za\u0161tite \/ Schutzstellung<br \/>\n<\/strong>Z-4785 (crkva)<\/p>\n<hr \/>\n<p><strong>Info<\/strong><\/p>\n<p>Am Sturz eines kleinen quadratischen Fensters im Sockelbereich der alten Kirche befindet sich folgende Inschrift:<\/p><\/div><\/div><div class='clear_column'><\/div><\/p>\n<p style=\"text-align: center;\">STEPHANVS MILOSEVICH P.~<br \/>\nFECI FABRE~ EX CHARITE~<br \/>\nPOPVLI DIE XX MAII MDCCL<\/p>\n<p style=\"text-align: left;\"><div class='content-column one_half'><div style=\"padding-right:6px;\"><p>(Stjepan Milo\u0161evi\u0107 \u017eupnik je u\u010dinio uz dobro\u010dinstvo naroda dana 20. Svibnja 1750)<\/p><\/div><\/div><div class='content-column one_half last_column'><div style=\"padding-right:0px;padding-left:6px;\"><p>(Mit der Wohlt\u00e4tigkeit der Bewohner schuf Pfarrer Stjefan Milo\u0161evi\u0107 dies am 20. Mai 1750)<\/p><\/div><\/div><div class='clear_column'><\/div><div class='content-column one_half'><div style=\"padding-right:6px;\"><p>Natpis se odnosi na pro\u0161irenje crkve, tj. Gradnju bo\u010dne kapele koja je sagra\u0111ena \u017eupnikovom zaslugom i donacijama mje\u0161tana Gdinja, a pokazuje da je na isto\u010dnom dijelu otoka pismenost na latinskom jeziko bila uglavnom u rukama Crkve.<\/p><\/div><\/div><div class='content-column one_half last_column'><div style=\"padding-right:0px;padding-left:6px;\"><p>Die Inschrift bezieht sich auf den Ausbau der Kirche, dh. den Bau der Seitenkapelle, die dank des Pfarrers und Spenden der Einwohner von Gdinj errichtet wurde, und zeigt, dass im \u00f6stlichen Teil der Insel die lateinische Alphabetisierung vor allem in den H\u00e4nden der Kirche lag.<\/p><\/div><\/div><div class='clear_column'><\/div><div class='content-column one_half'><div style=\"padding-right:6px;\"><p><em>(Izvor: Izlo\u017eba \u201cPisma i Pismenost otoka Hvara\u201d galerija (crkva) sv. Jerolima, lipanj 2021)<\/em><\/p><\/div><\/div><div class='content-column one_half last_column'><div style=\"padding-right:0px;padding-left:6px;\"><p><em>(Quelle: Ausstellung \u201cSchrift und Schreibkunst der Insel Hvar\u201d Galerie (Kirche) sv. Jerolim, Juni 2021)<\/em><\/p><\/div><\/div><div class='clear_column'><\/div><\/p>\n<p><img loading=\"lazy\" decoding=\"async\" class=\"aligncenter size-full wp-image-36414\" src=\"https:\/\/www.topohvar.at\/wp-content\/uploads\/2020\/04\/gj-in-01-2.jpg\" alt=\"\" width=\"450\" height=\"600\" srcset=\"https:\/\/www.topohvar.at\/wp-content\/uploads\/2020\/04\/gj-in-01-2.jpg 450w, https:\/\/www.topohvar.at\/wp-content\/uploads\/2020\/04\/gj-in-01-2-225x300.jpg 225w\" sizes=\"auto, (max-width: 450px) 100vw, 450px\" \/><\/p>\n<p style=\"text-align: right;\"><span style=\"color: #3366ff;\"><a style=\"color: #3366ff;\" href=\"#seite_oben\">natrag na vrh \/ Seitenanfang<\/a><\/span><\/p>\n<hr \/>\n<p><strong>Linkovi \/ Links<\/strong><\/p>\n<p><span style=\"color: #3366ff;\"><a style=\"color: #3366ff;\" href=\"https:\/\/www.topohvar.at\/orte\/gj\/gj-ci-02-1\/\">Crkva \u00bbGospe od zdravlja\u00ab \/ Kirche Maria vom Heil<\/a><\/span><\/p>\n","protected":false},"excerpt":{"rendered":"<p>Ime \/ Name Natpis \/ Inschrift \u00bbStephanvs Milosevich na natprozorniku\u00ab Code: GJ-IN-01\u00a0 \u00a0 \u00a0 \u00a0 \u00a0 \u00a0 \u00a0 \u00a0 \u00a0 \u00a0 \u00a0 \u00a0 \u00a0 \u00a0 \u00a0 \u00a0 \u00a0 \u00a0 \u00a0 \u00a0 \u00a0 Adresa \/ Adresse Gdinj, Stara Crkva, Crkva \u00bbGospe &hellip; <a href=\"https:\/\/www.topohvar.at\/topo\/orte\/gj\/gj-in-01-1\/\">Weiterlesen <span class=\"meta-nav\">&rarr;<\/span><\/a><\/p>\n","protected":false},"author":1,"featured_media":0,"parent":72,"menu_order":0,"comment_status":"closed","ping_status":"closed","template":"","meta":{"footnotes":""},"class_list":["post-36410","page","type-page","status-publish","hentry"],"_links":{"self":[{"href":"https:\/\/www.topohvar.at\/topo\/wp-json\/wp\/v2\/pages\/36410","targetHints":{"allow":["GET"]}}],"collection":[{"href":"https:\/\/www.topohvar.at\/topo\/wp-json\/wp\/v2\/pages"}],"about":[{"href":"https:\/\/www.topohvar.at\/topo\/wp-json\/wp\/v2\/types\/page"}],"author":[{"embeddable":true,"href":"https:\/\/www.topohvar.at\/topo\/wp-json\/wp\/v2\/users\/1"}],"replies":[{"embeddable":true,"href":"https:\/\/www.topohvar.at\/topo\/wp-json\/wp\/v2\/comments?post=36410"}],"version-history":[{"count":12,"href":"https:\/\/www.topohvar.at\/topo\/wp-json\/wp\/v2\/pages\/36410\/revisions"}],"predecessor-version":[{"id":72463,"href":"https:\/\/www.topohvar.at\/topo\/wp-json\/wp\/v2\/pages\/36410\/revisions\/72463"}],"up":[{"embeddable":true,"href":"https:\/\/www.topohvar.at\/topo\/wp-json\/wp\/v2\/pages\/72"}],"wp:attachment":[{"href":"https:\/\/www.topohvar.at\/topo\/wp-json\/wp\/v2\/media?parent=36410"}],"curies":[{"name":"wp","href":"https:\/\/api.w.org\/{rel}","templated":true}]}}