{"id":36465,"date":"2020-04-29T17:52:27","date_gmt":"2020-04-29T15:52:27","guid":{"rendered":"https:\/\/www.topohvar.at\/topo\/?page_id=36465"},"modified":"2024-04-23T17:51:13","modified_gmt":"2024-04-23T15:51:13","slug":"za-cs-10-1","status":"publish","type":"page","link":"https:\/\/www.topohvar.at\/topo\/orte\/za\/za-cs-10-1\/","title":{"rendered":"ZASTRA\u017dI\u0160\u0106E &#8211; Kapelica\u00bbPresvetog Srca Isusa\u00ab"},"content":{"rendered":"<p><strong><img loading=\"lazy\" decoding=\"async\" class=\"aligncenter wp-image-36466 size-full\" src=\"https:\/\/www.topohvar.at\/wp-content\/uploads\/2020\/04\/za-cs-10-1.jpg\" alt=\"\" width=\"1080\" height=\"530\" srcset=\"https:\/\/www.topohvar.at\/wp-content\/uploads\/2020\/04\/za-cs-10-1.jpg 1080w, https:\/\/www.topohvar.at\/wp-content\/uploads\/2020\/04\/za-cs-10-1-300x147.jpg 300w, https:\/\/www.topohvar.at\/wp-content\/uploads\/2020\/04\/za-cs-10-1-1024x503.jpg 1024w, https:\/\/www.topohvar.at\/wp-content\/uploads\/2020\/04\/za-cs-10-1-768x377.jpg 768w\" sizes=\"auto, (max-width: 1080px) 100vw, 1080px\" \/><\/strong><\/p>\n<p><strong>Ime \/ Name<br \/>\n<\/strong>Kapelica\u00bbPresvetog Srca Isusa\u00ab \/ Bildstock zum heiligsten Herz Jesu<\/p>\n<p><strong>Code: <\/strong>ZA-CS-10\u00a0 \u00a0 \u00a0 \u00a0 \u00a0 \u00a0 \u00a0 \u00a0 \u00a0 \u00a0 \u00a0 \u00a0 \u00a0 \u00a0 \u00a0 \u00a0 \u00a0 \u00a0 \u00a0 \u00a0 <strong><a href=\"https:\/\/www.topohvar.at\/orte\/za\/za-cs-07-1\/\"><img loading=\"lazy\" decoding=\"async\" class=\"alignnone wp-image-533 size-full\" src=\"https:\/\/www.topohvar.at\/wp-content\/uploads\/2018\/07\/push-l-30.jpg\" alt=\"\" width=\"61\" height=\"30\" \/><\/a> <a href=\"https:\/\/www.topohvar.at\/orte\/za\/\"><img loading=\"lazy\" decoding=\"async\" class=\"alignnone wp-image-535 size-full\" src=\"https:\/\/www.topohvar.at\/wp-content\/uploads\/2018\/07\/push-o-30.jpg\" alt=\"\" width=\"61\" height=\"30\" \/><\/a> <a href=\"https:\/\/www.topohvar.at\/orte\/za\/za-cs-06-1\/\"><img loading=\"lazy\" decoding=\"async\" class=\"alignnone wp-image-536 size-full\" src=\"https:\/\/www.topohvar.at\/wp-content\/uploads\/2018\/07\/push-r-30.jpg\" alt=\"\" width=\"61\" height=\"30\" \/><\/a><\/strong><\/p>\n<hr \/>\n<p><strong>Adresa \/ Adresse<br \/>\n<\/strong>Zastra\u017ei\u0161\u0107e, Vela Stiniva<\/p>\n<p><strong>Lokalna polo\u017eaj \/ Position<a style=\"color: #3366ff;\" href=\"https:\/\/goo.gl\/maps\/W73d4C3phJid9xcUA\"><img loading=\"lazy\" decoding=\"async\" class=\"alignright wp-image-10858\" src=\"https:\/\/www.topohvar.at\/wp-content\/uploads\/2018\/09\/0942.jpg\" alt=\"\" width=\"134\" height=\"100\" \/><\/a><br \/>\n<\/strong><a style=\"color: #3366ff;\" href=\"https:\/\/goo.gl\/maps\/W73d4C3phJid9xcUA\">Latitude: N 43,15638\u00b0\u00a0 \u00a0Longitude: E 16,81440\u00b0<\/a> <strong><br \/>\n<\/strong>Visina \/ H\u00f6he: 4 m<\/p>\n<p><strong>Zemlji\u0161te \/ Grundst\u00fccke<br \/>\n<\/strong>1218\/1\u00a0<div class='content-column one_half'><div style=\"padding-right:6px;\"><p><strong>Datum snimanja \/ Erfassungsdatum<br \/>\n<\/strong>12.05.2018 11:00:00<\/p>\n<hr \/>\n<p style=\"text-align: left;\"><strong>Informacije<\/strong><\/p>\n<p>Kapelica Presvetog Srca Isusa u maloj crkvi sv. Ante Padovanskog obnovljena je 2018. godine. Na bazi je sljede\u0107i natpis:<\/p><\/div><\/div><div class='content-column one_half last_column'><div style=\"padding-right:0px;padding-left:6px;\"><p><strong>Za\u0161titni polo\u017eaj \/ Schutzstellung<br \/>\n<\/strong>&#8211;<\/p>\n<hr \/>\n<p style=\"text-align: left;\"><strong>Info<\/strong><\/p>\n<p>Der Bildstock zum hl. Herz Jesu bei der kleinen Kirche des hl. Antonius von Padua wurde im Jahre 2018 erneuert. Am Sockel steht folgende Inschrift:<\/p><\/div><\/div><div class='clear_column'><\/div><\/p>\n<p style=\"text-align: center;\">PRESVETO SRCE ISUSOVO<br \/>\nMOLI ZA NAS<br \/>\n1934<\/p>\n<hr \/>\n<p><strong>Linkovi \/ Links<\/strong><\/p>\n<p><span style=\"color: #3366ff;\"><a style=\"color: #3366ff;\" href=\"https:\/\/www.topohvar.at\/topo\/orte\/za\/za-ck-02-1\/\">Crkvica \u00bbSv. Ante Padovanskog\u00ab \/ Kirche zum hl. Antonius von Padua<\/a><\/span><\/p>\n","protected":false},"excerpt":{"rendered":"<p>Ime \/ Name Kapelica\u00bbPresvetog Srca Isusa\u00ab \/ Bildstock zum heiligsten Herz Jesu Code: ZA-CS-10\u00a0 \u00a0 \u00a0 \u00a0 \u00a0 \u00a0 \u00a0 \u00a0 \u00a0 \u00a0 \u00a0 \u00a0 \u00a0 \u00a0 \u00a0 \u00a0 \u00a0 \u00a0 \u00a0 \u00a0 Adresa \/ Adresse Zastra\u017ei\u0161\u0107e, Vela Stiniva Lokalna &hellip; <a href=\"https:\/\/www.topohvar.at\/topo\/orte\/za\/za-cs-10-1\/\">Weiterlesen <span class=\"meta-nav\">&rarr;<\/span><\/a><\/p>\n","protected":false},"author":1,"featured_media":0,"parent":115,"menu_order":0,"comment_status":"closed","ping_status":"closed","template":"","meta":{"footnotes":""},"class_list":["post-36465","page","type-page","status-publish","hentry"],"_links":{"self":[{"href":"https:\/\/www.topohvar.at\/topo\/wp-json\/wp\/v2\/pages\/36465","targetHints":{"allow":["GET"]}}],"collection":[{"href":"https:\/\/www.topohvar.at\/topo\/wp-json\/wp\/v2\/pages"}],"about":[{"href":"https:\/\/www.topohvar.at\/topo\/wp-json\/wp\/v2\/types\/page"}],"author":[{"embeddable":true,"href":"https:\/\/www.topohvar.at\/topo\/wp-json\/wp\/v2\/users\/1"}],"replies":[{"embeddable":true,"href":"https:\/\/www.topohvar.at\/topo\/wp-json\/wp\/v2\/comments?post=36465"}],"version-history":[{"count":6,"href":"https:\/\/www.topohvar.at\/topo\/wp-json\/wp\/v2\/pages\/36465\/revisions"}],"predecessor-version":[{"id":66805,"href":"https:\/\/www.topohvar.at\/topo\/wp-json\/wp\/v2\/pages\/36465\/revisions\/66805"}],"up":[{"embeddable":true,"href":"https:\/\/www.topohvar.at\/topo\/wp-json\/wp\/v2\/pages\/115"}],"wp:attachment":[{"href":"https:\/\/www.topohvar.at\/topo\/wp-json\/wp\/v2\/media?parent=36465"}],"curies":[{"name":"wp","href":"https:\/\/api.w.org\/{rel}","templated":true}]}}