{"id":36513,"date":"2020-04-30T18:48:26","date_gmt":"2020-04-30T16:48:26","guid":{"rendered":"https:\/\/www.topohvar.at\/topo\/?page_id=36513"},"modified":"2021-12-07T11:06:53","modified_gmt":"2021-12-07T10:06:53","slug":"po-tg-02-1","status":"publish","type":"page","link":"https:\/\/www.topohvar.at\/topo\/orte\/po\/po-tg-02-1\/","title":{"rendered":"POLJICA &#8211; Ladanjska ku\u0107a \u00bbAn\u0111elinovi\u0107-Angelini\u00ab"},"content":{"rendered":"<p><a name=\"seite_oben\"><\/a><br \/>\n<img loading=\"lazy\" decoding=\"async\" class=\"alignnone wp-image-387 size-full\" src=\"https:\/\/www.topohvar.at\/wp-content\/uploads\/2018\/07\/00-00-00-1.jpg\" alt=\"\" width=\"114\" height=\"56\" \/><\/p>\n<p><strong>Ime \/ Name<br \/>\n<\/strong>Ladanjska ku\u0107a \/ Landhaus \u00bbAn\u0111elinovi\u0107-Angelini\u00ab<\/p>\n<p><strong>Code: <\/strong>PO-TG-02\u00a0 \u00a0 \u00a0 \u00a0 \u00a0 \u00a0 \u00a0 \u00a0 <strong>\u00a0 \u00a0 \u00a0 \u00a0 \u00a0 \u00a0 \u00a0 \u00a0 \u00a0 \u00a0 \u00a0\u00a0 \u00a0 \u00a0 <a href=\"https:\/\/www.topohvar.at\/topo\/orte\/po\/po-tg-01-1\/\"><img loading=\"lazy\" decoding=\"async\" class=\"alignnone wp-image-533 size-full\" src=\"https:\/\/www.topohvar.at\/wp-content\/uploads\/2018\/07\/push-l-30.jpg\" alt=\"\" width=\"61\" height=\"30\" \/><\/a> <a href=\"https:\/\/www.topohvar.at\/orte\/po\/\"><img loading=\"lazy\" decoding=\"async\" class=\"alignnone wp-image-535 size-full\" src=\"https:\/\/www.topohvar.at\/wp-content\/uploads\/2018\/07\/push-o-30.jpg\" alt=\"\" width=\"61\" height=\"30\" \/><\/a> <\/strong><\/p>\n<hr \/>\n<p><strong>Adresa \/ Adresse<br \/>\n<\/strong>Poljica, ladanjska ku\u0107a An\u0111elinovi\u0107-Angelini<\/p>\n<p><strong>Lokacija \/ Position<img loading=\"lazy\" decoding=\"async\" class=\"alignright wp-image-387 size-full\" src=\"https:\/\/www.topohvar.at\/wp-content\/uploads\/2018\/07\/00-00-00-1.jpg\" alt=\"\" width=\"114\" height=\"56\" \/><br \/>\n<\/strong>Latitude: N 43\u00b0\u00a0 \u00a0 Longitude: E 16\u00b0\u00a0<strong><br \/>\n<\/strong>Visina \/ H\u00f6he: &#8211; m<\/p>\n<p><strong>Katastarska \u010destica <\/strong><strong>\/ Grundst\u00fccke<br \/>\n<\/strong>&#8211; <div class='content-column one_half'><div style=\"padding-right:6px;\"><p><strong>Datum snimanja \/ Erfassungsdatum<br \/>\n<\/strong>01.01.2000 00:00:00<\/p>\n<hr \/>\n<p><strong>Informacije<\/strong><\/p>\n<p>Ladanjska ku\u0107a , negda\u0161njih zastra\u017ei\u0161ko-polji\u010dkih veleposjednika, An\u0111elinovi\u0107-Angelini, kupili 1833. g. Godine 1837. obnovila su ga bra\u0107a Dubokovi\u0107 &#8222;Nadalin&#8220; iz Pitve, kasnije u Jelsi, u smanjenom obliku i &#8222;s boljim ukusom&#8220;: Dr. Juraj (kasnije hvarski biskup), Matija-Mate i Ivan, kasniji gradona\u010delnik i obnovitelj Jelse. O tome svjedo\u010di plo\u010da na ku\u0107i.<\/p><\/div><\/div><div class='content-column one_half last_column'><div style=\"padding-right:0px;padding-left:6px;\"><p><strong>Stupanj za\u0161tite<\/strong><strong> \/ Schutzstellung<br \/>\n<\/strong>&#8211;<\/p>\n<hr \/>\n<p><strong>Info<\/strong><\/p>\n<p>Das Landhaus der ehemaligen Gro\u00dfgrundbesitzer An\u0111elinovi\u0107-Angelini aus Zastra\u017ei\u0161\u0107e-Poljica wurde 1833 verkauft. Im Jahr 1837 wurde es durch die Dubokovi\u0107-Br\u00fcder &#8222;Nadalin&#8220; aus Pitve, sp\u00e4ter in Jelsa, in reduzierter Form und &#8222;mit besserem Geschmack&#8220; umgebaut: Dr. Juraj (sp\u00e4ter Bischof von Hvar), Matthias-Mate und Ivan, sp\u00e4ter B\u00fcrgermeister und Erneuerer von Jelsa. Dies auf einer Gedenktafel auf dem Haus belegt.<\/p><\/div><\/div><div class='clear_column'><\/div><div class='content-column one_half'><div style=\"padding-right:6px;\"><p>U ovoj su ku\u0107i 1930-ih godina redovito stanovali polji\u010dki u\u010ditelji i u\u010diteljice, a posljednji vlasnik Dubokovi\u0107, Ivan (Zane) p. Nikole p. Matija, prodao ju je pred Drugi svjetski rat. Skromna je i bez posebnih ukrasa, a izdvaja se jedino ma\u0161tovito isklesan &#8222;bucal&#8220; (kruna cisterne).<\/p><\/div><\/div><div class='content-column one_half last_column'><div style=\"padding-right:0px;padding-left:6px;\"><p>Das Haus wurde in den 1930er Jahren regelm\u00e4\u00dfig von den Lehrern in Poljica bewohnt. Der letzte Besitzer, Ivan (Zane) Dubokovi\u0107 p. Nikola p. Matija, verkaufte es vor dem Zweiten Weltkrieg. Es ist bescheiden und ohne besondere Verzierungen und zeichnet sich nur durch eine einfallsreich geschnitzte &#8222;bucal&#8220; (Brunnenkrone) aus.<\/p><\/div><\/div><div class='clear_column'><\/div><\/p>\n<p style=\"text-align: center;\">(Izvor \/ Quelle: Jo\u0161ko Kova\u010di\u0107: \u017dupa Poljica na Hvaru)<\/p>\n<p style=\"text-align: right;\"><span style=\"color: #3366ff;\"><a style=\"color: #3366ff;\" href=\"#seite_oben\">natrag na vrh \/ Seitenanfang<\/a><\/span><\/p>\n<hr \/>\n<p><strong>Linkovi \/ Links<\/strong><\/p>\n<p><span style=\"color: #3366ff;\"><a style=\"color: #3366ff;\" href=\"https:\/\/www.topohvar.at\/orte\/je\/je-tg-08-1\/\">Jelsa &#8211; Ku\u0107a \/ Haus \u00bbDr. Niko Dubokovi\u0107 Nadalini\u00ab\u00a0<\/a><br \/>\n<a style=\"color: #3366ff;\" href=\"https:\/\/www.topohvar.at\/orte\/pi\/pi-tg-03-1\/\">Pitve &#8211; <\/a><a style=\"color: #3366ff;\" href=\"https:\/\/www.topohvar.at\/orte\/je\/je-tg-08-1\/\">Ku\u0107a<\/a><a style=\"color: #3366ff;\" href=\"https:\/\/www.topohvar.at\/orte\/pi\/pi-tg-03-1\/\"> \/ Haus \u00bbDubokovi\u0107a dvori\u00ab<\/a><br \/>\n<a style=\"color: #3366ff;\" href=\"https:\/\/www.topohvar.at\/topo\/orte\/po\/po-is-05-1\/\">Poljica -Spomen plo\u010da \/ Gedenktafel \u00bbStabile ed adiacenze\u00ab<\/a><br \/>\n<a style=\"color: #3366ff;\" href=\"https:\/\/www.topohvar.at\/topo\/orte\/pr\/pr-tg-02-1\/\">Prapatna \u2013 Ku\u0107a \u00bbAngelini (Angjelinovi\u0107)\u00ab<\/a><br \/>\n<a style=\"color: #3366ff;\" href=\"https:\/\/www.topohvar.at\/orte\/za\/za-tg-03-1\/\">Zastra\u017ei\u0161\u0107e &#8211; Ku\u0107a \/ Haus \u00bbAngelini (Angjelinovi\u0107, kasnije \/ sp\u00e4ter Dubokovi\u0107 Nadalini)\u00ab<\/a><\/span><\/p>\n","protected":false},"excerpt":{"rendered":"<p>Ime \/ Name Ladanjska ku\u0107a \/ Landhaus \u00bbAn\u0111elinovi\u0107-Angelini\u00ab Code: PO-TG-02\u00a0 \u00a0 \u00a0 \u00a0 \u00a0 \u00a0 \u00a0 \u00a0 \u00a0 \u00a0 \u00a0 \u00a0 \u00a0 \u00a0 \u00a0 \u00a0 \u00a0 \u00a0 \u00a0\u00a0 \u00a0 \u00a0 Adresa \/ Adresse Poljica, ladanjska ku\u0107a An\u0111elinovi\u0107-Angelini Lokacija \/ Position &hellip; <a href=\"https:\/\/www.topohvar.at\/topo\/orte\/po\/po-tg-02-1\/\">Weiterlesen <span class=\"meta-nav\">&rarr;<\/span><\/a><\/p>\n","protected":false},"author":1,"featured_media":0,"parent":91,"menu_order":0,"comment_status":"closed","ping_status":"closed","template":"","meta":{"footnotes":""},"class_list":["post-36513","page","type-page","status-publish","hentry"],"_links":{"self":[{"href":"https:\/\/www.topohvar.at\/topo\/wp-json\/wp\/v2\/pages\/36513","targetHints":{"allow":["GET"]}}],"collection":[{"href":"https:\/\/www.topohvar.at\/topo\/wp-json\/wp\/v2\/pages"}],"about":[{"href":"https:\/\/www.topohvar.at\/topo\/wp-json\/wp\/v2\/types\/page"}],"author":[{"embeddable":true,"href":"https:\/\/www.topohvar.at\/topo\/wp-json\/wp\/v2\/users\/1"}],"replies":[{"embeddable":true,"href":"https:\/\/www.topohvar.at\/topo\/wp-json\/wp\/v2\/comments?post=36513"}],"version-history":[{"count":8,"href":"https:\/\/www.topohvar.at\/topo\/wp-json\/wp\/v2\/pages\/36513\/revisions"}],"predecessor-version":[{"id":54879,"href":"https:\/\/www.topohvar.at\/topo\/wp-json\/wp\/v2\/pages\/36513\/revisions\/54879"}],"up":[{"embeddable":true,"href":"https:\/\/www.topohvar.at\/topo\/wp-json\/wp\/v2\/pages\/91"}],"wp:attachment":[{"href":"https:\/\/www.topohvar.at\/topo\/wp-json\/wp\/v2\/media?parent=36513"}],"curies":[{"name":"wp","href":"https:\/\/api.w.org\/{rel}","templated":true}]}}